{"id":2523,"date":"2023-07-12T10:08:44","date_gmt":"2023-07-12T08:08:44","guid":{"rendered":"https:\/\/www.maculart.com\/innovacio-i-qualitat\/"},"modified":"2023-10-10T13:15:02","modified_gmt":"2023-10-10T11:15:02","slug":"innovacio-i-qualitat","status":"publish","type":"page","link":"https:\/\/www.maculart.com\/ca\/innovacio-i-qualitat\/","title":{"rendered":"Innovaci\u00f3 i Qualitat"},"content":{"rendered":"\t\t<div data-elementor-type=\"wp-page\" data-elementor-id=\"2523\" class=\"elementor elementor-2523 elementor-91\">\n\t\t\t\t<div class=\"elementor-element elementor-element-62258ea e-flex e-con-boxed e-con e-parent\" data-id=\"62258ea\" data-element_type=\"container\" data-e-type=\"container\">\n\t\t\t\t\t<div class=\"e-con-inner\">\n\t\t<div class=\"elementor-element elementor-element-4571dfd e-con-full e-flex e-con e-parent\" data-id=\"4571dfd\" data-element_type=\"container\" data-e-type=\"container\">\n\t\t\t\t<div class=\"elementor-element elementor-element-f2fb9ba elementor-widget elementor-widget-image\" data-id=\"f2fb9ba\" data-element_type=\"widget\" data-e-type=\"widget\" data-widget_type=\"image.default\">\n\t\t\t\t<div class=\"elementor-widget-container\">\n\t\t\t\t\t\t\t\t\t\t\t\t\t\t\t<img fetchpriority=\"high\" decoding=\"async\" width=\"900\" height=\"600\" src=\"https:\/\/www.maculart.com\/app\/uploads\/2023\/09\/innovacioncalidad.jpg\" class=\"attachment-large size-large wp-image-2410\" alt=\"\" srcset=\"https:\/\/www.maculart.com\/app\/uploads\/2023\/09\/innovacioncalidad.jpg 900w, https:\/\/www.maculart.com\/app\/uploads\/2023\/09\/innovacioncalidad-300x200.jpg 300w, https:\/\/www.maculart.com\/app\/uploads\/2023\/09\/innovacioncalidad-768x512.jpg 768w\" sizes=\"(max-width: 900px) 100vw, 900px\" \/>\t\t\t\t\t\t\t\t\t\t\t\t\t\t\t<\/div>\n\t\t\t\t<\/div>\n\t\t\t\t<\/div>\n\t\t<div class=\"elementor-element elementor-element-28e8793 e-con-full e-flex e-con e-parent\" data-id=\"28e8793\" data-element_type=\"container\" data-e-type=\"container\">\n\t\t\t\t<div class=\"elementor-element elementor-element-32f2e37 elementor-widget elementor-widget-heading\" data-id=\"32f2e37\" data-element_type=\"widget\" data-e-type=\"widget\" data-widget_type=\"heading.default\">\n\t\t\t\t<div class=\"elementor-widget-container\">\n\t\t\t\t\t<h2 class=\"elementor-heading-title elementor-size-default\">Mig segle d'innovaci\u00f3 i de millora cont\u00ednua<\/h2>\t\t\t\t<\/div>\n\t\t\t\t<\/div>\n\t\t\t\t<div class=\"elementor-element elementor-element-69e401f line-height-2 elementor-widget elementor-widget-text-editor\" data-id=\"69e401f\" data-element_type=\"widget\" data-e-type=\"widget\" data-widget_type=\"text-editor.default\">\n\t\t\t\t<div class=\"elementor-widget-container\">\n\t\t\t\t\t\t\t\t\t<p>En Grup Maculart coneixem la complexitat del sector farmac\u00e8utic. Amb m\u00e9s de mig segle dedicats a la <strong>impressi\u00f3 de prospectes i embalatge farmac\u00e8utic<\/strong>, hem viscut els canvis en la legislaci\u00f3 de medicaments, l&#8217;aparici\u00f3 de nous controls m\u00e9s estrictes que requereixen de noves certificacions, la implantaci\u00f3 del braille en els estotjos\u2026 entre molts altres canvis implementats per a millorar la seguretat d&#8217;un producte essencial com s\u00f3n els medicaments.<\/p>\n<p>Per a donar resposta a les necessitats dels nostres clients i a les exig\u00e8ncies del sector amb <strong>solucions innovadores<\/strong>, en Grup Maculart treballem a trav\u00e9s d&#8217;un sistema de millora cont\u00ednua. Desenvolupem i seguim una <strong>estrat\u00e8gia d&#8217;innovaci\u00f3 i inversi\u00f3<\/strong> enfocada a un creixement sostenible i a potenciar l&#8217;efici\u00e8ncia dels nostres processos.<\/p>\n\t\t\t\t\t\t\t\t<\/div>\n\t\t\t\t<\/div>\n\t\t\t\t<\/div>\n\t\t\t\t\t<\/div>\n\t\t\t\t<\/div>\n\t\t<div class=\"elementor-element elementor-element-3095c09 e-flex e-con-boxed e-con e-parent\" data-id=\"3095c09\" data-element_type=\"container\" data-e-type=\"container\">\n\t\t\t\t\t<div class=\"e-con-inner\">\n\t\t<div class=\"elementor-element elementor-element-c628865 e-con-full e-flex e-con e-parent\" data-id=\"c628865\" data-element_type=\"container\" data-e-type=\"container\">\n\t\t\t\t<div class=\"elementor-element elementor-element-83f8d39 line-height-2 elementor-widget elementor-widget-text-editor\" data-id=\"83f8d39\" data-element_type=\"widget\" data-e-type=\"widget\" data-widget_type=\"text-editor.default\">\n\t\t\t\t<div class=\"elementor-widget-container\">\n\t\t\t\t\t\t\t\t\t<p>D&#8217;aquesta manera, hem anat ampliant les nostres instal\u00b7lacions a Cerdanyola del Vall\u00e8s (Barcelona) per a poder incorporar <strong>noves maquin\u00e0ries que s&#8217;ajustin als requeriments del sector farmac\u00e8utic<\/strong> i ens permetin oferir un servei integral als nostres clients.<br \/>Juntament amb el nostre <strong>equip<\/strong> altament especialitzat, podem garantir la m\u00e0xima qualitat en totes les fases de la producci\u00f3 i impressi\u00f3 de prospectes i estotjos farmac\u00e8utics.<\/p>\n\t\t\t\t\t\t\t\t<\/div>\n\t\t\t\t<\/div>\n\t\t\t\t<\/div>\n\t\t<div class=\"elementor-element elementor-element-01c95b1 e-con-full e-flex e-con e-parent\" data-id=\"01c95b1\" data-element_type=\"container\" data-e-type=\"container\">\n\t\t\t\t<div class=\"elementor-element elementor-element-b221b25 elementor-widget elementor-widget-image\" data-id=\"b221b25\" data-element_type=\"widget\" data-e-type=\"widget\" data-widget_type=\"image.default\">\n\t\t\t\t<div class=\"elementor-widget-container\">\n\t\t\t\t\t\t\t\t\t\t\t\t\t\t\t<img decoding=\"async\" width=\"900\" height=\"600\" src=\"https:\/\/www.maculart.com\/app\/uploads\/2023\/09\/innovacioncalidad2.jpg\" class=\"attachment-large size-large wp-image-2413\" alt=\"\" srcset=\"https:\/\/www.maculart.com\/app\/uploads\/2023\/09\/innovacioncalidad2.jpg 900w, https:\/\/www.maculart.com\/app\/uploads\/2023\/09\/innovacioncalidad2-300x200.jpg 300w, https:\/\/www.maculart.com\/app\/uploads\/2023\/09\/innovacioncalidad2-768x512.jpg 768w\" sizes=\"(max-width: 900px) 100vw, 900px\" \/>\t\t\t\t\t\t\t\t\t\t\t\t\t\t\t<\/div>\n\t\t\t\t<\/div>\n\t\t\t\t<\/div>\n\t\t\t\t\t<\/div>\n\t\t\t\t<\/div>\n\t\t\t\t<\/div>\n\t\t","protected":false},"excerpt":{"rendered":"<p>Mig segle d&#8217;innovaci\u00f3 i de millora cont\u00ednua En Grup Maculart coneixem la complexitat del sector farmac\u00e8utic. Amb m\u00e9s de mig segle dedicats a la impressi\u00f3 de prospectes i embalatge farmac\u00e8utic,&#8230;<\/p>\n","protected":false},"author":1,"featured_media":2374,"parent":0,"menu_order":0,"comment_status":"closed","ping_status":"closed","template":"","meta":{"_acf_changed":false,"inline_featured_image":false,"footnotes":""},"class_list":["post-2523","page","type-page","status-publish","has-post-thumbnail","hentry"],"acf":[],"yoast_head":"<!-- This site is optimized with the Yoast SEO plugin v27.4 - https:\/\/yoast.com\/product\/yoast-seo-wordpress\/ -->\n<title>Innovaci\u00f3 i Qualitat - Maculart<\/title>\n<meta name=\"robots\" content=\"index, follow, max-snippet:-1, max-image-preview:large, max-video-preview:-1\" \/>\n<link rel=\"canonical\" href=\"https:\/\/www.maculart.com\/ca\/innovacio-i-qualitat\/\" \/>\n<meta property=\"og:locale\" content=\"ca_ES\" \/>\n<meta property=\"og:type\" content=\"article\" \/>\n<meta property=\"og:title\" content=\"Innovaci\u00f3 i Qualitat - Maculart\" \/>\n<meta property=\"og:description\" content=\"Mig segle d&#8217;innovaci\u00f3 i de millora cont\u00ednua En Grup Maculart coneixem la complexitat del sector farmac\u00e8utic. Amb m\u00e9s de mig segle dedicats a la impressi\u00f3 de prospectes i embalatge farmac\u00e8utic,...\" \/>\n<meta property=\"og:url\" content=\"https:\/\/www.maculart.com\/ca\/innovacio-i-qualitat\/\" \/>\n<meta property=\"og:site_name\" content=\"Maculart\" \/>\n<meta property=\"article:modified_time\" content=\"2023-10-10T11:15:02+00:00\" \/>\n<meta property=\"og:image\" content=\"https:\/\/www.maculart.com\/app\/uploads\/2023\/08\/innovacion-calidad.jpg\" \/>\n\t<meta property=\"og:image:width\" content=\"1068\" \/>\n\t<meta property=\"og:image:height\" content=\"734\" \/>\n\t<meta property=\"og:image:type\" content=\"image\/jpeg\" \/>\n<meta name=\"twitter:card\" content=\"summary_large_image\" \/>\n<meta name=\"twitter:label1\" content=\"Temps estimat de lectura\" \/>\n\t<meta name=\"twitter:data1\" content=\"1 minut\" \/>\n<script type=\"application\/ld+json\" class=\"yoast-schema-graph\">{\"@context\":\"https:\\\/\\\/schema.org\",\"@graph\":[{\"@type\":\"WebPage\",\"@id\":\"https:\\\/\\\/www.maculart.com\\\/ca\\\/innovacio-i-qualitat\\\/\",\"url\":\"https:\\\/\\\/www.maculart.com\\\/ca\\\/innovacio-i-qualitat\\\/\",\"name\":\"Innovaci\u00f3 i Qualitat - Maculart\",\"isPartOf\":{\"@id\":\"https:\\\/\\\/www.maculart.com\\\/ca\\\/#website\"},\"primaryImageOfPage\":{\"@id\":\"https:\\\/\\\/www.maculart.com\\\/ca\\\/innovacio-i-qualitat\\\/#primaryimage\"},\"image\":{\"@id\":\"https:\\\/\\\/www.maculart.com\\\/ca\\\/innovacio-i-qualitat\\\/#primaryimage\"},\"thumbnailUrl\":\"https:\\\/\\\/www.maculart.com\\\/app\\\/uploads\\\/2023\\\/08\\\/innovacion-calidad.jpg\",\"datePublished\":\"2023-07-12T08:08:44+00:00\",\"dateModified\":\"2023-10-10T11:15:02+00:00\",\"inLanguage\":\"ca\",\"potentialAction\":[{\"@type\":\"ReadAction\",\"target\":[\"https:\\\/\\\/www.maculart.com\\\/ca\\\/innovacio-i-qualitat\\\/\"]}]},{\"@type\":\"ImageObject\",\"inLanguage\":\"ca\",\"@id\":\"https:\\\/\\\/www.maculart.com\\\/ca\\\/innovacio-i-qualitat\\\/#primaryimage\",\"url\":\"https:\\\/\\\/www.maculart.com\\\/app\\\/uploads\\\/2023\\\/08\\\/innovacion-calidad.jpg\",\"contentUrl\":\"https:\\\/\\\/www.maculart.com\\\/app\\\/uploads\\\/2023\\\/08\\\/innovacion-calidad.jpg\",\"width\":1068,\"height\":734},{\"@type\":\"WebSite\",\"@id\":\"https:\\\/\\\/www.maculart.com\\\/ca\\\/#website\",\"url\":\"https:\\\/\\\/www.maculart.com\\\/ca\\\/\",\"name\":\"Maculart\",\"description\":\"\",\"potentialAction\":[{\"@type\":\"SearchAction\",\"target\":{\"@type\":\"EntryPoint\",\"urlTemplate\":\"https:\\\/\\\/www.maculart.com\\\/ca\\\/?s={search_term_string}\"},\"query-input\":{\"@type\":\"PropertyValueSpecification\",\"valueRequired\":true,\"valueName\":\"search_term_string\"}}],\"inLanguage\":\"ca\"}]}<\/script>\n<!-- \/ Yoast SEO plugin. -->","yoast_head_json":{"title":"Innovaci\u00f3 i Qualitat - Maculart","robots":{"index":"index","follow":"follow","max-snippet":"max-snippet:-1","max-image-preview":"max-image-preview:large","max-video-preview":"max-video-preview:-1"},"canonical":"https:\/\/www.maculart.com\/ca\/innovacio-i-qualitat\/","og_locale":"ca_ES","og_type":"article","og_title":"Innovaci\u00f3 i Qualitat - Maculart","og_description":"Mig segle d&#8217;innovaci\u00f3 i de millora cont\u00ednua En Grup Maculart coneixem la complexitat del sector farmac\u00e8utic. Amb m\u00e9s de mig segle dedicats a la impressi\u00f3 de prospectes i embalatge farmac\u00e8utic,...","og_url":"https:\/\/www.maculart.com\/ca\/innovacio-i-qualitat\/","og_site_name":"Maculart","article_modified_time":"2023-10-10T11:15:02+00:00","og_image":[{"width":1068,"height":734,"url":"https:\/\/www.maculart.com\/app\/uploads\/2023\/08\/innovacion-calidad.jpg","type":"image\/jpeg"}],"twitter_card":"summary_large_image","twitter_misc":{"Temps estimat de lectura":"1 minut"},"schema":{"@context":"https:\/\/schema.org","@graph":[{"@type":"WebPage","@id":"https:\/\/www.maculart.com\/ca\/innovacio-i-qualitat\/","url":"https:\/\/www.maculart.com\/ca\/innovacio-i-qualitat\/","name":"Innovaci\u00f3 i Qualitat - Maculart","isPartOf":{"@id":"https:\/\/www.maculart.com\/ca\/#website"},"primaryImageOfPage":{"@id":"https:\/\/www.maculart.com\/ca\/innovacio-i-qualitat\/#primaryimage"},"image":{"@id":"https:\/\/www.maculart.com\/ca\/innovacio-i-qualitat\/#primaryimage"},"thumbnailUrl":"https:\/\/www.maculart.com\/app\/uploads\/2023\/08\/innovacion-calidad.jpg","datePublished":"2023-07-12T08:08:44+00:00","dateModified":"2023-10-10T11:15:02+00:00","inLanguage":"ca","potentialAction":[{"@type":"ReadAction","target":["https:\/\/www.maculart.com\/ca\/innovacio-i-qualitat\/"]}]},{"@type":"ImageObject","inLanguage":"ca","@id":"https:\/\/www.maculart.com\/ca\/innovacio-i-qualitat\/#primaryimage","url":"https:\/\/www.maculart.com\/app\/uploads\/2023\/08\/innovacion-calidad.jpg","contentUrl":"https:\/\/www.maculart.com\/app\/uploads\/2023\/08\/innovacion-calidad.jpg","width":1068,"height":734},{"@type":"WebSite","@id":"https:\/\/www.maculart.com\/ca\/#website","url":"https:\/\/www.maculart.com\/ca\/","name":"Maculart","description":"","potentialAction":[{"@type":"SearchAction","target":{"@type":"EntryPoint","urlTemplate":"https:\/\/www.maculart.com\/ca\/?s={search_term_string}"},"query-input":{"@type":"PropertyValueSpecification","valueRequired":true,"valueName":"search_term_string"}}],"inLanguage":"ca"}]}},"_links":{"self":[{"href":"https:\/\/www.maculart.com\/ca\/wp-json\/wp\/v2\/pages\/2523","targetHints":{"allow":["GET"]}}],"collection":[{"href":"https:\/\/www.maculart.com\/ca\/wp-json\/wp\/v2\/pages"}],"about":[{"href":"https:\/\/www.maculart.com\/ca\/wp-json\/wp\/v2\/types\/page"}],"author":[{"embeddable":true,"href":"https:\/\/www.maculart.com\/ca\/wp-json\/wp\/v2\/users\/1"}],"replies":[{"embeddable":true,"href":"https:\/\/www.maculart.com\/ca\/wp-json\/wp\/v2\/comments?post=2523"}],"version-history":[{"count":2,"href":"https:\/\/www.maculart.com\/ca\/wp-json\/wp\/v2\/pages\/2523\/revisions"}],"predecessor-version":[{"id":2727,"href":"https:\/\/www.maculart.com\/ca\/wp-json\/wp\/v2\/pages\/2523\/revisions\/2727"}],"wp:featuredmedia":[{"embeddable":true,"href":"https:\/\/www.maculart.com\/ca\/wp-json\/wp\/v2\/media\/2374"}],"wp:attachment":[{"href":"https:\/\/www.maculart.com\/ca\/wp-json\/wp\/v2\/media?parent=2523"}],"curies":[{"name":"wp","href":"https:\/\/api.w.org\/{rel}","templated":true}]}}