{"id":2529,"date":"2023-07-12T10:09:47","date_gmt":"2023-07-12T08:09:47","guid":{"rendered":"https:\/\/www.maculart.com\/contacte\/"},"modified":"2023-10-10T13:37:19","modified_gmt":"2023-10-10T11:37:19","slug":"contacte","status":"publish","type":"page","link":"https:\/\/www.maculart.com\/ca\/contacte\/","title":{"rendered":"Contacte"},"content":{"rendered":"\t\t<div data-elementor-type=\"wp-page\" data-elementor-id=\"2529\" class=\"elementor elementor-2529 elementor-97\">\n\t\t\t\t<div class=\"elementor-element elementor-element-7049942 e-flex e-con-boxed e-con e-parent\" data-id=\"7049942\" data-element_type=\"container\" data-e-type=\"container\">\n\t\t\t\t\t<div class=\"e-con-inner\">\n\t\t<div class=\"elementor-element elementor-element-b3d930a e-flex e-con-boxed e-con e-parent\" data-id=\"b3d930a\" data-element_type=\"container\" data-e-type=\"container\">\n\t\t\t\t\t<div class=\"e-con-inner\">\n\t\t\t\t<div class=\"elementor-element elementor-element-3fbf8e8 line-height-2 elementor-widget elementor-widget-text-editor\" data-id=\"3fbf8e8\" data-element_type=\"widget\" data-e-type=\"widget\" data-widget_type=\"text-editor.default\">\n\t\t\t\t<div class=\"elementor-widget-container\">\n\t\t\t\t\t\t\t\t\t<p>Si busques solucions innovadores, la m\u00e0xima qualitat en impressi\u00f3, un servei integral i uns terminis de lliurament \u00e0gils i fiables, contacta&#8217;ns i estarem encantats d&#8217;oferir-te una soluci\u00f3 a la teva mesura.<\/p>\n\t\t\t\t\t\t\t\t<\/div>\n\t\t\t\t<\/div>\n\t\t\t\t\t<\/div>\n\t\t\t\t<\/div>\n\t\t\t\t\t<\/div>\n\t\t\t\t<\/div>\n\t\t<div class=\"elementor-element elementor-element-00b5151 e-flex e-con-boxed e-con e-parent\" data-id=\"00b5151\" data-element_type=\"container\" data-e-type=\"container\">\n\t\t\t\t\t<div class=\"e-con-inner\">\n\t\t<div class=\"elementor-element elementor-element-aa68e77 e-con-full e-flex e-con e-parent\" data-id=\"aa68e77\" data-element_type=\"container\" data-e-type=\"container\">\n\t\t\t\t<div class=\"elementor-element elementor-element-d34b74f elementor-widget elementor-widget-heading\" data-id=\"d34b74f\" data-element_type=\"widget\" data-e-type=\"widget\" data-widget_type=\"heading.default\">\n\t\t\t\t<div class=\"elementor-widget-container\">\n\t\t\t\t\t<h3 class=\"elementor-heading-title elementor-size-default\"><b>On estem<\/b><\/h3>\t\t\t\t<\/div>\n\t\t\t\t<\/div>\n\t\t\t\t<div class=\"elementor-element elementor-element-a49d325 line-height-2 elementor-widget elementor-widget-text-editor\" data-id=\"a49d325\" data-element_type=\"widget\" data-e-type=\"widget\" data-widget_type=\"text-editor.default\">\n\t\t\t\t<div class=\"elementor-widget-container\">\n\t\t\t\t\t\t\t\t\t<p>Carrer de l\u2019Or 22<br \/>Pol\u00edgon Industrial &#8220;La Clota&#8221;<br \/>08290 Cerdanyola del Vall\u00e8s<\/p>\n\t\t\t\t\t\t\t\t<\/div>\n\t\t\t\t<\/div>\n\t\t\t\t<div class=\"elementor-element elementor-element-6bcf35b elementor-widget elementor-widget-heading\" data-id=\"6bcf35b\" data-element_type=\"widget\" data-e-type=\"widget\" data-widget_type=\"heading.default\">\n\t\t\t\t<div class=\"elementor-widget-container\">\n\t\t\t\t\t<h3 class=\"elementor-heading-title elementor-size-default\"><b>Tel\u00e8fon<\/b><\/h3>\t\t\t\t<\/div>\n\t\t\t\t<\/div>\n\t\t\t\t<div class=\"elementor-element elementor-element-73ec32c line-height-2 elementor-widget elementor-widget-text-editor\" data-id=\"73ec32c\" data-element_type=\"widget\" data-e-type=\"widget\" data-widget_type=\"text-editor.default\">\n\t\t\t\t<div class=\"elementor-widget-container\">\n\t\t\t\t\t\t\t\t\t<p>Tel. [+34] 933 811 012<br \/>Fax. [+34] 933 815 113<\/p>\n\t\t\t\t\t\t\t\t<\/div>\n\t\t\t\t<\/div>\n\t\t\t\t<div class=\"elementor-element elementor-element-553ef13 elementor-widget elementor-widget-heading\" data-id=\"553ef13\" data-element_type=\"widget\" data-e-type=\"widget\" data-widget_type=\"heading.default\">\n\t\t\t\t<div class=\"elementor-widget-container\">\n\t\t\t\t\t<h3 class=\"elementor-heading-title elementor-size-default\"><b>Correu electr\u00f2nic<\/b><\/h3>\t\t\t\t<\/div>\n\t\t\t\t<\/div>\n\t\t\t\t<div class=\"elementor-element elementor-element-81ca3c1 line-height-2 elementor-widget elementor-widget-text-editor\" data-id=\"81ca3c1\" data-element_type=\"widget\" data-e-type=\"widget\" data-widget_type=\"text-editor.default\">\n\t\t\t\t<div class=\"elementor-widget-container\">\n\t\t\t\t\t\t\t\t\t<p>info@maculart.com<\/p>\n\t\t\t\t\t\t\t\t<\/div>\n\t\t\t\t<\/div>\n\t\t\t\t<div class=\"elementor-element elementor-element-a75cd3d button-line-container elementor-widget elementor-widget-button\" data-id=\"a75cd3d\" data-element_type=\"widget\" data-e-type=\"widget\" data-widget_type=\"button.default\">\n\t\t\t\t<div class=\"elementor-widget-container\">\n\t\t\t\t\t\t\t\t\t<div class=\"elementor-button-wrapper\">\n\t\t\t\t\t<a class=\"elementor-button elementor-button-link elementor-size-sm\" href=\"https:\/\/www.maculart.com\/ca\/ocupacio\/\">\n\t\t\t\t\t\t<span class=\"elementor-button-content-wrapper\">\n\t\t\t\t\t\t\t\t\t<span class=\"elementor-button-text\">Consulta ocupaci\u00f3<\/span>\n\t\t\t\t\t<\/span>\n\t\t\t\t\t<\/a>\n\t\t\t\t<\/div>\n\t\t\t\t\t\t\t\t<\/div>\n\t\t\t\t<\/div>\n\t\t\t\t<\/div>\n\t\t<div class=\"elementor-element elementor-element-222e391 e-con-full e-flex e-con e-parent\" data-id=\"222e391\" data-element_type=\"container\" data-e-type=\"container\">\n\t\t\t\t<div class=\"elementor-element elementor-element-0a1346c elementor-widget elementor-widget-shortcode\" data-id=\"0a1346c\" data-element_type=\"widget\" data-e-type=\"widget\" data-widget_type=\"shortcode.default\">\n\t\t\t\t<div class=\"elementor-widget-container\">\n\t\t\t\t\t\t\t<div class=\"elementor-shortcode\">\n<div class=\"wpcf7 no-js\" id=\"wpcf7-f2915-o1\" lang=\"ca\" dir=\"ltr\" data-wpcf7-id=\"2915\">\n<div class=\"screen-reader-response\"><p role=\"status\" aria-live=\"polite\" aria-atomic=\"true\"><\/p> <ul><\/ul><\/div>\n<form action=\"\/ca\/wp-json\/wp\/v2\/pages\/2529#wpcf7-f2915-o1\" method=\"post\" class=\"wpcf7-form init\" aria-label=\"Formulari de contacte\" enctype=\"multipart\/form-data\" novalidate=\"novalidate\" data-status=\"init\">\n<fieldset class=\"hidden-fields-container\"><input type=\"hidden\" name=\"_wpcf7\" value=\"2915\" \/><input type=\"hidden\" name=\"_wpcf7_version\" value=\"6.1.5\" \/><input type=\"hidden\" name=\"_wpcf7_locale\" value=\"ca\" \/><input type=\"hidden\" name=\"_wpcf7_unit_tag\" value=\"wpcf7-f2915-o1\" \/><input type=\"hidden\" name=\"_wpcf7_container_post\" value=\"0\" \/><input type=\"hidden\" name=\"_wpcf7_posted_data_hash\" value=\"\" \/><input type=\"hidden\" name=\"_wpcf7_recaptcha_response\" value=\"\" \/>\n<\/fieldset>\n<p><label> Nom<br \/>\n<span class=\"wpcf7-form-control-wrap\" data-name=\"your-name\"><input size=\"40\" maxlength=\"400\" class=\"wpcf7-form-control wpcf7-text wpcf7-validates-as-required\" autocomplete=\"name\" aria-required=\"true\" aria-invalid=\"false\" value=\"\" type=\"text\" name=\"your-name\" \/><\/span> <\/label>\n<\/p>\n<p><label> Email<br \/>\n<span class=\"wpcf7-form-control-wrap\" data-name=\"your-email\"><input size=\"40\" maxlength=\"400\" class=\"wpcf7-form-control wpcf7-email wpcf7-validates-as-required wpcf7-text wpcf7-validates-as-email\" autocomplete=\"email\" aria-required=\"true\" aria-invalid=\"false\" value=\"\" type=\"email\" name=\"your-email\" \/><\/span> <\/label>\n<\/p>\n<p><label> Motiu<br \/>\n<span class=\"wpcf7-form-control-wrap\" data-name=\"your-subject\"><input size=\"40\" maxlength=\"400\" class=\"wpcf7-form-control wpcf7-text wpcf7-validates-as-required\" aria-required=\"true\" aria-invalid=\"false\" value=\"\" type=\"text\" name=\"your-subject\" \/><\/span> <\/label>\n<\/p>\n<p><label> Missatge<br \/>\n<span class=\"wpcf7-form-control-wrap\" data-name=\"your-message\"><textarea cols=\"40\" rows=\"10\" maxlength=\"2000\" class=\"wpcf7-form-control wpcf7-textarea\" aria-invalid=\"false\" name=\"your-message\"><\/textarea><\/span> <\/label>\n<\/p>\n<p><span class=\"wpcf7-form-control-wrap\" data-name=\"file-448\"><input size=\"40\" class=\"wpcf7-form-control wpcf7-file\" accept=\"audio\/*,video\/*,image\/*\" aria-invalid=\"false\" type=\"file\" name=\"file-448\" \/><\/span>\n<\/p>\n<div class=\"privacy-notice\">\n\t<p>GR\u00c0FIQUES MACULART, S.A. com a responsable del tractament tractar\u00e0 les teves dades amb la finalitat de donar resposta a la teva consulta o petici\u00f3. Pots accedir, rectificar i suprimir les teves dades, aix\u00ed com exercir altres drets consultant la informaci\u00f3 addicional i detallada sobre protecci\u00f3 de dades a la nostra <a href=\"\/politica-de-privacitat\">Pol\u00edtica de Privacitat<\/a>\n\t<\/p>\n<\/div>\n<p><span class=\"wpcf7-form-control-wrap\" data-name=\"acceptance-privacy\"><span class=\"wpcf7-form-control wpcf7-acceptance\"><span class=\"wpcf7-list-item\"><label><input type=\"checkbox\" name=\"acceptance-privacy\" value=\"1\" aria-invalid=\"false\" \/><span class=\"wpcf7-list-item-label\"><label>He llegit i accepto les condicions contingudes en la pol\u00edtica de privacitat sobre el tractament de les meves dades per gestionar la meva consulta o petici\u00f3.<\/label><\/span><\/label><\/span><\/span><\/span>\n<\/p>\n<div class=\"consent-section\">\n\t<p><strong>Ens agradaria que ens prestessis el teu consentiment per a:<\/strong>\n\t<\/p>\n<\/div>\n<p><span class=\"wpcf7-form-control-wrap\" data-name=\"consent-marketing\"><span class=\"wpcf7-form-control wpcf7-checkbox\"><span class=\"wpcf7-list-item first last\"><label><input type=\"checkbox\" name=\"consent-marketing[]\" value=\"&gt;Enviar-te informaci\u00f3 comercial sobre els productes, serveis, novetats de GR\u00c0FIQUES MACULART, S.A.\" \/><span class=\"wpcf7-list-item-label\">&gt;Enviar-te informaci\u00f3 comercial sobre els productes, serveis, novetats de GR\u00c0FIQUES MACULART, S.A.<\/span><\/label><\/span><\/span><\/span>\n<\/p>\n<p><input class=\"wpcf7-form-control wpcf7-submit has-spinner\" type=\"submit\" value=\"Enviar\" \/>\n<\/p><div class=\"wpcf7-response-output\" aria-hidden=\"true\"><\/div>\n<\/form>\n<\/div>\n<\/div>\n\t\t\t\t\t\t<\/div>\n\t\t\t\t<\/div>\n\t\t\t\t<\/div>\n\t\t\t\t\t<\/div>\n\t\t\t\t<\/div>\n\t\t<div class=\"elementor-element elementor-element-7e78e4f e-con-full e-flex e-con e-parent\" data-id=\"7e78e4f\" data-element_type=\"container\" data-e-type=\"container\">\n\t\t\t\t<div class=\"elementor-element elementor-element-e6eae88 elementor-widget elementor-widget-google_maps\" data-id=\"e6eae88\" data-element_type=\"widget\" data-e-type=\"widget\" data-widget_type=\"google_maps.default\">\n\t\t\t\t<div class=\"elementor-widget-container\">\n\t\t\t\t\t\t\t<div class=\"elementor-custom-embed\">\n\t\t\t<iframe loading=\"lazy\"\n\t\t\t\t\tsrc=\"https:\/\/maps.google.com\/maps?q=Grupo%20Maculart&#038;t=m&#038;z=12&#038;output=embed&#038;iwloc=near\"\n\t\t\t\t\ttitle=\"Grupo Maculart\"\n\t\t\t\t\taria-label=\"Grupo Maculart\"\n\t\t\t><\/iframe>\n\t\t<\/div>\n\t\t\t\t\t\t<\/div>\n\t\t\t\t<\/div>\n\t\t\t\t<\/div>\n\t\t\t\t<\/div>\n\t\t","protected":false},"excerpt":{"rendered":"<p>Si busques solucions innovadores, la m\u00e0xima qualitat en impressi\u00f3, un servei integral i uns terminis de lliurament \u00e0gils i fiables, contacta&#8217;ns i estarem encantats d&#8217;oferir-te una soluci\u00f3 a la teva&#8230;<\/p>\n","protected":false},"author":1,"featured_media":0,"parent":0,"menu_order":0,"comment_status":"closed","ping_status":"closed","template":"","meta":{"_acf_changed":false,"inline_featured_image":false,"footnotes":""},"class_list":["post-2529","page","type-page","status-publish","hentry"],"acf":[],"yoast_head":"<!-- This site is optimized with the Yoast SEO plugin v27.4 - https:\/\/yoast.com\/product\/yoast-seo-wordpress\/ -->\n<title>Contacte - Maculart<\/title>\n<meta name=\"robots\" content=\"index, follow, max-snippet:-1, max-image-preview:large, max-video-preview:-1\" \/>\n<link rel=\"canonical\" href=\"https:\/\/www.maculart.com\/ca\/contacte\/\" \/>\n<meta property=\"og:locale\" content=\"ca_ES\" \/>\n<meta property=\"og:type\" content=\"article\" \/>\n<meta property=\"og:title\" content=\"Contacte - Maculart\" \/>\n<meta property=\"og:description\" content=\"Si busques solucions innovadores, la m\u00e0xima qualitat en impressi\u00f3, un servei integral i uns terminis de lliurament \u00e0gils i fiables, contacta&#8217;ns i estarem encantats d&#8217;oferir-te una soluci\u00f3 a la teva...\" \/>\n<meta property=\"og:url\" content=\"https:\/\/www.maculart.com\/ca\/contacte\/\" \/>\n<meta property=\"og:site_name\" content=\"Maculart\" \/>\n<meta property=\"article:modified_time\" content=\"2023-10-10T11:37:19+00:00\" \/>\n<meta name=\"twitter:card\" content=\"summary_large_image\" \/>\n<script type=\"application\/ld+json\" class=\"yoast-schema-graph\">{\"@context\":\"https:\\\/\\\/schema.org\",\"@graph\":[{\"@type\":\"WebPage\",\"@id\":\"https:\\\/\\\/www.maculart.com\\\/ca\\\/contacte\\\/\",\"url\":\"https:\\\/\\\/www.maculart.com\\\/ca\\\/contacte\\\/\",\"name\":\"Contacte - Maculart\",\"isPartOf\":{\"@id\":\"https:\\\/\\\/www.maculart.com\\\/ca\\\/#website\"},\"datePublished\":\"2023-07-12T08:09:47+00:00\",\"dateModified\":\"2023-10-10T11:37:19+00:00\",\"inLanguage\":\"ca\",\"potentialAction\":[{\"@type\":\"ReadAction\",\"target\":[\"https:\\\/\\\/www.maculart.com\\\/ca\\\/contacte\\\/\"]}]},{\"@type\":\"WebSite\",\"@id\":\"https:\\\/\\\/www.maculart.com\\\/ca\\\/#website\",\"url\":\"https:\\\/\\\/www.maculart.com\\\/ca\\\/\",\"name\":\"Maculart\",\"description\":\"\",\"potentialAction\":[{\"@type\":\"SearchAction\",\"target\":{\"@type\":\"EntryPoint\",\"urlTemplate\":\"https:\\\/\\\/www.maculart.com\\\/ca\\\/?s={search_term_string}\"},\"query-input\":{\"@type\":\"PropertyValueSpecification\",\"valueRequired\":true,\"valueName\":\"search_term_string\"}}],\"inLanguage\":\"ca\"}]}<\/script>\n<!-- \/ Yoast SEO plugin. -->","yoast_head_json":{"title":"Contacte - Maculart","robots":{"index":"index","follow":"follow","max-snippet":"max-snippet:-1","max-image-preview":"max-image-preview:large","max-video-preview":"max-video-preview:-1"},"canonical":"https:\/\/www.maculart.com\/ca\/contacte\/","og_locale":"ca_ES","og_type":"article","og_title":"Contacte - Maculart","og_description":"Si busques solucions innovadores, la m\u00e0xima qualitat en impressi\u00f3, un servei integral i uns terminis de lliurament \u00e0gils i fiables, contacta&#8217;ns i estarem encantats d&#8217;oferir-te una soluci\u00f3 a la teva...","og_url":"https:\/\/www.maculart.com\/ca\/contacte\/","og_site_name":"Maculart","article_modified_time":"2023-10-10T11:37:19+00:00","twitter_card":"summary_large_image","schema":{"@context":"https:\/\/schema.org","@graph":[{"@type":"WebPage","@id":"https:\/\/www.maculart.com\/ca\/contacte\/","url":"https:\/\/www.maculart.com\/ca\/contacte\/","name":"Contacte - Maculart","isPartOf":{"@id":"https:\/\/www.maculart.com\/ca\/#website"},"datePublished":"2023-07-12T08:09:47+00:00","dateModified":"2023-10-10T11:37:19+00:00","inLanguage":"ca","potentialAction":[{"@type":"ReadAction","target":["https:\/\/www.maculart.com\/ca\/contacte\/"]}]},{"@type":"WebSite","@id":"https:\/\/www.maculart.com\/ca\/#website","url":"https:\/\/www.maculart.com\/ca\/","name":"Maculart","description":"","potentialAction":[{"@type":"SearchAction","target":{"@type":"EntryPoint","urlTemplate":"https:\/\/www.maculart.com\/ca\/?s={search_term_string}"},"query-input":{"@type":"PropertyValueSpecification","valueRequired":true,"valueName":"search_term_string"}}],"inLanguage":"ca"}]}},"_links":{"self":[{"href":"https:\/\/www.maculart.com\/ca\/wp-json\/wp\/v2\/pages\/2529","targetHints":{"allow":["GET"]}}],"collection":[{"href":"https:\/\/www.maculart.com\/ca\/wp-json\/wp\/v2\/pages"}],"about":[{"href":"https:\/\/www.maculart.com\/ca\/wp-json\/wp\/v2\/types\/page"}],"author":[{"embeddable":true,"href":"https:\/\/www.maculart.com\/ca\/wp-json\/wp\/v2\/users\/1"}],"replies":[{"embeddable":true,"href":"https:\/\/www.maculart.com\/ca\/wp-json\/wp\/v2\/comments?post=2529"}],"version-history":[{"count":3,"href":"https:\/\/www.maculart.com\/ca\/wp-json\/wp\/v2\/pages\/2529\/revisions"}],"predecessor-version":[{"id":2743,"href":"https:\/\/www.maculart.com\/ca\/wp-json\/wp\/v2\/pages\/2529\/revisions\/2743"}],"wp:attachment":[{"href":"https:\/\/www.maculart.com\/ca\/wp-json\/wp\/v2\/media?parent=2529"}],"curies":[{"name":"wp","href":"https:\/\/api.w.org\/{rel}","templated":true}]}}