{"id":2533,"date":"2023-07-12T10:09:04","date_gmt":"2023-07-12T08:09:04","guid":{"rendered":"https:\/\/www.maculart.com\/compromisos\/"},"modified":"2023-10-10T13:35:33","modified_gmt":"2023-10-10T11:35:33","slug":"compromisos","status":"publish","type":"page","link":"https:\/\/www.maculart.com\/ca\/compromisos\/","title":{"rendered":"Compromisos"},"content":{"rendered":"\t\t<div data-elementor-type=\"wp-page\" data-elementor-id=\"2533\" class=\"elementor elementor-2533 elementor-93\">\n\t\t\t\t<div class=\"elementor-element elementor-element-1b702df e-flex e-con-boxed e-con e-parent\" data-id=\"1b702df\" data-element_type=\"container\" data-e-type=\"container\" id=\"compromiso-social\">\n\t\t\t\t\t<div class=\"e-con-inner\">\n\t\t<div class=\"elementor-element elementor-element-bd0a063 e-con-full e-flex e-con e-child\" data-id=\"bd0a063\" data-element_type=\"container\" data-e-type=\"container\">\n\t\t\t\t<div class=\"elementor-element elementor-element-19f3484 elementor-widget elementor-widget-image\" data-id=\"19f3484\" data-element_type=\"widget\" data-e-type=\"widget\" data-widget_type=\"image.default\">\n\t\t\t\t<div class=\"elementor-widget-container\">\n\t\t\t\t\t\t\t\t\t\t\t\t\t\t\t<img fetchpriority=\"high\" decoding=\"async\" width=\"900\" height=\"712\" src=\"https:\/\/www.maculart.com\/app\/uploads\/2023\/10\/compromiso-social.jpg\" class=\"attachment-large size-large wp-image-2497\" alt=\"\" srcset=\"https:\/\/www.maculart.com\/app\/uploads\/2023\/10\/compromiso-social.jpg 900w, https:\/\/www.maculart.com\/app\/uploads\/2023\/10\/compromiso-social-300x237.jpg 300w, https:\/\/www.maculart.com\/app\/uploads\/2023\/10\/compromiso-social-768x608.jpg 768w\" sizes=\"(max-width: 900px) 100vw, 900px\" \/>\t\t\t\t\t\t\t\t\t\t\t\t\t\t\t<\/div>\n\t\t\t\t<\/div>\n\t\t\t\t<\/div>\n\t\t<div class=\"elementor-element elementor-element-afa941d e-con-full e-flex e-con e-child\" data-id=\"afa941d\" data-element_type=\"container\" data-e-type=\"container\">\n\t\t\t\t<div class=\"elementor-element elementor-element-4114eb3 elementor-widget elementor-widget-heading\" data-id=\"4114eb3\" data-element_type=\"widget\" data-e-type=\"widget\" data-widget_type=\"heading.default\">\n\t\t\t\t<div class=\"elementor-widget-container\">\n\t\t\t\t\t<h2 class=\"elementor-heading-title elementor-size-default\">Comprom\u00eds Social <\/h2>\t\t\t\t<\/div>\n\t\t\t\t<\/div>\n\t\t\t\t<div class=\"elementor-element elementor-element-ad55280 line-height-2 number-list elementor-widget elementor-widget-text-editor\" data-id=\"ad55280\" data-element_type=\"widget\" data-e-type=\"widget\" data-widget_type=\"text-editor.default\">\n\t\t\t\t<div class=\"elementor-widget-container\">\n\t\t\t\t\t\t\t\t\t<p>A Grup Maculart traslladem la nostra seu i planta de producci\u00f3 a Cerdanyola del Vall\u00e8s el 2006 amb un objectiu ferm de creixement, tant a nivell de producci\u00f3 com de la nostra estructura empresarial. Entre el 2012 i el 2015 experimentem uns anys de gran desenvolupament i adquirim noves naus fins a assolir els 3.000 m2 d&#8217;instal\u00b7lacions i una plantilla de 50 empleats, essent la meitat d&#8217;ells ve\u00efns del Vall\u00e8s.<\/p>\n<p>Estem orgullosos que el nostre creixement contribueixi al <strong>progr\u00e9s del teixit empresarial i social d&#8217;aquesta zona de la prov\u00edncia de Barcelona<\/strong>. Potenciar l&#8217;ocupabilitat local ha estat una de les nostres prioritats des dels inicis perqu\u00e8 creiem en potenciar de forma activa les zones en les quals operem.<\/p>\n\t\t\t\t\t\t\t\t<\/div>\n\t\t\t\t<\/div>\n\t\t\t\t<\/div>\n\t\t\t\t\t<\/div>\n\t\t\t\t<\/div>\n\t\t<div class=\"elementor-element elementor-element-c56d638 e-flex e-con-boxed e-con e-parent\" data-id=\"c56d638\" data-element_type=\"container\" data-e-type=\"container\">\n\t\t\t\t\t<div class=\"e-con-inner\">\n\t\t<div class=\"elementor-element elementor-element-f0e0c57 e-con-full e-flex e-con e-child\" data-id=\"f0e0c57\" data-element_type=\"container\" data-e-type=\"container\">\n\t\t\t\t<div class=\"elementor-element elementor-element-3d5638b line-height-2 elementor-widget elementor-widget-text-editor\" data-id=\"3d5638b\" data-element_type=\"widget\" data-e-type=\"widget\" data-widget_type=\"text-editor.default\">\n\t\t\t\t<div class=\"elementor-widget-container\">\n\t\t\t\t\t\t\t\t\t<p>\u00c9s nom\u00e9s un exemple del comprom\u00eds social de Grup Maculart. La nostra aposta per la innovaci\u00f3 i l&#8217;excel\u00b7l\u00e8ncia tamb\u00e9 contribueixen a posicionar Cerdanyola del Vall\u00e8s com un important pol industrial, fet que ha merescut el reconeixement de les autoritats locals.<\/p>\n<p>A m\u00e9s, col\u00b7laborem amb diferents organitzacions socials, com per exemple, <strong>Metges sense Fronteres<\/strong> i el <strong>Tel\u00e8fon de l&#8217;Esperan\u00e7a<\/strong>, com a part de la nostra pol\u00edtica de Responsabilitat Social Corporativa. Perqu\u00e8 creiem en aportar valor a la societat i contribuir a un m\u00f3n m\u00e9s \u00e8tic i socialment responsable.<\/p>\n\t\t\t\t\t\t\t\t<\/div>\n\t\t\t\t<\/div>\n\t\t\t\t<div class=\"elementor-element elementor-element-9a2872c elementor-widget elementor-widget-text-editor\" data-id=\"9a2872c\" data-element_type=\"widget\" data-e-type=\"widget\" data-widget_type=\"text-editor.default\">\n\t\t\t\t<div class=\"elementor-widget-container\">\n\t\t\t\t\t\t\t\t\t<p>Noticia \u201cLa ciudad de Cerdanyola del Valles premia a Grup Maculart&#8230;.\u201d (TBC)<\/p>\n<p>Projecte Open Cultural Center (TBC)<\/p>\n<p>Metges Sense Fronteres (TBC)<\/p>\n<p>Vac\u00fanate de Esperanza del Tel\u00e8fon de l&#8217;Esperan\u00e7a (TBC)<\/p>\n\t\t\t\t\t\t\t\t<\/div>\n\t\t\t\t<\/div>\n\t\t\t\t<\/div>\n\t\t<div class=\"elementor-element elementor-element-521de3f e-con-full e-flex e-con e-child\" data-id=\"521de3f\" data-element_type=\"container\" data-e-type=\"container\">\n\t\t\t\t<div class=\"elementor-element elementor-element-59e45f3 elementor-widget elementor-widget-image\" data-id=\"59e45f3\" data-element_type=\"widget\" data-e-type=\"widget\" data-widget_type=\"image.default\">\n\t\t\t\t<div class=\"elementor-widget-container\">\n\t\t\t\t\t\t\t\t\t\t\t\t\t\t\t<img decoding=\"async\" width=\"712\" height=\"546\" src=\"https:\/\/www.maculart.com\/app\/uploads\/2023\/07\/Rectangle-14-2.jpg\" class=\"attachment-large size-large wp-image-2329\" alt=\"\" srcset=\"https:\/\/www.maculart.com\/app\/uploads\/2023\/07\/Rectangle-14-2.jpg 712w, https:\/\/www.maculart.com\/app\/uploads\/2023\/07\/Rectangle-14-2-300x230.jpg 300w\" sizes=\"(max-width: 712px) 100vw, 712px\" \/>\t\t\t\t\t\t\t\t\t\t\t\t\t\t\t<\/div>\n\t\t\t\t<\/div>\n\t\t\t\t<\/div>\n\t\t\t\t\t<\/div>\n\t\t\t\t<\/div>\n\t\t<div class=\"elementor-element elementor-element-d2970b9 elementor-hidden-mobile e-flex e-con-boxed e-con e-parent\" data-id=\"d2970b9\" data-element_type=\"container\" data-e-type=\"container\">\n\t\t\t\t\t<div class=\"e-con-inner\">\n\t\t\t\t<div class=\"elementor-element elementor-element-5dc9343 elementor-widget-divider--view-line elementor-widget elementor-widget-divider\" data-id=\"5dc9343\" data-element_type=\"widget\" data-e-type=\"widget\" data-widget_type=\"divider.default\">\n\t\t\t\t<div class=\"elementor-widget-container\">\n\t\t\t\t\t\t\t<div class=\"elementor-divider\">\n\t\t\t<span class=\"elementor-divider-separator\">\n\t\t\t\t\t\t<\/span>\n\t\t<\/div>\n\t\t\t\t\t\t<\/div>\n\t\t\t\t<\/div>\n\t\t\t\t\t<\/div>\n\t\t\t\t<\/div>\n\t\t<div class=\"elementor-element elementor-element-0f3725b e-flex e-con-boxed e-con e-parent\" data-id=\"0f3725b\" data-element_type=\"container\" data-e-type=\"container\" id=\"compromiso-ambiental\">\n\t\t\t\t\t<div class=\"e-con-inner\">\n\t\t<div class=\"elementor-element elementor-element-866b451 e-con-full e-flex e-con e-child\" data-id=\"866b451\" data-element_type=\"container\" data-e-type=\"container\">\n\t\t\t\t<div class=\"elementor-element elementor-element-188d484 elementor-widget elementor-widget-image\" data-id=\"188d484\" data-element_type=\"widget\" data-e-type=\"widget\" data-widget_type=\"image.default\">\n\t\t\t\t<div class=\"elementor-widget-container\">\n\t\t\t\t\t\t\t\t\t\t\t\t\t\t\t<img decoding=\"async\" width=\"900\" height=\"506\" src=\"https:\/\/www.maculart.com\/app\/uploads\/2023\/09\/compromisos2.jpg\" class=\"attachment-large size-large wp-image-2431\" alt=\"\" srcset=\"https:\/\/www.maculart.com\/app\/uploads\/2023\/09\/compromisos2.jpg 900w, https:\/\/www.maculart.com\/app\/uploads\/2023\/09\/compromisos2-300x169.jpg 300w, https:\/\/www.maculart.com\/app\/uploads\/2023\/09\/compromisos2-768x432.jpg 768w\" sizes=\"(max-width: 900px) 100vw, 900px\" \/>\t\t\t\t\t\t\t\t\t\t\t\t\t\t\t<\/div>\n\t\t\t\t<\/div>\n\t\t\t\t<\/div>\n\t\t<div class=\"elementor-element elementor-element-34809d4 e-con-full e-flex e-con e-child\" data-id=\"34809d4\" data-element_type=\"container\" data-e-type=\"container\">\n\t\t\t\t<div class=\"elementor-element elementor-element-8d30675 elementor-widget elementor-widget-heading\" data-id=\"8d30675\" data-element_type=\"widget\" data-e-type=\"widget\" data-widget_type=\"heading.default\">\n\t\t\t\t<div class=\"elementor-widget-container\">\n\t\t\t\t\t<h2 class=\"elementor-heading-title elementor-size-default\">Comprom\u00eds mediambiental<\/h2>\t\t\t\t<\/div>\n\t\t\t\t<\/div>\n\t\t\t\t<div class=\"elementor-element elementor-element-95052a5 line-height-2 number-list elementor-widget elementor-widget-text-editor\" data-id=\"95052a5\" data-element_type=\"widget\" data-e-type=\"widget\" data-widget_type=\"text-editor.default\">\n\t\t\t\t<div class=\"elementor-widget-container\">\n\t\t\t\t\t\t\t\t\t<p>A Grup Maculart entenem el comprom\u00eds mediambiental com l&#8217;harmonia natural entre l&#8217;efici\u00e8ncia i la protecci\u00f3 del medi ambient. Som conscients que la producci\u00f3 industrial repercuteix en el planeta, i a la nostra planta a Cerdanyola del Vall\u00e8s treballem de forma responsable per reduir al m\u00e0xim el nostre impacte mediambiental.<\/p>\n\t\t\t\t\t\t\t\t<\/div>\n\t\t\t\t<\/div>\n\t\t\t\t<\/div>\n\t\t\t\t\t<\/div>\n\t\t\t\t<\/div>\n\t\t<div class=\"elementor-element elementor-element-3981bb3 e-flex e-con-boxed e-con e-parent\" data-id=\"3981bb3\" data-element_type=\"container\" data-e-type=\"container\">\n\t\t\t\t\t<div class=\"e-con-inner\">\n\t\t<div class=\"elementor-element elementor-element-20f5b7d e-con-full e-flex e-con e-child\" data-id=\"20f5b7d\" data-element_type=\"container\" data-e-type=\"container\">\n\t\t\t\t<div class=\"elementor-element elementor-element-e405cbf line-height-2 elementor-widget elementor-widget-text-editor\" data-id=\"e405cbf\" data-element_type=\"widget\" data-e-type=\"widget\" data-widget_type=\"text-editor.default\">\n\t\t\t\t<div class=\"elementor-widget-container\">\n\t\t\t\t\t\t\t\t\t<p>El nostre sistema de producci\u00f3 segueix un rigor\u00f3s proc\u00e9s de reciclatge per optimitzar tots els recursos.<br \/>Els nostres esfor\u00e7os en sostenibilitat s\u00f3n acreditats per les certificacions m\u00e9s exigents del mercat en l&#8217;\u00e0mbit nacional i europeu, com la ISO 14001-2015 i la certificaci\u00f3 Cadena de Cust\u00f2dia amb el segell FSC.<\/p>\n<p>Com a fita del nostre comprom\u00eds amb la sostenibilitat destaquem la instal\u00b7laci\u00f3 de 445 panells fotovoltaics a la nostra planta de Cerdanyola l&#8217;any 2022, en un pas decidit cap a l&#8217;energia verda. Una acci\u00f3 que ens permet reduir m\u00e9s de 114.200 kg\/any d\u2019emissions de CO2, quantitat equivalent a la que absorbeixen 5.700 arbres.<\/p>\n\t\t\t\t\t\t\t\t<\/div>\n\t\t\t\t<\/div>\n\t\t\t\t<div class=\"elementor-element elementor-element-d9824e0 button-line-container elementor-widget elementor-widget-button\" data-id=\"d9824e0\" data-element_type=\"widget\" data-e-type=\"widget\" data-widget_type=\"button.default\">\n\t\t\t\t<div class=\"elementor-widget-container\">\n\t\t\t\t\t\t\t\t\t<div class=\"elementor-button-wrapper\">\n\t\t\t\t\t<a class=\"elementor-button elementor-button-link elementor-size-sm\" href=\"https:\/\/www.maculart.com\/ca\/certificacions\/\">\n\t\t\t\t\t\t<span class=\"elementor-button-content-wrapper\">\n\t\t\t\t\t\t\t\t\t<span class=\"elementor-button-text\">Consulta les Certificacions<\/span>\n\t\t\t\t\t<\/span>\n\t\t\t\t\t<\/a>\n\t\t\t\t<\/div>\n\t\t\t\t\t\t\t\t<\/div>\n\t\t\t\t<\/div>\n\t\t\t\t<\/div>\n\t\t<div class=\"elementor-element elementor-element-386c67b e-con-full e-flex e-con e-child\" data-id=\"386c67b\" data-element_type=\"container\" data-e-type=\"container\">\n\t\t\t\t<div class=\"elementor-element elementor-element-ae3e126 elementor-widget elementor-widget-image\" data-id=\"ae3e126\" data-element_type=\"widget\" data-e-type=\"widget\" data-widget_type=\"image.default\">\n\t\t\t\t<div class=\"elementor-widget-container\">\n\t\t\t\t\t\t\t\t\t\t\t\t\t\t\t<img loading=\"lazy\" decoding=\"async\" width=\"900\" height=\"600\" src=\"https:\/\/www.maculart.com\/app\/uploads\/2023\/09\/compromiso3.jpg\" class=\"attachment-large size-large wp-image-2434\" alt=\"\" srcset=\"https:\/\/www.maculart.com\/app\/uploads\/2023\/09\/compromiso3.jpg 900w, https:\/\/www.maculart.com\/app\/uploads\/2023\/09\/compromiso3-300x200.jpg 300w, https:\/\/www.maculart.com\/app\/uploads\/2023\/09\/compromiso3-768x512.jpg 768w\" sizes=\"(max-width: 900px) 100vw, 900px\" \/>\t\t\t\t\t\t\t\t\t\t\t\t\t\t\t<\/div>\n\t\t\t\t<\/div>\n\t\t\t\t<\/div>\n\t\t\t\t\t<\/div>\n\t\t\t\t<\/div>\n\t\t<div class=\"elementor-element elementor-element-b75702f e-flex e-con-boxed e-con e-parent\" data-id=\"b75702f\" data-element_type=\"container\" data-e-type=\"container\">\n\t\t\t\t\t<div class=\"e-con-inner\">\n\t\t<div class=\"elementor-element elementor-element-05ccf7e e-con-full e-flex e-con e-child\" data-id=\"05ccf7e\" data-element_type=\"container\" data-e-type=\"container\" data-settings=\"{&quot;background_background&quot;:&quot;classic&quot;}\">\n\t\t\t\t<div class=\"elementor-element elementor-element-f4f1148 elementor-widget elementor-widget-heading\" data-id=\"f4f1148\" data-element_type=\"widget\" data-e-type=\"widget\" data-widget_type=\"heading.default\">\n\t\t\t\t<div class=\"elementor-widget-container\">\n\t\t\t\t\t<h3 class=\"elementor-heading-title elementor-size-default\">PARLEM<\/h3>\t\t\t\t<\/div>\n\t\t\t\t<\/div>\n\t\t\t\t<div class=\"elementor-element elementor-element-fa7a521 elementor-widget__width-inherit elementor-widget elementor-widget-heading\" data-id=\"fa7a521\" data-element_type=\"widget\" data-e-type=\"widget\" data-widget_type=\"heading.default\">\n\t\t\t\t<div class=\"elementor-widget-container\">\n\t\t\t\t\t<h2 class=\"elementor-heading-title elementor-size-default\">Contacta amb nosaltres\ni explica'ns el teu projecte<\/h2>\t\t\t\t<\/div>\n\t\t\t\t<\/div>\n\t\t\t\t<div class=\"elementor-element elementor-element-770282f button-container elementor-widget elementor-widget-button\" data-id=\"770282f\" data-element_type=\"widget\" data-e-type=\"widget\" data-widget_type=\"button.default\">\n\t\t\t\t<div class=\"elementor-widget-container\">\n\t\t\t\t\t\t\t\t\t<div class=\"elementor-button-wrapper\">\n\t\t\t\t\t<a class=\"elementor-button elementor-button-link elementor-size-sm\" href=\"https:\/\/www.maculart.com\/ca\/contacte\/\">\n\t\t\t\t\t\t<span class=\"elementor-button-content-wrapper\">\n\t\t\t\t\t\t\t\t\t<span class=\"elementor-button-text\">Contacta'ns<\/span>\n\t\t\t\t\t<\/span>\n\t\t\t\t\t<\/a>\n\t\t\t\t<\/div>\n\t\t\t\t\t\t\t\t<\/div>\n\t\t\t\t<\/div>\n\t\t\t\t<\/div>\n\t\t<div class=\"elementor-element elementor-element-66e69dd e-flex e-con-boxed e-con e-child\" data-id=\"66e69dd\" data-element_type=\"container\" data-e-type=\"container\" data-settings=\"{&quot;background_background&quot;:&quot;classic&quot;}\">\n\t\t\t\t\t<div class=\"e-con-inner\">\n\t\t\t\t\t<\/div>\n\t\t\t\t<\/div>\n\t\t\t\t\t<\/div>\n\t\t\t\t<\/div>\n\t\t\t\t<\/div>\n\t\t","protected":false},"excerpt":{"rendered":"<p>Comprom\u00eds Social A Grup Maculart traslladem la nostra seu i planta de producci\u00f3 a Cerdanyola del Vall\u00e8s el 2006 amb un objectiu ferm de creixement, tant a nivell de producci\u00f3&#8230;<\/p>\n","protected":false},"author":1,"featured_media":2380,"parent":0,"menu_order":0,"comment_status":"closed","ping_status":"closed","template":"","meta":{"_acf_changed":false,"inline_featured_image":false,"footnotes":""},"class_list":["post-2533","page","type-page","status-publish","has-post-thumbnail","hentry"],"acf":[],"yoast_head":"<!-- This site is optimized with the Yoast SEO plugin v27.4 - https:\/\/yoast.com\/product\/yoast-seo-wordpress\/ -->\n<title>Compromisos - Maculart<\/title>\n<meta name=\"robots\" content=\"index, follow, max-snippet:-1, max-image-preview:large, max-video-preview:-1\" \/>\n<link rel=\"canonical\" href=\"https:\/\/www.maculart.com\/ca\/compromisos\/\" \/>\n<meta property=\"og:locale\" content=\"ca_ES\" \/>\n<meta property=\"og:type\" content=\"article\" \/>\n<meta property=\"og:title\" content=\"Compromisos - Maculart\" \/>\n<meta property=\"og:description\" content=\"Comprom\u00eds Social A Grup Maculart traslladem la nostra seu i planta de producci\u00f3 a Cerdanyola del Vall\u00e8s el 2006 amb un objectiu ferm de creixement, tant a nivell de producci\u00f3...\" \/>\n<meta property=\"og:url\" content=\"https:\/\/www.maculart.com\/ca\/compromisos\/\" \/>\n<meta property=\"og:site_name\" content=\"Maculart\" \/>\n<meta property=\"article:modified_time\" content=\"2023-10-10T11:35:33+00:00\" \/>\n<meta property=\"og:image\" content=\"https:\/\/www.maculart.com\/app\/uploads\/2023\/09\/compromisos.jpg\" \/>\n\t<meta property=\"og:image:width\" content=\"900\" \/>\n\t<meta property=\"og:image:height\" content=\"600\" \/>\n\t<meta property=\"og:image:type\" content=\"image\/jpeg\" \/>\n<meta name=\"twitter:card\" content=\"summary_large_image\" \/>\n<meta name=\"twitter:label1\" content=\"Temps estimat de lectura\" \/>\n\t<meta name=\"twitter:data1\" content=\"3 minuts\" \/>\n<script type=\"application\/ld+json\" class=\"yoast-schema-graph\">{\"@context\":\"https:\\\/\\\/schema.org\",\"@graph\":[{\"@type\":\"WebPage\",\"@id\":\"https:\\\/\\\/www.maculart.com\\\/ca\\\/compromisos\\\/\",\"url\":\"https:\\\/\\\/www.maculart.com\\\/ca\\\/compromisos\\\/\",\"name\":\"Compromisos - Maculart\",\"isPartOf\":{\"@id\":\"https:\\\/\\\/www.maculart.com\\\/ca\\\/#website\"},\"primaryImageOfPage\":{\"@id\":\"https:\\\/\\\/www.maculart.com\\\/ca\\\/compromisos\\\/#primaryimage\"},\"image\":{\"@id\":\"https:\\\/\\\/www.maculart.com\\\/ca\\\/compromisos\\\/#primaryimage\"},\"thumbnailUrl\":\"https:\\\/\\\/www.maculart.com\\\/app\\\/uploads\\\/2023\\\/09\\\/compromisos.jpg\",\"datePublished\":\"2023-07-12T08:09:04+00:00\",\"dateModified\":\"2023-10-10T11:35:33+00:00\",\"inLanguage\":\"ca\",\"potentialAction\":[{\"@type\":\"ReadAction\",\"target\":[\"https:\\\/\\\/www.maculart.com\\\/ca\\\/compromisos\\\/\"]}]},{\"@type\":\"ImageObject\",\"inLanguage\":\"ca\",\"@id\":\"https:\\\/\\\/www.maculart.com\\\/ca\\\/compromisos\\\/#primaryimage\",\"url\":\"https:\\\/\\\/www.maculart.com\\\/app\\\/uploads\\\/2023\\\/09\\\/compromisos.jpg\",\"contentUrl\":\"https:\\\/\\\/www.maculart.com\\\/app\\\/uploads\\\/2023\\\/09\\\/compromisos.jpg\",\"width\":900,\"height\":600},{\"@type\":\"WebSite\",\"@id\":\"https:\\\/\\\/www.maculart.com\\\/ca\\\/#website\",\"url\":\"https:\\\/\\\/www.maculart.com\\\/ca\\\/\",\"name\":\"Maculart\",\"description\":\"\",\"potentialAction\":[{\"@type\":\"SearchAction\",\"target\":{\"@type\":\"EntryPoint\",\"urlTemplate\":\"https:\\\/\\\/www.maculart.com\\\/ca\\\/?s={search_term_string}\"},\"query-input\":{\"@type\":\"PropertyValueSpecification\",\"valueRequired\":true,\"valueName\":\"search_term_string\"}}],\"inLanguage\":\"ca\"}]}<\/script>\n<!-- \/ Yoast SEO plugin. -->","yoast_head_json":{"title":"Compromisos - Maculart","robots":{"index":"index","follow":"follow","max-snippet":"max-snippet:-1","max-image-preview":"max-image-preview:large","max-video-preview":"max-video-preview:-1"},"canonical":"https:\/\/www.maculart.com\/ca\/compromisos\/","og_locale":"ca_ES","og_type":"article","og_title":"Compromisos - Maculart","og_description":"Comprom\u00eds Social A Grup Maculart traslladem la nostra seu i planta de producci\u00f3 a Cerdanyola del Vall\u00e8s el 2006 amb un objectiu ferm de creixement, tant a nivell de producci\u00f3...","og_url":"https:\/\/www.maculart.com\/ca\/compromisos\/","og_site_name":"Maculart","article_modified_time":"2023-10-10T11:35:33+00:00","og_image":[{"width":900,"height":600,"url":"https:\/\/www.maculart.com\/app\/uploads\/2023\/09\/compromisos.jpg","type":"image\/jpeg"}],"twitter_card":"summary_large_image","twitter_misc":{"Temps estimat de lectura":"3 minuts"},"schema":{"@context":"https:\/\/schema.org","@graph":[{"@type":"WebPage","@id":"https:\/\/www.maculart.com\/ca\/compromisos\/","url":"https:\/\/www.maculart.com\/ca\/compromisos\/","name":"Compromisos - Maculart","isPartOf":{"@id":"https:\/\/www.maculart.com\/ca\/#website"},"primaryImageOfPage":{"@id":"https:\/\/www.maculart.com\/ca\/compromisos\/#primaryimage"},"image":{"@id":"https:\/\/www.maculart.com\/ca\/compromisos\/#primaryimage"},"thumbnailUrl":"https:\/\/www.maculart.com\/app\/uploads\/2023\/09\/compromisos.jpg","datePublished":"2023-07-12T08:09:04+00:00","dateModified":"2023-10-10T11:35:33+00:00","inLanguage":"ca","potentialAction":[{"@type":"ReadAction","target":["https:\/\/www.maculart.com\/ca\/compromisos\/"]}]},{"@type":"ImageObject","inLanguage":"ca","@id":"https:\/\/www.maculart.com\/ca\/compromisos\/#primaryimage","url":"https:\/\/www.maculart.com\/app\/uploads\/2023\/09\/compromisos.jpg","contentUrl":"https:\/\/www.maculart.com\/app\/uploads\/2023\/09\/compromisos.jpg","width":900,"height":600},{"@type":"WebSite","@id":"https:\/\/www.maculart.com\/ca\/#website","url":"https:\/\/www.maculart.com\/ca\/","name":"Maculart","description":"","potentialAction":[{"@type":"SearchAction","target":{"@type":"EntryPoint","urlTemplate":"https:\/\/www.maculart.com\/ca\/?s={search_term_string}"},"query-input":{"@type":"PropertyValueSpecification","valueRequired":true,"valueName":"search_term_string"}}],"inLanguage":"ca"}]}},"_links":{"self":[{"href":"https:\/\/www.maculart.com\/ca\/wp-json\/wp\/v2\/pages\/2533","targetHints":{"allow":["GET"]}}],"collection":[{"href":"https:\/\/www.maculart.com\/ca\/wp-json\/wp\/v2\/pages"}],"about":[{"href":"https:\/\/www.maculart.com\/ca\/wp-json\/wp\/v2\/types\/page"}],"author":[{"embeddable":true,"href":"https:\/\/www.maculart.com\/ca\/wp-json\/wp\/v2\/users\/1"}],"replies":[{"embeddable":true,"href":"https:\/\/www.maculart.com\/ca\/wp-json\/wp\/v2\/comments?post=2533"}],"version-history":[{"count":8,"href":"https:\/\/www.maculart.com\/ca\/wp-json\/wp\/v2\/pages\/2533\/revisions"}],"predecessor-version":[{"id":2723,"href":"https:\/\/www.maculart.com\/ca\/wp-json\/wp\/v2\/pages\/2533\/revisions\/2723"}],"wp:featuredmedia":[{"embeddable":true,"href":"https:\/\/www.maculart.com\/ca\/wp-json\/wp\/v2\/media\/2380"}],"wp:attachment":[{"href":"https:\/\/www.maculart.com\/ca\/wp-json\/wp\/v2\/media?parent=2533"}],"curies":[{"name":"wp","href":"https:\/\/api.w.org\/{rel}","templated":true}]}}