{"id":2537,"date":"2023-07-12T12:42:12","date_gmt":"2023-07-12T10:42:12","guid":{"rendered":"https:\/\/www.maculart.com\/installacions\/"},"modified":"2023-10-10T13:49:41","modified_gmt":"2023-10-10T11:49:41","slug":"installacions","status":"publish","type":"page","link":"https:\/\/www.maculart.com\/ca\/installacions\/","title":{"rendered":"Instal\u00b7lacions"},"content":{"rendered":"\t\t<div data-elementor-type=\"wp-page\" data-elementor-id=\"2537\" class=\"elementor elementor-2537 elementor-210\">\n\t\t\t\t<div class=\"elementor-element elementor-element-048365f e-flex e-con-boxed e-con e-parent\" data-id=\"048365f\" data-element_type=\"container\" data-e-type=\"container\">\n\t\t\t\t\t<div class=\"e-con-inner\">\n\t\t<div class=\"elementor-element elementor-element-e6962e6 e-con-full e-flex e-con e-parent\" data-id=\"e6962e6\" data-element_type=\"container\" data-e-type=\"container\">\n\t\t\t\t<div class=\"elementor-element elementor-element-9df1c65 line-height-2 elementor-widget elementor-widget-text-editor\" data-id=\"9df1c65\" data-element_type=\"widget\" data-e-type=\"widget\" data-widget_type=\"text-editor.default\">\n\t\t\t\t<div class=\"elementor-widget-container\">\n\t\t\t\t\t\t\t\t\t<p>Des de l&#8217;any 2006 la nostra seu i la planta de producci\u00f3 s&#8217;ubiquen al pol\u00edgon industrial Can Clota de Cerdanyola del Vall\u00e8s (Barcelona). Comptem amb m\u00e9s de <strong>4.000 m2 d&#8217;instal\u00b7lacions<\/strong> amb tot all\u00f2 necessari per donar el millor servei als nostres clients, i tamb\u00e9, per garantir la seguretat i el benestar dels nostres empleats. S\u00f3n unes instal\u00b7lacions modernes i ben condicionades, on regeix un sistema de gesti\u00f3 certificat i que reflecteix la passi\u00f3 per la impressi\u00f3 i la qualitat de Grup Maculart.<\/p>\n<p>Seguint la nostra pol\u00edtica de millora cont\u00ednua, disposem de la darrera <strong>tecnologia en t\u00e8cniques d&#8217;impressi\u00f3 \u00f2fset i digital<\/strong> gr\u00e0cies a una estrat\u00e8gia d&#8217;inversi\u00f3 basada en la cerca de l&#8217;efici\u00e8ncia. La nostra \u00e0rea d&#8217;impressi\u00f3 es complementa amb una \u00e0rea de control de qualitat, una \u00e0rea d&#8217;encunyaci\u00f3, i per \u00faltim, un \u00e0rea d&#8217;engomat per poder mantenir el control \u00edntegre de la producci\u00f3. <br \/>Aix\u00ed mateix, disposem del nostre propi magatzem log\u00edstic perqu\u00e8 ens encarreguem tamb\u00e9 del transport de les comandes als nostres clients. D\u2019aquesta manera, podem assegurar terminis de lliurament \u00f2ptims i amb el millor servei.<\/p>\n\t\t\t\t\t\t\t\t<\/div>\n\t\t\t\t<\/div>\n\t\t\t\t<\/div>\n\t\t<div class=\"elementor-element elementor-element-3bbd3ec e-con-full e-flex e-con e-parent\" data-id=\"3bbd3ec\" data-element_type=\"container\" data-e-type=\"container\">\n\t\t\t\t<div class=\"elementor-element elementor-element-1e062c6 elementor-widget elementor-widget-image\" data-id=\"1e062c6\" data-element_type=\"widget\" data-e-type=\"widget\" data-widget_type=\"image.default\">\n\t\t\t\t<div class=\"elementor-widget-container\">\n\t\t\t\t\t\t\t\t\t\t\t\t\t\t\t<img fetchpriority=\"high\" decoding=\"async\" width=\"712\" height=\"546\" src=\"https:\/\/www.maculart.com\/app\/uploads\/2023\/07\/Rectangle-13.jpg\" class=\"attachment-large size-large wp-image-2275\" alt=\"\" srcset=\"https:\/\/www.maculart.com\/app\/uploads\/2023\/07\/Rectangle-13.jpg 712w, https:\/\/www.maculart.com\/app\/uploads\/2023\/07\/Rectangle-13-300x230.jpg 300w\" sizes=\"(max-width: 712px) 100vw, 712px\" \/>\t\t\t\t\t\t\t\t\t\t\t\t\t\t\t<\/div>\n\t\t\t\t<\/div>\n\t\t\t\t<\/div>\n\t\t\t\t\t<\/div>\n\t\t\t\t<\/div>\n\t\t<div class=\"elementor-element elementor-element-e81c664 e-flex e-con-boxed e-con e-parent\" data-id=\"e81c664\" data-element_type=\"container\" data-e-type=\"container\">\n\t\t\t\t\t<div class=\"e-con-inner\">\n\t\t<div class=\"elementor-element elementor-element-66821df e-con-full e-flex e-con e-parent\" data-id=\"66821df\" data-element_type=\"container\" data-e-type=\"container\">\n\t\t\t\t<div class=\"elementor-element elementor-element-d11b159 elementor-widget elementor-widget-image\" data-id=\"d11b159\" data-element_type=\"widget\" data-e-type=\"widget\" data-widget_type=\"image.default\">\n\t\t\t\t<div class=\"elementor-widget-container\">\n\t\t\t\t\t\t\t\t\t\t\t\t\t\t\t<img decoding=\"async\" width=\"900\" height=\"600\" src=\"https:\/\/www.maculart.com\/app\/uploads\/2023\/09\/instalaciones.jpg\" class=\"attachment-large size-large wp-image-2389\" alt=\"\" srcset=\"https:\/\/www.maculart.com\/app\/uploads\/2023\/09\/instalaciones.jpg 900w, https:\/\/www.maculart.com\/app\/uploads\/2023\/09\/instalaciones-300x200.jpg 300w, https:\/\/www.maculart.com\/app\/uploads\/2023\/09\/instalaciones-768x512.jpg 768w\" sizes=\"(max-width: 900px) 100vw, 900px\" \/>\t\t\t\t\t\t\t\t\t\t\t\t\t\t\t<\/div>\n\t\t\t\t<\/div>\n\t\t\t\t<\/div>\n\t\t<div class=\"elementor-element elementor-element-b9575dc e-con-full e-flex e-con e-parent\" data-id=\"b9575dc\" data-element_type=\"container\" data-e-type=\"container\">\n\t\t\t\t<div class=\"elementor-element elementor-element-226b0ae line-height-2 number-list elementor-widget elementor-widget-text-editor\" data-id=\"226b0ae\" data-element_type=\"widget\" data-e-type=\"widget\" data-widget_type=\"text-editor.default\">\n\t\t\t\t<div class=\"elementor-widget-container\">\n\t\t\t\t\t\t\t\t\t<p>L&#8217;equipament t\u00e8cnic de Grup Maculart es compon de:<\/p>\n<ol>\n<li>Oficina t\u00e8cnica<\/li>\n<li>Departament de disseny i preimpressi\u00f3<\/li>\n<li>Impressi\u00f3<\/li>\n<li>Encunyaci\u00f3<\/li>\n<li>Engomat<\/li>\n<li>Plegat<\/li>\n<li>Gesti\u00f3 de qualitat<\/li>\n<li>Log\u00edstica<\/li>\n<\/ol>\n\t\t\t\t\t\t\t\t<\/div>\n\t\t\t\t<\/div>\n\t\t\t\t<\/div>\n\t\t\t\t\t<\/div>\n\t\t\t\t<\/div>\n\t\t\t\t<\/div>\n\t\t","protected":false},"excerpt":{"rendered":"<p>Des de l&#8217;any 2006 la nostra seu i la planta de producci\u00f3 s&#8217;ubiquen al pol\u00edgon industrial Can Clota de Cerdanyola del Vall\u00e8s (Barcelona). Comptem amb m\u00e9s de 4.000 m2 d&#8217;instal\u00b7lacions&#8230;<\/p>\n","protected":false},"author":1,"featured_media":0,"parent":0,"menu_order":0,"comment_status":"closed","ping_status":"closed","template":"","meta":{"_acf_changed":false,"inline_featured_image":false,"footnotes":""},"class_list":["post-2537","page","type-page","status-publish","hentry"],"acf":[],"yoast_head":"<!-- This site is optimized with the Yoast SEO plugin v27.4 - https:\/\/yoast.com\/product\/yoast-seo-wordpress\/ -->\n<title>Instal\u00b7lacions - Maculart<\/title>\n<meta name=\"robots\" content=\"index, follow, max-snippet:-1, max-image-preview:large, max-video-preview:-1\" \/>\n<link rel=\"canonical\" href=\"https:\/\/www.maculart.com\/ca\/installacions\/\" \/>\n<meta property=\"og:locale\" content=\"ca_ES\" \/>\n<meta property=\"og:type\" content=\"article\" \/>\n<meta property=\"og:title\" content=\"Instal\u00b7lacions - Maculart\" \/>\n<meta property=\"og:description\" content=\"Des de l&#8217;any 2006 la nostra seu i la planta de producci\u00f3 s&#8217;ubiquen al pol\u00edgon industrial Can Clota de Cerdanyola del Vall\u00e8s (Barcelona). Comptem amb m\u00e9s de 4.000 m2 d&#8217;instal\u00b7lacions...\" \/>\n<meta property=\"og:url\" content=\"https:\/\/www.maculart.com\/ca\/installacions\/\" \/>\n<meta property=\"og:site_name\" content=\"Maculart\" \/>\n<meta property=\"article:modified_time\" content=\"2023-10-10T11:49:41+00:00\" \/>\n<meta property=\"og:image\" content=\"https:\/\/www.maculart.com\/app\/uploads\/2023\/07\/Rectangle-13.jpg\" \/>\n<meta name=\"twitter:card\" content=\"summary_large_image\" \/>\n<meta name=\"twitter:label1\" content=\"Temps estimat de lectura\" \/>\n\t<meta name=\"twitter:data1\" content=\"1 minut\" \/>\n<script type=\"application\/ld+json\" class=\"yoast-schema-graph\">{\"@context\":\"https:\\\/\\\/schema.org\",\"@graph\":[{\"@type\":\"WebPage\",\"@id\":\"https:\\\/\\\/www.maculart.com\\\/ca\\\/installacions\\\/\",\"url\":\"https:\\\/\\\/www.maculart.com\\\/ca\\\/installacions\\\/\",\"name\":\"Instal\u00b7lacions - Maculart\",\"isPartOf\":{\"@id\":\"https:\\\/\\\/www.maculart.com\\\/ca\\\/#website\"},\"primaryImageOfPage\":{\"@id\":\"https:\\\/\\\/www.maculart.com\\\/ca\\\/installacions\\\/#primaryimage\"},\"image\":{\"@id\":\"https:\\\/\\\/www.maculart.com\\\/ca\\\/installacions\\\/#primaryimage\"},\"thumbnailUrl\":\"https:\\\/\\\/www.maculart.com\\\/app\\\/uploads\\\/2023\\\/07\\\/Rectangle-13.jpg\",\"datePublished\":\"2023-07-12T10:42:12+00:00\",\"dateModified\":\"2023-10-10T11:49:41+00:00\",\"inLanguage\":\"ca\",\"potentialAction\":[{\"@type\":\"ReadAction\",\"target\":[\"https:\\\/\\\/www.maculart.com\\\/ca\\\/installacions\\\/\"]}]},{\"@type\":\"ImageObject\",\"inLanguage\":\"ca\",\"@id\":\"https:\\\/\\\/www.maculart.com\\\/ca\\\/installacions\\\/#primaryimage\",\"url\":\"https:\\\/\\\/www.maculart.com\\\/app\\\/uploads\\\/2023\\\/07\\\/Rectangle-13.jpg\",\"contentUrl\":\"https:\\\/\\\/www.maculart.com\\\/app\\\/uploads\\\/2023\\\/07\\\/Rectangle-13.jpg\"},{\"@type\":\"WebSite\",\"@id\":\"https:\\\/\\\/www.maculart.com\\\/ca\\\/#website\",\"url\":\"https:\\\/\\\/www.maculart.com\\\/ca\\\/\",\"name\":\"Maculart\",\"description\":\"\",\"potentialAction\":[{\"@type\":\"SearchAction\",\"target\":{\"@type\":\"EntryPoint\",\"urlTemplate\":\"https:\\\/\\\/www.maculart.com\\\/ca\\\/?s={search_term_string}\"},\"query-input\":{\"@type\":\"PropertyValueSpecification\",\"valueRequired\":true,\"valueName\":\"search_term_string\"}}],\"inLanguage\":\"ca\"}]}<\/script>\n<!-- \/ Yoast SEO plugin. -->","yoast_head_json":{"title":"Instal\u00b7lacions - Maculart","robots":{"index":"index","follow":"follow","max-snippet":"max-snippet:-1","max-image-preview":"max-image-preview:large","max-video-preview":"max-video-preview:-1"},"canonical":"https:\/\/www.maculart.com\/ca\/installacions\/","og_locale":"ca_ES","og_type":"article","og_title":"Instal\u00b7lacions - Maculart","og_description":"Des de l&#8217;any 2006 la nostra seu i la planta de producci\u00f3 s&#8217;ubiquen al pol\u00edgon industrial Can Clota de Cerdanyola del Vall\u00e8s (Barcelona). Comptem amb m\u00e9s de 4.000 m2 d&#8217;instal\u00b7lacions...","og_url":"https:\/\/www.maculart.com\/ca\/installacions\/","og_site_name":"Maculart","article_modified_time":"2023-10-10T11:49:41+00:00","og_image":[{"url":"https:\/\/www.maculart.com\/app\/uploads\/2023\/07\/Rectangle-13.jpg","type":"","width":"","height":""}],"twitter_card":"summary_large_image","twitter_misc":{"Temps estimat de lectura":"1 minut"},"schema":{"@context":"https:\/\/schema.org","@graph":[{"@type":"WebPage","@id":"https:\/\/www.maculart.com\/ca\/installacions\/","url":"https:\/\/www.maculart.com\/ca\/installacions\/","name":"Instal\u00b7lacions - Maculart","isPartOf":{"@id":"https:\/\/www.maculart.com\/ca\/#website"},"primaryImageOfPage":{"@id":"https:\/\/www.maculart.com\/ca\/installacions\/#primaryimage"},"image":{"@id":"https:\/\/www.maculart.com\/ca\/installacions\/#primaryimage"},"thumbnailUrl":"https:\/\/www.maculart.com\/app\/uploads\/2023\/07\/Rectangle-13.jpg","datePublished":"2023-07-12T10:42:12+00:00","dateModified":"2023-10-10T11:49:41+00:00","inLanguage":"ca","potentialAction":[{"@type":"ReadAction","target":["https:\/\/www.maculart.com\/ca\/installacions\/"]}]},{"@type":"ImageObject","inLanguage":"ca","@id":"https:\/\/www.maculart.com\/ca\/installacions\/#primaryimage","url":"https:\/\/www.maculart.com\/app\/uploads\/2023\/07\/Rectangle-13.jpg","contentUrl":"https:\/\/www.maculart.com\/app\/uploads\/2023\/07\/Rectangle-13.jpg"},{"@type":"WebSite","@id":"https:\/\/www.maculart.com\/ca\/#website","url":"https:\/\/www.maculart.com\/ca\/","name":"Maculart","description":"","potentialAction":[{"@type":"SearchAction","target":{"@type":"EntryPoint","urlTemplate":"https:\/\/www.maculart.com\/ca\/?s={search_term_string}"},"query-input":{"@type":"PropertyValueSpecification","valueRequired":true,"valueName":"search_term_string"}}],"inLanguage":"ca"}]}},"_links":{"self":[{"href":"https:\/\/www.maculart.com\/ca\/wp-json\/wp\/v2\/pages\/2537","targetHints":{"allow":["GET"]}}],"collection":[{"href":"https:\/\/www.maculart.com\/ca\/wp-json\/wp\/v2\/pages"}],"about":[{"href":"https:\/\/www.maculart.com\/ca\/wp-json\/wp\/v2\/types\/page"}],"author":[{"embeddable":true,"href":"https:\/\/www.maculart.com\/ca\/wp-json\/wp\/v2\/users\/1"}],"replies":[{"embeddable":true,"href":"https:\/\/www.maculart.com\/ca\/wp-json\/wp\/v2\/comments?post=2537"}],"version-history":[{"count":2,"href":"https:\/\/www.maculart.com\/ca\/wp-json\/wp\/v2\/pages\/2537\/revisions"}],"predecessor-version":[{"id":2767,"href":"https:\/\/www.maculart.com\/ca\/wp-json\/wp\/v2\/pages\/2537\/revisions\/2767"}],"wp:attachment":[{"href":"https:\/\/www.maculart.com\/ca\/wp-json\/wp\/v2\/media?parent=2537"}],"curies":[{"name":"wp","href":"https:\/\/api.w.org\/{rel}","templated":true}]}}