{"id":2539,"date":"2023-07-12T14:36:56","date_gmt":"2023-07-12T12:36:56","guid":{"rendered":"https:\/\/www.maculart.com\/millora-continua\/"},"modified":"2024-05-21T10:16:17","modified_gmt":"2024-05-21T08:16:17","slug":"millora-continua","status":"publish","type":"page","link":"https:\/\/www.maculart.com\/ca\/millora-continua\/","title":{"rendered":"Millora cont\u00ednua"},"content":{"rendered":"\t\t<div data-elementor-type=\"wp-page\" data-elementor-id=\"2539\" class=\"elementor elementor-2539 elementor-301\">\n\t\t\t\t<div class=\"elementor-element elementor-element-ae38bde e-flex e-con-boxed e-con e-parent\" data-id=\"ae38bde\" data-element_type=\"container\" data-e-type=\"container\">\n\t\t\t\t\t<div class=\"e-con-inner\">\n\t\t<div class=\"elementor-element elementor-element-1afe774 e-con-full e-flex e-con e-child\" data-id=\"1afe774\" data-element_type=\"container\" data-e-type=\"container\">\n\t\t\t\t<div class=\"elementor-element elementor-element-29fe4f3 elementor-widget elementor-widget-image\" data-id=\"29fe4f3\" data-element_type=\"widget\" data-e-type=\"widget\" data-widget_type=\"image.default\">\n\t\t\t\t<div class=\"elementor-widget-container\">\n\t\t\t\t\t\t\t\t\t\t\t\t\t\t\t<img fetchpriority=\"high\" decoding=\"async\" width=\"900\" height=\"600\" src=\"https:\/\/www.maculart.com\/app\/uploads\/2023\/09\/mejoracontinuada.jpg\" class=\"attachment-large size-large wp-image-2425\" alt=\"\" srcset=\"https:\/\/www.maculart.com\/app\/uploads\/2023\/09\/mejoracontinuada.jpg 900w, https:\/\/www.maculart.com\/app\/uploads\/2023\/09\/mejoracontinuada-300x200.jpg 300w, https:\/\/www.maculart.com\/app\/uploads\/2023\/09\/mejoracontinuada-768x512.jpg 768w\" sizes=\"(max-width: 900px) 100vw, 900px\" \/>\t\t\t\t\t\t\t\t\t\t\t\t\t\t\t<\/div>\n\t\t\t\t<\/div>\n\t\t\t\t<\/div>\n\t\t<div class=\"elementor-element elementor-element-de23dfd e-con-full e-flex e-con e-child\" data-id=\"de23dfd\" data-element_type=\"container\" data-e-type=\"container\">\n\t\t\t\t<div class=\"elementor-element elementor-element-19b82d2 elementor-widget elementor-widget-heading\" data-id=\"19b82d2\" data-element_type=\"widget\" data-e-type=\"widget\" data-widget_type=\"heading.default\">\n\t\t\t\t<div class=\"elementor-widget-container\">\n\t\t\t\t\t<h2 class=\"elementor-heading-title elementor-size-default\">Estrat\u00e8gia d'innovaci\u00f3 i inversi\u00f3<\/h2>\t\t\t\t<\/div>\n\t\t\t\t<\/div>\n\t\t\t\t<div class=\"elementor-element elementor-element-41c0f81 line-height-2 elementor-widget elementor-widget-text-editor\" data-id=\"41c0f81\" data-element_type=\"widget\" data-e-type=\"widget\" data-widget_type=\"text-editor.default\">\n\t\t\t\t<div class=\"elementor-widget-container\">\n\t\t\t\t\t\t\t\t\t<p>Seguim una pol\u00edtica de servei i una estrat\u00e8gia d&#8217;innovaci\u00f3 i inversi\u00f3 que ens permeten donar resposta a les necessitats dels nostres clients, oferint solucions innovadores i uns terminis de lliurament \u00f2ptims.<\/p>\n\t\t\t\t\t\t\t\t<\/div>\n\t\t\t\t<\/div>\n\t\t\t\t<\/div>\n\t\t\t\t\t<\/div>\n\t\t\t\t<\/div>\n\t\t<div class=\"elementor-element elementor-element-d887927 e-flex e-con-boxed e-con e-parent\" data-id=\"d887927\" data-element_type=\"container\" data-e-type=\"container\">\n\t\t\t\t\t<div class=\"e-con-inner\">\n\t\t<div class=\"elementor-element elementor-element-798541d e-con-full e-flex e-con e-child\" data-id=\"798541d\" data-element_type=\"container\" data-e-type=\"container\">\n\t\t\t\t<div class=\"elementor-element elementor-element-15e5984 elementor-widget elementor-widget-heading\" data-id=\"15e5984\" data-element_type=\"widget\" data-e-type=\"widget\" data-widget_type=\"heading.default\">\n\t\t\t\t<div class=\"elementor-widget-container\">\n\t\t\t\t\t<h2 class=\"elementor-heading-title elementor-size-default\">Comprom\u00eds amb \nla qualitat<\/h2>\t\t\t\t<\/div>\n\t\t\t\t<\/div>\n\t\t\t\t<div class=\"elementor-element elementor-element-a693bff line-height-2 elementor-widget elementor-widget-text-editor\" data-id=\"a693bff\" data-element_type=\"widget\" data-e-type=\"widget\" data-widget_type=\"text-editor.default\">\n\t\t\t\t<div class=\"elementor-widget-container\">\n\t\t\t\t\t\t\t\t\t<p>A Grup Maculart sabem que la qualitat no \u00e9s una q\u00fcesti\u00f3 d&#8217;un \u00fanic departament. Per aconseguir resultats excel\u00b7lents, el comprom\u00eds de qualitat s&#8217;ha de forjar a trav\u00e9s de tots els membres de l&#8217;equip.<\/p>\n\t\t\t\t\t\t\t\t<\/div>\n\t\t\t\t<\/div>\n\t\t\t\t<\/div>\n\t\t<div class=\"elementor-element elementor-element-a6a803f e-con-full e-flex e-con e-child\" data-id=\"a6a803f\" data-element_type=\"container\" data-e-type=\"container\">\n\t\t\t\t<div class=\"elementor-element elementor-element-2233b7f elementor-widget elementor-widget-image\" data-id=\"2233b7f\" data-element_type=\"widget\" data-e-type=\"widget\" data-widget_type=\"image.default\">\n\t\t\t\t<div class=\"elementor-widget-container\">\n\t\t\t\t\t\t\t\t\t\t\t\t\t\t\t<img decoding=\"async\" width=\"1024\" height=\"851\" src=\"https:\/\/www.maculart.com\/app\/uploads\/2023\/10\/calidad-1024x851.jpg\" class=\"attachment-large size-large wp-image-2491\" alt=\"\" srcset=\"https:\/\/www.maculart.com\/app\/uploads\/2023\/10\/calidad-1024x851.jpg 1024w, https:\/\/www.maculart.com\/app\/uploads\/2023\/10\/calidad-300x249.jpg 300w, https:\/\/www.maculart.com\/app\/uploads\/2023\/10\/calidad-768x638.jpg 768w, https:\/\/www.maculart.com\/app\/uploads\/2023\/10\/calidad-1536x1276.jpg 1536w, https:\/\/www.maculart.com\/app\/uploads\/2023\/10\/calidad-2048x1702.jpg 2048w\" sizes=\"(max-width: 1024px) 100vw, 1024px\" \/>\t\t\t\t\t\t\t\t\t\t\t\t\t\t\t<\/div>\n\t\t\t\t<\/div>\n\t\t\t\t<\/div>\n\t\t\t\t\t<\/div>\n\t\t\t\t<\/div>\n\t\t<div class=\"elementor-element elementor-element-82f77b1 e-flex e-con-boxed e-con e-parent\" data-id=\"82f77b1\" data-element_type=\"container\" data-e-type=\"container\">\n\t\t\t\t\t<div class=\"e-con-inner\">\n\t\t<div class=\"elementor-element elementor-element-7128f52 e-con-full e-flex e-con e-child\" data-id=\"7128f52\" data-element_type=\"container\" data-e-type=\"container\">\n\t\t\t\t<div class=\"elementor-element elementor-element-41062f6 elementor-widget elementor-widget-image\" data-id=\"41062f6\" data-element_type=\"widget\" data-e-type=\"widget\" data-widget_type=\"image.default\">\n\t\t\t\t<div class=\"elementor-widget-container\">\n\t\t\t\t\t\t\t\t\t\t\t\t\t\t\t<img decoding=\"async\" width=\"813\" height=\"624\" src=\"https:\/\/www.maculart.com\/app\/uploads\/2024\/05\/implicados-1.jpg\" class=\"attachment-large size-large wp-image-3175\" alt=\"\" srcset=\"https:\/\/www.maculart.com\/app\/uploads\/2024\/05\/implicados-1.jpg 813w, https:\/\/www.maculart.com\/app\/uploads\/2024\/05\/implicados-1-300x230.jpg 300w, https:\/\/www.maculart.com\/app\/uploads\/2024\/05\/implicados-1-768x589.jpg 768w\" sizes=\"(max-width: 813px) 100vw, 813px\" \/>\t\t\t\t\t\t\t\t\t\t\t\t\t\t\t<\/div>\n\t\t\t\t<\/div>\n\t\t\t\t<\/div>\n\t\t<div class=\"elementor-element elementor-element-c1e8e1e e-con-full e-flex e-con e-child\" data-id=\"c1e8e1e\" data-element_type=\"container\" data-e-type=\"container\">\n\t\t\t\t<div class=\"elementor-element elementor-element-5a22d9b elementor-widget elementor-widget-heading\" data-id=\"5a22d9b\" data-element_type=\"widget\" data-e-type=\"widget\" data-widget_type=\"heading.default\">\n\t\t\t\t<div class=\"elementor-widget-container\">\n\t\t\t\t\t<h2 class=\"elementor-heading-title elementor-size-default\">Implicats en la millora continua<\/h2>\t\t\t\t<\/div>\n\t\t\t\t<\/div>\n\t\t\t\t<div class=\"elementor-element elementor-element-08fc332 line-height-2 elementor-widget elementor-widget-text-editor\" data-id=\"08fc332\" data-element_type=\"widget\" data-e-type=\"widget\" data-widget_type=\"text-editor.default\">\n\t\t\t\t<div class=\"elementor-widget-container\">\n\t\t\t\t\t\t\t\t\t<p>Projecte de transformaci\u00f3 digital i incorporaci\u00f3 de tecnologies de la ind\u00fastria 4.0 a GRAFICAS MACULART, S.A.<\/p><p>Amb el suport de l&#8217;Empresa i Treball de la Generalitat de Catalunya.<\/p>\t\t\t\t\t\t\t\t<\/div>\n\t\t\t\t<\/div>\n\t\t\t\t<div class=\"elementor-element elementor-element-b11f6bc elementor-widget elementor-widget-image\" data-id=\"b11f6bc\" data-element_type=\"widget\" data-e-type=\"widget\" data-widget_type=\"image.default\">\n\t\t\t\t<div class=\"elementor-widget-container\">\n\t\t\t\t\t\t\t\t\t\t\t\t\t\t\t<img loading=\"lazy\" decoding=\"async\" width=\"398\" height=\"110\" src=\"https:\/\/www.maculart.com\/app\/uploads\/2024\/05\/GC-DET-1.jpg\" class=\"attachment-large size-large wp-image-3179\" alt=\"\" srcset=\"https:\/\/www.maculart.com\/app\/uploads\/2024\/05\/GC-DET-1.jpg 398w, https:\/\/www.maculart.com\/app\/uploads\/2024\/05\/GC-DET-1-300x83.jpg 300w\" sizes=\"(max-width: 398px) 100vw, 398px\" \/>\t\t\t\t\t\t\t\t\t\t\t\t\t\t\t<\/div>\n\t\t\t\t<\/div>\n\t\t\t\t<\/div>\n\t\t\t\t\t<\/div>\n\t\t\t\t<\/div>\n\t\t\t\t<\/div>\n\t\t","protected":false},"excerpt":{"rendered":"<p>Estrat\u00e8gia d&#8217;innovaci\u00f3 i inversi\u00f3 Seguim una pol\u00edtica de servei i una estrat\u00e8gia d&#8217;innovaci\u00f3 i inversi\u00f3 que ens permeten donar resposta a les necessitats dels nostres clients, oferint solucions innovadores i&#8230;<\/p>\n","protected":false},"author":1,"featured_media":0,"parent":0,"menu_order":0,"comment_status":"closed","ping_status":"closed","template":"","meta":{"_acf_changed":false,"inline_featured_image":false,"footnotes":""},"class_list":["post-2539","page","type-page","status-publish","hentry"],"acf":[],"yoast_head":"<!-- This site is optimized with the Yoast SEO plugin v27.4 - https:\/\/yoast.com\/product\/yoast-seo-wordpress\/ -->\n<title>Millora cont\u00ednua - Maculart<\/title>\n<meta name=\"robots\" content=\"index, follow, max-snippet:-1, max-image-preview:large, max-video-preview:-1\" \/>\n<link rel=\"canonical\" href=\"https:\/\/www.maculart.com\/ca\/millora-continua\/\" \/>\n<meta property=\"og:locale\" content=\"ca_ES\" \/>\n<meta property=\"og:type\" content=\"article\" \/>\n<meta property=\"og:title\" content=\"Millora cont\u00ednua - Maculart\" \/>\n<meta property=\"og:description\" content=\"Estrat\u00e8gia d&#8217;innovaci\u00f3 i inversi\u00f3 Seguim una pol\u00edtica de servei i una estrat\u00e8gia d&#8217;innovaci\u00f3 i inversi\u00f3 que ens permeten donar resposta a les necessitats dels nostres clients, oferint solucions innovadores i...\" \/>\n<meta property=\"og:url\" content=\"https:\/\/www.maculart.com\/ca\/millora-continua\/\" \/>\n<meta property=\"og:site_name\" content=\"Maculart\" \/>\n<meta property=\"article:modified_time\" content=\"2024-05-21T08:16:17+00:00\" \/>\n<meta property=\"og:image\" content=\"https:\/\/www.maculart.com\/app\/uploads\/2023\/09\/mejoracontinuada.jpg\" \/>\n<meta name=\"twitter:card\" content=\"summary_large_image\" \/>\n<meta name=\"twitter:label1\" content=\"Temps estimat de lectura\" \/>\n\t<meta name=\"twitter:data1\" content=\"2 minuts\" \/>\n<script type=\"application\/ld+json\" class=\"yoast-schema-graph\">{\"@context\":\"https:\\\/\\\/schema.org\",\"@graph\":[{\"@type\":\"WebPage\",\"@id\":\"https:\\\/\\\/www.maculart.com\\\/ca\\\/millora-continua\\\/\",\"url\":\"https:\\\/\\\/www.maculart.com\\\/ca\\\/millora-continua\\\/\",\"name\":\"Millora cont\u00ednua - Maculart\",\"isPartOf\":{\"@id\":\"https:\\\/\\\/www.maculart.com\\\/ca\\\/#website\"},\"primaryImageOfPage\":{\"@id\":\"https:\\\/\\\/www.maculart.com\\\/ca\\\/millora-continua\\\/#primaryimage\"},\"image\":{\"@id\":\"https:\\\/\\\/www.maculart.com\\\/ca\\\/millora-continua\\\/#primaryimage\"},\"thumbnailUrl\":\"https:\\\/\\\/www.maculart.com\\\/app\\\/uploads\\\/2023\\\/09\\\/mejoracontinuada.jpg\",\"datePublished\":\"2023-07-12T12:36:56+00:00\",\"dateModified\":\"2024-05-21T08:16:17+00:00\",\"inLanguage\":\"ca\",\"potentialAction\":[{\"@type\":\"ReadAction\",\"target\":[\"https:\\\/\\\/www.maculart.com\\\/ca\\\/millora-continua\\\/\"]}]},{\"@type\":\"ImageObject\",\"inLanguage\":\"ca\",\"@id\":\"https:\\\/\\\/www.maculart.com\\\/ca\\\/millora-continua\\\/#primaryimage\",\"url\":\"https:\\\/\\\/www.maculart.com\\\/app\\\/uploads\\\/2023\\\/09\\\/mejoracontinuada.jpg\",\"contentUrl\":\"https:\\\/\\\/www.maculart.com\\\/app\\\/uploads\\\/2023\\\/09\\\/mejoracontinuada.jpg\"},{\"@type\":\"WebSite\",\"@id\":\"https:\\\/\\\/www.maculart.com\\\/ca\\\/#website\",\"url\":\"https:\\\/\\\/www.maculart.com\\\/ca\\\/\",\"name\":\"Maculart\",\"description\":\"\",\"potentialAction\":[{\"@type\":\"SearchAction\",\"target\":{\"@type\":\"EntryPoint\",\"urlTemplate\":\"https:\\\/\\\/www.maculart.com\\\/ca\\\/?s={search_term_string}\"},\"query-input\":{\"@type\":\"PropertyValueSpecification\",\"valueRequired\":true,\"valueName\":\"search_term_string\"}}],\"inLanguage\":\"ca\"}]}<\/script>\n<!-- \/ Yoast SEO plugin. -->","yoast_head_json":{"title":"Millora cont\u00ednua - Maculart","robots":{"index":"index","follow":"follow","max-snippet":"max-snippet:-1","max-image-preview":"max-image-preview:large","max-video-preview":"max-video-preview:-1"},"canonical":"https:\/\/www.maculart.com\/ca\/millora-continua\/","og_locale":"ca_ES","og_type":"article","og_title":"Millora cont\u00ednua - Maculart","og_description":"Estrat\u00e8gia d&#8217;innovaci\u00f3 i inversi\u00f3 Seguim una pol\u00edtica de servei i una estrat\u00e8gia d&#8217;innovaci\u00f3 i inversi\u00f3 que ens permeten donar resposta a les necessitats dels nostres clients, oferint solucions innovadores i...","og_url":"https:\/\/www.maculart.com\/ca\/millora-continua\/","og_site_name":"Maculart","article_modified_time":"2024-05-21T08:16:17+00:00","og_image":[{"url":"https:\/\/www.maculart.com\/app\/uploads\/2023\/09\/mejoracontinuada.jpg","type":"","width":"","height":""}],"twitter_card":"summary_large_image","twitter_misc":{"Temps estimat de lectura":"2 minuts"},"schema":{"@context":"https:\/\/schema.org","@graph":[{"@type":"WebPage","@id":"https:\/\/www.maculart.com\/ca\/millora-continua\/","url":"https:\/\/www.maculart.com\/ca\/millora-continua\/","name":"Millora cont\u00ednua - Maculart","isPartOf":{"@id":"https:\/\/www.maculart.com\/ca\/#website"},"primaryImageOfPage":{"@id":"https:\/\/www.maculart.com\/ca\/millora-continua\/#primaryimage"},"image":{"@id":"https:\/\/www.maculart.com\/ca\/millora-continua\/#primaryimage"},"thumbnailUrl":"https:\/\/www.maculart.com\/app\/uploads\/2023\/09\/mejoracontinuada.jpg","datePublished":"2023-07-12T12:36:56+00:00","dateModified":"2024-05-21T08:16:17+00:00","inLanguage":"ca","potentialAction":[{"@type":"ReadAction","target":["https:\/\/www.maculart.com\/ca\/millora-continua\/"]}]},{"@type":"ImageObject","inLanguage":"ca","@id":"https:\/\/www.maculart.com\/ca\/millora-continua\/#primaryimage","url":"https:\/\/www.maculart.com\/app\/uploads\/2023\/09\/mejoracontinuada.jpg","contentUrl":"https:\/\/www.maculart.com\/app\/uploads\/2023\/09\/mejoracontinuada.jpg"},{"@type":"WebSite","@id":"https:\/\/www.maculart.com\/ca\/#website","url":"https:\/\/www.maculart.com\/ca\/","name":"Maculart","description":"","potentialAction":[{"@type":"SearchAction","target":{"@type":"EntryPoint","urlTemplate":"https:\/\/www.maculart.com\/ca\/?s={search_term_string}"},"query-input":{"@type":"PropertyValueSpecification","valueRequired":true,"valueName":"search_term_string"}}],"inLanguage":"ca"}]}},"_links":{"self":[{"href":"https:\/\/www.maculart.com\/ca\/wp-json\/wp\/v2\/pages\/2539","targetHints":{"allow":["GET"]}}],"collection":[{"href":"https:\/\/www.maculart.com\/ca\/wp-json\/wp\/v2\/pages"}],"about":[{"href":"https:\/\/www.maculart.com\/ca\/wp-json\/wp\/v2\/types\/page"}],"author":[{"embeddable":true,"href":"https:\/\/www.maculart.com\/ca\/wp-json\/wp\/v2\/users\/1"}],"replies":[{"embeddable":true,"href":"https:\/\/www.maculart.com\/ca\/wp-json\/wp\/v2\/comments?post=2539"}],"version-history":[{"count":7,"href":"https:\/\/www.maculart.com\/ca\/wp-json\/wp\/v2\/pages\/2539\/revisions"}],"predecessor-version":[{"id":3184,"href":"https:\/\/www.maculart.com\/ca\/wp-json\/wp\/v2\/pages\/2539\/revisions\/3184"}],"wp:attachment":[{"href":"https:\/\/www.maculart.com\/ca\/wp-json\/wp\/v2\/media?parent=2539"}],"curies":[{"name":"wp","href":"https:\/\/api.w.org\/{rel}","templated":true}]}}