{"id":2549,"date":"2023-07-11T11:16:25","date_gmt":"2023-07-11T09:16:25","guid":{"rendered":"https:\/\/www.maculart.com\/?page_id=2549"},"modified":"2024-02-13T16:10:58","modified_gmt":"2024-02-13T15:10:58","slug":"politica-de-privacitat","status":"publish","type":"page","link":"https:\/\/www.maculart.com\/ca\/politica-de-privacitat\/","title":{"rendered":"Pol\u00edtica de privacitat"},"content":{"rendered":"\t\t<div data-elementor-type=\"wp-page\" data-elementor-id=\"2549\" class=\"elementor elementor-2549 elementor-3\">\n\t\t\t\t<div class=\"elementor-element elementor-element-41a9b853 e-flex e-con-boxed e-con e-parent\" data-id=\"41a9b853\" data-element_type=\"container\" data-e-type=\"container\">\n\t\t\t\t\t<div class=\"e-con-inner\">\n\t\t\t\t<div class=\"elementor-element elementor-element-80dd939 elementor-widget elementor-widget-text-editor\" data-id=\"80dd939\" data-element_type=\"widget\" data-e-type=\"widget\" data-widget_type=\"text-editor.default\">\n\t\t\t\t<div class=\"elementor-widget-container\">\n\t\t\t\t\t\t\t\t\t<p>La confidencialitat i la seguretat s\u00f3n valors primordials de Gr\u00e1ficas Maculart, S.A. \u00a0(MACULART) i, en conseq\u00fc\u00e8ncia, assumim el comprom\u00eds de garantir la privacitat de les dades personals dels nostres clients en tot moment i de no recaptar informaci\u00f3 innecess\u00e0ria.<\/p>\n<p>A continuaci\u00f3, li proporcionem tota la informaci\u00f3 necess\u00e0ria sobre la nostra Pol\u00edtica de Privacitat en relaci\u00f3 amb les dades personals que recaptem, explicant-:<\/p>\n<ul>\n<li>Qui \u00e9s el responsable del tractament de les seves dades.<\/li>\n<li>Per quines finalitats demanem les dades que li demanem.<\/li>\n<li>Quina \u00e9s la legitimaci\u00f3 per al seu tractament.<\/li>\n<li>Durant quant de temps els conservem.<\/li>\n<li>A qu\u00e8 destinataris es comuniquen les seves dades.<\/li>\n<li>Quins s\u00f3n els seus drets.<\/li>\n<\/ul>\n<h3>\u00a0<\/h3>\n<h3><strong>Qui \u00e9s el responsable del tractament de les dades personals?<\/strong><\/h3>\n<p><strong>Ra\u00f3 social: <\/strong>Gr\u00e1ficas Maculart, S.A. \u00a0(MACULART)<\/p>\n<p><strong>NIF:<\/strong>\u00a0A 08786014<\/p>\n<p><strong>ADRE\u00c7A: <\/strong>\u00a0c\/ De l\u00b4Or, 22 Pol. Ind. La Clota 08290 Cerdanyola del Vall\u00e8s<\/p>\n<p><strong>Contacte:<\/strong>\u00a0<a href=\"mailto:info@maculart.com\">info@maculart.com<\/a><\/p>\n<h3>\u00a0<\/h3>\n<h3><strong>Qui s\u00f3n els col\u00b7lectius d&#8217;interessats?<\/strong><\/h3>\n<p>Les dades de car\u00e0cter personal tractades s\u00f3n aquelles de:<\/p>\n<ul>\n<li>Persones de que ens han proporcionat les seves dades en els diferents formularis de la web per fer consultes o obtenir informaci\u00f3 sobre els nostres serveis i activitats.<\/li>\n<li>Persones que es volen enviar les seves candidatures a processos de selecci\u00f3 de personal.<\/li>\n<\/ul>\n<h3>\u00a0<\/h3>\n<h3><strong>Amb quina finalitats i legitimitzaci\u00f3 utilitzem les dades personals?<\/strong><\/h3>\n<p>A MACULART tractem les dades personals per respondre a les demandes d\u2019informaci\u00f3 o respondre a les teves sol\u00b7licituds.<\/p>\n<p>Aquestes dades de car\u00e0cter personal seran tractades per a les finalitats leg\u00edtimes que s&#8217;indiquen a continuaci\u00f3.<\/p>\n<ul>\n<li><strong>Resposta a sol\u00b7licituds d\u2019informaci\u00f3 o de contacte<\/strong><\/li>\n<\/ul>\n<p>A MACULART utilitzarem les dades de contacte proporcionades per respondre a les seves sol\u00b7licituds i consultes respecte els nostres productes i serveis, ja siguin realitzades mitjan\u00e7ant el formulari disponible a la web o dirigides a les adreces de correu electr\u00f2nic de contacte que hi ha publicades.<\/p>\n<p><strong>Legitimitzaci\u00f3:<\/strong><\/p>\n<ul>\n<li>Inter\u00e8s leg\u00edtim de MACULART per a aquest tractament de dades tenint en compte les expectatives raonables dels interessats a rebre una resposta a les seves peticions<strong>.<\/strong><\/li>\n<li>Consentiment donat lliurement per l&#8217;interessat qui envia les seves dades mitjan\u00e7ant el formulari proporcionat espec\u00edficament per a aquest prop\u00f2sit.<\/li>\n<\/ul>\n<p>\u00a0<\/p>\n<ul>\n<li><strong>Enviament de candidatures a processos de selecci\u00f3 oberts \u00a0<\/strong><strong>\/* SI FORMULARI DE TREBALLA AMB NOSALTRES O ADRE\u00c7A DE CORREU PER CANDIDATURES*\/<\/strong><\/li>\n<\/ul>\n<p>Es tractaran les dades personals de les persones que volen presentar la seva candidatura als processos de selecci\u00f3 oberts per MACULART amb la finalitat de validar les candidatures a les posicions a les que apliquen.<\/p>\n<p><strong>Legitimitzaci\u00f3:<\/strong><\/p>\n<ul>\n<li>Inter\u00e8s leg\u00edtim de MACULART per gestionar les candidatures als processos de selecci\u00f3 oberts i tenint en compte les expectatives raonables dels interessats a participar en aquests processos<strong>.<\/strong><\/li>\n<li>Tractament necessari per a l&#8217;execuci\u00f3 d&#8217;un contracte en el qual l&#8217;interessat \u00e9s part o per a l&#8217;aplicaci\u00f3 a petici\u00f3 d&#8217;aquest de mesures precontractuals.<\/li>\n<li>Consentiment expressat pels interessats al proporcionar les seves dades mitjan\u00e7ant el formulari espec\u00edfic per a aquesta finalitat o enviades a l\u2019adre\u00e7a de correu indicada.<\/li>\n<\/ul>\n<p>\u00a0<\/p>\n<p>A m\u00e9s de l&#8217;anterior, MACULART podr\u00e0 dur a terme altres tractaments de les dades personals. En aquest cas l&#8217;interessat rebr\u00e0 la informaci\u00f3 necess\u00e0ria en relaci\u00f3 a aquests tractaments i MACULART sol\u00b7licitar\u00e0 el seu consentiment si aix\u00ed resulta necessari.<a name=\"_Toc517350122\"><\/a><\/p>\n<p>\u00a0<\/p>\n<h3><strong><b>Durant quant de temps conservar\u00e0 MACULART les dades?<\/b><\/strong><\/h3>\n<p>En general, les dades es conservaran durant el temps que sigui necessari per complir amb la finalitat per a la qual es van demanar i per a determinar les possibles responsabilitats que es puguin derivar d&#8217;aquesta finalitat i del tractament de les dades.<\/p>\n<p>Entre d&#8217;altres, implica que MACULART conservar\u00e0 les dades personals dels interessats pel temps que duri la vinculaci\u00f3 amb nosaltres i, si s\u2019escau, \u00a0durant el per\u00edode que resulti necessari per a la formulaci\u00f3, l&#8217;exercici o la defensa de potencials reclamacions, o per complir amb les obligacions legals que determini la legislaci\u00f3 aplicable.<\/p>\n<p>\/* SI RECEPCI\u00d3 DE CANDIDATURES *\/ En el cas de les dades dels candidats que ens envien les seves candidatures a processos de selecci\u00f3, les seves dades es mantindran un m\u00e0xim de 1 any si no han estat admesos en cap proc\u00e9s de selecci\u00f3 durant aquest per\u00edode o l\u2019interessat no hagi donat el seu consentiment per a la seva conservaci\u00f3 per un per\u00edode m\u00e9s prolongat.<\/p>\n<p>Un cop finalitzat l&#8217;esmentat termini, MACULART es compromet a cessar el tractament de totes les dades personals, destruir-les, bloquejar-les o anonimitzar-les en la mesura que sigui possible per a la finalitat per a la qual es conservessin.<\/p>\n<p>\u00a0<\/p>\n<h3><a name=\"_Toc517350123\"><\/a><strong><b>A qui es comunicaran les dades?<\/b><\/strong><\/h3>\n<p>Les dades personals no es cediran a tercers, llevat que sigui necessari per donar resposta a la sol\u00b7licitud, estiguem obligas per una llei o l\u2019interessat ens hagis donat el seu consentiment.<\/p>\n<p>Tamb\u00e9 pot ser que comuniquem les dades a empreses que ens presten serveis relacionats amb l&#8217;activitat ordin\u00e0ria i administrativa de l&#8217;empresa en qualitat d&#8217;encarregats de tractament, nacionals o internacionals, en el marc de la prestaci\u00f3 de serveis com ara, entre d&#8217;altres, prove\u00efdors de serveis de correu electr\u00f2nic, allotjament de serveis web, allotjament de servidors, serveis d&#8217;aplicacions de gesti\u00f3 en modalitat SaaS, arxiu de fitxers en el n\u00favol i altres.<\/p>\n<p>La prestaci\u00f3 d&#8217;aquests serveis pot implicar el tractament de les dades personals per part d&#8217;empreses ubicades en pa\u00efsos fora de l&#8217;Espai Econ\u00f2mic Europeu (transfer\u00e8ncies internacionals de dades). Tanmateix, nom\u00e9s es realitza amb pa\u00efsos que ofereixen un nivell adequat de protecci\u00f3 o, en el cas d&#8217;entitats en els EUA, que estiguin acreditades en el marc de l&#8217;Escut de Privacitat UE-EUA. Decisi\u00f3 (UE) 2016\/1250 de la Comissi\u00f3, de 12 de juliol del 2016\u00a0i que hagin posat a la nostra disposici\u00f3 Cl\u00e0usules Contractuals Tipus (Standard Contractual Clauses \u2013 SCC) d&#8217;acord amb la decisi\u00f3 de la Comissi\u00f3 Europea per a transfer\u00e8ncies de dades des de responsables a la UE a encarregats establerts fora de la UE.<\/p>\n<p>\u00a0<\/p>\n<h3><a name=\"_Toc517350124\"><\/a><strong><b>Quins s\u00f3n els drets dels interessats quan ens faciliten les teves dades?<\/b><\/strong><\/h3>\n<p>En qualsevol moment l\u2019interessat pot exercir els seus drets d&#8217;acc\u00e9s, rectificaci\u00f3, supressi\u00f3 i portabilitat de les dades personals tractades per MACULART, aix\u00ed com els d&#8217;oposici\u00f3 i limitaci\u00f3 del seu tractament.<\/p>\n<p>Aquests drets podran ser exercits gratu\u00eftament per l&#8217;interessat, i si escau per qui el representi, mitjan\u00e7ant sol\u00b7licitud escrita i signada, acompanyada de c\u00f2pia del seu DNI o document equivalent que acrediti la seva identitat, adre\u00e7ada a<\/p>\n<ul>\n<li>Per correu electr\u00f2nic: <a href=\"mailto:info@maculart.com\">info@maculart.com<\/a><\/li>\n<li>Per correu postal: c\/ De l\u00b4Or, 22 Pol. Ind. La Clota 08290 Cerdanyola del Vall\u00e8s<\/li>\n<\/ul>\n<p>En el cas de representaci\u00f3, s\u2019haur\u00e0 de provar mitjan\u00e7ant document escrit i adjuntant c\u00f2pia del DNI o document equivalent que acrediti la seva representaci\u00f3.<\/p>\n<p>A m\u00e9s dels anteriors drets, l&#8217;interessat tindr\u00e0 dret a <strong>retirar el consentiment atorgat<\/strong>\u00a0en qualsevol moment mitjan\u00e7ant el procediment abans descrit, sense que aquesta retirada de consentiment afecti la licitud del tractament anterior a la retirada d&#8217;aquest. MACULART podr\u00e0 continuar tractant les dades personals de l&#8217;interessat en la mesura que la llei aplicable ho permeti o persisteixi qualsevol altra legitimitzaci\u00f3 que ho justifiqui.<\/p>\n<p>MACULART recorda a l&#8217;interessat que t\u00e9 dret a presentar una reclamaci\u00f3 davant l&#8217;autoritat de control pertinent (Ag\u00e8ncia Espanyola de Protecci\u00f3 de Dades).<\/p>\n<p>\u00a0<\/p>\n<h3><a name=\"_Toc517350126\"><\/a><strong><b>Actualitzaci\u00f3 de les seves dades<\/b><\/strong><\/h3>\n<p>\u00c9s important que per tal de que puguem mantenir les seves dades personals actualitzades, ens informi sempre que hagi hagut alguna modificaci\u00f3 en elles. En cas contrari, no responem de la veracitat de les mateixes i les implicacions que pugui tenir en el seu tractament.<\/p>\n<p>\u00a0<\/p>\n<h3><strong><b>Seguretat en el tractament i cust\u00f2dia de dades<\/b><\/strong><\/h3>\n<p><strong>MACULART<\/strong>\u00a0declara que ha aplicat les mesures t\u00e8cniques i organitzatives apropiades per tal de garantir i poder demostrar que el tractament \u00e9s conforme amb la legislaci\u00f3 vigent i que es garanteix la protecci\u00f3 dels drets dels interessats.<\/p>\n<p>Per a aix\u00f2 ha implantat un Sistema de Gesti\u00f3 de la Protecci\u00f3 de Dades Personals per tal de determinar y aplicar els mitjans t\u00e8cnics i organitzatius al seu abast per evitar la p\u00e8rdua, mal \u00fas, alteraci\u00f3, acc\u00e9s no autoritzat i robatori de les dades facilitades pels usuaris, sense perjudici d&#8217;informar que les mesures de seguretat a Internet no s\u00f3n inexpugnables.<\/p>\n<h2>\u00a0<\/h2>\n<h3><strong>\u00das de cookies (galetes)<\/strong><\/h3>\n<p>Aquest lloc web, igual que la majoria dels llocs web a Internet, fa servir cookies per millorar l&#8217;experi\u00e8ncia de l&#8217;usuari. A la nostra <strong><u>Pol\u00edtica de Cookies<\/u><\/strong>\u00a0trobareu informaci\u00f3 sobre qu\u00e8 s\u00f3n les cookies, quin tipus de cookies utilitza aquest portal, com pot desactivar les cookies en el seu navegador i com desactivar espec\u00edficament la instal\u00b7laci\u00f3 de cookies de tercers.<\/p>\n<p>Preguem llegeixi atentament la nostra <strong><u>Pol\u00edtica de Cookies<\/u><\/strong>\u00a0abans de continuar navegant al nostre lloc web.<\/p>\n<p>\u00a0<\/p>\n<h3><strong>Modificaci\u00f3 de la Pol\u00edtica de Privacitat<\/strong><\/h3>\n<p>MACULART pot modificar la seva Pol\u00edtica de Privacitat d&#8217;acord amb la legislaci\u00f3 aplicable en cada moment. En tot cas, qualsevol modificaci\u00f3 de la Pol\u00edtica de Privacitat li ser\u00e0 degudament notificada perqu\u00e8 quedi informat dels canvis realitzats en el tractament de les seves dades personals i, en cas que la normativa aplicable aix\u00ed ho exigeixi, l&#8217;interessat pugui confirmar el seu consentiment.<\/p>\t\t\t\t\t\t\t\t<\/div>\n\t\t\t\t<\/div>\n\t\t\t\t\t<\/div>\n\t\t\t\t<\/div>\n\t\t\t\t<\/div>\n\t\t","protected":false},"excerpt":{"rendered":"<p>La confidencialitat i la seguretat s\u00f3n valors primordials de Gr\u00e1ficas Maculart, S.A. \u00a0(MACULART) i, en conseq\u00fc\u00e8ncia, assumim el comprom\u00eds de garantir la privacitat de les dades personals dels nostres clients&#8230;<\/p>\n","protected":false},"author":1,"featured_media":0,"parent":0,"menu_order":0,"comment_status":"closed","ping_status":"closed","template":"","meta":{"_acf_changed":false,"inline_featured_image":false,"footnotes":""},"class_list":["post-2549","page","type-page","status-publish","hentry"],"acf":[],"yoast_head":"<!-- This site is optimized with the Yoast SEO plugin v27.4 - https:\/\/yoast.com\/product\/yoast-seo-wordpress\/ -->\n<title>Pol\u00edtica de privacitat - Maculart<\/title>\n<meta name=\"robots\" content=\"index, follow, max-snippet:-1, max-image-preview:large, max-video-preview:-1\" \/>\n<link rel=\"canonical\" href=\"https:\/\/www.maculart.com\/ca\/politica-de-privacitat\/\" \/>\n<meta property=\"og:locale\" content=\"ca_ES\" \/>\n<meta property=\"og:type\" content=\"article\" \/>\n<meta property=\"og:title\" content=\"Pol\u00edtica de privacitat - Maculart\" \/>\n<meta property=\"og:description\" content=\"La confidencialitat i la seguretat s\u00f3n valors primordials de Gr\u00e1ficas Maculart, S.A. \u00a0(MACULART) i, en conseq\u00fc\u00e8ncia, assumim el comprom\u00eds de garantir la privacitat de les dades personals dels nostres clients...\" \/>\n<meta property=\"og:url\" content=\"https:\/\/www.maculart.com\/ca\/politica-de-privacitat\/\" \/>\n<meta property=\"og:site_name\" content=\"Maculart\" \/>\n<meta property=\"article:modified_time\" content=\"2024-02-13T15:10:58+00:00\" \/>\n<meta name=\"twitter:card\" content=\"summary_large_image\" \/>\n<meta name=\"twitter:label1\" content=\"Temps estimat de lectura\" \/>\n\t<meta name=\"twitter:data1\" content=\"8 minuts\" \/>\n<script type=\"application\/ld+json\" class=\"yoast-schema-graph\">{\"@context\":\"https:\\\/\\\/schema.org\",\"@graph\":[{\"@type\":\"WebPage\",\"@id\":\"https:\\\/\\\/www.maculart.com\\\/ca\\\/politica-de-privacitat\\\/\",\"url\":\"https:\\\/\\\/www.maculart.com\\\/ca\\\/politica-de-privacitat\\\/\",\"name\":\"Pol\u00edtica de privacitat - Maculart\",\"isPartOf\":{\"@id\":\"https:\\\/\\\/www.maculart.com\\\/ca\\\/#website\"},\"datePublished\":\"2023-07-11T09:16:25+00:00\",\"dateModified\":\"2024-02-13T15:10:58+00:00\",\"inLanguage\":\"ca\",\"potentialAction\":[{\"@type\":\"ReadAction\",\"target\":[\"https:\\\/\\\/www.maculart.com\\\/ca\\\/politica-de-privacitat\\\/\"]}]},{\"@type\":\"WebSite\",\"@id\":\"https:\\\/\\\/www.maculart.com\\\/ca\\\/#website\",\"url\":\"https:\\\/\\\/www.maculart.com\\\/ca\\\/\",\"name\":\"Maculart\",\"description\":\"\",\"potentialAction\":[{\"@type\":\"SearchAction\",\"target\":{\"@type\":\"EntryPoint\",\"urlTemplate\":\"https:\\\/\\\/www.maculart.com\\\/ca\\\/?s={search_term_string}\"},\"query-input\":{\"@type\":\"PropertyValueSpecification\",\"valueRequired\":true,\"valueName\":\"search_term_string\"}}],\"inLanguage\":\"ca\"}]}<\/script>\n<!-- \/ Yoast SEO plugin. -->","yoast_head_json":{"title":"Pol\u00edtica de privacitat - Maculart","robots":{"index":"index","follow":"follow","max-snippet":"max-snippet:-1","max-image-preview":"max-image-preview:large","max-video-preview":"max-video-preview:-1"},"canonical":"https:\/\/www.maculart.com\/ca\/politica-de-privacitat\/","og_locale":"ca_ES","og_type":"article","og_title":"Pol\u00edtica de privacitat - Maculart","og_description":"La confidencialitat i la seguretat s\u00f3n valors primordials de Gr\u00e1ficas Maculart, S.A. \u00a0(MACULART) i, en conseq\u00fc\u00e8ncia, assumim el comprom\u00eds de garantir la privacitat de les dades personals dels nostres clients...","og_url":"https:\/\/www.maculart.com\/ca\/politica-de-privacitat\/","og_site_name":"Maculart","article_modified_time":"2024-02-13T15:10:58+00:00","twitter_card":"summary_large_image","twitter_misc":{"Temps estimat de lectura":"8 minuts"},"schema":{"@context":"https:\/\/schema.org","@graph":[{"@type":"WebPage","@id":"https:\/\/www.maculart.com\/ca\/politica-de-privacitat\/","url":"https:\/\/www.maculart.com\/ca\/politica-de-privacitat\/","name":"Pol\u00edtica de privacitat - Maculart","isPartOf":{"@id":"https:\/\/www.maculart.com\/ca\/#website"},"datePublished":"2023-07-11T09:16:25+00:00","dateModified":"2024-02-13T15:10:58+00:00","inLanguage":"ca","potentialAction":[{"@type":"ReadAction","target":["https:\/\/www.maculart.com\/ca\/politica-de-privacitat\/"]}]},{"@type":"WebSite","@id":"https:\/\/www.maculart.com\/ca\/#website","url":"https:\/\/www.maculart.com\/ca\/","name":"Maculart","description":"","potentialAction":[{"@type":"SearchAction","target":{"@type":"EntryPoint","urlTemplate":"https:\/\/www.maculart.com\/ca\/?s={search_term_string}"},"query-input":{"@type":"PropertyValueSpecification","valueRequired":true,"valueName":"search_term_string"}}],"inLanguage":"ca"}]}},"_links":{"self":[{"href":"https:\/\/www.maculart.com\/ca\/wp-json\/wp\/v2\/pages\/2549","targetHints":{"allow":["GET"]}}],"collection":[{"href":"https:\/\/www.maculart.com\/ca\/wp-json\/wp\/v2\/pages"}],"about":[{"href":"https:\/\/www.maculart.com\/ca\/wp-json\/wp\/v2\/types\/page"}],"author":[{"embeddable":true,"href":"https:\/\/www.maculart.com\/ca\/wp-json\/wp\/v2\/users\/1"}],"replies":[{"embeddable":true,"href":"https:\/\/www.maculart.com\/ca\/wp-json\/wp\/v2\/comments?post=2549"}],"version-history":[{"count":5,"href":"https:\/\/www.maculart.com\/ca\/wp-json\/wp\/v2\/pages\/2549\/revisions"}],"predecessor-version":[{"id":3110,"href":"https:\/\/www.maculart.com\/ca\/wp-json\/wp\/v2\/pages\/2549\/revisions\/3110"}],"wp:attachment":[{"href":"https:\/\/www.maculart.com\/ca\/wp-json\/wp\/v2\/media?parent=2549"}],"curies":[{"name":"wp","href":"https:\/\/api.w.org\/{rel}","templated":true}]}}