{"id":2551,"date":"2023-07-12T13:09:19","date_gmt":"2023-07-12T11:09:19","guid":{"rendered":"https:\/\/www.maculart.com\/prospectes-farmaceutics\/"},"modified":"2023-10-10T14:37:10","modified_gmt":"2023-10-10T12:37:10","slug":"prospectes-farmaceutics","status":"publish","type":"page","link":"https:\/\/www.maculart.com\/ca\/prospectes-farmaceutics\/","title":{"rendered":"Prospectes farmac\u00e8utics"},"content":{"rendered":"\t\t<div data-elementor-type=\"wp-page\" data-elementor-id=\"2551\" class=\"elementor elementor-2551 elementor-256\">\n\t\t\t\t<div class=\"elementor-element elementor-element-96087e7 e-flex e-con-boxed e-con e-parent\" data-id=\"96087e7\" data-element_type=\"container\" data-e-type=\"container\">\n\t\t\t\t\t<div class=\"e-con-inner\">\n\t\t<div class=\"elementor-element elementor-element-ab28b66 e-con-full e-flex e-con e-parent\" data-id=\"ab28b66\" data-element_type=\"container\" data-e-type=\"container\">\n\t\t\t\t<div class=\"elementor-element elementor-element-834c7af elementor-widget elementor-widget-heading\" data-id=\"834c7af\" data-element_type=\"widget\" data-e-type=\"widget\" data-widget_type=\"heading.default\">\n\t\t\t\t<div class=\"elementor-widget-container\">\n\t\t\t\t\t<h2 class=\"elementor-heading-title elementor-size-default\">Prospectes farmac\u00e8utics<\/h2>\t\t\t\t<\/div>\n\t\t\t\t<\/div>\n\t\t\t\t<div class=\"elementor-element elementor-element-6acc892 line-height-2 elementor-widget elementor-widget-text-editor\" data-id=\"6acc892\" data-element_type=\"widget\" data-e-type=\"widget\" data-widget_type=\"text-editor.default\">\n\t\t\t\t<div class=\"elementor-widget-container\">\n\t\t\t\t\t\t\t\t\t<p>El prospecte del medicament \u00e9s la pe\u00e7a clau per informar l\u2019usuari sobre les instruccions d\u2019\u00fas, indicacions, possibles efectes adversos, contraindicacions i altres aspectes rellevants del medicament. Aix\u00ed ho reconeix l&#8217;AEMPS, dependent del Ministeri de Sanitat, Pol\u00edtica Social i Igualtat, que s&#8217;encarrega d&#8217;aprovar la informaci\u00f3 continguda als prospectes.<\/p>\n\t\t\t\t\t\t\t\t<\/div>\n\t\t\t\t<\/div>\n\t\t\t\t<\/div>\n\t\t<div class=\"elementor-element elementor-element-9dcd34e e-con-full e-flex e-con e-parent\" data-id=\"9dcd34e\" data-element_type=\"container\" data-e-type=\"container\">\n\t\t\t\t<div class=\"elementor-element elementor-element-8679d2b elementor-widget elementor-widget-image\" data-id=\"8679d2b\" data-element_type=\"widget\" data-e-type=\"widget\" data-widget_type=\"image.default\">\n\t\t\t\t<div class=\"elementor-widget-container\">\n\t\t\t\t\t\t\t\t\t\t\t\t\t\t\t<img fetchpriority=\"high\" decoding=\"async\" width=\"712\" height=\"600\" src=\"https:\/\/www.maculart.com\/app\/uploads\/2023\/07\/Rectangle-4-1.png\" class=\"attachment-large size-large wp-image-2299\" alt=\"\" srcset=\"https:\/\/www.maculart.com\/app\/uploads\/2023\/07\/Rectangle-4-1.png 712w, https:\/\/www.maculart.com\/app\/uploads\/2023\/07\/Rectangle-4-1-300x253.png 300w\" sizes=\"(max-width: 712px) 100vw, 712px\" \/>\t\t\t\t\t\t\t\t\t\t\t\t\t\t\t<\/div>\n\t\t\t\t<\/div>\n\t\t\t\t<\/div>\n\t\t\t\t\t<\/div>\n\t\t\t\t<\/div>\n\t\t<div class=\"elementor-element elementor-element-c9fbb8a e-flex e-con-boxed e-con e-parent\" data-id=\"c9fbb8a\" data-element_type=\"container\" data-e-type=\"container\">\n\t\t\t\t\t<div class=\"e-con-inner\">\n\t\t<div class=\"elementor-element elementor-element-7003bde e-con-full e-flex e-con e-parent\" data-id=\"7003bde\" data-element_type=\"container\" data-e-type=\"container\">\n\t\t\t\t<div class=\"elementor-element elementor-element-877f0cf elementor-widget elementor-widget-image\" data-id=\"877f0cf\" data-element_type=\"widget\" data-e-type=\"widget\" data-widget_type=\"image.default\">\n\t\t\t\t<div class=\"elementor-widget-container\">\n\t\t\t\t\t\t\t\t\t\t\t\t\t\t\t<img decoding=\"async\" width=\"900\" height=\"600\" src=\"https:\/\/www.maculart.com\/app\/uploads\/2023\/09\/prospectosfarmaceuticos.jpg\" class=\"attachment-large size-large wp-image-2404\" alt=\"\" srcset=\"https:\/\/www.maculart.com\/app\/uploads\/2023\/09\/prospectosfarmaceuticos.jpg 900w, https:\/\/www.maculart.com\/app\/uploads\/2023\/09\/prospectosfarmaceuticos-300x200.jpg 300w, https:\/\/www.maculart.com\/app\/uploads\/2023\/09\/prospectosfarmaceuticos-768x512.jpg 768w\" sizes=\"(max-width: 900px) 100vw, 900px\" \/>\t\t\t\t\t\t\t\t\t\t\t\t\t\t\t<\/div>\n\t\t\t\t<\/div>\n\t\t\t\t<\/div>\n\t\t<div class=\"elementor-element elementor-element-25a6560 e-con-full e-flex e-con e-parent\" data-id=\"25a6560\" data-element_type=\"container\" data-e-type=\"container\">\n\t\t\t\t<div class=\"elementor-element elementor-element-b720818 line-height-2 number-list elementor-widget elementor-widget-text-editor\" data-id=\"b720818\" data-element_type=\"widget\" data-e-type=\"widget\" data-widget_type=\"text-editor.default\">\n\t\t\t\t<div class=\"elementor-widget-container\">\n\t\t\t\t\t\t\t\t\t<p>A Grup Maculart som especialistes en impressi\u00f3 de prospectes farmac\u00e8utics, amb una producci\u00f3 anual de 100 milions d&#8217;unitats. Per nosaltres, el prospecte cont\u00e9 molta m\u00e9s informaci\u00f3 de la que porta impresa; tamb\u00e9 comunica la nostra \u00e0mplia experi\u00e8ncia de m\u00e9s de mig segle en impressi\u00f3 i la cuidada atenci\u00f3 als detalls que ens caracteritza, a trav\u00e9s de resultats de m\u00e0xima precisi\u00f3 per satisfer les necessitats dels nostres clients i de l&#8217;usuari final.<\/p>\n<p>Per dur a terme aquesta activitat, disposem de les m\u00e0quines m\u00e9s eficients, en volum i qualitat d&#8217;impressi\u00f3, entre les quals destaquem:<\/p>\n<ol>\n<li>Impressi\u00f3 en bobina: Rotatek RK 250 Plus, entrega <br \/>en pla.<\/li>\n<li>\u2022 Impressi\u00f3 en full: Heidelberg FI-36 i <br \/>Heidelberg TI-52.<\/li>\n<li>Plegadora: Horizon Buckle Folder AF-406F.<\/li>\n<\/ol>\n\t\t\t\t\t\t\t\t<\/div>\n\t\t\t\t<\/div>\n\t\t\t\t<\/div>\n\t\t\t\t\t<\/div>\n\t\t\t\t<\/div>\n\t\t<div class=\"elementor-element elementor-element-8cd9302 e-flex e-con-boxed e-con e-parent\" data-id=\"8cd9302\" data-element_type=\"container\" data-e-type=\"container\">\n\t\t\t\t\t<div class=\"e-con-inner\">\n\t\t<div class=\"elementor-element elementor-element-b2f22d2 e-con-full e-flex e-con e-parent\" data-id=\"b2f22d2\" data-element_type=\"container\" data-e-type=\"container\">\n\t\t\t\t<div class=\"elementor-element elementor-element-a63ea33 line-height-2  elementor-widget elementor-widget-text-editor\" data-id=\"a63ea33\" data-element_type=\"widget\" data-e-type=\"widget\" data-widget_type=\"text-editor.default\">\n\t\t\t\t<div class=\"elementor-widget-container\">\n\t\t\t\t\t\t\t\t\t<p>Les solucions de Grup Maculart en impressi\u00f3 de prospectes inclouen:<\/p>\n\t\t\t\t\t\t\t\t<\/div>\n\t\t\t\t<\/div>\n\t\t\t\t<div class=\"elementor-element elementor-element-a30e04d elementor-align-start elementor-icon-list--layout-traditional elementor-list-item-link-full_width elementor-widget elementor-widget-icon-list\" data-id=\"a30e04d\" data-element_type=\"widget\" data-e-type=\"widget\" data-widget_type=\"icon-list.default\">\n\t\t\t\t<div class=\"elementor-widget-container\">\n\t\t\t\t\t\t\t<ul class=\"elementor-icon-list-items\">\n\t\t\t\t\t\t\t<li class=\"elementor-icon-list-item\">\n\t\t\t\t\t\t\t\t\t\t\t<span class=\"elementor-icon-list-icon\">\n\t\t\t\t\t\t\t<i aria-hidden=\"true\" class=\"fas fa-check\"><\/i>\t\t\t\t\t\t<\/span>\n\t\t\t\t\t\t\t\t\t\t<span class=\"elementor-icon-list-text\">Alternatives de format: en pla i plegat.<\/span>\n\t\t\t\t\t\t\t\t\t<\/li>\n\t\t\t\t\t\t\t\t<li class=\"elementor-icon-list-item\">\n\t\t\t\t\t\t\t\t\t\t\t<span class=\"elementor-icon-list-icon\">\n\t\t\t\t\t\t\t<i aria-hidden=\"true\" class=\"fas fa-check\"><\/i>\t\t\t\t\t\t<\/span>\n\t\t\t\t\t\t\t\t\t\t<span class=\"elementor-icon-list-text\">Material utilitzat: paper entre 40 i 90 grams.<\/span>\n\t\t\t\t\t\t\t\t\t<\/li>\n\t\t\t\t\t\t\t\t<li class=\"elementor-icon-list-item\">\n\t\t\t\t\t\t\t\t\t\t\t<span class=\"elementor-icon-list-icon\">\n\t\t\t\t\t\t\t<i aria-hidden=\"true\" class=\"fas fa-check\"><\/i>\t\t\t\t\t\t<\/span>\n\t\t\t\t\t\t\t\t\t\t<span class=\"elementor-icon-list-text\">Prospectes de gran format.<\/span>\n\t\t\t\t\t\t\t\t\t<\/li>\n\t\t\t\t\t\t<\/ul>\n\t\t\t\t\t\t<\/div>\n\t\t\t\t<\/div>\n\t\t\t\t<\/div>\n\t\t<div class=\"elementor-element elementor-element-e1362e2 e-con-full e-flex e-con e-parent\" data-id=\"e1362e2\" data-element_type=\"container\" data-e-type=\"container\">\n\t\t\t\t<div class=\"elementor-element elementor-element-c61db42 elementor-widget elementor-widget-image\" data-id=\"c61db42\" data-element_type=\"widget\" data-e-type=\"widget\" data-widget_type=\"image.default\">\n\t\t\t\t<div class=\"elementor-widget-container\">\n\t\t\t\t\t\t\t\t\t\t\t\t\t\t\t<img decoding=\"async\" width=\"900\" height=\"600\" src=\"https:\/\/www.maculart.com\/app\/uploads\/2023\/09\/prospectosfarmaceuticos2.jpg\" class=\"attachment-large size-large wp-image-2407\" alt=\"\" srcset=\"https:\/\/www.maculart.com\/app\/uploads\/2023\/09\/prospectosfarmaceuticos2.jpg 900w, https:\/\/www.maculart.com\/app\/uploads\/2023\/09\/prospectosfarmaceuticos2-300x200.jpg 300w, https:\/\/www.maculart.com\/app\/uploads\/2023\/09\/prospectosfarmaceuticos2-768x512.jpg 768w\" sizes=\"(max-width: 900px) 100vw, 900px\" \/>\t\t\t\t\t\t\t\t\t\t\t\t\t\t\t<\/div>\n\t\t\t\t<\/div>\n\t\t\t\t<\/div>\n\t\t\t\t\t<\/div>\n\t\t\t\t<\/div>\n\t\t<div class=\"elementor-element elementor-element-c9b44b2 e-flex e-con-boxed e-con e-parent\" data-id=\"c9b44b2\" data-element_type=\"container\" data-e-type=\"container\">\n\t\t\t\t\t<div class=\"e-con-inner\">\n\t\t<div class=\"elementor-element elementor-element-10ee339 e-con-full e-flex e-con e-parent\" data-id=\"10ee339\" data-element_type=\"container\" data-e-type=\"container\" data-settings=\"{&quot;background_background&quot;:&quot;classic&quot;}\">\n\t\t\t\t<div class=\"elementor-element elementor-element-e2631a7 elementor-widget__width-inherit elementor-widget elementor-widget-heading\" data-id=\"e2631a7\" data-element_type=\"widget\" data-e-type=\"widget\" data-widget_type=\"heading.default\">\n\t\t\t\t<div class=\"elementor-widget-container\">\n\t\t\t\t\t<h2 class=\"elementor-heading-title elementor-size-default\">Contacta amb nosaltres\ni explica'ns el teu projecte<\/h2>\t\t\t\t<\/div>\n\t\t\t\t<\/div>\n\t\t\t\t<\/div>\n\t\t<div class=\"elementor-element elementor-element-9d54b8d e-flex e-con-boxed e-con e-parent\" data-id=\"9d54b8d\" data-element_type=\"container\" data-e-type=\"container\" data-settings=\"{&quot;background_background&quot;:&quot;classic&quot;}\">\n\t\t\t\t\t<div class=\"e-con-inner\">\n\t\t\t\t<div class=\"elementor-element elementor-element-c301297 button-container elementor-widget elementor-widget-button\" data-id=\"c301297\" data-element_type=\"widget\" data-e-type=\"widget\" data-widget_type=\"button.default\">\n\t\t\t\t<div class=\"elementor-widget-container\">\n\t\t\t\t\t\t\t\t\t<div class=\"elementor-button-wrapper\">\n\t\t\t\t\t<a class=\"elementor-button elementor-button-link elementor-size-sm\" href=\"https:\/\/www.maculart.com\/ca\/contacte\/\">\n\t\t\t\t\t\t<span class=\"elementor-button-content-wrapper\">\n\t\t\t\t\t\t\t\t\t<span class=\"elementor-button-text\">Contacta'ns<\/span>\n\t\t\t\t\t<\/span>\n\t\t\t\t\t<\/a>\n\t\t\t\t<\/div>\n\t\t\t\t\t\t\t\t<\/div>\n\t\t\t\t<\/div>\n\t\t\t\t\t<\/div>\n\t\t\t\t<\/div>\n\t\t\t\t\t<\/div>\n\t\t\t\t<\/div>\n\t\t\t\t<\/div>\n\t\t","protected":false},"excerpt":{"rendered":"<p>Prospectes farmac\u00e8utics El prospecte del medicament \u00e9s la pe\u00e7a clau per informar l\u2019usuari sobre les instruccions d\u2019\u00fas, indicacions, possibles efectes adversos, contraindicacions i altres aspectes rellevants del medicament. Aix\u00ed ho&#8230;<\/p>\n","protected":false},"author":1,"featured_media":0,"parent":0,"menu_order":0,"comment_status":"closed","ping_status":"closed","template":"","meta":{"_acf_changed":false,"inline_featured_image":false,"footnotes":""},"class_list":["post-2551","page","type-page","status-publish","hentry"],"acf":[],"yoast_head":"<!-- This site is optimized with the Yoast SEO plugin v27.4 - https:\/\/yoast.com\/product\/yoast-seo-wordpress\/ -->\n<title>Prospectes farmac\u00e8utics - Maculart<\/title>\n<meta name=\"robots\" content=\"index, follow, max-snippet:-1, max-image-preview:large, max-video-preview:-1\" \/>\n<link rel=\"canonical\" href=\"https:\/\/www.maculart.com\/ca\/prospectes-farmaceutics\/\" \/>\n<meta property=\"og:locale\" content=\"ca_ES\" \/>\n<meta property=\"og:type\" content=\"article\" \/>\n<meta property=\"og:title\" content=\"Prospectes farmac\u00e8utics - Maculart\" \/>\n<meta property=\"og:description\" content=\"Prospectes farmac\u00e8utics El prospecte del medicament \u00e9s la pe\u00e7a clau per informar l\u2019usuari sobre les instruccions d\u2019\u00fas, indicacions, possibles efectes adversos, contraindicacions i altres aspectes rellevants del medicament. Aix\u00ed ho...\" \/>\n<meta property=\"og:url\" content=\"https:\/\/www.maculart.com\/ca\/prospectes-farmaceutics\/\" \/>\n<meta property=\"og:site_name\" content=\"Maculart\" \/>\n<meta property=\"article:modified_time\" content=\"2023-10-10T12:37:10+00:00\" \/>\n<meta property=\"og:image\" content=\"https:\/\/www.maculart.com\/app\/uploads\/2023\/07\/Rectangle-4-1.png\" \/>\n<meta name=\"twitter:card\" content=\"summary_large_image\" \/>\n<meta name=\"twitter:label1\" content=\"Temps estimat de lectura\" \/>\n\t<meta name=\"twitter:data1\" content=\"1 minut\" \/>\n<script type=\"application\/ld+json\" class=\"yoast-schema-graph\">{\"@context\":\"https:\\\/\\\/schema.org\",\"@graph\":[{\"@type\":\"WebPage\",\"@id\":\"https:\\\/\\\/www.maculart.com\\\/ca\\\/prospectes-farmaceutics\\\/\",\"url\":\"https:\\\/\\\/www.maculart.com\\\/ca\\\/prospectes-farmaceutics\\\/\",\"name\":\"Prospectes farmac\u00e8utics - Maculart\",\"isPartOf\":{\"@id\":\"https:\\\/\\\/www.maculart.com\\\/ca\\\/#website\"},\"primaryImageOfPage\":{\"@id\":\"https:\\\/\\\/www.maculart.com\\\/ca\\\/prospectes-farmaceutics\\\/#primaryimage\"},\"image\":{\"@id\":\"https:\\\/\\\/www.maculart.com\\\/ca\\\/prospectes-farmaceutics\\\/#primaryimage\"},\"thumbnailUrl\":\"https:\\\/\\\/www.maculart.com\\\/app\\\/uploads\\\/2023\\\/07\\\/Rectangle-4-1.png\",\"datePublished\":\"2023-07-12T11:09:19+00:00\",\"dateModified\":\"2023-10-10T12:37:10+00:00\",\"inLanguage\":\"ca\",\"potentialAction\":[{\"@type\":\"ReadAction\",\"target\":[\"https:\\\/\\\/www.maculart.com\\\/ca\\\/prospectes-farmaceutics\\\/\"]}]},{\"@type\":\"ImageObject\",\"inLanguage\":\"ca\",\"@id\":\"https:\\\/\\\/www.maculart.com\\\/ca\\\/prospectes-farmaceutics\\\/#primaryimage\",\"url\":\"https:\\\/\\\/www.maculart.com\\\/app\\\/uploads\\\/2023\\\/07\\\/Rectangle-4-1.png\",\"contentUrl\":\"https:\\\/\\\/www.maculart.com\\\/app\\\/uploads\\\/2023\\\/07\\\/Rectangle-4-1.png\"},{\"@type\":\"WebSite\",\"@id\":\"https:\\\/\\\/www.maculart.com\\\/ca\\\/#website\",\"url\":\"https:\\\/\\\/www.maculart.com\\\/ca\\\/\",\"name\":\"Maculart\",\"description\":\"\",\"potentialAction\":[{\"@type\":\"SearchAction\",\"target\":{\"@type\":\"EntryPoint\",\"urlTemplate\":\"https:\\\/\\\/www.maculart.com\\\/ca\\\/?s={search_term_string}\"},\"query-input\":{\"@type\":\"PropertyValueSpecification\",\"valueRequired\":true,\"valueName\":\"search_term_string\"}}],\"inLanguage\":\"ca\"}]}<\/script>\n<!-- \/ Yoast SEO plugin. -->","yoast_head_json":{"title":"Prospectes farmac\u00e8utics - Maculart","robots":{"index":"index","follow":"follow","max-snippet":"max-snippet:-1","max-image-preview":"max-image-preview:large","max-video-preview":"max-video-preview:-1"},"canonical":"https:\/\/www.maculart.com\/ca\/prospectes-farmaceutics\/","og_locale":"ca_ES","og_type":"article","og_title":"Prospectes farmac\u00e8utics - Maculart","og_description":"Prospectes farmac\u00e8utics El prospecte del medicament \u00e9s la pe\u00e7a clau per informar l\u2019usuari sobre les instruccions d\u2019\u00fas, indicacions, possibles efectes adversos, contraindicacions i altres aspectes rellevants del medicament. Aix\u00ed ho...","og_url":"https:\/\/www.maculart.com\/ca\/prospectes-farmaceutics\/","og_site_name":"Maculart","article_modified_time":"2023-10-10T12:37:10+00:00","og_image":[{"url":"https:\/\/www.maculart.com\/app\/uploads\/2023\/07\/Rectangle-4-1.png","type":"","width":"","height":""}],"twitter_card":"summary_large_image","twitter_misc":{"Temps estimat de lectura":"1 minut"},"schema":{"@context":"https:\/\/schema.org","@graph":[{"@type":"WebPage","@id":"https:\/\/www.maculart.com\/ca\/prospectes-farmaceutics\/","url":"https:\/\/www.maculart.com\/ca\/prospectes-farmaceutics\/","name":"Prospectes farmac\u00e8utics - Maculart","isPartOf":{"@id":"https:\/\/www.maculart.com\/ca\/#website"},"primaryImageOfPage":{"@id":"https:\/\/www.maculart.com\/ca\/prospectes-farmaceutics\/#primaryimage"},"image":{"@id":"https:\/\/www.maculart.com\/ca\/prospectes-farmaceutics\/#primaryimage"},"thumbnailUrl":"https:\/\/www.maculart.com\/app\/uploads\/2023\/07\/Rectangle-4-1.png","datePublished":"2023-07-12T11:09:19+00:00","dateModified":"2023-10-10T12:37:10+00:00","inLanguage":"ca","potentialAction":[{"@type":"ReadAction","target":["https:\/\/www.maculart.com\/ca\/prospectes-farmaceutics\/"]}]},{"@type":"ImageObject","inLanguage":"ca","@id":"https:\/\/www.maculart.com\/ca\/prospectes-farmaceutics\/#primaryimage","url":"https:\/\/www.maculart.com\/app\/uploads\/2023\/07\/Rectangle-4-1.png","contentUrl":"https:\/\/www.maculart.com\/app\/uploads\/2023\/07\/Rectangle-4-1.png"},{"@type":"WebSite","@id":"https:\/\/www.maculart.com\/ca\/#website","url":"https:\/\/www.maculart.com\/ca\/","name":"Maculart","description":"","potentialAction":[{"@type":"SearchAction","target":{"@type":"EntryPoint","urlTemplate":"https:\/\/www.maculart.com\/ca\/?s={search_term_string}"},"query-input":{"@type":"PropertyValueSpecification","valueRequired":true,"valueName":"search_term_string"}}],"inLanguage":"ca"}]}},"_links":{"self":[{"href":"https:\/\/www.maculart.com\/ca\/wp-json\/wp\/v2\/pages\/2551","targetHints":{"allow":["GET"]}}],"collection":[{"href":"https:\/\/www.maculart.com\/ca\/wp-json\/wp\/v2\/pages"}],"about":[{"href":"https:\/\/www.maculart.com\/ca\/wp-json\/wp\/v2\/types\/page"}],"author":[{"embeddable":true,"href":"https:\/\/www.maculart.com\/ca\/wp-json\/wp\/v2\/users\/1"}],"replies":[{"embeddable":true,"href":"https:\/\/www.maculart.com\/ca\/wp-json\/wp\/v2\/comments?post=2551"}],"version-history":[{"count":2,"href":"https:\/\/www.maculart.com\/ca\/wp-json\/wp\/v2\/pages\/2551\/revisions"}],"predecessor-version":[{"id":2794,"href":"https:\/\/www.maculart.com\/ca\/wp-json\/wp\/v2\/pages\/2551\/revisions\/2794"}],"wp:attachment":[{"href":"https:\/\/www.maculart.com\/ca\/wp-json\/wp\/v2\/media?parent=2551"}],"curies":[{"name":"wp","href":"https:\/\/api.w.org\/{rel}","templated":true}]}}