{"id":2671,"date":"2023-07-12T10:08:22","date_gmt":"2023-07-12T08:08:22","guid":{"rendered":"https:\/\/www.maculart.com\/solucions\/"},"modified":"2023-10-10T14:41:56","modified_gmt":"2023-10-10T12:41:56","slug":"solucions","status":"publish","type":"page","link":"https:\/\/www.maculart.com\/ca\/solucions\/","title":{"rendered":"Solucions"},"content":{"rendered":"\t\t<div data-elementor-type=\"wp-page\" data-elementor-id=\"2671\" class=\"elementor elementor-2671 elementor-89\">\n\t\t\t\t<div class=\"elementor-element elementor-element-6abb3da e-flex e-con-boxed e-con e-parent\" data-id=\"6abb3da\" data-element_type=\"container\" data-e-type=\"container\">\n\t\t\t\t\t<div class=\"e-con-inner\">\n\t\t<div class=\"elementor-element elementor-element-f0be488 e-con-full e-flex e-con e-parent\" data-id=\"f0be488\" data-element_type=\"container\" data-e-type=\"container\">\n\t\t\t\t<div class=\"elementor-element elementor-element-6a2d4fe elementor-widget elementor-widget-image\" data-id=\"6a2d4fe\" data-element_type=\"widget\" data-e-type=\"widget\" data-widget_type=\"image.default\">\n\t\t\t\t<div class=\"elementor-widget-container\">\n\t\t\t\t\t\t\t\t\t\t\t\t\t\t\t<img fetchpriority=\"high\" decoding=\"async\" width=\"712\" height=\"546\" src=\"https:\/\/www.maculart.com\/app\/uploads\/2023\/09\/Rectangle-12.jpg\" class=\"attachment-large size-large wp-image-2395\" alt=\"\" srcset=\"https:\/\/www.maculart.com\/app\/uploads\/2023\/09\/Rectangle-12.jpg 712w, https:\/\/www.maculart.com\/app\/uploads\/2023\/09\/Rectangle-12-300x230.jpg 300w\" sizes=\"(max-width: 712px) 100vw, 712px\" \/>\t\t\t\t\t\t\t\t\t\t\t\t\t\t\t<\/div>\n\t\t\t\t<\/div>\n\t\t\t\t<\/div>\n\t\t<div class=\"elementor-element elementor-element-27c87d7 e-con-full e-flex e-con e-parent\" data-id=\"27c87d7\" data-element_type=\"container\" data-e-type=\"container\">\n\t\t\t\t<div class=\"elementor-element elementor-element-0eace3d elementor-widget elementor-widget-heading\" data-id=\"0eace3d\" data-element_type=\"widget\" data-e-type=\"widget\" data-widget_type=\"heading.default\">\n\t\t\t\t<div class=\"elementor-widget-container\">\n\t\t\t\t\t<h2 class=\"elementor-heading-title elementor-size-default\">Som especialistes en impressi\u00f3 de prospectes i estoigs<\/h2>\t\t\t\t<\/div>\n\t\t\t\t<\/div>\n\t\t\t\t<div class=\"elementor-element elementor-element-867a769 line-height-2 elementor-widget elementor-widget-text-editor\" data-id=\"867a769\" data-element_type=\"widget\" data-e-type=\"widget\" data-widget_type=\"text-editor.default\">\n\t\t\t\t<div class=\"elementor-widget-container\">\n\t\t\t\t\t\t\t\t\t<p>Des dels nostres inicis a la d\u00e8cada dels 60 del segle XX, a <b>Grup Maculart<\/b> hem donat servei a la ind\u00fastria farmac\u00e8utica amb la <b>impressi\u00f3 de prospectes<\/b> de medicaments i altres productes sanitaris. Poc despr\u00e9s, afegim la <b>producci\u00f3 i la impressi\u00f3 de packaging farmac\u00e8utic <\/b> per oferir millor servei als nostres clients.<\/p>\n<p>Amb l&#8217;adquisici\u00f3 de l&#8217;empresa Estoig Farmac\u00e8utic l&#8217;any 2016 vam impulsar de manera definitiva la nostra activitat i vam aconseguir una <b>producci\u00f3 anual de 80 milions d&#8217;estoigs i 90 milions de prospectes <\/b> produ\u00efts.<\/p>\n\t\t\t\t\t\t\t\t<\/div>\n\t\t\t\t<\/div>\n\t\t\t\t<\/div>\n\t\t\t\t\t<\/div>\n\t\t\t\t<\/div>\n\t\t<div class=\"elementor-element elementor-element-0eda5b2 e-flex e-con-boxed e-con e-parent\" data-id=\"0eda5b2\" data-element_type=\"container\" data-e-type=\"container\">\n\t\t\t\t\t<div class=\"e-con-inner\">\n\t\t<div class=\"elementor-element elementor-element-d2e0be5 e-con-full e-flex e-con e-parent\" data-id=\"d2e0be5\" data-element_type=\"container\" data-e-type=\"container\">\n\t\t\t\t<div class=\"elementor-element elementor-element-a94c05c elementor-widget elementor-widget-heading\" data-id=\"a94c05c\" data-element_type=\"widget\" data-e-type=\"widget\" data-widget_type=\"heading.default\">\n\t\t\t\t<div class=\"elementor-widget-container\">\n\t\t\t\t\t<h2 class=\"elementor-heading-title elementor-size-default\">Solucions PLV<\/h2>\t\t\t\t<\/div>\n\t\t\t\t<\/div>\n\t\t\t\t<div class=\"elementor-element elementor-element-b1ef2b0 line-height-2 elementor-widget elementor-widget-text-editor\" data-id=\"b1ef2b0\" data-element_type=\"widget\" data-e-type=\"widget\" data-widget_type=\"text-editor.default\">\n\t\t\t\t<div class=\"elementor-widget-container\">\n\t\t\t\t\t\t\t\t\t<p>Amb l&#8217;objectiu de donar un servei integral i fer realitat els projectes dels nostres clients, creem la <b>divisi\u00f3 de PLV i impresos publicitaris<\/b> publicitaris l&#8217;any 2012. D&#8217;aquesta manera, oferim solucions creatives per captivar en el punt de venda, que complementen la nostra activitat principal d&#8217;impressi\u00f3 i producci\u00f3 d&#8217;estoigs i prospectes farmac\u00e8utics.<\/p>\n\t\t\t\t\t\t\t\t<\/div>\n\t\t\t\t<\/div>\n\t\t\t\t<\/div>\n\t\t<div class=\"elementor-element elementor-element-c9f3c1a e-con-full e-flex e-con e-parent\" data-id=\"c9f3c1a\" data-element_type=\"container\" data-e-type=\"container\">\n\t\t\t\t<div class=\"elementor-element elementor-element-3e7df88 elementor-widget elementor-widget-image\" data-id=\"3e7df88\" data-element_type=\"widget\" data-e-type=\"widget\" data-widget_type=\"image.default\">\n\t\t\t\t<div class=\"elementor-widget-container\">\n\t\t\t\t\t\t\t\t\t\t\t\t\t\t\t<img decoding=\"async\" width=\"712\" height=\"546\" src=\"https:\/\/www.maculart.com\/app\/uploads\/2023\/09\/Rectangle-13.jpg\" class=\"attachment-large size-large wp-image-2398\" alt=\"\" srcset=\"https:\/\/www.maculart.com\/app\/uploads\/2023\/09\/Rectangle-13.jpg 712w, https:\/\/www.maculart.com\/app\/uploads\/2023\/09\/Rectangle-13-300x230.jpg 300w\" sizes=\"(max-width: 712px) 100vw, 712px\" \/>\t\t\t\t\t\t\t\t\t\t\t\t\t\t\t<\/div>\n\t\t\t\t<\/div>\n\t\t\t\t<\/div>\n\t\t\t\t\t<\/div>\n\t\t\t\t<\/div>\n\t\t<div class=\"elementor-element elementor-element-46721a3 e-flex e-con-boxed e-con e-parent\" data-id=\"46721a3\" data-element_type=\"container\" data-e-type=\"container\">\n\t\t\t\t\t<div class=\"e-con-inner\">\n\t\t<div class=\"elementor-element elementor-element-9f15b5d e-con-full e-flex e-con e-parent\" data-id=\"9f15b5d\" data-element_type=\"container\" data-e-type=\"container\" data-settings=\"{&quot;background_background&quot;:&quot;classic&quot;}\">\n\t\t\t\t<div class=\"elementor-element elementor-element-3c12bd1 elementor-widget__width-inherit elementor-widget elementor-widget-heading\" data-id=\"3c12bd1\" data-element_type=\"widget\" data-e-type=\"widget\" data-widget_type=\"heading.default\">\n\t\t\t\t<div class=\"elementor-widget-container\">\n\t\t\t\t\t<h2 class=\"elementor-heading-title elementor-size-default\">Contacta amb nosaltres\ni explica'ns el teu projecte<\/h2>\t\t\t\t<\/div>\n\t\t\t\t<\/div>\n\t\t\t\t<\/div>\n\t\t<div class=\"elementor-element elementor-element-a7f2885 e-flex e-con-boxed e-con e-parent\" data-id=\"a7f2885\" data-element_type=\"container\" data-e-type=\"container\" data-settings=\"{&quot;background_background&quot;:&quot;classic&quot;}\">\n\t\t\t\t\t<div class=\"e-con-inner\">\n\t\t\t\t<div class=\"elementor-element elementor-element-5d0daa9 button-container elementor-widget elementor-widget-button\" data-id=\"5d0daa9\" data-element_type=\"widget\" data-e-type=\"widget\" data-widget_type=\"button.default\">\n\t\t\t\t<div class=\"elementor-widget-container\">\n\t\t\t\t\t\t\t\t\t<div class=\"elementor-button-wrapper\">\n\t\t\t\t\t<a class=\"elementor-button elementor-button-link elementor-size-sm\" href=\"https:\/\/www.maculart.com\/ca\/contacte\/\">\n\t\t\t\t\t\t<span class=\"elementor-button-content-wrapper\">\n\t\t\t\t\t\t\t\t\t<span class=\"elementor-button-text\">Contacta'ns<\/span>\n\t\t\t\t\t<\/span>\n\t\t\t\t\t<\/a>\n\t\t\t\t<\/div>\n\t\t\t\t\t\t\t\t<\/div>\n\t\t\t\t<\/div>\n\t\t\t\t\t<\/div>\n\t\t\t\t<\/div>\n\t\t\t\t\t<\/div>\n\t\t\t\t<\/div>\n\t\t\t\t<\/div>\n\t\t","protected":false},"excerpt":{"rendered":"<p>Som especialistes en impressi\u00f3 de prospectes i estoigs Des dels nostres inicis a la d\u00e8cada dels 60 del segle XX, a Grup Maculart hem donat servei a la ind\u00fastria farmac\u00e8utica&#8230;<\/p>\n","protected":false},"author":1,"featured_media":2392,"parent":0,"menu_order":0,"comment_status":"closed","ping_status":"closed","template":"","meta":{"_acf_changed":false,"inline_featured_image":false,"footnotes":""},"class_list":["post-2671","page","type-page","status-publish","has-post-thumbnail","hentry"],"acf":[],"yoast_head":"<!-- This site is optimized with the Yoast SEO plugin v27.4 - https:\/\/yoast.com\/product\/yoast-seo-wordpress\/ -->\n<title>Solucions - Maculart<\/title>\n<meta name=\"robots\" content=\"index, follow, max-snippet:-1, max-image-preview:large, max-video-preview:-1\" \/>\n<link rel=\"canonical\" href=\"https:\/\/www.maculart.com\/ca\/solucions\/\" \/>\n<meta property=\"og:locale\" content=\"ca_ES\" \/>\n<meta property=\"og:type\" content=\"article\" \/>\n<meta property=\"og:title\" content=\"Solucions - Maculart\" \/>\n<meta property=\"og:description\" content=\"Som especialistes en impressi\u00f3 de prospectes i estoigs Des dels nostres inicis a la d\u00e8cada dels 60 del segle XX, a Grup Maculart hem donat servei a la ind\u00fastria farmac\u00e8utica...\" \/>\n<meta property=\"og:url\" content=\"https:\/\/www.maculart.com\/ca\/solucions\/\" \/>\n<meta property=\"og:site_name\" content=\"Maculart\" \/>\n<meta property=\"article:modified_time\" content=\"2023-10-10T12:41:56+00:00\" \/>\n<meta property=\"og:image\" content=\"https:\/\/www.maculart.com\/app\/uploads\/2023\/09\/soluciones_capcelera.jpg\" \/>\n\t<meta property=\"og:image:width\" content=\"900\" \/>\n\t<meta property=\"og:image:height\" content=\"600\" \/>\n\t<meta property=\"og:image:type\" content=\"image\/jpeg\" \/>\n<meta name=\"twitter:card\" content=\"summary_large_image\" \/>\n<meta name=\"twitter:label1\" content=\"Temps estimat de lectura\" \/>\n\t<meta name=\"twitter:data1\" content=\"1 minut\" \/>\n<script type=\"application\/ld+json\" class=\"yoast-schema-graph\">{\"@context\":\"https:\\\/\\\/schema.org\",\"@graph\":[{\"@type\":\"WebPage\",\"@id\":\"https:\\\/\\\/www.maculart.com\\\/ca\\\/solucions\\\/\",\"url\":\"https:\\\/\\\/www.maculart.com\\\/ca\\\/solucions\\\/\",\"name\":\"Solucions - Maculart\",\"isPartOf\":{\"@id\":\"https:\\\/\\\/www.maculart.com\\\/ca\\\/#website\"},\"primaryImageOfPage\":{\"@id\":\"https:\\\/\\\/www.maculart.com\\\/ca\\\/solucions\\\/#primaryimage\"},\"image\":{\"@id\":\"https:\\\/\\\/www.maculart.com\\\/ca\\\/solucions\\\/#primaryimage\"},\"thumbnailUrl\":\"https:\\\/\\\/www.maculart.com\\\/app\\\/uploads\\\/2023\\\/09\\\/soluciones_capcelera.jpg\",\"datePublished\":\"2023-07-12T08:08:22+00:00\",\"dateModified\":\"2023-10-10T12:41:56+00:00\",\"inLanguage\":\"ca\",\"potentialAction\":[{\"@type\":\"ReadAction\",\"target\":[\"https:\\\/\\\/www.maculart.com\\\/ca\\\/solucions\\\/\"]}]},{\"@type\":\"ImageObject\",\"inLanguage\":\"ca\",\"@id\":\"https:\\\/\\\/www.maculart.com\\\/ca\\\/solucions\\\/#primaryimage\",\"url\":\"https:\\\/\\\/www.maculart.com\\\/app\\\/uploads\\\/2023\\\/09\\\/soluciones_capcelera.jpg\",\"contentUrl\":\"https:\\\/\\\/www.maculart.com\\\/app\\\/uploads\\\/2023\\\/09\\\/soluciones_capcelera.jpg\",\"width\":900,\"height\":600},{\"@type\":\"WebSite\",\"@id\":\"https:\\\/\\\/www.maculart.com\\\/ca\\\/#website\",\"url\":\"https:\\\/\\\/www.maculart.com\\\/ca\\\/\",\"name\":\"Maculart\",\"description\":\"\",\"potentialAction\":[{\"@type\":\"SearchAction\",\"target\":{\"@type\":\"EntryPoint\",\"urlTemplate\":\"https:\\\/\\\/www.maculart.com\\\/ca\\\/?s={search_term_string}\"},\"query-input\":{\"@type\":\"PropertyValueSpecification\",\"valueRequired\":true,\"valueName\":\"search_term_string\"}}],\"inLanguage\":\"ca\"}]}<\/script>\n<!-- \/ Yoast SEO plugin. -->","yoast_head_json":{"title":"Solucions - Maculart","robots":{"index":"index","follow":"follow","max-snippet":"max-snippet:-1","max-image-preview":"max-image-preview:large","max-video-preview":"max-video-preview:-1"},"canonical":"https:\/\/www.maculart.com\/ca\/solucions\/","og_locale":"ca_ES","og_type":"article","og_title":"Solucions - Maculart","og_description":"Som especialistes en impressi\u00f3 de prospectes i estoigs Des dels nostres inicis a la d\u00e8cada dels 60 del segle XX, a Grup Maculart hem donat servei a la ind\u00fastria farmac\u00e8utica...","og_url":"https:\/\/www.maculart.com\/ca\/solucions\/","og_site_name":"Maculart","article_modified_time":"2023-10-10T12:41:56+00:00","og_image":[{"width":900,"height":600,"url":"https:\/\/www.maculart.com\/app\/uploads\/2023\/09\/soluciones_capcelera.jpg","type":"image\/jpeg"}],"twitter_card":"summary_large_image","twitter_misc":{"Temps estimat de lectura":"1 minut"},"schema":{"@context":"https:\/\/schema.org","@graph":[{"@type":"WebPage","@id":"https:\/\/www.maculart.com\/ca\/solucions\/","url":"https:\/\/www.maculart.com\/ca\/solucions\/","name":"Solucions - Maculart","isPartOf":{"@id":"https:\/\/www.maculart.com\/ca\/#website"},"primaryImageOfPage":{"@id":"https:\/\/www.maculart.com\/ca\/solucions\/#primaryimage"},"image":{"@id":"https:\/\/www.maculart.com\/ca\/solucions\/#primaryimage"},"thumbnailUrl":"https:\/\/www.maculart.com\/app\/uploads\/2023\/09\/soluciones_capcelera.jpg","datePublished":"2023-07-12T08:08:22+00:00","dateModified":"2023-10-10T12:41:56+00:00","inLanguage":"ca","potentialAction":[{"@type":"ReadAction","target":["https:\/\/www.maculart.com\/ca\/solucions\/"]}]},{"@type":"ImageObject","inLanguage":"ca","@id":"https:\/\/www.maculart.com\/ca\/solucions\/#primaryimage","url":"https:\/\/www.maculart.com\/app\/uploads\/2023\/09\/soluciones_capcelera.jpg","contentUrl":"https:\/\/www.maculart.com\/app\/uploads\/2023\/09\/soluciones_capcelera.jpg","width":900,"height":600},{"@type":"WebSite","@id":"https:\/\/www.maculart.com\/ca\/#website","url":"https:\/\/www.maculart.com\/ca\/","name":"Maculart","description":"","potentialAction":[{"@type":"SearchAction","target":{"@type":"EntryPoint","urlTemplate":"https:\/\/www.maculart.com\/ca\/?s={search_term_string}"},"query-input":{"@type":"PropertyValueSpecification","valueRequired":true,"valueName":"search_term_string"}}],"inLanguage":"ca"}]}},"_links":{"self":[{"href":"https:\/\/www.maculart.com\/ca\/wp-json\/wp\/v2\/pages\/2671","targetHints":{"allow":["GET"]}}],"collection":[{"href":"https:\/\/www.maculart.com\/ca\/wp-json\/wp\/v2\/pages"}],"about":[{"href":"https:\/\/www.maculart.com\/ca\/wp-json\/wp\/v2\/types\/page"}],"author":[{"embeddable":true,"href":"https:\/\/www.maculart.com\/ca\/wp-json\/wp\/v2\/users\/1"}],"replies":[{"embeddable":true,"href":"https:\/\/www.maculart.com\/ca\/wp-json\/wp\/v2\/comments?post=2671"}],"version-history":[{"count":5,"href":"https:\/\/www.maculart.com\/ca\/wp-json\/wp\/v2\/pages\/2671\/revisions"}],"predecessor-version":[{"id":2802,"href":"https:\/\/www.maculart.com\/ca\/wp-json\/wp\/v2\/pages\/2671\/revisions\/2802"}],"wp:featuredmedia":[{"embeddable":true,"href":"https:\/\/www.maculart.com\/ca\/wp-json\/wp\/v2\/media\/2392"}],"wp:attachment":[{"href":"https:\/\/www.maculart.com\/ca\/wp-json\/wp\/v2\/media?parent=2671"}],"curies":[{"name":"wp","href":"https:\/\/api.w.org\/{rel}","templated":true}]}}