{"id":2577,"date":"2023-07-12T13:31:44","date_gmt":"2023-07-12T11:31:44","guid":{"rendered":"https:\/\/www.maculart.com\/organisation\/"},"modified":"2025-07-28T12:57:07","modified_gmt":"2025-07-28T10:57:07","slug":"organisation","status":"publish","type":"page","link":"https:\/\/www.maculart.com\/en\/organisation\/","title":{"rendered":"Organisation"},"content":{"rendered":"\t\t<div data-elementor-type=\"wp-page\" data-elementor-id=\"2577\" class=\"elementor elementor-2577 elementor-290\">\n\t\t\t\t<div class=\"elementor-element elementor-element-499cc8a e-flex e-con-boxed e-con e-parent\" data-id=\"499cc8a\" data-element_type=\"container\" data-e-type=\"container\">\n\t\t\t\t\t<div class=\"e-con-inner\">\n\t\t\t\t\t<\/div>\n\t\t\t\t<\/div>\n\t\t<div class=\"elementor-element elementor-element-24d97ef e-flex e-con-boxed e-con e-parent\" data-id=\"24d97ef\" data-element_type=\"container\" data-e-type=\"container\">\n\t\t\t\t\t<div class=\"e-con-inner\">\n\t\t<div class=\"elementor-element elementor-element-e2f38e0 e-con-full e-flex e-con e-child\" data-id=\"e2f38e0\" data-element_type=\"container\" data-e-type=\"container\">\n\t\t\t\t<div class=\"elementor-element elementor-element-3166795 line-height-2 elementor-widget elementor-widget-text-editor\" data-id=\"3166795\" data-element_type=\"widget\" data-e-type=\"widget\" data-widget_type=\"text-editor.default\">\n\t\t\t\t<div class=\"elementor-widget-container\">\n\t\t\t\t\t\t\t\t\t<p>At Grup Maculart we have experienced the transformation of the graphic arts sector first hand. Production at Grup Maculart never stops. It operates 24 hours a day in 2 or 3 consecutive shifts, depending on the needs of the production process. This allows us maximum agility to respond to our customers and deliver on time without ever compromising on quality.<br \/>The ability of Grup Maculart to adapt to meet the needs of our customers is reflected in the entire printing and production process: from the initial mock-up that we create according to customer preferences to the delivery of the products, which also follows their guidelines.<\/p>\n\t\t\t\t\t\t\t\t<\/div>\n\t\t\t\t<\/div>\n\t\t\t\t<\/div>\n\t\t<div class=\"elementor-element elementor-element-5ce2993 e-con-full e-flex e-con e-child\" data-id=\"5ce2993\" data-element_type=\"container\" data-e-type=\"container\">\n\t\t\t\t<div class=\"elementor-element elementor-element-45220a5 elementor-widget elementor-widget-image\" data-id=\"45220a5\" data-element_type=\"widget\" data-e-type=\"widget\" data-widget_type=\"image.default\">\n\t\t\t\t<div class=\"elementor-widget-container\">\n\t\t\t\t\t\t\t\t\t\t\t\t\t\t\t<img fetchpriority=\"high\" decoding=\"async\" width=\"900\" height=\"600\" src=\"https:\/\/www.maculart.com\/app\/uploads\/2023\/09\/organizacion.jpg\" class=\"attachment-large size-large wp-image-2417\" alt=\"\" srcset=\"https:\/\/www.maculart.com\/app\/uploads\/2023\/09\/organizacion.jpg 900w, https:\/\/www.maculart.com\/app\/uploads\/2023\/09\/organizacion-300x200.jpg 300w, https:\/\/www.maculart.com\/app\/uploads\/2023\/09\/organizacion-768x512.jpg 768w\" sizes=\"(max-width: 900px) 100vw, 900px\" \/>\t\t\t\t\t\t\t\t\t\t\t\t\t\t\t<\/div>\n\t\t\t\t<\/div>\n\t\t\t\t<\/div>\n\t\t\t\t\t<\/div>\n\t\t\t\t<\/div>\n\t\t<div class=\"elementor-element elementor-element-ab24fca e-flex e-con-boxed e-con e-parent\" data-id=\"ab24fca\" data-element_type=\"container\" data-e-type=\"container\">\n\t\t\t\t\t<div class=\"e-con-inner\">\n\t\t\t\t\t<\/div>\n\t\t\t\t<\/div>\n\t\t\t\t<section class=\"elementor-section elementor-top-section elementor-element elementor-element-a85539b elementor-section-boxed elementor-section-height-default elementor-section-height-default\" data-id=\"a85539b\" data-element_type=\"section\" data-e-type=\"section\" data-settings=\"{&quot;background_background&quot;:&quot;classic&quot;}\">\n\t\t\t\t\t\t<div class=\"elementor-container elementor-column-gap-default\">\n\t\t\t\t\t<div class=\"elementor-column elementor-col-100 elementor-top-column elementor-element elementor-element-c1e8806\" data-id=\"c1e8806\" data-element_type=\"column\" data-e-type=\"column\">\n\t\t\t<div class=\"elementor-widget-wrap elementor-element-populated\">\n\t\t\t\t<div class=\"elementor-element elementor-element-9cbc963 e-flex e-con-boxed e-con e-parent\" data-id=\"9cbc963\" data-element_type=\"container\" data-e-type=\"container\">\n\t\t\t\t\t<div class=\"e-con-inner\">\n\t\t\t\t<div class=\"elementor-element elementor-element-0bb6b94 elementor-widget elementor-widget-heading\" data-id=\"0bb6b94\" data-element_type=\"widget\" data-e-type=\"widget\" data-widget_type=\"heading.default\">\n\t\t\t\t<div class=\"elementor-widget-container\">\n\t\t\t\t\t<h3 class=\"elementor-heading-title elementor-size-default\">The Grup Maculart organisation is made up of the following departments:<\/h3>\t\t\t\t<\/div>\n\t\t\t\t<\/div>\n\t\t\t\t\t<\/div>\n\t\t\t\t<\/div>\n\t\t<div class=\"elementor-element elementor-element-93dbefe e-flex e-con-boxed e-con e-parent\" data-id=\"93dbefe\" data-element_type=\"container\" data-e-type=\"container\">\n\t\t\t\t\t<div class=\"e-con-inner\">\n\t\t\t\t\t<\/div>\n\t\t\t\t<\/div>\n\t\t\t\t<div class=\"elementor-element elementor-element-67e5448 elementor-widget elementor-widget-toggle\" data-id=\"67e5448\" data-element_type=\"widget\" data-e-type=\"widget\" data-widget_type=\"toggle.default\">\n\t\t\t\t<div class=\"elementor-widget-container\">\n\t\t\t\t\t\t\t<div class=\"elementor-toggle\">\n\t\t\t\t\t\t\t<div class=\"elementor-toggle-item\">\n\t\t\t\t\t<div id=\"elementor-tab-title-1081\" class=\"elementor-tab-title\" data-tab=\"1\" role=\"button\" aria-controls=\"elementor-tab-content-1081\" aria-expanded=\"false\">\n\t\t\t\t\t\t\t\t\t\t\t\t<span class=\"elementor-toggle-icon elementor-toggle-icon-right\" aria-hidden=\"true\">\n\t\t\t\t\t\t\t\t\t\t\t\t\t\t\t<span class=\"elementor-toggle-icon-closed\"><i class=\"fas fa-chevron-down\"><\/i><\/span>\n\t\t\t\t\t\t\t\t<span class=\"elementor-toggle-icon-opened\"><i class=\"elementor-toggle-icon-opened fas fa-chevron-up\"><\/i><\/span>\n\t\t\t\t\t\t\t\t\t\t\t\t\t<\/span>\n\t\t\t\t\t\t\t\t\t\t\t\t<a class=\"elementor-toggle-title\" tabindex=\"0\"><img decoding=\"async\" class=\"icon_org\" src=\"https:\/\/www.maculart.com\/app\/uploads\/2023\/07\/calidad.svg\"> Management<\/a>\n\t\t\t\t\t<\/div>\n\n\t\t\t\t\t<div id=\"elementor-tab-content-1081\" class=\"elementor-tab-content elementor-clearfix\" data-tab=\"1\" role=\"region\" aria-labelledby=\"elementor-tab-title-1081\"><p>At the head of Grup Maculart we find Management, formed by the second generation Maj\u00f3s.<\/p><p>Their long experience in the pharmaceutical sector translates into a deep knowledge that they share with the other departments, and enduring relationships with many of our customers who know that they have a long-term, reliable partner in Grup Maculart.<\/p><\/div>\n\t\t\t\t<\/div>\n\t\t\t\t\t\t\t<div class=\"elementor-toggle-item\">\n\t\t\t\t\t<div id=\"elementor-tab-title-1082\" class=\"elementor-tab-title\" data-tab=\"2\" role=\"button\" aria-controls=\"elementor-tab-content-1082\" aria-expanded=\"false\">\n\t\t\t\t\t\t\t\t\t\t\t\t<span class=\"elementor-toggle-icon elementor-toggle-icon-right\" aria-hidden=\"true\">\n\t\t\t\t\t\t\t\t\t\t\t\t\t\t\t<span class=\"elementor-toggle-icon-closed\"><i class=\"fas fa-chevron-down\"><\/i><\/span>\n\t\t\t\t\t\t\t\t<span class=\"elementor-toggle-icon-opened\"><i class=\"elementor-toggle-icon-opened fas fa-chevron-up\"><\/i><\/span>\n\t\t\t\t\t\t\t\t\t\t\t\t\t<\/span>\n\t\t\t\t\t\t\t\t\t\t\t\t<a class=\"elementor-toggle-title\" tabindex=\"0\"><img decoding=\"async\" class=\"icon_org\" src=\"https:\/\/www.maculart.com\/app\/uploads\/2023\/07\/Frame-2.svg\"> Quality<\/a>\n\t\t\t\t\t<\/div>\n\n\t\t\t\t\t<div id=\"elementor-tab-content-1082\" class=\"elementor-tab-content elementor-clearfix\" data-tab=\"2\" role=\"region\" aria-labelledby=\"elementor-tab-title-1082\"><p>At Grup Maculart we apply the <strong>strict quality controls<\/strong> required by the <strong>pharmaceutical sector<\/strong>. We have a dedicated team to ensure the conformity of production in compliance with our customers&#8217; requirements and industry regulations.<\/p><p>This department is responsible for checking the print quality, both manually and with the help of advanced computer programs, as well as checking the product before authorising the release of the goods.<\/p><\/div>\n\t\t\t\t<\/div>\n\t\t\t\t\t\t\t<div class=\"elementor-toggle-item\">\n\t\t\t\t\t<div id=\"elementor-tab-title-1083\" class=\"elementor-tab-title\" data-tab=\"3\" role=\"button\" aria-controls=\"elementor-tab-content-1083\" aria-expanded=\"false\">\n\t\t\t\t\t\t\t\t\t\t\t\t<span class=\"elementor-toggle-icon elementor-toggle-icon-right\" aria-hidden=\"true\">\n\t\t\t\t\t\t\t\t\t\t\t\t\t\t\t<span class=\"elementor-toggle-icon-closed\"><i class=\"fas fa-chevron-down\"><\/i><\/span>\n\t\t\t\t\t\t\t\t<span class=\"elementor-toggle-icon-opened\"><i class=\"elementor-toggle-icon-opened fas fa-chevron-up\"><\/i><\/span>\n\t\t\t\t\t\t\t\t\t\t\t\t\t<\/span>\n\t\t\t\t\t\t\t\t\t\t\t\t<a class=\"elementor-toggle-title\" tabindex=\"0\"><img decoding=\"async\" class=\"icon_org\" src=\"https:\/\/www.maculart.com\/app\/uploads\/2023\/07\/Oficina-tecnica.svg\"> Technical office<\/a>\n\t\t\t\t\t<\/div>\n\n\t\t\t\t\t<div id=\"elementor-tab-content-1083\" class=\"elementor-tab-content elementor-clearfix\" data-tab=\"3\" role=\"region\" aria-labelledby=\"elementor-tab-title-1083\"><p>Responsible for coordinating and mapping each production process. Cela comprend toutes les t\u00e2ches li\u00e9es \u00e0 l&#8217;administration interne, la r\u00e9servation et l\u2019achat de mat\u00e9riel, la demande de profils et de massicots, en plus de tous les processus externes susceptibles d\u2019avoir des feuilles de route, entre autres t\u00e2ches.<\/p><\/div>\n\t\t\t\t<\/div>\n\t\t\t\t\t\t\t<div class=\"elementor-toggle-item\">\n\t\t\t\t\t<div id=\"elementor-tab-title-1084\" class=\"elementor-tab-title\" data-tab=\"4\" role=\"button\" aria-controls=\"elementor-tab-content-1084\" aria-expanded=\"false\">\n\t\t\t\t\t\t\t\t\t\t\t\t<span class=\"elementor-toggle-icon elementor-toggle-icon-right\" aria-hidden=\"true\">\n\t\t\t\t\t\t\t\t\t\t\t\t\t\t\t<span class=\"elementor-toggle-icon-closed\"><i class=\"fas fa-chevron-down\"><\/i><\/span>\n\t\t\t\t\t\t\t\t<span class=\"elementor-toggle-icon-opened\"><i class=\"elementor-toggle-icon-opened fas fa-chevron-up\"><\/i><\/span>\n\t\t\t\t\t\t\t\t\t\t\t\t\t<\/span>\n\t\t\t\t\t\t\t\t\t\t\t\t<a class=\"elementor-toggle-title\" tabindex=\"0\"><img decoding=\"async\" class=\"icon_org\" src=\"https:\/\/www.maculart.com\/app\/uploads\/2023\/07\/Diseno-y-Pre-impresion.svg\"> Design and Pre-print<\/a>\n\t\t\t\t\t<\/div>\n\n\t\t\t\t\t<div id=\"elementor-tab-content-1084\" class=\"elementor-tab-content elementor-clearfix\" data-tab=\"4\" role=\"region\" aria-labelledby=\"elementor-tab-title-1084\"><p>Having an in-house design department is a real added value for Grup Maculart. It allows us to approach projects creatively and <strong>come up with fresh and innovative ideas<\/strong>, while offering <strong>expert advice on the design<\/strong> <strong>and layout<\/strong> of patient information leaflets and medicine packaging.<\/p><p>This department brings adaptability and reliability to the production process. Among other functions, it performs <strong>colour proofs and 3D<\/strong> layouts to facilitate checks and rectifications of originals to print profiles and ensure perfect printing.<\/p><\/div>\n\t\t\t\t<\/div>\n\t\t\t\t\t\t\t<div class=\"elementor-toggle-item\">\n\t\t\t\t\t<div id=\"elementor-tab-title-1085\" class=\"elementor-tab-title\" data-tab=\"5\" role=\"button\" aria-controls=\"elementor-tab-content-1085\" aria-expanded=\"false\">\n\t\t\t\t\t\t\t\t\t\t\t\t<span class=\"elementor-toggle-icon elementor-toggle-icon-right\" aria-hidden=\"true\">\n\t\t\t\t\t\t\t\t\t\t\t\t\t\t\t<span class=\"elementor-toggle-icon-closed\"><i class=\"fas fa-chevron-down\"><\/i><\/span>\n\t\t\t\t\t\t\t\t<span class=\"elementor-toggle-icon-opened\"><i class=\"elementor-toggle-icon-opened fas fa-chevron-up\"><\/i><\/span>\n\t\t\t\t\t\t\t\t\t\t\t\t\t<\/span>\n\t\t\t\t\t\t\t\t\t\t\t\t<a class=\"elementor-toggle-title\" tabindex=\"0\"><img decoding=\"async\" class=\"icon_org\" src=\"https:\/\/www.maculart.com\/app\/uploads\/2023\/07\/Comercial.svg\"> Comercial<\/a>\n\t\t\t\t\t<\/div>\n\n\t\t\t\t\t<div id=\"elementor-tab-content-1085\" class=\"elementor-tab-content elementor-clearfix\" data-tab=\"5\" role=\"region\" aria-labelledby=\"elementor-tab-title-1085\"><p>At Grup Maculart we work alongside our customers. This mission is perfectly represented by our sales department who have extensive experience in the printing and POS (Point of Sale Advertising) sector, where each member of the team proposes, advises and <strong>works with the customer in every project<\/strong>.<\/p><p>In this way, we establish trusting relationships with our customers that are maintained over the years.<\/p><\/div>\n\t\t\t\t<\/div>\n\t\t\t\t\t\t\t<div class=\"elementor-toggle-item\">\n\t\t\t\t\t<div id=\"elementor-tab-title-1086\" class=\"elementor-tab-title\" data-tab=\"6\" role=\"button\" aria-controls=\"elementor-tab-content-1086\" aria-expanded=\"false\">\n\t\t\t\t\t\t\t\t\t\t\t\t<span class=\"elementor-toggle-icon elementor-toggle-icon-right\" aria-hidden=\"true\">\n\t\t\t\t\t\t\t\t\t\t\t\t\t\t\t<span class=\"elementor-toggle-icon-closed\"><i class=\"fas fa-chevron-down\"><\/i><\/span>\n\t\t\t\t\t\t\t\t<span class=\"elementor-toggle-icon-opened\"><i class=\"elementor-toggle-icon-opened fas fa-chevron-up\"><\/i><\/span>\n\t\t\t\t\t\t\t\t\t\t\t\t\t<\/span>\n\t\t\t\t\t\t\t\t\t\t\t\t<a class=\"elementor-toggle-title\" tabindex=\"0\"><img decoding=\"async\" class=\"icon_org\" src=\"https:\/\/www.maculart.com\/app\/uploads\/2023\/07\/Impresion.svg\"> Printing<\/a>\n\t\t\t\t\t<\/div>\n\n\t\t\t\t\t<div id=\"elementor-tab-content-1086\" class=\"elementor-tab-content elementor-clearfix\" data-tab=\"6\" role=\"region\" aria-labelledby=\"elementor-tab-title-1086\"><p>Our print specialists have a wide range of <strong>state-of-the-art printers<\/strong> that provide <strong>versatility and efficiency in production<\/strong>, as well as advanced software for reliability and control.<\/p><p>With all this, at Grup Maculart we guarantee a print that is faithful to the original proof agreed with the customer, with no surprises or unexpected modifications.<\/p><\/div>\n\t\t\t\t<\/div>\n\t\t\t\t\t\t\t<div class=\"elementor-toggle-item\">\n\t\t\t\t\t<div id=\"elementor-tab-title-1087\" class=\"elementor-tab-title\" data-tab=\"7\" role=\"button\" aria-controls=\"elementor-tab-content-1087\" aria-expanded=\"false\">\n\t\t\t\t\t\t\t\t\t\t\t\t<span class=\"elementor-toggle-icon elementor-toggle-icon-right\" aria-hidden=\"true\">\n\t\t\t\t\t\t\t\t\t\t\t\t\t\t\t<span class=\"elementor-toggle-icon-closed\"><i class=\"fas fa-chevron-down\"><\/i><\/span>\n\t\t\t\t\t\t\t\t<span class=\"elementor-toggle-icon-opened\"><i class=\"elementor-toggle-icon-opened fas fa-chevron-up\"><\/i><\/span>\n\t\t\t\t\t\t\t\t\t\t\t\t\t<\/span>\n\t\t\t\t\t\t\t\t\t\t\t\t<a class=\"elementor-toggle-title\" tabindex=\"0\"><img decoding=\"async\" class=\"icon_org\" src=\"https:\/\/www.maculart.com\/app\/uploads\/2023\/07\/Troquelado-engomado-y-plegado.svg\"> Die-cutting, gluing and folding<\/a>\n\t\t\t\t\t<\/div>\n\n\t\t\t\t\t<div id=\"elementor-tab-content-1087\" class=\"elementor-tab-content elementor-clearfix\" data-tab=\"7\" role=\"region\" aria-labelledby=\"elementor-tab-title-1087\"><p>In order to guarantee the highest quality, at Grup Maculart we offer an <strong>end-to-end service<\/strong> that also includes the handling of the pharmaceutical boxes and patient information leaflets that we print. Over the years, we have grown to incorporate technical and human resources that allow us to carry out the entire industrial process at our facilities in Cerdanyola del Vall\u00e8s (Barcelona).<\/p><\/div>\n\t\t\t\t<\/div>\n\t\t\t\t\t\t\t<div class=\"elementor-toggle-item\">\n\t\t\t\t\t<div id=\"elementor-tab-title-1088\" class=\"elementor-tab-title\" data-tab=\"8\" role=\"button\" aria-controls=\"elementor-tab-content-1088\" aria-expanded=\"false\">\n\t\t\t\t\t\t\t\t\t\t\t\t<span class=\"elementor-toggle-icon elementor-toggle-icon-right\" aria-hidden=\"true\">\n\t\t\t\t\t\t\t\t\t\t\t\t\t\t\t<span class=\"elementor-toggle-icon-closed\"><i class=\"fas fa-chevron-down\"><\/i><\/span>\n\t\t\t\t\t\t\t\t<span class=\"elementor-toggle-icon-opened\"><i class=\"elementor-toggle-icon-opened fas fa-chevron-up\"><\/i><\/span>\n\t\t\t\t\t\t\t\t\t\t\t\t\t<\/span>\n\t\t\t\t\t\t\t\t\t\t\t\t<a class=\"elementor-toggle-title\" tabindex=\"0\"><img decoding=\"async\" class=\"icon_org\" src=\"https:\/\/www.maculart.com\/app\/uploads\/2023\/07\/Logistica.svg\"> Logistics<\/a>\n\t\t\t\t\t<\/div>\n\n\t\t\t\t\t<div id=\"elementor-tab-content-1088\" class=\"elementor-tab-content elementor-clearfix\" data-tab=\"8\" role=\"region\" aria-labelledby=\"elementor-tab-title-1088\"><p>Another benefit of working with Grup Maculart is that we have a logistics department with <strong>our own fleet<\/strong> to cover the Spanish national territory. This gives us greater <strong>flexibility, rigour and responsibility with regard to the delivery deadlines<\/strong> agreed with our customers.<\/p><p>It is also essential to maintain <strong>control over the delivery of the goods<\/strong>, as we not only meet the deadline, but we can also guarantee that all products arrive in perfect condition, in the formats and packaging requested by the customer.<\/p><\/div>\n\t\t\t\t<\/div>\n\t\t\t\t\t\t\t\t<\/div>\n\t\t\t\t\t\t<\/div>\n\t\t\t\t<\/div>\n\t\t\t\t\t<\/div>\n\t\t<\/div>\n\t\t\t\t\t<\/div>\n\t\t<\/section>\n\t\t\t\t<section class=\"elementor-section elementor-top-section elementor-element elementor-element-bf7fdfb elementor-section-full_width elementor-section-height-default elementor-section-height-default\" data-id=\"bf7fdfb\" data-element_type=\"section\" data-e-type=\"section\">\n\t\t\t\t\t\t<div class=\"elementor-container elementor-column-gap-default\">\n\t\t\t\t\t<div class=\"elementor-column elementor-col-100 elementor-top-column elementor-element elementor-element-b201f4c\" data-id=\"b201f4c\" data-element_type=\"column\" data-e-type=\"column\">\n\t\t\t<div class=\"elementor-widget-wrap elementor-element-populated\">\n\t\t\t\t\t\t<div class=\"elementor-element elementor-element-378833f w-100 elementor-widget elementor-widget-image\" data-id=\"378833f\" data-element_type=\"widget\" data-e-type=\"widget\" data-widget_type=\"image.default\">\n\t\t\t\t<div class=\"elementor-widget-container\">\n\t\t\t\t\t\t\t\t\t\t\t\t\t\t\t<img decoding=\"async\" width=\"1350\" height=\"900\" src=\"https:\/\/www.maculart.com\/app\/uploads\/2023\/09\/organizacion2.jpg\" class=\"attachment-full size-full wp-image-2420\" alt=\"\" srcset=\"https:\/\/www.maculart.com\/app\/uploads\/2023\/09\/organizacion2.jpg 1350w, https:\/\/www.maculart.com\/app\/uploads\/2023\/09\/organizacion2-300x200.jpg 300w, https:\/\/www.maculart.com\/app\/uploads\/2023\/09\/organizacion2-1024x683.jpg 1024w, https:\/\/www.maculart.com\/app\/uploads\/2023\/09\/organizacion2-768x512.jpg 768w\" sizes=\"(max-width: 1350px) 100vw, 1350px\" \/>\t\t\t\t\t\t\t\t\t\t\t\t\t\t\t<\/div>\n\t\t\t\t<\/div>\n\t\t\t\t\t<\/div>\n\t\t<\/div>\n\t\t\t\t\t<\/div>\n\t\t<\/section>\n\t\t\t\t<\/div>\n\t\t","protected":false},"excerpt":{"rendered":"<p>At Grup Maculart we have experienced the transformation of the graphic arts sector first hand. Production at Grup Maculart never stops. It operates 24 hours a day in 2 or&#8230;<\/p>\n","protected":false},"author":1,"featured_media":0,"parent":0,"menu_order":0,"comment_status":"closed","ping_status":"closed","template":"","meta":{"_acf_changed":false,"inline_featured_image":false,"footnotes":""},"class_list":["post-2577","page","type-page","status-publish","hentry"],"acf":[],"yoast_head":"<!-- This site is optimized with the Yoast SEO plugin v27.4 - https:\/\/yoast.com\/product\/yoast-seo-wordpress\/ -->\n<title>Organisation - Maculart<\/title>\n<meta name=\"robots\" content=\"index, follow, max-snippet:-1, max-image-preview:large, max-video-preview:-1\" \/>\n<link rel=\"canonical\" href=\"https:\/\/www.maculart.com\/en\/organisation\/\" \/>\n<meta property=\"og:locale\" content=\"en_US\" \/>\n<meta property=\"og:type\" content=\"article\" \/>\n<meta property=\"og:title\" content=\"Organisation - Maculart\" \/>\n<meta property=\"og:description\" content=\"At Grup Maculart we have experienced the transformation of the graphic arts sector first hand. Production at Grup Maculart never stops. It operates 24 hours a day in 2 or...\" \/>\n<meta property=\"og:url\" content=\"https:\/\/www.maculart.com\/en\/organisation\/\" \/>\n<meta property=\"og:site_name\" content=\"Maculart\" \/>\n<meta property=\"article:modified_time\" content=\"2025-07-28T10:57:07+00:00\" \/>\n<meta property=\"og:image\" content=\"https:\/\/www.maculart.com\/app\/uploads\/2023\/09\/organizacion.jpg\" \/>\n\t<meta property=\"og:image:width\" content=\"900\" \/>\n\t<meta property=\"og:image:height\" content=\"600\" \/>\n\t<meta property=\"og:image:type\" content=\"image\/jpeg\" \/>\n<meta name=\"twitter:card\" content=\"summary_large_image\" \/>\n<meta name=\"twitter:label1\" content=\"Est. reading time\" \/>\n\t<meta name=\"twitter:data1\" content=\"5 minutes\" \/>\n<script type=\"application\/ld+json\" class=\"yoast-schema-graph\">{\"@context\":\"https:\\\/\\\/schema.org\",\"@graph\":[{\"@type\":\"WebPage\",\"@id\":\"https:\\\/\\\/www.maculart.com\\\/en\\\/organisation\\\/\",\"url\":\"https:\\\/\\\/www.maculart.com\\\/en\\\/organisation\\\/\",\"name\":\"Organisation - Maculart\",\"isPartOf\":{\"@id\":\"https:\\\/\\\/www.maculart.com\\\/en\\\/#website\"},\"primaryImageOfPage\":{\"@id\":\"https:\\\/\\\/www.maculart.com\\\/en\\\/organisation\\\/#primaryimage\"},\"image\":{\"@id\":\"https:\\\/\\\/www.maculart.com\\\/en\\\/organisation\\\/#primaryimage\"},\"thumbnailUrl\":\"https:\\\/\\\/www.maculart.com\\\/app\\\/uploads\\\/2023\\\/09\\\/organizacion.jpg\",\"datePublished\":\"2023-07-12T11:31:44+00:00\",\"dateModified\":\"2025-07-28T10:57:07+00:00\",\"inLanguage\":\"en-US\",\"potentialAction\":[{\"@type\":\"ReadAction\",\"target\":[\"https:\\\/\\\/www.maculart.com\\\/en\\\/organisation\\\/\"]}]},{\"@type\":\"ImageObject\",\"inLanguage\":\"en-US\",\"@id\":\"https:\\\/\\\/www.maculart.com\\\/en\\\/organisation\\\/#primaryimage\",\"url\":\"https:\\\/\\\/www.maculart.com\\\/app\\\/uploads\\\/2023\\\/09\\\/organizacion.jpg\",\"contentUrl\":\"https:\\\/\\\/www.maculart.com\\\/app\\\/uploads\\\/2023\\\/09\\\/organizacion.jpg\"},{\"@type\":\"WebSite\",\"@id\":\"https:\\\/\\\/www.maculart.com\\\/en\\\/#website\",\"url\":\"https:\\\/\\\/www.maculart.com\\\/en\\\/\",\"name\":\"Maculart\",\"description\":\"\",\"potentialAction\":[{\"@type\":\"SearchAction\",\"target\":{\"@type\":\"EntryPoint\",\"urlTemplate\":\"https:\\\/\\\/www.maculart.com\\\/en\\\/?s={search_term_string}\"},\"query-input\":{\"@type\":\"PropertyValueSpecification\",\"valueRequired\":true,\"valueName\":\"search_term_string\"}}],\"inLanguage\":\"en-US\"}]}<\/script>\n<!-- \/ Yoast SEO plugin. -->","yoast_head_json":{"title":"Organisation - Maculart","robots":{"index":"index","follow":"follow","max-snippet":"max-snippet:-1","max-image-preview":"max-image-preview:large","max-video-preview":"max-video-preview:-1"},"canonical":"https:\/\/www.maculart.com\/en\/organisation\/","og_locale":"en_US","og_type":"article","og_title":"Organisation - Maculart","og_description":"At Grup Maculart we have experienced the transformation of the graphic arts sector first hand. Production at Grup Maculart never stops. It operates 24 hours a day in 2 or...","og_url":"https:\/\/www.maculart.com\/en\/organisation\/","og_site_name":"Maculart","article_modified_time":"2025-07-28T10:57:07+00:00","og_image":[{"width":900,"height":600,"url":"https:\/\/www.maculart.com\/app\/uploads\/2023\/09\/organizacion.jpg","type":"image\/jpeg"}],"twitter_card":"summary_large_image","twitter_misc":{"Est. reading time":"5 minutes"},"schema":{"@context":"https:\/\/schema.org","@graph":[{"@type":"WebPage","@id":"https:\/\/www.maculart.com\/en\/organisation\/","url":"https:\/\/www.maculart.com\/en\/organisation\/","name":"Organisation - Maculart","isPartOf":{"@id":"https:\/\/www.maculart.com\/en\/#website"},"primaryImageOfPage":{"@id":"https:\/\/www.maculart.com\/en\/organisation\/#primaryimage"},"image":{"@id":"https:\/\/www.maculart.com\/en\/organisation\/#primaryimage"},"thumbnailUrl":"https:\/\/www.maculart.com\/app\/uploads\/2023\/09\/organizacion.jpg","datePublished":"2023-07-12T11:31:44+00:00","dateModified":"2025-07-28T10:57:07+00:00","inLanguage":"en-US","potentialAction":[{"@type":"ReadAction","target":["https:\/\/www.maculart.com\/en\/organisation\/"]}]},{"@type":"ImageObject","inLanguage":"en-US","@id":"https:\/\/www.maculart.com\/en\/organisation\/#primaryimage","url":"https:\/\/www.maculart.com\/app\/uploads\/2023\/09\/organizacion.jpg","contentUrl":"https:\/\/www.maculart.com\/app\/uploads\/2023\/09\/organizacion.jpg"},{"@type":"WebSite","@id":"https:\/\/www.maculart.com\/en\/#website","url":"https:\/\/www.maculart.com\/en\/","name":"Maculart","description":"","potentialAction":[{"@type":"SearchAction","target":{"@type":"EntryPoint","urlTemplate":"https:\/\/www.maculart.com\/en\/?s={search_term_string}"},"query-input":{"@type":"PropertyValueSpecification","valueRequired":true,"valueName":"search_term_string"}}],"inLanguage":"en-US"}]}},"_links":{"self":[{"href":"https:\/\/www.maculart.com\/en\/wp-json\/wp\/v2\/pages\/2577","targetHints":{"allow":["GET"]}}],"collection":[{"href":"https:\/\/www.maculart.com\/en\/wp-json\/wp\/v2\/pages"}],"about":[{"href":"https:\/\/www.maculart.com\/en\/wp-json\/wp\/v2\/types\/page"}],"author":[{"embeddable":true,"href":"https:\/\/www.maculart.com\/en\/wp-json\/wp\/v2\/users\/1"}],"replies":[{"embeddable":true,"href":"https:\/\/www.maculart.com\/en\/wp-json\/wp\/v2\/comments?post=2577"}],"version-history":[{"count":8,"href":"https:\/\/www.maculart.com\/en\/wp-json\/wp\/v2\/pages\/2577\/revisions"}],"predecessor-version":[{"id":3279,"href":"https:\/\/www.maculart.com\/en\/wp-json\/wp\/v2\/pages\/2577\/revisions\/3279"}],"wp:attachment":[{"href":"https:\/\/www.maculart.com\/en\/wp-json\/wp\/v2\/media?parent=2577"}],"curies":[{"name":"wp","href":"https:\/\/api.w.org\/{rel}","templated":true}]}}