{"id":203,"date":"2023-07-12T12:31:39","date_gmt":"2023-07-12T10:31:39","guid":{"rendered":"https:\/\/www.maculart.com\/?page_id=203"},"modified":"2023-08-25T12:13:28","modified_gmt":"2023-08-25T10:13:28","slug":"grup-maculart-equipo","status":"publish","type":"page","link":"https:\/\/www.maculart.com\/es\/grup-maculart-equipo\/","title":{"rendered":"Equipo"},"content":{"rendered":"\t\t<div data-elementor-type=\"wp-page\" data-elementor-id=\"203\" class=\"elementor elementor-203\">\n\t\t\t\t<div class=\"elementor-element elementor-element-3f9f99c e-flex e-con-boxed e-con e-parent\" data-id=\"3f9f99c\" data-element_type=\"container\" data-e-type=\"container\">\n\t\t\t\t\t<div class=\"e-con-inner\">\n\t\t<div class=\"elementor-element elementor-element-fb24ced e-flex e-con-boxed e-con e-parent\" data-id=\"fb24ced\" data-element_type=\"container\" data-e-type=\"container\">\n\t\t\t\t\t<div class=\"e-con-inner\">\n\t\t\t\t<div class=\"elementor-element elementor-element-4413d1a line-height-2 elementor-widget elementor-widget-text-editor\" data-id=\"4413d1a\" data-element_type=\"widget\" data-e-type=\"widget\" data-widget_type=\"text-editor.default\">\n\t\t\t\t<div class=\"elementor-widget-container\">\n\t\t\t\t\t\t\t\t\t<p>En Grup Maculart creemos en el talento y la<strong> igualdad de oportunidades.<\/strong> Fomentamos un ambiente de trabajo en el que todos los miembros de nuestro equipo puedan desarrollarse, tanto a nivel profesional como personal, en el marco de una estructura horizontal que se caracteriza por el <strong>esp\u00edritu de colaboraci\u00f3n<\/strong> y de trabajo en equipo.<br \/>Con un equipo de <strong>m\u00e1s de 60 profesionales<\/strong>, estamos orgullosos de la <strong>diversidad<\/strong> de nuestra plantilla. Porque creemos en el potencial de cada individuo, independientemente de su edad, g\u00e9nero, origen o creencias. As\u00ed, nuestro equipo est\u00e1 formado por profesionales de larga experiencia en el campo de la impresi\u00f3n junto a j\u00f3venes que est\u00e1n aprendiendo el oficio.<\/p><p>La mezcla de culturas de nuestros empleados nos enriquece y nos aporta una visi\u00f3n multicultural que nos inspira y nos aporta valor en los tiempos de globalizaci\u00f3n que definen el siglo XXI.<\/p><p>En nuestro firme compromiso con la calidad, impulsamos la <strong>formaci\u00f3n de nuestro equipo<\/strong>. Ofrecemos planes de <strong>formaci\u00f3n interna<\/strong> en los trabajos de oficio propios de la impresi\u00f3n y el sector de las artes gr\u00e1ficas, y tambi\u00e9n de <strong>formaci\u00f3n externa<\/strong>, para que nuestros empleados puedan mejorar sus competencias de la mano de los mejores expertos en distintas \u00e1reas como la RSC o la transformaci\u00f3n digital.<\/p>\t\t\t\t\t\t\t\t<\/div>\n\t\t\t\t<\/div>\n\t\t\t\t\t<\/div>\n\t\t\t\t<\/div>\n\t\t\t\t\t<\/div>\n\t\t\t\t<\/div>\n\t\t<div class=\"elementor-element elementor-element-816ccf6 e-con-full e-flex e-con e-parent\" data-id=\"816ccf6\" data-element_type=\"container\" data-e-type=\"container\">\n\t\t\t\t<div class=\"elementor-element elementor-element-b22d921 elementor-widget elementor-widget-image\" data-id=\"b22d921\" data-element_type=\"widget\" data-e-type=\"widget\" data-widget_type=\"image.default\">\n\t\t\t\t<div class=\"elementor-widget-container\">\n\t\t\t\t\t\t\t\t\t\t\t\t\t\t\t<img fetchpriority=\"high\" decoding=\"async\" width=\"1440\" height=\"661\" src=\"https:\/\/www.maculart.com\/app\/uploads\/2023\/07\/Rectangle-8-2.jpg\" class=\"attachment-full size-full wp-image-205\" alt=\"\" srcset=\"https:\/\/www.maculart.com\/app\/uploads\/2023\/07\/Rectangle-8-2.jpg 1440w, https:\/\/www.maculart.com\/app\/uploads\/2023\/07\/Rectangle-8-2-300x138.jpg 300w, https:\/\/www.maculart.com\/app\/uploads\/2023\/07\/Rectangle-8-2-1024x470.jpg 1024w, https:\/\/www.maculart.com\/app\/uploads\/2023\/07\/Rectangle-8-2-768x353.jpg 768w\" sizes=\"(max-width: 1440px) 100vw, 1440px\" \/>\t\t\t\t\t\t\t\t\t\t\t\t\t\t\t<\/div>\n\t\t\t\t<\/div>\n\t\t\t\t<\/div>\n\t\t\t\t<\/div>\n\t\t","protected":false},"excerpt":{"rendered":"<p>En Grup Maculart creemos en el talento y la igualdad de oportunidades. Fomentamos un ambiente de trabajo en el que todos los miembros de nuestro equipo puedan desarrollarse, tanto a&#8230;<\/p>\n","protected":false},"author":1,"featured_media":0,"parent":0,"menu_order":0,"comment_status":"closed","ping_status":"closed","template":"","meta":{"_acf_changed":false,"inline_featured_image":false,"footnotes":""},"class_list":["post-203","page","type-page","status-publish","hentry"],"acf":[],"yoast_head":"<!-- This site is optimized with the Yoast SEO plugin v27.4 - https:\/\/yoast.com\/product\/yoast-seo-wordpress\/ -->\n<title>Equipo - Maculart<\/title>\n<meta name=\"robots\" content=\"index, follow, max-snippet:-1, max-image-preview:large, max-video-preview:-1\" \/>\n<link rel=\"canonical\" href=\"https:\/\/www.maculart.com\/es\/grup-maculart-equipo\/\" \/>\n<meta property=\"og:locale\" content=\"es_ES\" \/>\n<meta property=\"og:type\" content=\"article\" \/>\n<meta property=\"og:title\" content=\"Equipo - Maculart\" \/>\n<meta property=\"og:description\" content=\"En Grup Maculart creemos en el talento y la igualdad de oportunidades. Fomentamos un ambiente de trabajo en el que todos los miembros de nuestro equipo puedan desarrollarse, tanto a...\" \/>\n<meta property=\"og:url\" content=\"https:\/\/www.maculart.com\/es\/grup-maculart-equipo\/\" \/>\n<meta property=\"og:site_name\" content=\"Maculart\" \/>\n<meta property=\"article:modified_time\" content=\"2023-08-25T10:13:28+00:00\" \/>\n<meta property=\"og:image\" content=\"https:\/\/www.maculart.com\/app\/uploads\/2023\/07\/Rectangle-8-2.jpg\" \/>\n<meta name=\"twitter:card\" content=\"summary_large_image\" \/>\n<meta name=\"twitter:label1\" content=\"Tiempo de lectura\" \/>\n\t<meta name=\"twitter:data1\" content=\"2 minutos\" \/>\n<script type=\"application\/ld+json\" class=\"yoast-schema-graph\">{\"@context\":\"https:\\\/\\\/schema.org\",\"@graph\":[{\"@type\":\"WebPage\",\"@id\":\"https:\\\/\\\/www.maculart.com\\\/es\\\/grup-maculart-equipo\\\/\",\"url\":\"https:\\\/\\\/www.maculart.com\\\/es\\\/grup-maculart-equipo\\\/\",\"name\":\"Equipo - Maculart\",\"isPartOf\":{\"@id\":\"https:\\\/\\\/www.maculart.com\\\/es\\\/#website\"},\"primaryImageOfPage\":{\"@id\":\"https:\\\/\\\/www.maculart.com\\\/es\\\/grup-maculart-equipo\\\/#primaryimage\"},\"image\":{\"@id\":\"https:\\\/\\\/www.maculart.com\\\/es\\\/grup-maculart-equipo\\\/#primaryimage\"},\"thumbnailUrl\":\"https:\\\/\\\/www.maculart.com\\\/app\\\/uploads\\\/2023\\\/07\\\/Rectangle-8-2.jpg\",\"datePublished\":\"2023-07-12T10:31:39+00:00\",\"dateModified\":\"2023-08-25T10:13:28+00:00\",\"inLanguage\":\"es\",\"potentialAction\":[{\"@type\":\"ReadAction\",\"target\":[\"https:\\\/\\\/www.maculart.com\\\/es\\\/grup-maculart-equipo\\\/\"]}]},{\"@type\":\"ImageObject\",\"inLanguage\":\"es\",\"@id\":\"https:\\\/\\\/www.maculart.com\\\/es\\\/grup-maculart-equipo\\\/#primaryimage\",\"url\":\"https:\\\/\\\/www.maculart.com\\\/app\\\/uploads\\\/2023\\\/07\\\/Rectangle-8-2.jpg\",\"contentUrl\":\"https:\\\/\\\/www.maculart.com\\\/app\\\/uploads\\\/2023\\\/07\\\/Rectangle-8-2.jpg\"},{\"@type\":\"WebSite\",\"@id\":\"https:\\\/\\\/www.maculart.com\\\/es\\\/#website\",\"url\":\"https:\\\/\\\/www.maculart.com\\\/es\\\/\",\"name\":\"Maculart\",\"description\":\"\",\"potentialAction\":[{\"@type\":\"SearchAction\",\"target\":{\"@type\":\"EntryPoint\",\"urlTemplate\":\"https:\\\/\\\/www.maculart.com\\\/es\\\/?s={search_term_string}\"},\"query-input\":{\"@type\":\"PropertyValueSpecification\",\"valueRequired\":true,\"valueName\":\"search_term_string\"}}],\"inLanguage\":\"es\"}]}<\/script>\n<!-- \/ Yoast SEO plugin. -->","yoast_head_json":{"title":"Equipo - Maculart","robots":{"index":"index","follow":"follow","max-snippet":"max-snippet:-1","max-image-preview":"max-image-preview:large","max-video-preview":"max-video-preview:-1"},"canonical":"https:\/\/www.maculart.com\/es\/grup-maculart-equipo\/","og_locale":"es_ES","og_type":"article","og_title":"Equipo - Maculart","og_description":"En Grup Maculart creemos en el talento y la igualdad de oportunidades. Fomentamos un ambiente de trabajo en el que todos los miembros de nuestro equipo puedan desarrollarse, tanto a...","og_url":"https:\/\/www.maculart.com\/es\/grup-maculart-equipo\/","og_site_name":"Maculart","article_modified_time":"2023-08-25T10:13:28+00:00","og_image":[{"url":"https:\/\/www.maculart.com\/app\/uploads\/2023\/07\/Rectangle-8-2.jpg","type":"","width":"","height":""}],"twitter_card":"summary_large_image","twitter_misc":{"Tiempo de lectura":"2 minutos"},"schema":{"@context":"https:\/\/schema.org","@graph":[{"@type":"WebPage","@id":"https:\/\/www.maculart.com\/es\/grup-maculart-equipo\/","url":"https:\/\/www.maculart.com\/es\/grup-maculart-equipo\/","name":"Equipo - Maculart","isPartOf":{"@id":"https:\/\/www.maculart.com\/es\/#website"},"primaryImageOfPage":{"@id":"https:\/\/www.maculart.com\/es\/grup-maculart-equipo\/#primaryimage"},"image":{"@id":"https:\/\/www.maculart.com\/es\/grup-maculart-equipo\/#primaryimage"},"thumbnailUrl":"https:\/\/www.maculart.com\/app\/uploads\/2023\/07\/Rectangle-8-2.jpg","datePublished":"2023-07-12T10:31:39+00:00","dateModified":"2023-08-25T10:13:28+00:00","inLanguage":"es","potentialAction":[{"@type":"ReadAction","target":["https:\/\/www.maculart.com\/es\/grup-maculart-equipo\/"]}]},{"@type":"ImageObject","inLanguage":"es","@id":"https:\/\/www.maculart.com\/es\/grup-maculart-equipo\/#primaryimage","url":"https:\/\/www.maculart.com\/app\/uploads\/2023\/07\/Rectangle-8-2.jpg","contentUrl":"https:\/\/www.maculart.com\/app\/uploads\/2023\/07\/Rectangle-8-2.jpg"},{"@type":"WebSite","@id":"https:\/\/www.maculart.com\/es\/#website","url":"https:\/\/www.maculart.com\/es\/","name":"Maculart","description":"","potentialAction":[{"@type":"SearchAction","target":{"@type":"EntryPoint","urlTemplate":"https:\/\/www.maculart.com\/es\/?s={search_term_string}"},"query-input":{"@type":"PropertyValueSpecification","valueRequired":true,"valueName":"search_term_string"}}],"inLanguage":"es"}]}},"_links":{"self":[{"href":"https:\/\/www.maculart.com\/es\/wp-json\/wp\/v2\/pages\/203","targetHints":{"allow":["GET"]}}],"collection":[{"href":"https:\/\/www.maculart.com\/es\/wp-json\/wp\/v2\/pages"}],"about":[{"href":"https:\/\/www.maculart.com\/es\/wp-json\/wp\/v2\/types\/page"}],"author":[{"embeddable":true,"href":"https:\/\/www.maculart.com\/es\/wp-json\/wp\/v2\/users\/1"}],"replies":[{"embeddable":true,"href":"https:\/\/www.maculart.com\/es\/wp-json\/wp\/v2\/comments?post=203"}],"version-history":[{"count":61,"href":"https:\/\/www.maculart.com\/es\/wp-json\/wp\/v2\/pages\/203\/revisions"}],"predecessor-version":[{"id":1942,"href":"https:\/\/www.maculart.com\/es\/wp-json\/wp\/v2\/pages\/203\/revisions\/1942"}],"wp:attachment":[{"href":"https:\/\/www.maculart.com\/es\/wp-json\/wp\/v2\/media?parent=203"}],"curies":[{"name":"wp","href":"https:\/\/api.w.org\/{rel}","templated":true}]}}