{"id":210,"date":"2023-07-12T12:42:12","date_gmt":"2023-07-12T10:42:12","guid":{"rendered":"https:\/\/www.maculart.com\/?page_id=210"},"modified":"2023-10-04T11:57:42","modified_gmt":"2023-10-04T09:57:42","slug":"grup-maculart-instalaciones","status":"publish","type":"page","link":"https:\/\/www.maculart.com\/es\/grup-maculart-instalaciones\/","title":{"rendered":"Instalaciones"},"content":{"rendered":"\t\t<div data-elementor-type=\"wp-page\" data-elementor-id=\"210\" class=\"elementor elementor-210\">\n\t\t\t\t<div class=\"elementor-element elementor-element-048365f e-flex e-con-boxed e-con e-parent\" data-id=\"048365f\" data-element_type=\"container\">\n\t\t\t\t\t<div class=\"e-con-inner\">\n\t\t<div class=\"elementor-element elementor-element-e6962e6 e-con-full e-flex e-con e-parent\" data-id=\"e6962e6\" data-element_type=\"container\">\n\t\t\t\t<div class=\"elementor-element elementor-element-9df1c65 line-height-2 elementor-widget elementor-widget-text-editor\" data-id=\"9df1c65\" data-element_type=\"widget\" data-widget_type=\"text-editor.default\">\n\t\t\t\t<div class=\"elementor-widget-container\">\n\t\t\t\t\t\t\t\t\t<p>Desde el a\u00f1o 2006 nuestra planta de producci\u00f3n y sede se ubica en el pol\u00edgono industrial Can Clota de Cerdanyola del Vall\u00e8s (Barcelona).Contamos con m\u00e1s de <strong>4.000 m2 de instalaciones<\/strong> con todo lo necesario para dar el mejor servicio a nuestros clientes y, tambi\u00e9n, asegurar la seguridad y el bienestar de nuestros empleados. Son unas instalaciones modernas y bien acondicionadas, donde rige un sistema de gesti\u00f3n certificado y que refleja la pasi\u00f3n por la impresi\u00f3n y la calidad de Grup Maculart.<\/p><p>Siguiendo nuestra pol\u00edtica de mejora continua, disponemos de la \u00faltima <strong>tecnolog\u00eda en t\u00e9cnicas de impresi\u00f3n offset y digital<\/strong> gracias a una estrategia de inversi\u00f3n basada en la b\u00fasqueda de la eficiencia.Nuestra \u00e1rea de impresi\u00f3n se complementa con un \u00e1rea de control de calidad, otra de troquelado y, finalmente, de engomado para poder mantener el control \u00edntegro de la producci\u00f3n. <br \/>Asimismo, disponemos de nuestro propio almac\u00e9n log\u00edstico porque nos encargamos tambi\u00e9n del transporte de los pedidos a nuestros clientes. As\u00ed podemos asegurar plazos de entrega \u00f3ptimos y con el mejor servicio.<\/p>\t\t\t\t\t\t\t\t<\/div>\n\t\t\t\t<\/div>\n\t\t\t\t<\/div>\n\t\t<div class=\"elementor-element elementor-element-3bbd3ec e-con-full e-flex e-con e-parent\" data-id=\"3bbd3ec\" data-element_type=\"container\">\n\t\t\t\t<div class=\"elementor-element elementor-element-1e062c6 elementor-widget elementor-widget-image\" data-id=\"1e062c6\" data-element_type=\"widget\" data-widget_type=\"image.default\">\n\t\t\t\t<div class=\"elementor-widget-container\">\n\t\t\t\t\t\t\t\t\t\t\t\t\t\t\t<img fetchpriority=\"high\" decoding=\"async\" width=\"712\" height=\"546\" src=\"https:\/\/www.maculart.com\/app\/uploads\/2023\/07\/Rectangle-13.jpg\" class=\"attachment-large size-large wp-image-214\" alt=\"\" srcset=\"https:\/\/www.maculart.com\/app\/uploads\/2023\/07\/Rectangle-13.jpg 712w, https:\/\/www.maculart.com\/app\/uploads\/2023\/07\/Rectangle-13-300x230.jpg 300w\" sizes=\"(max-width: 712px) 100vw, 712px\" \/>\t\t\t\t\t\t\t\t\t\t\t\t\t\t\t<\/div>\n\t\t\t\t<\/div>\n\t\t\t\t<\/div>\n\t\t\t\t\t<\/div>\n\t\t\t\t<\/div>\n\t\t<div class=\"elementor-element elementor-element-e81c664 e-flex e-con-boxed e-con e-parent\" data-id=\"e81c664\" data-element_type=\"container\">\n\t\t\t\t\t<div class=\"e-con-inner\">\n\t\t<div class=\"elementor-element elementor-element-66821df e-con-full e-flex e-con e-parent\" data-id=\"66821df\" data-element_type=\"container\">\n\t\t\t\t<div class=\"elementor-element elementor-element-d11b159 elementor-widget elementor-widget-image\" data-id=\"d11b159\" data-element_type=\"widget\" data-widget_type=\"image.default\">\n\t\t\t\t<div class=\"elementor-widget-container\">\n\t\t\t\t\t\t\t\t\t\t\t\t\t\t\t<img decoding=\"async\" width=\"900\" height=\"600\" src=\"https:\/\/www.maculart.com\/app\/uploads\/2023\/09\/instalaciones.jpg\" class=\"attachment-large size-large wp-image-2038\" alt=\"\" srcset=\"https:\/\/www.maculart.com\/app\/uploads\/2023\/09\/instalaciones.jpg 900w, https:\/\/www.maculart.com\/app\/uploads\/2023\/09\/instalaciones-300x200.jpg 300w, https:\/\/www.maculart.com\/app\/uploads\/2023\/09\/instalaciones-768x512.jpg 768w\" sizes=\"(max-width: 900px) 100vw, 900px\" \/>\t\t\t\t\t\t\t\t\t\t\t\t\t\t\t<\/div>\n\t\t\t\t<\/div>\n\t\t\t\t<\/div>\n\t\t<div class=\"elementor-element elementor-element-b9575dc e-con-full e-flex e-con e-parent\" data-id=\"b9575dc\" data-element_type=\"container\">\n\t\t\t\t<div class=\"elementor-element elementor-element-226b0ae line-height-2 number-list elementor-widget elementor-widget-text-editor\" data-id=\"226b0ae\" data-element_type=\"widget\" data-widget_type=\"text-editor.default\">\n\t\t\t\t<div class=\"elementor-widget-container\">\n\t\t\t\t\t\t\t\t\t<p>El equipamiento t\u00e9cnico de Grup Maculart se compone de:<\/p><ol><li>Oficina t\u00e9cnica<\/li><li>Departamento de dise\u00f1o y pre-impresi\u00f3n<\/li><li>Impresi\u00f3n<\/li><li>Troquelado<\/li><li>Engomado<\/li><li>Plegado<\/li><li>Gesti\u00f3n de calidad<\/li><li>Log\u00edstica<\/li><\/ol>\t\t\t\t\t\t\t\t<\/div>\n\t\t\t\t<\/div>\n\t\t\t\t<\/div>\n\t\t\t\t\t<\/div>\n\t\t\t\t<\/div>\n\t\t\t\t<\/div>\n\t\t","protected":false},"excerpt":{"rendered":"<p>Desde el a\u00f1o 2006 nuestra planta de producci\u00f3n y sede se ubica en el pol\u00edgono industrial Can Clota de Cerdanyola del Vall\u00e8s (Barcelona).Contamos con m\u00e1s de 4.000 m2 de instalaciones&#8230;<\/p>\n","protected":false},"author":1,"featured_media":0,"parent":0,"menu_order":0,"comment_status":"closed","ping_status":"closed","template":"","meta":{"_acf_changed":false,"inline_featured_image":false,"footnotes":""},"class_list":["post-210","page","type-page","status-publish","hentry"],"acf":[],"yoast_head":"<!-- This site is optimized with the Yoast SEO plugin v25.1 - https:\/\/yoast.com\/wordpress\/plugins\/seo\/ -->\n<title>Instalaciones - Maculart<\/title>\n<meta name=\"robots\" content=\"index, follow, max-snippet:-1, max-image-preview:large, max-video-preview:-1\" \/>\n<link rel=\"canonical\" href=\"https:\/\/www.maculart.com\/es\/grup-maculart-instalaciones\/\" \/>\n<meta property=\"og:locale\" content=\"es_ES\" \/>\n<meta property=\"og:type\" content=\"article\" \/>\n<meta property=\"og:title\" content=\"Instalaciones - Maculart\" \/>\n<meta property=\"og:description\" content=\"Desde el a\u00f1o 2006 nuestra planta de producci\u00f3n y sede se ubica en el pol\u00edgono industrial Can Clota de Cerdanyola del Vall\u00e8s (Barcelona).Contamos con m\u00e1s de 4.000 m2 de instalaciones...\" \/>\n<meta property=\"og:url\" content=\"https:\/\/www.maculart.com\/es\/grup-maculart-instalaciones\/\" \/>\n<meta property=\"og:site_name\" content=\"Maculart\" \/>\n<meta property=\"article:modified_time\" content=\"2023-10-04T09:57:42+00:00\" \/>\n<meta property=\"og:image\" content=\"https:\/\/www.maculart.com\/app\/uploads\/2023\/07\/Rectangle-13.jpg\" \/>\n<meta name=\"twitter:card\" content=\"summary_large_image\" \/>\n<meta name=\"twitter:label1\" content=\"Tiempo de lectura\" \/>\n\t<meta name=\"twitter:data1\" content=\"2 minutos\" \/>\n<script type=\"application\/ld+json\" class=\"yoast-schema-graph\">{\"@context\":\"https:\/\/schema.org\",\"@graph\":[{\"@type\":\"WebPage\",\"@id\":\"https:\/\/www.maculart.com\/es\/grup-maculart-instalaciones\/\",\"url\":\"https:\/\/www.maculart.com\/es\/grup-maculart-instalaciones\/\",\"name\":\"Instalaciones - Maculart\",\"isPartOf\":{\"@id\":\"https:\/\/www.maculart.com\/es\/#website\"},\"primaryImageOfPage\":{\"@id\":\"https:\/\/www.maculart.com\/es\/grup-maculart-instalaciones\/#primaryimage\"},\"image\":{\"@id\":\"https:\/\/www.maculart.com\/es\/grup-maculart-instalaciones\/#primaryimage\"},\"thumbnailUrl\":\"https:\/\/www.maculart.com\/app\/uploads\/2023\/07\/Rectangle-13.jpg\",\"datePublished\":\"2023-07-12T10:42:12+00:00\",\"dateModified\":\"2023-10-04T09:57:42+00:00\",\"inLanguage\":\"es\",\"potentialAction\":[{\"@type\":\"ReadAction\",\"target\":[\"https:\/\/www.maculart.com\/es\/grup-maculart-instalaciones\/\"]}]},{\"@type\":\"ImageObject\",\"inLanguage\":\"es\",\"@id\":\"https:\/\/www.maculart.com\/es\/grup-maculart-instalaciones\/#primaryimage\",\"url\":\"https:\/\/www.maculart.com\/app\/uploads\/2023\/07\/Rectangle-13.jpg\",\"contentUrl\":\"https:\/\/www.maculart.com\/app\/uploads\/2023\/07\/Rectangle-13.jpg\"},{\"@type\":\"WebSite\",\"@id\":\"https:\/\/www.maculart.com\/es\/#website\",\"url\":\"https:\/\/www.maculart.com\/es\/\",\"name\":\"Maculart\",\"description\":\"\",\"potentialAction\":[{\"@type\":\"SearchAction\",\"target\":{\"@type\":\"EntryPoint\",\"urlTemplate\":\"https:\/\/www.maculart.com\/es\/?s={search_term_string}\"},\"query-input\":{\"@type\":\"PropertyValueSpecification\",\"valueRequired\":true,\"valueName\":\"search_term_string\"}}],\"inLanguage\":\"es\"}]}<\/script>\n<!-- \/ Yoast SEO plugin. -->","yoast_head_json":{"title":"Instalaciones - Maculart","robots":{"index":"index","follow":"follow","max-snippet":"max-snippet:-1","max-image-preview":"max-image-preview:large","max-video-preview":"max-video-preview:-1"},"canonical":"https:\/\/www.maculart.com\/es\/grup-maculart-instalaciones\/","og_locale":"es_ES","og_type":"article","og_title":"Instalaciones - Maculart","og_description":"Desde el a\u00f1o 2006 nuestra planta de producci\u00f3n y sede se ubica en el pol\u00edgono industrial Can Clota de Cerdanyola del Vall\u00e8s (Barcelona).Contamos con m\u00e1s de 4.000 m2 de instalaciones...","og_url":"https:\/\/www.maculart.com\/es\/grup-maculart-instalaciones\/","og_site_name":"Maculart","article_modified_time":"2023-10-04T09:57:42+00:00","og_image":[{"url":"https:\/\/www.maculart.com\/app\/uploads\/2023\/07\/Rectangle-13.jpg","type":"","width":"","height":""}],"twitter_card":"summary_large_image","twitter_misc":{"Tiempo de lectura":"2 minutos"},"schema":{"@context":"https:\/\/schema.org","@graph":[{"@type":"WebPage","@id":"https:\/\/www.maculart.com\/es\/grup-maculart-instalaciones\/","url":"https:\/\/www.maculart.com\/es\/grup-maculart-instalaciones\/","name":"Instalaciones - Maculart","isPartOf":{"@id":"https:\/\/www.maculart.com\/es\/#website"},"primaryImageOfPage":{"@id":"https:\/\/www.maculart.com\/es\/grup-maculart-instalaciones\/#primaryimage"},"image":{"@id":"https:\/\/www.maculart.com\/es\/grup-maculart-instalaciones\/#primaryimage"},"thumbnailUrl":"https:\/\/www.maculart.com\/app\/uploads\/2023\/07\/Rectangle-13.jpg","datePublished":"2023-07-12T10:42:12+00:00","dateModified":"2023-10-04T09:57:42+00:00","inLanguage":"es","potentialAction":[{"@type":"ReadAction","target":["https:\/\/www.maculart.com\/es\/grup-maculart-instalaciones\/"]}]},{"@type":"ImageObject","inLanguage":"es","@id":"https:\/\/www.maculart.com\/es\/grup-maculart-instalaciones\/#primaryimage","url":"https:\/\/www.maculart.com\/app\/uploads\/2023\/07\/Rectangle-13.jpg","contentUrl":"https:\/\/www.maculart.com\/app\/uploads\/2023\/07\/Rectangle-13.jpg"},{"@type":"WebSite","@id":"https:\/\/www.maculart.com\/es\/#website","url":"https:\/\/www.maculart.com\/es\/","name":"Maculart","description":"","potentialAction":[{"@type":"SearchAction","target":{"@type":"EntryPoint","urlTemplate":"https:\/\/www.maculart.com\/es\/?s={search_term_string}"},"query-input":{"@type":"PropertyValueSpecification","valueRequired":true,"valueName":"search_term_string"}}],"inLanguage":"es"}]}},"_links":{"self":[{"href":"https:\/\/www.maculart.com\/es\/wp-json\/wp\/v2\/pages\/210","targetHints":{"allow":["GET"]}}],"collection":[{"href":"https:\/\/www.maculart.com\/es\/wp-json\/wp\/v2\/pages"}],"about":[{"href":"https:\/\/www.maculart.com\/es\/wp-json\/wp\/v2\/types\/page"}],"author":[{"embeddable":true,"href":"https:\/\/www.maculart.com\/es\/wp-json\/wp\/v2\/users\/1"}],"replies":[{"embeddable":true,"href":"https:\/\/www.maculart.com\/es\/wp-json\/wp\/v2\/comments?post=210"}],"version-history":[{"count":104,"href":"https:\/\/www.maculart.com\/es\/wp-json\/wp\/v2\/pages\/210\/revisions"}],"predecessor-version":[{"id":2199,"href":"https:\/\/www.maculart.com\/es\/wp-json\/wp\/v2\/pages\/210\/revisions\/2199"}],"wp:attachment":[{"href":"https:\/\/www.maculart.com\/es\/wp-json\/wp\/v2\/media?parent=210"}],"curies":[{"name":"wp","href":"https:\/\/api.w.org\/{rel}","templated":true}]}}