{"id":246,"date":"2023-07-12T12:59:21","date_gmt":"2023-07-12T10:59:21","guid":{"rendered":"https:\/\/www.maculart.com\/?page_id=246"},"modified":"2023-09-26T10:51:16","modified_gmt":"2023-09-26T08:51:16","slug":"soluciones-packaging","status":"publish","type":"page","link":"https:\/\/www.maculart.com\/es\/soluciones-packaging\/","title":{"rendered":"Packaging"},"content":{"rendered":"\t\t<div data-elementor-type=\"wp-page\" data-elementor-id=\"246\" class=\"elementor elementor-246\">\n\t\t\t\t<div class=\"elementor-element elementor-element-dd17c57 e-flex e-con-boxed e-con e-parent\" data-id=\"dd17c57\" data-element_type=\"container\" data-e-type=\"container\">\n\t\t\t\t\t<div class=\"e-con-inner\">\n\t\t<div class=\"elementor-element elementor-element-a0c011e e-con-full e-flex e-con e-parent\" data-id=\"a0c011e\" data-element_type=\"container\" data-e-type=\"container\">\n\t\t\t\t<div class=\"elementor-element elementor-element-c023577 elementor-widget elementor-widget-heading\" data-id=\"c023577\" data-element_type=\"widget\" data-e-type=\"widget\" data-widget_type=\"heading.default\">\n\t\t\t\t<div class=\"elementor-widget-container\">\n\t\t\t\t\t<h2 class=\"elementor-heading-title elementor-size-default\">Packaging farmac\u00e9utico<\/h2>\t\t\t\t<\/div>\n\t\t\t\t<\/div>\n\t\t\t\t<div class=\"elementor-element elementor-element-d005296 line-height-2 elementor-widget elementor-widget-text-editor\" data-id=\"d005296\" data-element_type=\"widget\" data-e-type=\"widget\" data-widget_type=\"text-editor.default\">\n\t\t\t\t<div class=\"elementor-widget-container\">\n\t\t\t\t\t\t\t\t\t<p>El sector del embalaje se ha convertido en un elemento cotidiano esencial. Ahora el packaging forma parte intr\u00ednseca de la imagen del producto y en Grup Maculart trabajamos para que se ajuste a la perfecci\u00f3n con la imagen que quieren proyectar nuestros clientes. Con una producci\u00f3n anual de 100 millones de estuches, el packaging farmac\u00e9utico es una de las principales actividades de Grup Maculart desde nuestros inicios hace m\u00e1s de 50 a\u00f1os.<\/p>\t\t\t\t\t\t\t\t<\/div>\n\t\t\t\t<\/div>\n\t\t\t\t<\/div>\n\t\t<div class=\"elementor-element elementor-element-704f7ec e-con-full e-flex e-con e-parent\" data-id=\"704f7ec\" data-element_type=\"container\" data-e-type=\"container\">\n\t\t\t\t<div class=\"elementor-element elementor-element-4b8f445 elementor-widget elementor-widget-image\" data-id=\"4b8f445\" data-element_type=\"widget\" data-e-type=\"widget\" data-widget_type=\"image.default\">\n\t\t\t\t<div class=\"elementor-widget-container\">\n\t\t\t\t\t\t\t\t\t\t\t\t\t\t\t<img fetchpriority=\"high\" decoding=\"async\" width=\"706\" height=\"600\" src=\"https:\/\/www.maculart.com\/app\/uploads\/2023\/07\/Rectangle-4-2.jpg\" class=\"attachment-large size-large wp-image-247\" alt=\"\" srcset=\"https:\/\/www.maculart.com\/app\/uploads\/2023\/07\/Rectangle-4-2.jpg 706w, https:\/\/www.maculart.com\/app\/uploads\/2023\/07\/Rectangle-4-2-300x255.jpg 300w\" sizes=\"(max-width: 706px) 100vw, 706px\" \/>\t\t\t\t\t\t\t\t\t\t\t\t\t\t\t<\/div>\n\t\t\t\t<\/div>\n\t\t\t\t<\/div>\n\t\t\t\t\t<\/div>\n\t\t\t\t<\/div>\n\t\t<div class=\"elementor-element elementor-element-92d044e e-flex e-con-boxed e-con e-parent\" data-id=\"92d044e\" data-element_type=\"container\" data-e-type=\"container\">\n\t\t\t\t\t<div class=\"e-con-inner\">\n\t\t<div class=\"elementor-element elementor-element-2c9f74d e-con-full e-flex e-con e-parent\" data-id=\"2c9f74d\" data-element_type=\"container\" data-e-type=\"container\">\n\t\t\t\t<div class=\"elementor-element elementor-element-667789b elementor-widget elementor-widget-image\" data-id=\"667789b\" data-element_type=\"widget\" data-e-type=\"widget\" data-widget_type=\"image.default\">\n\t\t\t\t<div class=\"elementor-widget-container\">\n\t\t\t\t\t\t\t\t\t\t\t\t\t\t\t<img decoding=\"async\" width=\"900\" height=\"600\" src=\"https:\/\/www.maculart.com\/app\/uploads\/2023\/09\/packagingpersonal.jpg\" class=\"attachment-large size-large wp-image-2049\" alt=\"\" srcset=\"https:\/\/www.maculart.com\/app\/uploads\/2023\/09\/packagingpersonal.jpg 900w, https:\/\/www.maculart.com\/app\/uploads\/2023\/09\/packagingpersonal-300x200.jpg 300w, https:\/\/www.maculart.com\/app\/uploads\/2023\/09\/packagingpersonal-768x512.jpg 768w\" sizes=\"(max-width: 900px) 100vw, 900px\" \/>\t\t\t\t\t\t\t\t\t\t\t\t\t\t\t<\/div>\n\t\t\t\t<\/div>\n\t\t\t\t<\/div>\n\t\t<div class=\"elementor-element elementor-element-834e559 e-con-full e-flex e-con e-parent\" data-id=\"834e559\" data-element_type=\"container\" data-e-type=\"container\">\n\t\t\t\t<div class=\"elementor-element elementor-element-8c28a8d line-height-2 number-list elementor-widget elementor-widget-text-editor\" data-id=\"8c28a8d\" data-element_type=\"widget\" data-e-type=\"widget\" data-widget_type=\"text-editor.default\">\n\t\t\t\t<div class=\"elementor-widget-container\">\n\t\t\t\t\t\t\t\t\t<p>Somos especialistas en la impresi\u00f3n de estuches de alta calidad para la industria farmac\u00e9utica. Para ello, contamos con la \u00faltima tecnolog\u00eda y nuestra amplia experiencia en el sector para ofrecer el mejor servicio y unos plazos de entrega \u00f3ptimos. En nuestro servicio de impresi\u00f3n de estuches farmac\u00e9uticos destacamos tres maquinarias imprescindibles:<\/p><ol><li>En impresi\u00f3n offset, la KBA Rapida 105 Pro, con c\u00e1maras de visi\u00f3n inteligente, test de color y que puede imprimir hasta 18.000 pliegos\/hora.<\/li><li>La plegadora-engomadora Bobst Expertfold 80 A-1 con Handypack y Accubraille en l\u00ednea.<\/li><li>La troqueladora OPTIMA-L 105 KBA, equipada con expulsor y blanking.<\/li><\/ol>\t\t\t\t\t\t\t\t<\/div>\n\t\t\t\t<\/div>\n\t\t\t\t<\/div>\n\t\t\t\t\t<\/div>\n\t\t\t\t<\/div>\n\t\t<div class=\"elementor-element elementor-element-9f2c69d e-flex e-con-boxed e-con e-parent\" data-id=\"9f2c69d\" data-element_type=\"container\" data-e-type=\"container\">\n\t\t\t\t\t<div class=\"e-con-inner\">\n\t\t<div class=\"elementor-element elementor-element-7f4bd5e e-con-full e-flex e-con e-parent\" data-id=\"7f4bd5e\" data-element_type=\"container\" data-e-type=\"container\">\n\t\t\t\t<div class=\"elementor-element elementor-element-6c0ec48 line-height-2  elementor-widget elementor-widget-text-editor\" data-id=\"6c0ec48\" data-element_type=\"widget\" data-e-type=\"widget\" data-widget_type=\"text-editor.default\">\n\t\t\t\t<div class=\"elementor-widget-container\">\n\t\t\t\t\t\t\t\t\t<p>Nuestros servicios de impresi\u00f3n de estuches farmac\u00e9uticos incluyen:<\/p>\t\t\t\t\t\t\t\t<\/div>\n\t\t\t\t<\/div>\n\t\t\t\t<div class=\"elementor-element elementor-element-ddc54c0 elementor-align-start elementor-icon-list--layout-traditional elementor-list-item-link-full_width elementor-widget elementor-widget-icon-list\" data-id=\"ddc54c0\" data-element_type=\"widget\" data-e-type=\"widget\" data-widget_type=\"icon-list.default\">\n\t\t\t\t<div class=\"elementor-widget-container\">\n\t\t\t\t\t\t\t<ul class=\"elementor-icon-list-items\">\n\t\t\t\t\t\t\t<li class=\"elementor-icon-list-item\">\n\t\t\t\t\t\t\t\t\t\t\t<span class=\"elementor-icon-list-icon\">\n\t\t\t\t\t\t\t<i aria-hidden=\"true\" class=\"fas fa-check\"><\/i>\t\t\t\t\t\t<\/span>\n\t\t\t\t\t\t\t\t\t\t<span class=\"elementor-icon-list-text\">Impresi\u00f3n de alta calidad.<\/span>\n\t\t\t\t\t\t\t\t\t<\/li>\n\t\t\t\t\t\t\t\t<li class=\"elementor-icon-list-item\">\n\t\t\t\t\t\t\t\t\t\t\t<span class=\"elementor-icon-list-icon\">\n\t\t\t\t\t\t\t<i aria-hidden=\"true\" class=\"fas fa-check\"><\/i>\t\t\t\t\t\t<\/span>\n\t\t\t\t\t\t\t\t\t\t<span class=\"elementor-icon-list-text\">Impresi\u00f3n de grandes y peque\u00f1os tirajes.<\/span>\n\t\t\t\t\t\t\t\t\t<\/li>\n\t\t\t\t\t\t\t\t<li class=\"elementor-icon-list-item\">\n\t\t\t\t\t\t\t\t\t\t\t<span class=\"elementor-icon-list-icon\">\n\t\t\t\t\t\t\t<i aria-hidden=\"true\" class=\"fas fa-check\"><\/i>\t\t\t\t\t\t<\/span>\n\t\t\t\t\t\t\t\t\t\t<span class=\"elementor-icon-list-text\">Personalizaci\u00f3n de una producci\u00f3n.<\/span>\n\t\t\t\t\t\t\t\t\t<\/li>\n\t\t\t\t\t\t\t\t<li class=\"elementor-icon-list-item\">\n\t\t\t\t\t\t\t\t\t\t\t<span class=\"elementor-icon-list-icon\">\n\t\t\t\t\t\t\t<i aria-hidden=\"true\" class=\"fas fa-check\"><\/i>\t\t\t\t\t\t<\/span>\n\t\t\t\t\t\t\t\t\t\t<span class=\"elementor-icon-list-text\">Servicio de maquetas decoradas.<\/span>\n\t\t\t\t\t\t\t\t\t<\/li>\n\t\t\t\t\t\t\t\t<li class=\"elementor-icon-list-item\">\n\t\t\t\t\t\t\t\t\t\t\t<span class=\"elementor-icon-list-icon\">\n\t\t\t\t\t\t\t<i aria-hidden=\"true\" class=\"fas fa-check\"><\/i>\t\t\t\t\t\t<\/span>\n\t\t\t\t\t\t\t\t\t\t<span class=\"elementor-icon-list-text\">Servicio de dise\u00f1o 3D para asegurar la conformidad de los requisitos legales y apreciar el resultado final de un proyecto nuevo.<\/span>\n\t\t\t\t\t\t\t\t\t<\/li>\n\t\t\t\t\t\t<\/ul>\n\t\t\t\t\t\t<\/div>\n\t\t\t\t<\/div>\n\t\t\t\t<\/div>\n\t\t<div class=\"elementor-element elementor-element-a263c5e e-con-full e-flex e-con e-parent\" data-id=\"a263c5e\" data-element_type=\"container\" data-e-type=\"container\">\n\t\t\t\t<div class=\"elementor-element elementor-element-901601a elementor-widget elementor-widget-image\" data-id=\"901601a\" data-element_type=\"widget\" data-e-type=\"widget\" data-widget_type=\"image.default\">\n\t\t\t\t<div class=\"elementor-widget-container\">\n\t\t\t\t\t\t\t\t\t\t\t\t\t\t\t<img decoding=\"async\" width=\"710\" height=\"546\" src=\"https:\/\/www.maculart.com\/app\/uploads\/2023\/07\/Rectangle-13-2.jpg\" class=\"attachment-large size-large wp-image-248\" alt=\"\" srcset=\"https:\/\/www.maculart.com\/app\/uploads\/2023\/07\/Rectangle-13-2.jpg 710w, https:\/\/www.maculart.com\/app\/uploads\/2023\/07\/Rectangle-13-2-300x231.jpg 300w\" sizes=\"(max-width: 710px) 100vw, 710px\" \/>\t\t\t\t\t\t\t\t\t\t\t\t\t\t\t<\/div>\n\t\t\t\t<\/div>\n\t\t\t\t<\/div>\n\t\t\t\t\t<\/div>\n\t\t\t\t<\/div>\n\t\t<div class=\"elementor-element elementor-element-308e035 e-flex e-con-boxed e-con e-parent\" data-id=\"308e035\" data-element_type=\"container\" data-e-type=\"container\">\n\t\t\t\t\t<div class=\"e-con-inner\">\n\t\t<div class=\"elementor-element elementor-element-4dcf98a e-con-full e-flex e-con e-parent\" data-id=\"4dcf98a\" data-element_type=\"container\" data-e-type=\"container\">\n\t\t\t\t<div class=\"elementor-element elementor-element-e7bf78a elementor-widget elementor-widget-image\" data-id=\"e7bf78a\" data-element_type=\"widget\" data-e-type=\"widget\" data-widget_type=\"image.default\">\n\t\t\t\t<div class=\"elementor-widget-container\">\n\t\t\t\t\t\t\t\t\t\t\t\t\t\t\t<img loading=\"lazy\" decoding=\"async\" width=\"707\" height=\"600\" src=\"https:\/\/www.maculart.com\/app\/uploads\/2023\/07\/Rectangle-14-1.jpg\" class=\"attachment-large size-large wp-image-249\" alt=\"\" srcset=\"https:\/\/www.maculart.com\/app\/uploads\/2023\/07\/Rectangle-14-1.jpg 707w, https:\/\/www.maculart.com\/app\/uploads\/2023\/07\/Rectangle-14-1-300x255.jpg 300w\" sizes=\"(max-width: 707px) 100vw, 707px\" \/>\t\t\t\t\t\t\t\t\t\t\t\t\t\t\t<\/div>\n\t\t\t\t<\/div>\n\t\t\t\t<\/div>\n\t\t<div class=\"elementor-element elementor-element-813b16f e-con-full e-flex e-con e-parent\" data-id=\"813b16f\" data-element_type=\"container\" data-e-type=\"container\">\n\t\t\t\t<div class=\"elementor-element elementor-element-1169de8 line-height-2 number-list elementor-widget elementor-widget-text-editor\" data-id=\"1169de8\" data-element_type=\"widget\" data-e-type=\"widget\" data-widget_type=\"text-editor.default\">\n\t\t\t\t<div class=\"elementor-widget-container\">\n\t\t\t\t\t\t\t\t\t<p>En Grup Maculart, antes de iniciar la producci\u00f3n, todos los proyectos aprobados pasan primero por nuestro departamento de dise\u00f1o y preimpresi\u00f3n. Es un paso fundamental para ajustar los originales al perfil del troquel, retocar el archivo si es necesario y proponer dise\u00f1os originales, alineados con las necesidades del cliente y los requisitos del sector farmac\u00e9utico.<\/p><p>Para llegar a la confirmaci\u00f3n final, desde dise\u00f1o y preimpresi\u00f3n proponen al cliente un cajet\u00edn de especificaciones que incluye un 3D animado para poder apreciar el producto final con todo detalle. De esta forma, garantizamos la m\u00e1xima eficiencia en la impresi\u00f3n y unos resultados que responden a las necesidades espec\u00edficas de cada cliente.<\/p>\t\t\t\t\t\t\t\t<\/div>\n\t\t\t\t<\/div>\n\t\t\t\t<\/div>\n\t\t\t\t\t<\/div>\n\t\t\t\t<\/div>\n\t\t<div class=\"elementor-element elementor-element-3c0c4d8 e-flex e-con-boxed e-con e-parent\" data-id=\"3c0c4d8\" data-element_type=\"container\" data-e-type=\"container\">\n\t\t\t\t\t<div class=\"e-con-inner\">\n\t\t<div class=\"elementor-element elementor-element-8946154 e-con-full e-flex e-con e-parent\" data-id=\"8946154\" data-element_type=\"container\" data-e-type=\"container\" data-settings=\"{&quot;background_background&quot;:&quot;classic&quot;}\">\n\t\t\t\t<div class=\"elementor-element elementor-element-9e489a5 elementor-widget__width-inherit elementor-widget elementor-widget-heading\" data-id=\"9e489a5\" data-element_type=\"widget\" data-e-type=\"widget\" data-widget_type=\"heading.default\">\n\t\t\t\t<div class=\"elementor-widget-container\">\n\t\t\t\t\t<h2 class=\"elementor-heading-title elementor-size-default\">Contacta con nosotros\ny cu\u00e9ntanos tu proyecto<\/h2>\t\t\t\t<\/div>\n\t\t\t\t<\/div>\n\t\t\t\t<\/div>\n\t\t<div class=\"elementor-element elementor-element-aa3a817 e-flex e-con-boxed e-con e-parent\" data-id=\"aa3a817\" data-element_type=\"container\" data-e-type=\"container\" data-settings=\"{&quot;background_background&quot;:&quot;classic&quot;}\">\n\t\t\t\t\t<div class=\"e-con-inner\">\n\t\t\t\t<div class=\"elementor-element elementor-element-a96f833 button-container elementor-widget elementor-widget-button\" data-id=\"a96f833\" data-element_type=\"widget\" data-e-type=\"widget\" data-widget_type=\"button.default\">\n\t\t\t\t<div class=\"elementor-widget-container\">\n\t\t\t\t\t\t\t\t\t<div class=\"elementor-button-wrapper\">\n\t\t\t\t\t<a class=\"elementor-button elementor-button-link elementor-size-sm\" href=\"#\">\n\t\t\t\t\t\t<span class=\"elementor-button-content-wrapper\">\n\t\t\t\t\t\t\t\t\t<span class=\"elementor-button-text\">Cont\u00e1ctanos<\/span>\n\t\t\t\t\t<\/span>\n\t\t\t\t\t<\/a>\n\t\t\t\t<\/div>\n\t\t\t\t\t\t\t\t<\/div>\n\t\t\t\t<\/div>\n\t\t\t\t\t<\/div>\n\t\t\t\t<\/div>\n\t\t\t\t\t<\/div>\n\t\t\t\t<\/div>\n\t\t\t\t<\/div>\n\t\t","protected":false},"excerpt":{"rendered":"<p>Packaging farmac\u00e9utico El sector del embalaje se ha convertido en un elemento cotidiano esencial. Ahora el packaging forma parte intr\u00ednseca de la imagen del producto y en Grup Maculart trabajamos&#8230;<\/p>\n","protected":false},"author":1,"featured_media":0,"parent":0,"menu_order":0,"comment_status":"closed","ping_status":"closed","template":"","meta":{"_acf_changed":false,"inline_featured_image":false,"footnotes":""},"class_list":["post-246","page","type-page","status-publish","hentry"],"acf":[],"yoast_head":"<!-- This site is optimized with the Yoast SEO plugin v27.4 - https:\/\/yoast.com\/product\/yoast-seo-wordpress\/ -->\n<title>Packaging - Maculart<\/title>\n<meta name=\"robots\" content=\"index, follow, max-snippet:-1, max-image-preview:large, max-video-preview:-1\" \/>\n<link rel=\"canonical\" href=\"https:\/\/www.maculart.com\/es\/soluciones-packaging\/\" \/>\n<meta property=\"og:locale\" content=\"es_ES\" \/>\n<meta property=\"og:type\" content=\"article\" \/>\n<meta property=\"og:title\" content=\"Packaging - Maculart\" \/>\n<meta property=\"og:description\" content=\"Packaging farmac\u00e9utico El sector del embalaje se ha convertido en un elemento cotidiano esencial. Ahora el packaging forma parte intr\u00ednseca de la imagen del producto y en Grup Maculart trabajamos...\" \/>\n<meta property=\"og:url\" content=\"https:\/\/www.maculart.com\/es\/soluciones-packaging\/\" \/>\n<meta property=\"og:site_name\" content=\"Maculart\" \/>\n<meta property=\"article:modified_time\" content=\"2023-09-26T08:51:16+00:00\" \/>\n<meta property=\"og:image\" content=\"https:\/\/www.maculart.com\/app\/uploads\/2023\/07\/Rectangle-4-2.jpg\" \/>\n<meta name=\"twitter:card\" content=\"summary_large_image\" \/>\n<meta name=\"twitter:label1\" content=\"Tiempo de lectura\" \/>\n\t<meta name=\"twitter:data1\" content=\"3 minutos\" \/>\n<script type=\"application\/ld+json\" class=\"yoast-schema-graph\">{\"@context\":\"https:\\\/\\\/schema.org\",\"@graph\":[{\"@type\":\"WebPage\",\"@id\":\"https:\\\/\\\/www.maculart.com\\\/es\\\/soluciones-packaging\\\/\",\"url\":\"https:\\\/\\\/www.maculart.com\\\/es\\\/soluciones-packaging\\\/\",\"name\":\"Packaging - Maculart\",\"isPartOf\":{\"@id\":\"https:\\\/\\\/www.maculart.com\\\/es\\\/#website\"},\"primaryImageOfPage\":{\"@id\":\"https:\\\/\\\/www.maculart.com\\\/es\\\/soluciones-packaging\\\/#primaryimage\"},\"image\":{\"@id\":\"https:\\\/\\\/www.maculart.com\\\/es\\\/soluciones-packaging\\\/#primaryimage\"},\"thumbnailUrl\":\"https:\\\/\\\/www.maculart.com\\\/app\\\/uploads\\\/2023\\\/07\\\/Rectangle-4-2.jpg\",\"datePublished\":\"2023-07-12T10:59:21+00:00\",\"dateModified\":\"2023-09-26T08:51:16+00:00\",\"inLanguage\":\"es\",\"potentialAction\":[{\"@type\":\"ReadAction\",\"target\":[\"https:\\\/\\\/www.maculart.com\\\/es\\\/soluciones-packaging\\\/\"]}]},{\"@type\":\"ImageObject\",\"inLanguage\":\"es\",\"@id\":\"https:\\\/\\\/www.maculart.com\\\/es\\\/soluciones-packaging\\\/#primaryimage\",\"url\":\"https:\\\/\\\/www.maculart.com\\\/app\\\/uploads\\\/2023\\\/07\\\/Rectangle-4-2.jpg\",\"contentUrl\":\"https:\\\/\\\/www.maculart.com\\\/app\\\/uploads\\\/2023\\\/07\\\/Rectangle-4-2.jpg\"},{\"@type\":\"WebSite\",\"@id\":\"https:\\\/\\\/www.maculart.com\\\/es\\\/#website\",\"url\":\"https:\\\/\\\/www.maculart.com\\\/es\\\/\",\"name\":\"Maculart\",\"description\":\"\",\"potentialAction\":[{\"@type\":\"SearchAction\",\"target\":{\"@type\":\"EntryPoint\",\"urlTemplate\":\"https:\\\/\\\/www.maculart.com\\\/es\\\/?s={search_term_string}\"},\"query-input\":{\"@type\":\"PropertyValueSpecification\",\"valueRequired\":true,\"valueName\":\"search_term_string\"}}],\"inLanguage\":\"es\"}]}<\/script>\n<!-- \/ Yoast SEO plugin. -->","yoast_head_json":{"title":"Packaging - Maculart","robots":{"index":"index","follow":"follow","max-snippet":"max-snippet:-1","max-image-preview":"max-image-preview:large","max-video-preview":"max-video-preview:-1"},"canonical":"https:\/\/www.maculart.com\/es\/soluciones-packaging\/","og_locale":"es_ES","og_type":"article","og_title":"Packaging - Maculart","og_description":"Packaging farmac\u00e9utico El sector del embalaje se ha convertido en un elemento cotidiano esencial. Ahora el packaging forma parte intr\u00ednseca de la imagen del producto y en Grup Maculart trabajamos...","og_url":"https:\/\/www.maculart.com\/es\/soluciones-packaging\/","og_site_name":"Maculart","article_modified_time":"2023-09-26T08:51:16+00:00","og_image":[{"url":"https:\/\/www.maculart.com\/app\/uploads\/2023\/07\/Rectangle-4-2.jpg","type":"","width":"","height":""}],"twitter_card":"summary_large_image","twitter_misc":{"Tiempo de lectura":"3 minutos"},"schema":{"@context":"https:\/\/schema.org","@graph":[{"@type":"WebPage","@id":"https:\/\/www.maculart.com\/es\/soluciones-packaging\/","url":"https:\/\/www.maculart.com\/es\/soluciones-packaging\/","name":"Packaging - Maculart","isPartOf":{"@id":"https:\/\/www.maculart.com\/es\/#website"},"primaryImageOfPage":{"@id":"https:\/\/www.maculart.com\/es\/soluciones-packaging\/#primaryimage"},"image":{"@id":"https:\/\/www.maculart.com\/es\/soluciones-packaging\/#primaryimage"},"thumbnailUrl":"https:\/\/www.maculart.com\/app\/uploads\/2023\/07\/Rectangle-4-2.jpg","datePublished":"2023-07-12T10:59:21+00:00","dateModified":"2023-09-26T08:51:16+00:00","inLanguage":"es","potentialAction":[{"@type":"ReadAction","target":["https:\/\/www.maculart.com\/es\/soluciones-packaging\/"]}]},{"@type":"ImageObject","inLanguage":"es","@id":"https:\/\/www.maculart.com\/es\/soluciones-packaging\/#primaryimage","url":"https:\/\/www.maculart.com\/app\/uploads\/2023\/07\/Rectangle-4-2.jpg","contentUrl":"https:\/\/www.maculart.com\/app\/uploads\/2023\/07\/Rectangle-4-2.jpg"},{"@type":"WebSite","@id":"https:\/\/www.maculart.com\/es\/#website","url":"https:\/\/www.maculart.com\/es\/","name":"Maculart","description":"","potentialAction":[{"@type":"SearchAction","target":{"@type":"EntryPoint","urlTemplate":"https:\/\/www.maculart.com\/es\/?s={search_term_string}"},"query-input":{"@type":"PropertyValueSpecification","valueRequired":true,"valueName":"search_term_string"}}],"inLanguage":"es"}]}},"_links":{"self":[{"href":"https:\/\/www.maculart.com\/es\/wp-json\/wp\/v2\/pages\/246","targetHints":{"allow":["GET"]}}],"collection":[{"href":"https:\/\/www.maculart.com\/es\/wp-json\/wp\/v2\/pages"}],"about":[{"href":"https:\/\/www.maculart.com\/es\/wp-json\/wp\/v2\/types\/page"}],"author":[{"embeddable":true,"href":"https:\/\/www.maculart.com\/es\/wp-json\/wp\/v2\/users\/1"}],"replies":[{"embeddable":true,"href":"https:\/\/www.maculart.com\/es\/wp-json\/wp\/v2\/comments?post=246"}],"version-history":[{"count":63,"href":"https:\/\/www.maculart.com\/es\/wp-json\/wp\/v2\/pages\/246\/revisions"}],"predecessor-version":[{"id":2052,"href":"https:\/\/www.maculart.com\/es\/wp-json\/wp\/v2\/pages\/246\/revisions\/2052"}],"wp:attachment":[{"href":"https:\/\/www.maculart.com\/es\/wp-json\/wp\/v2\/media?parent=246"}],"curies":[{"name":"wp","href":"https:\/\/api.w.org\/{rel}","templated":true}]}}