{"id":256,"date":"2023-07-12T13:09:19","date_gmt":"2023-07-12T11:09:19","guid":{"rendered":"https:\/\/www.maculart.com\/?page_id=256"},"modified":"2023-09-26T10:53:30","modified_gmt":"2023-09-26T08:53:30","slug":"soluciones-prospectos-farmaceuticos","status":"publish","type":"page","link":"https:\/\/www.maculart.com\/es\/soluciones-prospectos-farmaceuticos\/","title":{"rendered":"Prospectos farmac\u00e9uticos"},"content":{"rendered":"\t\t<div data-elementor-type=\"wp-page\" data-elementor-id=\"256\" class=\"elementor elementor-256\">\n\t\t\t\t<div class=\"elementor-element elementor-element-96087e7 e-flex e-con-boxed e-con e-parent\" data-id=\"96087e7\" data-element_type=\"container\" data-e-type=\"container\">\n\t\t\t\t\t<div class=\"e-con-inner\">\n\t\t<div class=\"elementor-element elementor-element-ab28b66 e-con-full e-flex e-con e-parent\" data-id=\"ab28b66\" data-element_type=\"container\" data-e-type=\"container\">\n\t\t\t\t<div class=\"elementor-element elementor-element-834c7af elementor-widget elementor-widget-heading\" data-id=\"834c7af\" data-element_type=\"widget\" data-e-type=\"widget\" data-widget_type=\"heading.default\">\n\t\t\t\t<div class=\"elementor-widget-container\">\n\t\t\t\t\t<h2 class=\"elementor-heading-title elementor-size-default\">Prospectos farmac\u00e9uticos<\/h2>\t\t\t\t<\/div>\n\t\t\t\t<\/div>\n\t\t\t\t<div class=\"elementor-element elementor-element-6acc892 line-height-2 elementor-widget elementor-widget-text-editor\" data-id=\"6acc892\" data-element_type=\"widget\" data-e-type=\"widget\" data-widget_type=\"text-editor.default\">\n\t\t\t\t<div class=\"elementor-widget-container\">\n\t\t\t\t\t\t\t\t\t<p>El prospecto del medicamento es la pieza clave para informar al usuario sobre las instrucciones de uso, indicaciones, posibles efectos adversos, contraindicaciones y dem\u00e1s aspectos relevantes del medicamento. As\u00ed lo reconoce la AEMPS, dependiente del Ministerio de Sanidad, Pol\u00edtica Social e Igualdad, quien se encarga de aprobar la informaci\u00f3n contenida en los prospectos.<br \/><br \/><\/p>\t\t\t\t\t\t\t\t<\/div>\n\t\t\t\t<\/div>\n\t\t\t\t<\/div>\n\t\t<div class=\"elementor-element elementor-element-9dcd34e e-con-full e-flex e-con e-parent\" data-id=\"9dcd34e\" data-element_type=\"container\" data-e-type=\"container\">\n\t\t\t\t<div class=\"elementor-element elementor-element-8679d2b elementor-widget elementor-widget-image\" data-id=\"8679d2b\" data-element_type=\"widget\" data-e-type=\"widget\" data-widget_type=\"image.default\">\n\t\t\t\t<div class=\"elementor-widget-container\">\n\t\t\t\t\t\t\t\t\t\t\t\t\t\t\t<img fetchpriority=\"high\" decoding=\"async\" width=\"712\" height=\"600\" src=\"https:\/\/www.maculart.com\/app\/uploads\/2023\/07\/Rectangle-4-1.png\" class=\"attachment-large size-large wp-image-257\" alt=\"\" srcset=\"https:\/\/www.maculart.com\/app\/uploads\/2023\/07\/Rectangle-4-1.png 712w, https:\/\/www.maculart.com\/app\/uploads\/2023\/07\/Rectangle-4-1-300x253.png 300w\" sizes=\"(max-width: 712px) 100vw, 712px\" \/>\t\t\t\t\t\t\t\t\t\t\t\t\t\t\t<\/div>\n\t\t\t\t<\/div>\n\t\t\t\t<\/div>\n\t\t\t\t\t<\/div>\n\t\t\t\t<\/div>\n\t\t<div class=\"elementor-element elementor-element-c9fbb8a e-flex e-con-boxed e-con e-parent\" data-id=\"c9fbb8a\" data-element_type=\"container\" data-e-type=\"container\">\n\t\t\t\t\t<div class=\"e-con-inner\">\n\t\t<div class=\"elementor-element elementor-element-7003bde e-con-full e-flex e-con e-parent\" data-id=\"7003bde\" data-element_type=\"container\" data-e-type=\"container\">\n\t\t\t\t<div class=\"elementor-element elementor-element-877f0cf elementor-widget elementor-widget-image\" data-id=\"877f0cf\" data-element_type=\"widget\" data-e-type=\"widget\" data-widget_type=\"image.default\">\n\t\t\t\t<div class=\"elementor-widget-container\">\n\t\t\t\t\t\t\t\t\t\t\t\t\t\t\t<img decoding=\"async\" width=\"900\" height=\"600\" src=\"https:\/\/www.maculart.com\/app\/uploads\/2023\/09\/prospectosfarmaceuticos.jpg\" class=\"attachment-large size-large wp-image-2053\" alt=\"\" srcset=\"https:\/\/www.maculart.com\/app\/uploads\/2023\/09\/prospectosfarmaceuticos.jpg 900w, https:\/\/www.maculart.com\/app\/uploads\/2023\/09\/prospectosfarmaceuticos-300x200.jpg 300w, https:\/\/www.maculart.com\/app\/uploads\/2023\/09\/prospectosfarmaceuticos-768x512.jpg 768w\" sizes=\"(max-width: 900px) 100vw, 900px\" \/>\t\t\t\t\t\t\t\t\t\t\t\t\t\t\t<\/div>\n\t\t\t\t<\/div>\n\t\t\t\t<\/div>\n\t\t<div class=\"elementor-element elementor-element-25a6560 e-con-full e-flex e-con e-parent\" data-id=\"25a6560\" data-element_type=\"container\" data-e-type=\"container\">\n\t\t\t\t<div class=\"elementor-element elementor-element-b720818 line-height-2 number-list elementor-widget elementor-widget-text-editor\" data-id=\"b720818\" data-element_type=\"widget\" data-e-type=\"widget\" data-widget_type=\"text-editor.default\">\n\t\t\t\t<div class=\"elementor-widget-container\">\n\t\t\t\t\t\t\t\t\t<p>En Grup Maculart somos especialistas en impresi\u00f3n de prospectos farmac\u00e9uticos con una producci\u00f3n anual de 100 millones de unidades. Para nosotros, el prospecto contiene mucha m\u00e1s informaci\u00f3n de la que lleva impresa; tambi\u00e9n comunica nuestra amplia experiencia de m\u00e1s de medio siglo en impresi\u00f3n y la cuidada atenci\u00f3n a los detalles que nos caracteriza a trav\u00e9s de resultados de m\u00e1xima precisi\u00f3n para satisfacer las necesidades de nuestros clientes, y del usuario final.<\/p><p>Para llevar a cabo esta actividad, disponemos de las m\u00e1quinas m\u00e1s eficientes, en volumen y calidad de impresi\u00f3n, entre las que destacamos:<\/p><ol><li>Impresi\u00f3n en bobina: Rotatek RK 250 Plus, entrega <br \/>en plano.<\/li><li>Impresi\u00f3n en hoja: Heidelberg FI-36 y <br \/>Heidelberg TI-52.<\/li><li>Plegadora: Horizon Buckle Folder AF-406F.<\/li><\/ol>\t\t\t\t\t\t\t\t<\/div>\n\t\t\t\t<\/div>\n\t\t\t\t<\/div>\n\t\t\t\t\t<\/div>\n\t\t\t\t<\/div>\n\t\t<div class=\"elementor-element elementor-element-8cd9302 e-flex e-con-boxed e-con e-parent\" data-id=\"8cd9302\" data-element_type=\"container\" data-e-type=\"container\">\n\t\t\t\t\t<div class=\"e-con-inner\">\n\t\t<div class=\"elementor-element elementor-element-b2f22d2 e-con-full e-flex e-con e-parent\" data-id=\"b2f22d2\" data-element_type=\"container\" data-e-type=\"container\">\n\t\t\t\t<div class=\"elementor-element elementor-element-a63ea33 line-height-2  elementor-widget elementor-widget-text-editor\" data-id=\"a63ea33\" data-element_type=\"widget\" data-e-type=\"widget\" data-widget_type=\"text-editor.default\">\n\t\t\t\t<div class=\"elementor-widget-container\">\n\t\t\t\t\t\t\t\t\t<p>Las soluciones de Grup Maculart en impresi\u00f3n de prospectos incluyen:<\/p>\t\t\t\t\t\t\t\t<\/div>\n\t\t\t\t<\/div>\n\t\t\t\t<div class=\"elementor-element elementor-element-a30e04d elementor-align-start elementor-icon-list--layout-traditional elementor-list-item-link-full_width elementor-widget elementor-widget-icon-list\" data-id=\"a30e04d\" data-element_type=\"widget\" data-e-type=\"widget\" data-widget_type=\"icon-list.default\">\n\t\t\t\t<div class=\"elementor-widget-container\">\n\t\t\t\t\t\t\t<ul class=\"elementor-icon-list-items\">\n\t\t\t\t\t\t\t<li class=\"elementor-icon-list-item\">\n\t\t\t\t\t\t\t\t\t\t\t<span class=\"elementor-icon-list-icon\">\n\t\t\t\t\t\t\t<i aria-hidden=\"true\" class=\"fas fa-check\"><\/i>\t\t\t\t\t\t<\/span>\n\t\t\t\t\t\t\t\t\t\t<span class=\"elementor-icon-list-text\">Alternativas de formato: en plano y plegado.<\/span>\n\t\t\t\t\t\t\t\t\t<\/li>\n\t\t\t\t\t\t\t\t<li class=\"elementor-icon-list-item\">\n\t\t\t\t\t\t\t\t\t\t\t<span class=\"elementor-icon-list-icon\">\n\t\t\t\t\t\t\t<i aria-hidden=\"true\" class=\"fas fa-check\"><\/i>\t\t\t\t\t\t<\/span>\n\t\t\t\t\t\t\t\t\t\t<span class=\"elementor-icon-list-text\">Material utilizado: papel entre 40 y 90 gramos.<\/span>\n\t\t\t\t\t\t\t\t\t<\/li>\n\t\t\t\t\t\t\t\t<li class=\"elementor-icon-list-item\">\n\t\t\t\t\t\t\t\t\t\t\t<span class=\"elementor-icon-list-icon\">\n\t\t\t\t\t\t\t<i aria-hidden=\"true\" class=\"fas fa-check\"><\/i>\t\t\t\t\t\t<\/span>\n\t\t\t\t\t\t\t\t\t\t<span class=\"elementor-icon-list-text\">Prospectos s\u00e1bana.<\/span>\n\t\t\t\t\t\t\t\t\t<\/li>\n\t\t\t\t\t\t<\/ul>\n\t\t\t\t\t\t<\/div>\n\t\t\t\t<\/div>\n\t\t\t\t<\/div>\n\t\t<div class=\"elementor-element elementor-element-e1362e2 e-con-full e-flex e-con e-parent\" data-id=\"e1362e2\" data-element_type=\"container\" data-e-type=\"container\">\n\t\t\t\t<div class=\"elementor-element elementor-element-c61db42 elementor-widget elementor-widget-image\" data-id=\"c61db42\" data-element_type=\"widget\" data-e-type=\"widget\" data-widget_type=\"image.default\">\n\t\t\t\t<div class=\"elementor-widget-container\">\n\t\t\t\t\t\t\t\t\t\t\t\t\t\t\t<img decoding=\"async\" width=\"900\" height=\"600\" src=\"https:\/\/www.maculart.com\/app\/uploads\/2023\/09\/prospectosfarmaceuticos2.jpg\" class=\"attachment-large size-large wp-image-2054\" alt=\"\" srcset=\"https:\/\/www.maculart.com\/app\/uploads\/2023\/09\/prospectosfarmaceuticos2.jpg 900w, https:\/\/www.maculart.com\/app\/uploads\/2023\/09\/prospectosfarmaceuticos2-300x200.jpg 300w, https:\/\/www.maculart.com\/app\/uploads\/2023\/09\/prospectosfarmaceuticos2-768x512.jpg 768w\" sizes=\"(max-width: 900px) 100vw, 900px\" \/>\t\t\t\t\t\t\t\t\t\t\t\t\t\t\t<\/div>\n\t\t\t\t<\/div>\n\t\t\t\t<\/div>\n\t\t\t\t\t<\/div>\n\t\t\t\t<\/div>\n\t\t<div class=\"elementor-element elementor-element-c9b44b2 e-flex e-con-boxed e-con e-parent\" data-id=\"c9b44b2\" data-element_type=\"container\" data-e-type=\"container\">\n\t\t\t\t\t<div class=\"e-con-inner\">\n\t\t<div class=\"elementor-element elementor-element-10ee339 e-con-full e-flex e-con e-parent\" data-id=\"10ee339\" data-element_type=\"container\" data-e-type=\"container\" data-settings=\"{&quot;background_background&quot;:&quot;classic&quot;}\">\n\t\t\t\t<div class=\"elementor-element elementor-element-e2631a7 elementor-widget__width-inherit elementor-widget elementor-widget-heading\" data-id=\"e2631a7\" data-element_type=\"widget\" data-e-type=\"widget\" data-widget_type=\"heading.default\">\n\t\t\t\t<div class=\"elementor-widget-container\">\n\t\t\t\t\t<h2 class=\"elementor-heading-title elementor-size-default\">Contacta con nosotros\ny cu\u00e9ntanos tu proyecto<\/h2>\t\t\t\t<\/div>\n\t\t\t\t<\/div>\n\t\t\t\t<\/div>\n\t\t<div class=\"elementor-element elementor-element-9d54b8d e-flex e-con-boxed e-con e-parent\" data-id=\"9d54b8d\" data-element_type=\"container\" data-e-type=\"container\" data-settings=\"{&quot;background_background&quot;:&quot;classic&quot;}\">\n\t\t\t\t\t<div class=\"e-con-inner\">\n\t\t\t\t<div class=\"elementor-element elementor-element-c301297 button-container elementor-widget elementor-widget-button\" data-id=\"c301297\" data-element_type=\"widget\" data-e-type=\"widget\" data-widget_type=\"button.default\">\n\t\t\t\t<div class=\"elementor-widget-container\">\n\t\t\t\t\t\t\t\t\t<div class=\"elementor-button-wrapper\">\n\t\t\t\t\t<a class=\"elementor-button elementor-button-link elementor-size-sm\" href=\"https:\/\/www.maculart.com\/contacto\/\">\n\t\t\t\t\t\t<span class=\"elementor-button-content-wrapper\">\n\t\t\t\t\t\t\t\t\t<span class=\"elementor-button-text\">Cont\u00e1ctanos<\/span>\n\t\t\t\t\t<\/span>\n\t\t\t\t\t<\/a>\n\t\t\t\t<\/div>\n\t\t\t\t\t\t\t\t<\/div>\n\t\t\t\t<\/div>\n\t\t\t\t\t<\/div>\n\t\t\t\t<\/div>\n\t\t\t\t\t<\/div>\n\t\t\t\t<\/div>\n\t\t\t\t<\/div>\n\t\t","protected":false},"excerpt":{"rendered":"<p>Prospectos farmac\u00e9uticos El prospecto del medicamento es la pieza clave para informar al usuario sobre las instrucciones de uso, indicaciones, posibles efectos adversos, contraindicaciones y dem\u00e1s aspectos relevantes del medicamento&#8230;.<\/p>\n","protected":false},"author":1,"featured_media":0,"parent":0,"menu_order":0,"comment_status":"closed","ping_status":"closed","template":"","meta":{"_acf_changed":false,"inline_featured_image":false,"footnotes":""},"class_list":["post-256","page","type-page","status-publish","hentry"],"acf":[],"yoast_head":"<!-- This site is optimized with the Yoast SEO plugin v27.4 - https:\/\/yoast.com\/product\/yoast-seo-wordpress\/ -->\n<title>Prospectos farmac\u00e9uticos - Maculart<\/title>\n<meta name=\"robots\" content=\"index, follow, max-snippet:-1, max-image-preview:large, max-video-preview:-1\" \/>\n<link rel=\"canonical\" href=\"https:\/\/www.maculart.com\/es\/soluciones-prospectos-farmaceuticos\/\" \/>\n<meta property=\"og:locale\" content=\"es_ES\" \/>\n<meta property=\"og:type\" content=\"article\" \/>\n<meta property=\"og:title\" content=\"Prospectos farmac\u00e9uticos - Maculart\" \/>\n<meta property=\"og:description\" content=\"Prospectos farmac\u00e9uticos El prospecto del medicamento es la pieza clave para informar al usuario sobre las instrucciones de uso, indicaciones, posibles efectos adversos, contraindicaciones y dem\u00e1s aspectos relevantes del medicamento....\" \/>\n<meta property=\"og:url\" content=\"https:\/\/www.maculart.com\/es\/soluciones-prospectos-farmaceuticos\/\" \/>\n<meta property=\"og:site_name\" content=\"Maculart\" \/>\n<meta property=\"article:modified_time\" content=\"2023-09-26T08:53:30+00:00\" \/>\n<meta property=\"og:image\" content=\"https:\/\/www.maculart.com\/app\/uploads\/2023\/07\/Rectangle-4-1.png\" \/>\n<meta name=\"twitter:card\" content=\"summary_large_image\" \/>\n<meta name=\"twitter:label1\" content=\"Tiempo de lectura\" \/>\n\t<meta name=\"twitter:data1\" content=\"2 minutos\" \/>\n<script type=\"application\/ld+json\" class=\"yoast-schema-graph\">{\"@context\":\"https:\\\/\\\/schema.org\",\"@graph\":[{\"@type\":\"WebPage\",\"@id\":\"https:\\\/\\\/www.maculart.com\\\/es\\\/soluciones-prospectos-farmaceuticos\\\/\",\"url\":\"https:\\\/\\\/www.maculart.com\\\/es\\\/soluciones-prospectos-farmaceuticos\\\/\",\"name\":\"Prospectos farmac\u00e9uticos - Maculart\",\"isPartOf\":{\"@id\":\"https:\\\/\\\/www.maculart.com\\\/es\\\/#website\"},\"primaryImageOfPage\":{\"@id\":\"https:\\\/\\\/www.maculart.com\\\/es\\\/soluciones-prospectos-farmaceuticos\\\/#primaryimage\"},\"image\":{\"@id\":\"https:\\\/\\\/www.maculart.com\\\/es\\\/soluciones-prospectos-farmaceuticos\\\/#primaryimage\"},\"thumbnailUrl\":\"https:\\\/\\\/www.maculart.com\\\/app\\\/uploads\\\/2023\\\/07\\\/Rectangle-4-1.png\",\"datePublished\":\"2023-07-12T11:09:19+00:00\",\"dateModified\":\"2023-09-26T08:53:30+00:00\",\"inLanguage\":\"es\",\"potentialAction\":[{\"@type\":\"ReadAction\",\"target\":[\"https:\\\/\\\/www.maculart.com\\\/es\\\/soluciones-prospectos-farmaceuticos\\\/\"]}]},{\"@type\":\"ImageObject\",\"inLanguage\":\"es\",\"@id\":\"https:\\\/\\\/www.maculart.com\\\/es\\\/soluciones-prospectos-farmaceuticos\\\/#primaryimage\",\"url\":\"https:\\\/\\\/www.maculart.com\\\/app\\\/uploads\\\/2023\\\/07\\\/Rectangle-4-1.png\",\"contentUrl\":\"https:\\\/\\\/www.maculart.com\\\/app\\\/uploads\\\/2023\\\/07\\\/Rectangle-4-1.png\"},{\"@type\":\"WebSite\",\"@id\":\"https:\\\/\\\/www.maculart.com\\\/es\\\/#website\",\"url\":\"https:\\\/\\\/www.maculart.com\\\/es\\\/\",\"name\":\"Maculart\",\"description\":\"\",\"potentialAction\":[{\"@type\":\"SearchAction\",\"target\":{\"@type\":\"EntryPoint\",\"urlTemplate\":\"https:\\\/\\\/www.maculart.com\\\/es\\\/?s={search_term_string}\"},\"query-input\":{\"@type\":\"PropertyValueSpecification\",\"valueRequired\":true,\"valueName\":\"search_term_string\"}}],\"inLanguage\":\"es\"}]}<\/script>\n<!-- \/ Yoast SEO plugin. -->","yoast_head_json":{"title":"Prospectos farmac\u00e9uticos - Maculart","robots":{"index":"index","follow":"follow","max-snippet":"max-snippet:-1","max-image-preview":"max-image-preview:large","max-video-preview":"max-video-preview:-1"},"canonical":"https:\/\/www.maculart.com\/es\/soluciones-prospectos-farmaceuticos\/","og_locale":"es_ES","og_type":"article","og_title":"Prospectos farmac\u00e9uticos - Maculart","og_description":"Prospectos farmac\u00e9uticos El prospecto del medicamento es la pieza clave para informar al usuario sobre las instrucciones de uso, indicaciones, posibles efectos adversos, contraindicaciones y dem\u00e1s aspectos relevantes del medicamento....","og_url":"https:\/\/www.maculart.com\/es\/soluciones-prospectos-farmaceuticos\/","og_site_name":"Maculart","article_modified_time":"2023-09-26T08:53:30+00:00","og_image":[{"url":"https:\/\/www.maculart.com\/app\/uploads\/2023\/07\/Rectangle-4-1.png","type":"","width":"","height":""}],"twitter_card":"summary_large_image","twitter_misc":{"Tiempo de lectura":"2 minutos"},"schema":{"@context":"https:\/\/schema.org","@graph":[{"@type":"WebPage","@id":"https:\/\/www.maculart.com\/es\/soluciones-prospectos-farmaceuticos\/","url":"https:\/\/www.maculart.com\/es\/soluciones-prospectos-farmaceuticos\/","name":"Prospectos farmac\u00e9uticos - Maculart","isPartOf":{"@id":"https:\/\/www.maculart.com\/es\/#website"},"primaryImageOfPage":{"@id":"https:\/\/www.maculart.com\/es\/soluciones-prospectos-farmaceuticos\/#primaryimage"},"image":{"@id":"https:\/\/www.maculart.com\/es\/soluciones-prospectos-farmaceuticos\/#primaryimage"},"thumbnailUrl":"https:\/\/www.maculart.com\/app\/uploads\/2023\/07\/Rectangle-4-1.png","datePublished":"2023-07-12T11:09:19+00:00","dateModified":"2023-09-26T08:53:30+00:00","inLanguage":"es","potentialAction":[{"@type":"ReadAction","target":["https:\/\/www.maculart.com\/es\/soluciones-prospectos-farmaceuticos\/"]}]},{"@type":"ImageObject","inLanguage":"es","@id":"https:\/\/www.maculart.com\/es\/soluciones-prospectos-farmaceuticos\/#primaryimage","url":"https:\/\/www.maculart.com\/app\/uploads\/2023\/07\/Rectangle-4-1.png","contentUrl":"https:\/\/www.maculart.com\/app\/uploads\/2023\/07\/Rectangle-4-1.png"},{"@type":"WebSite","@id":"https:\/\/www.maculart.com\/es\/#website","url":"https:\/\/www.maculart.com\/es\/","name":"Maculart","description":"","potentialAction":[{"@type":"SearchAction","target":{"@type":"EntryPoint","urlTemplate":"https:\/\/www.maculart.com\/es\/?s={search_term_string}"},"query-input":{"@type":"PropertyValueSpecification","valueRequired":true,"valueName":"search_term_string"}}],"inLanguage":"es"}]}},"_links":{"self":[{"href":"https:\/\/www.maculart.com\/es\/wp-json\/wp\/v2\/pages\/256","targetHints":{"allow":["GET"]}}],"collection":[{"href":"https:\/\/www.maculart.com\/es\/wp-json\/wp\/v2\/pages"}],"about":[{"href":"https:\/\/www.maculart.com\/es\/wp-json\/wp\/v2\/types\/page"}],"author":[{"embeddable":true,"href":"https:\/\/www.maculart.com\/es\/wp-json\/wp\/v2\/users\/1"}],"replies":[{"embeddable":true,"href":"https:\/\/www.maculart.com\/es\/wp-json\/wp\/v2\/comments?post=256"}],"version-history":[{"count":51,"href":"https:\/\/www.maculart.com\/es\/wp-json\/wp\/v2\/pages\/256\/revisions"}],"predecessor-version":[{"id":2057,"href":"https:\/\/www.maculart.com\/es\/wp-json\/wp\/v2\/pages\/256\/revisions\/2057"}],"wp:attachment":[{"href":"https:\/\/www.maculart.com\/es\/wp-json\/wp\/v2\/media?parent=256"}],"curies":[{"name":"wp","href":"https:\/\/api.w.org\/{rel}","templated":true}]}}