{"id":290,"date":"2023-07-12T13:31:44","date_gmt":"2023-07-12T11:31:44","guid":{"rendered":"https:\/\/www.maculart.com\/?page_id=290"},"modified":"2025-07-28T12:49:32","modified_gmt":"2025-07-28T10:49:32","slug":"innovacion-y-calidad-organizacion","status":"publish","type":"page","link":"https:\/\/www.maculart.com\/es\/innovacion-y-calidad-organizacion\/","title":{"rendered":"Organizaci\u00f3n"},"content":{"rendered":"\t\t<div data-elementor-type=\"wp-page\" data-elementor-id=\"290\" class=\"elementor elementor-290\">\n\t\t\t\t<div class=\"elementor-element elementor-element-499cc8a e-flex e-con-boxed e-con e-parent\" data-id=\"499cc8a\" data-element_type=\"container\" data-e-type=\"container\">\n\t\t\t\t\t<div class=\"e-con-inner\">\n\t\t\t\t\t<\/div>\n\t\t\t\t<\/div>\n\t\t<div class=\"elementor-element elementor-element-24d97ef e-flex e-con-boxed e-con e-parent\" data-id=\"24d97ef\" data-element_type=\"container\" data-e-type=\"container\">\n\t\t\t\t\t<div class=\"e-con-inner\">\n\t\t<div class=\"elementor-element elementor-element-e2f38e0 e-con-full e-flex e-con e-child\" data-id=\"e2f38e0\" data-element_type=\"container\" data-e-type=\"container\">\n\t\t\t\t<div class=\"elementor-element elementor-element-3166795 line-height-2 elementor-widget elementor-widget-text-editor\" data-id=\"3166795\" data-element_type=\"widget\" data-e-type=\"widget\" data-widget_type=\"text-editor.default\">\n\t\t\t\t<div class=\"elementor-widget-container\">\n\t\t\t\t\t\t\t\t\t<p>En Grup Maculart hemos vivido la transformaci\u00f3n del sector de las artes gr\u00e1ficas de primera mano. La producci\u00f3n en Grup Maculart no se detiene. Funciona las 24 h a trav\u00e9s de 2 o 3 turnos consecutivos, seg\u00fan las necesidades del proceso productivo. Esto nos permite la m\u00e1xima agilidad para dar respuesta a nuestros clientes y servir entregas en plazos \u00f3ptimos sin comprometer nunca la calidad.<br \/>Y es que la adaptabilidad de Grup Maculart para cumplir con las necesidades de nuestros clientes se refleja en todo el proceso de impresi\u00f3n y producci\u00f3n: desde la maqueta inicial que elaboramos seg\u00fan sus preferencias hasta la entrega de los productos, que sigue tambi\u00e9n sus directrices.<\/p>\t\t\t\t\t\t\t\t<\/div>\n\t\t\t\t<\/div>\n\t\t\t\t<\/div>\n\t\t<div class=\"elementor-element elementor-element-5ce2993 e-con-full e-flex e-con e-child\" data-id=\"5ce2993\" data-element_type=\"container\" data-e-type=\"container\">\n\t\t\t\t<div class=\"elementor-element elementor-element-45220a5 elementor-widget elementor-widget-image\" data-id=\"45220a5\" data-element_type=\"widget\" data-e-type=\"widget\" data-widget_type=\"image.default\">\n\t\t\t\t<div class=\"elementor-widget-container\">\n\t\t\t\t\t\t\t\t\t\t\t\t\t\t\t<img fetchpriority=\"high\" decoding=\"async\" width=\"900\" height=\"600\" src=\"https:\/\/www.maculart.com\/app\/uploads\/2023\/09\/organizacion.jpg\" class=\"attachment-large size-large wp-image-2063\" alt=\"\" srcset=\"https:\/\/www.maculart.com\/app\/uploads\/2023\/09\/organizacion.jpg 900w, https:\/\/www.maculart.com\/app\/uploads\/2023\/09\/organizacion-300x200.jpg 300w, https:\/\/www.maculart.com\/app\/uploads\/2023\/09\/organizacion-768x512.jpg 768w\" sizes=\"(max-width: 900px) 100vw, 900px\" \/>\t\t\t\t\t\t\t\t\t\t\t\t\t\t\t<\/div>\n\t\t\t\t<\/div>\n\t\t\t\t<\/div>\n\t\t\t\t\t<\/div>\n\t\t\t\t<\/div>\n\t\t<div class=\"elementor-element elementor-element-ab24fca e-flex e-con-boxed e-con e-parent\" data-id=\"ab24fca\" data-element_type=\"container\" data-e-type=\"container\">\n\t\t\t\t\t<div class=\"e-con-inner\">\n\t\t\t\t\t<\/div>\n\t\t\t\t<\/div>\n\t\t\t\t<section class=\"elementor-section elementor-top-section elementor-element elementor-element-a85539b elementor-section-boxed elementor-section-height-default elementor-section-height-default\" data-id=\"a85539b\" data-element_type=\"section\" data-e-type=\"section\" data-settings=\"{&quot;background_background&quot;:&quot;classic&quot;}\">\n\t\t\t\t\t\t<div class=\"elementor-container elementor-column-gap-default\">\n\t\t\t\t\t<div class=\"elementor-column elementor-col-100 elementor-top-column elementor-element elementor-element-c1e8806\" data-id=\"c1e8806\" data-element_type=\"column\" data-e-type=\"column\">\n\t\t\t<div class=\"elementor-widget-wrap elementor-element-populated\">\n\t\t\t\t<div class=\"elementor-element elementor-element-9cbc963 e-flex e-con-boxed e-con e-parent\" data-id=\"9cbc963\" data-element_type=\"container\" data-e-type=\"container\">\n\t\t\t\t\t<div class=\"e-con-inner\">\n\t\t\t\t<div class=\"elementor-element elementor-element-0bb6b94 elementor-widget elementor-widget-heading\" data-id=\"0bb6b94\" data-element_type=\"widget\" data-e-type=\"widget\" data-widget_type=\"heading.default\">\n\t\t\t\t<div class=\"elementor-widget-container\">\n\t\t\t\t\t<h3 class=\"elementor-heading-title elementor-size-default\">La organizaci\u00f3n de Grup Maculart se compone de los siguientes departamentos:<\/h3>\t\t\t\t<\/div>\n\t\t\t\t<\/div>\n\t\t\t\t\t<\/div>\n\t\t\t\t<\/div>\n\t\t<div class=\"elementor-element elementor-element-93dbefe e-flex e-con-boxed e-con e-parent\" data-id=\"93dbefe\" data-element_type=\"container\" data-e-type=\"container\">\n\t\t\t\t\t<div class=\"e-con-inner\">\n\t\t\t\t\t<\/div>\n\t\t\t\t<\/div>\n\t\t\t\t<div class=\"elementor-element elementor-element-67e5448 elementor-widget elementor-widget-toggle\" data-id=\"67e5448\" data-element_type=\"widget\" data-e-type=\"widget\" data-widget_type=\"toggle.default\">\n\t\t\t\t<div class=\"elementor-widget-container\">\n\t\t\t\t\t\t\t<div class=\"elementor-toggle\">\n\t\t\t\t\t\t\t<div class=\"elementor-toggle-item\">\n\t\t\t\t\t<div id=\"elementor-tab-title-1081\" class=\"elementor-tab-title\" data-tab=\"1\" role=\"button\" aria-controls=\"elementor-tab-content-1081\" aria-expanded=\"false\">\n\t\t\t\t\t\t\t\t\t\t\t\t<span class=\"elementor-toggle-icon elementor-toggle-icon-right\" aria-hidden=\"true\">\n\t\t\t\t\t\t\t\t\t\t\t\t\t\t\t<span class=\"elementor-toggle-icon-closed\"><i class=\"fas fa-chevron-down\"><\/i><\/span>\n\t\t\t\t\t\t\t\t<span class=\"elementor-toggle-icon-opened\"><i class=\"elementor-toggle-icon-opened fas fa-chevron-up\"><\/i><\/span>\n\t\t\t\t\t\t\t\t\t\t\t\t\t<\/span>\n\t\t\t\t\t\t\t\t\t\t\t\t<a class=\"elementor-toggle-title\" tabindex=\"0\"><img decoding=\"async\"  class=\"icon_org\" src=\"https:\/\/www.maculart.com\/app\/uploads\/2023\/07\/calidad.svg\"\/> Gerencia<\/a>\n\t\t\t\t\t<\/div>\n\n\t\t\t\t\t<div id=\"elementor-tab-content-1081\" class=\"elementor-tab-content elementor-clearfix\" data-tab=\"1\" role=\"region\" aria-labelledby=\"elementor-tab-title-1081\"><p>Al frente de Grup Maculart encontramos Gerencia, formada por la segunda generaci\u00f3n Maj\u00f3s.<\/p><p>Su larga experiencia en el sector farmac\u00e9utico se traduce en un conocimiento profundo que comparte con el resto de los departamentos, y en relaciones duraderas con muchos de nuestros clientes que saben que tienen en Grup Maculart a un partner de confianza a lo largo del tiempo.<\/p><\/div>\n\t\t\t\t<\/div>\n\t\t\t\t\t\t\t<div class=\"elementor-toggle-item\">\n\t\t\t\t\t<div id=\"elementor-tab-title-1082\" class=\"elementor-tab-title\" data-tab=\"2\" role=\"button\" aria-controls=\"elementor-tab-content-1082\" aria-expanded=\"false\">\n\t\t\t\t\t\t\t\t\t\t\t\t<span class=\"elementor-toggle-icon elementor-toggle-icon-right\" aria-hidden=\"true\">\n\t\t\t\t\t\t\t\t\t\t\t\t\t\t\t<span class=\"elementor-toggle-icon-closed\"><i class=\"fas fa-chevron-down\"><\/i><\/span>\n\t\t\t\t\t\t\t\t<span class=\"elementor-toggle-icon-opened\"><i class=\"elementor-toggle-icon-opened fas fa-chevron-up\"><\/i><\/span>\n\t\t\t\t\t\t\t\t\t\t\t\t\t<\/span>\n\t\t\t\t\t\t\t\t\t\t\t\t<a class=\"elementor-toggle-title\" tabindex=\"0\"><img decoding=\"async\"  class=\"icon_org\" src=\"https:\/\/www.maculart.com\/app\/uploads\/2023\/07\/Frame-2.svg\"\/> Calidad<\/a>\n\t\t\t\t\t<\/div>\n\n\t\t\t\t\t<div id=\"elementor-tab-content-1082\" class=\"elementor-tab-content elementor-clearfix\" data-tab=\"2\" role=\"region\" aria-labelledby=\"elementor-tab-title-1082\"><p>En Grup Maculart aplicamos los <strong>estrictos controles de calidad<\/strong>\u00a0que exige el<strong>\u00a0sector farmac\u00e9utico<\/strong>. Contamos con un equipo dedicado a garantizar la conformidad de la producci\u00f3n en cumplimento con los requisitos de nuestros clientes y la normativa sectorial.<\/p><p>Este departamento es el responsable de realizar la comprobaci\u00f3n de calidad de impresi\u00f3n, tanto de forma manual como con la ayuda de avanzados programas inform\u00e1ticos, as\u00ed como del producto antes de autorizar la salida de la mercanc\u00eda.<\/p><\/div>\n\t\t\t\t<\/div>\n\t\t\t\t\t\t\t<div class=\"elementor-toggle-item\">\n\t\t\t\t\t<div id=\"elementor-tab-title-1083\" class=\"elementor-tab-title\" data-tab=\"3\" role=\"button\" aria-controls=\"elementor-tab-content-1083\" aria-expanded=\"false\">\n\t\t\t\t\t\t\t\t\t\t\t\t<span class=\"elementor-toggle-icon elementor-toggle-icon-right\" aria-hidden=\"true\">\n\t\t\t\t\t\t\t\t\t\t\t\t\t\t\t<span class=\"elementor-toggle-icon-closed\"><i class=\"fas fa-chevron-down\"><\/i><\/span>\n\t\t\t\t\t\t\t\t<span class=\"elementor-toggle-icon-opened\"><i class=\"elementor-toggle-icon-opened fas fa-chevron-up\"><\/i><\/span>\n\t\t\t\t\t\t\t\t\t\t\t\t\t<\/span>\n\t\t\t\t\t\t\t\t\t\t\t\t<a class=\"elementor-toggle-title\" tabindex=\"0\"><img decoding=\"async\"  class=\"icon_org\" src=\"https:\/\/www.maculart.com\/app\/uploads\/2023\/07\/Oficina-tecnica.svg\"\/> Oficina t\u00e9cnica<\/a>\n\t\t\t\t\t<\/div>\n\n\t\t\t\t\t<div id=\"elementor-tab-content-1083\" class=\"elementor-tab-content elementor-clearfix\" data-tab=\"3\" role=\"region\" aria-labelledby=\"elementor-tab-title-1083\"><p>Es la responsable de coordinar y trazar la hoja de ruta de cada proceso de producci\u00f3n. Esto conlleva todo el trabajo administrativo interno, la reserva del material y su compra, la solicitud de perfiles y troqueles, a\u00f1adiendo los procesos externos que puedan tener algunas hojas de ruta, entre otras tareas.<\/p><\/div>\n\t\t\t\t<\/div>\n\t\t\t\t\t\t\t<div class=\"elementor-toggle-item\">\n\t\t\t\t\t<div id=\"elementor-tab-title-1084\" class=\"elementor-tab-title\" data-tab=\"4\" role=\"button\" aria-controls=\"elementor-tab-content-1084\" aria-expanded=\"false\">\n\t\t\t\t\t\t\t\t\t\t\t\t<span class=\"elementor-toggle-icon elementor-toggle-icon-right\" aria-hidden=\"true\">\n\t\t\t\t\t\t\t\t\t\t\t\t\t\t\t<span class=\"elementor-toggle-icon-closed\"><i class=\"fas fa-chevron-down\"><\/i><\/span>\n\t\t\t\t\t\t\t\t<span class=\"elementor-toggle-icon-opened\"><i class=\"elementor-toggle-icon-opened fas fa-chevron-up\"><\/i><\/span>\n\t\t\t\t\t\t\t\t\t\t\t\t\t<\/span>\n\t\t\t\t\t\t\t\t\t\t\t\t<a class=\"elementor-toggle-title\" tabindex=\"0\"><img decoding=\"async\" class=\"icon_org\" src=\"https:\/\/www.maculart.com\/app\/uploads\/2023\/07\/Diseno-y-Pre-impresion.svg\"\/> Dise\u00f1o y Pre-impresi\u00f3n<\/a>\n\t\t\t\t\t<\/div>\n\n\t\t\t\t\t<div id=\"elementor-tab-content-1084\" class=\"elementor-tab-content elementor-clearfix\" data-tab=\"4\" role=\"region\" aria-labelledby=\"elementor-tab-title-1084\"><p>Contar con un departamento interno de dise\u00f1o es un valor a\u00f1adido de Grup Maculart. Nos permite encarar los proyectos con creatividad y <strong>proponer ideas frescas e innovadoras,<\/strong>\u00a0al mismo tiempo que ofrecemos un <strong>asesoramiento experto<\/strong>\u00a0<strong>en el dise\u00f1o y la maquetaci\u00f3n<\/strong>\u00a0de los prospectos y estuches de medicamentos.<\/p><p>Este departamento aporta adaptabilidad y fiabilidad al proceso de producci\u00f3n. Entre otras funciones, se encarga de realizar las <strong>pruebas de color y dise\u00f1os en 3D <\/strong>para facilitar las comprobaciones y rectificaciones de los originales a los perfiles de impresi\u00f3n y asegurar una impresi\u00f3n perfecta.<\/p><\/div>\n\t\t\t\t<\/div>\n\t\t\t\t\t\t\t<div class=\"elementor-toggle-item\">\n\t\t\t\t\t<div id=\"elementor-tab-title-1085\" class=\"elementor-tab-title\" data-tab=\"5\" role=\"button\" aria-controls=\"elementor-tab-content-1085\" aria-expanded=\"false\">\n\t\t\t\t\t\t\t\t\t\t\t\t<span class=\"elementor-toggle-icon elementor-toggle-icon-right\" aria-hidden=\"true\">\n\t\t\t\t\t\t\t\t\t\t\t\t\t\t\t<span class=\"elementor-toggle-icon-closed\"><i class=\"fas fa-chevron-down\"><\/i><\/span>\n\t\t\t\t\t\t\t\t<span class=\"elementor-toggle-icon-opened\"><i class=\"elementor-toggle-icon-opened fas fa-chevron-up\"><\/i><\/span>\n\t\t\t\t\t\t\t\t\t\t\t\t\t<\/span>\n\t\t\t\t\t\t\t\t\t\t\t\t<a class=\"elementor-toggle-title\" tabindex=\"0\"><img decoding=\"async\" class=\"icon_org\" src=\"https:\/\/www.maculart.com\/app\/uploads\/2023\/07\/Comercial.svg\"\/> Comercial<\/a>\n\t\t\t\t\t<\/div>\n\n\t\t\t\t\t<div id=\"elementor-tab-content-1085\" class=\"elementor-tab-content elementor-clearfix\" data-tab=\"5\" role=\"region\" aria-labelledby=\"elementor-tab-title-1085\"><p>En Grup Maculart estamos al lado de nuestros clientes. Esta misi\u00f3n la representa a la perfecci\u00f3n nuestro departamento comercial con una amplia experiencia en el sector de la impresi\u00f3n y de soluciones PLV (Publicidad en el Punto de Venta), donde cada miembro del equipo propone, asesora y <strong>acompa\u00f1a al cliente en todo proyecto<\/strong>.<\/p><p>As\u00ed, logra establecer relaciones de confianza con nuestros clientes que se mantienen a lo largo de los a\u00f1os.<\/p><\/div>\n\t\t\t\t<\/div>\n\t\t\t\t\t\t\t<div class=\"elementor-toggle-item\">\n\t\t\t\t\t<div id=\"elementor-tab-title-1086\" class=\"elementor-tab-title\" data-tab=\"6\" role=\"button\" aria-controls=\"elementor-tab-content-1086\" aria-expanded=\"false\">\n\t\t\t\t\t\t\t\t\t\t\t\t<span class=\"elementor-toggle-icon elementor-toggle-icon-right\" aria-hidden=\"true\">\n\t\t\t\t\t\t\t\t\t\t\t\t\t\t\t<span class=\"elementor-toggle-icon-closed\"><i class=\"fas fa-chevron-down\"><\/i><\/span>\n\t\t\t\t\t\t\t\t<span class=\"elementor-toggle-icon-opened\"><i class=\"elementor-toggle-icon-opened fas fa-chevron-up\"><\/i><\/span>\n\t\t\t\t\t\t\t\t\t\t\t\t\t<\/span>\n\t\t\t\t\t\t\t\t\t\t\t\t<a class=\"elementor-toggle-title\" tabindex=\"0\"><img decoding=\"async\" class=\"icon_org\" src=\"https:\/\/www.maculart.com\/app\/uploads\/2023\/07\/Impresion.svg\"\/> Impresi\u00f3n<\/a>\n\t\t\t\t\t<\/div>\n\n\t\t\t\t\t<div id=\"elementor-tab-content-1086\" class=\"elementor-tab-content elementor-clearfix\" data-tab=\"6\" role=\"region\" aria-labelledby=\"elementor-tab-title-1086\"><p>Nuestros especialistas en impresi\u00f3n disponen de una amplia gama de <strong>impresoras con tecnolog\u00eda de vanguardia<\/strong>\u00a0que nos brindan <strong>versatilidad y eficiencia en la producci\u00f3n<\/strong>, as\u00ed como avanzados programas que aportan fiabilidad y control.<\/p><p>Con todo ello, en Grup Maculart garantizamos una impresi\u00f3n fiel a la prueba original consensuada con el cliente, sin sorpresas ni modificaciones inesperadas.<\/p><\/div>\n\t\t\t\t<\/div>\n\t\t\t\t\t\t\t<div class=\"elementor-toggle-item\">\n\t\t\t\t\t<div id=\"elementor-tab-title-1087\" class=\"elementor-tab-title\" data-tab=\"7\" role=\"button\" aria-controls=\"elementor-tab-content-1087\" aria-expanded=\"false\">\n\t\t\t\t\t\t\t\t\t\t\t\t<span class=\"elementor-toggle-icon elementor-toggle-icon-right\" aria-hidden=\"true\">\n\t\t\t\t\t\t\t\t\t\t\t\t\t\t\t<span class=\"elementor-toggle-icon-closed\"><i class=\"fas fa-chevron-down\"><\/i><\/span>\n\t\t\t\t\t\t\t\t<span class=\"elementor-toggle-icon-opened\"><i class=\"elementor-toggle-icon-opened fas fa-chevron-up\"><\/i><\/span>\n\t\t\t\t\t\t\t\t\t\t\t\t\t<\/span>\n\t\t\t\t\t\t\t\t\t\t\t\t<a class=\"elementor-toggle-title\" tabindex=\"0\"><img decoding=\"async\" class=\"icon_org\" src=\"https:\/\/www.maculart.com\/app\/uploads\/2023\/07\/Troquelado-engomado-y-plegado.svg\"\/> Troquelado, engomado y plegado<\/a>\n\t\t\t\t\t<\/div>\n\n\t\t\t\t\t<div id=\"elementor-tab-content-1087\" class=\"elementor-tab-content elementor-clearfix\" data-tab=\"7\" role=\"region\" aria-labelledby=\"elementor-tab-title-1087\"><p>Para poder garantizar la m\u00e1xima calidad, en Grup Maculart ofrecemos un <strong>servicio integral <\/strong>que incluye tambi\u00e9n la manipulaci\u00f3n de los estuches y prospectos farmac\u00e9uticos que imprimimos. A lo largo de los a\u00f1os, hemos ido creciendo para poder incorporar equipos t\u00e9cnicos y humanos que nos permiten realizar todo el proceso industrial en nuestras instalaciones en Cerdanyola del Vall\u00e8s (Barcelona).<\/p><\/div>\n\t\t\t\t<\/div>\n\t\t\t\t\t\t\t<div class=\"elementor-toggle-item\">\n\t\t\t\t\t<div id=\"elementor-tab-title-1088\" class=\"elementor-tab-title\" data-tab=\"8\" role=\"button\" aria-controls=\"elementor-tab-content-1088\" aria-expanded=\"false\">\n\t\t\t\t\t\t\t\t\t\t\t\t<span class=\"elementor-toggle-icon elementor-toggle-icon-right\" aria-hidden=\"true\">\n\t\t\t\t\t\t\t\t\t\t\t\t\t\t\t<span class=\"elementor-toggle-icon-closed\"><i class=\"fas fa-chevron-down\"><\/i><\/span>\n\t\t\t\t\t\t\t\t<span class=\"elementor-toggle-icon-opened\"><i class=\"elementor-toggle-icon-opened fas fa-chevron-up\"><\/i><\/span>\n\t\t\t\t\t\t\t\t\t\t\t\t\t<\/span>\n\t\t\t\t\t\t\t\t\t\t\t\t<a class=\"elementor-toggle-title\" tabindex=\"0\"><img decoding=\"async\" class=\"icon_org\" src=\"https:\/\/www.maculart.com\/app\/uploads\/2023\/07\/Logistica.svg\"\/> Log\u00edstica<\/a>\n\t\t\t\t\t<\/div>\n\n\t\t\t\t\t<div id=\"elementor-tab-content-1088\" class=\"elementor-tab-content elementor-clearfix\" data-tab=\"8\" role=\"region\" aria-labelledby=\"elementor-tab-title-1088\"><p>Otro valor a\u00f1adido de Grup Maculart es que disponemos de un departamento log\u00edstico con <strong>flota propia <\/strong>para cubrir el territorio nacional. Esto nos permite contar con una mayor <strong>flexibilidad, rigor y responsabilidad frente a los plazos de entrega<\/strong>\u00a0acordados con nuestros clientes.<\/p><p>Tambi\u00e9n es indispensable para mantener el <strong>control de la entrega de las mercanc\u00edas<\/strong>, pues no solo cumplimos el plazo, sino que tambi\u00e9n podemos garantizar que todos los productos llegan en perfectas condiciones, en los formatos y embalajes solicitados por el cliente.<\/p><\/div>\n\t\t\t\t<\/div>\n\t\t\t\t\t\t\t\t<\/div>\n\t\t\t\t\t\t<\/div>\n\t\t\t\t<\/div>\n\t\t\t\t\t<\/div>\n\t\t<\/div>\n\t\t\t\t\t<\/div>\n\t\t<\/section>\n\t\t\t\t<section class=\"elementor-section elementor-top-section elementor-element elementor-element-bf7fdfb elementor-section-full_width elementor-section-height-default elementor-section-height-default\" data-id=\"bf7fdfb\" data-element_type=\"section\" data-e-type=\"section\">\n\t\t\t\t\t\t<div class=\"elementor-container elementor-column-gap-default\">\n\t\t\t\t\t<div class=\"elementor-column elementor-col-100 elementor-top-column elementor-element elementor-element-b201f4c\" data-id=\"b201f4c\" data-element_type=\"column\" data-e-type=\"column\">\n\t\t\t<div class=\"elementor-widget-wrap elementor-element-populated\">\n\t\t\t\t\t\t<div class=\"elementor-element elementor-element-378833f w-100 elementor-widget elementor-widget-image\" data-id=\"378833f\" data-element_type=\"widget\" data-e-type=\"widget\" data-widget_type=\"image.default\">\n\t\t\t\t<div class=\"elementor-widget-container\">\n\t\t\t\t\t\t\t\t\t\t\t\t\t\t\t<img decoding=\"async\" width=\"1350\" height=\"900\" src=\"https:\/\/www.maculart.com\/app\/uploads\/2023\/09\/organizacion2.jpg\" class=\"attachment-full size-full wp-image-2065\" alt=\"\" srcset=\"https:\/\/www.maculart.com\/app\/uploads\/2023\/09\/organizacion2.jpg 1350w, https:\/\/www.maculart.com\/app\/uploads\/2023\/09\/organizacion2-300x200.jpg 300w, https:\/\/www.maculart.com\/app\/uploads\/2023\/09\/organizacion2-1024x683.jpg 1024w, https:\/\/www.maculart.com\/app\/uploads\/2023\/09\/organizacion2-768x512.jpg 768w\" sizes=\"(max-width: 1350px) 100vw, 1350px\" \/>\t\t\t\t\t\t\t\t\t\t\t\t\t\t\t<\/div>\n\t\t\t\t<\/div>\n\t\t\t\t\t<\/div>\n\t\t<\/div>\n\t\t\t\t\t<\/div>\n\t\t<\/section>\n\t\t\t\t<\/div>\n\t\t","protected":false},"excerpt":{"rendered":"<p>En Grup Maculart hemos vivido la transformaci\u00f3n del sector de las artes gr\u00e1ficas de primera mano. La producci\u00f3n en Grup Maculart no se detiene. Funciona las 24 h a trav\u00e9s&#8230;<\/p>\n","protected":false},"author":1,"featured_media":0,"parent":0,"menu_order":0,"comment_status":"closed","ping_status":"closed","template":"","meta":{"_acf_changed":false,"inline_featured_image":false,"footnotes":""},"class_list":["post-290","page","type-page","status-publish","hentry"],"acf":[],"yoast_head":"<!-- This site is optimized with the Yoast SEO plugin v27.4 - https:\/\/yoast.com\/product\/yoast-seo-wordpress\/ -->\n<title>Organizaci\u00f3n - Maculart<\/title>\n<meta name=\"robots\" content=\"index, follow, max-snippet:-1, max-image-preview:large, max-video-preview:-1\" \/>\n<link rel=\"canonical\" href=\"https:\/\/www.maculart.com\/es\/innovacion-y-calidad-organizacion\/\" \/>\n<meta property=\"og:locale\" content=\"es_ES\" \/>\n<meta property=\"og:type\" content=\"article\" \/>\n<meta property=\"og:title\" content=\"Organizaci\u00f3n - Maculart\" \/>\n<meta property=\"og:description\" content=\"En Grup Maculart hemos vivido la transformaci\u00f3n del sector de las artes gr\u00e1ficas de primera mano. La producci\u00f3n en Grup Maculart no se detiene. Funciona las 24 h a trav\u00e9s...\" \/>\n<meta property=\"og:url\" content=\"https:\/\/www.maculart.com\/es\/innovacion-y-calidad-organizacion\/\" \/>\n<meta property=\"og:site_name\" content=\"Maculart\" \/>\n<meta property=\"article:modified_time\" content=\"2025-07-28T10:49:32+00:00\" \/>\n<meta property=\"og:image\" content=\"https:\/\/www.maculart.com\/app\/uploads\/2023\/09\/organizacion.jpg\" \/>\n\t<meta property=\"og:image:width\" content=\"900\" \/>\n\t<meta property=\"og:image:height\" content=\"600\" \/>\n\t<meta property=\"og:image:type\" content=\"image\/jpeg\" \/>\n<meta name=\"twitter:card\" content=\"summary_large_image\" \/>\n<meta name=\"twitter:label1\" content=\"Tiempo de lectura\" \/>\n\t<meta name=\"twitter:data1\" content=\"6 minutos\" \/>\n<script type=\"application\/ld+json\" class=\"yoast-schema-graph\">{\"@context\":\"https:\\\/\\\/schema.org\",\"@graph\":[{\"@type\":\"WebPage\",\"@id\":\"https:\\\/\\\/www.maculart.com\\\/es\\\/innovacion-y-calidad-organizacion\\\/\",\"url\":\"https:\\\/\\\/www.maculart.com\\\/es\\\/innovacion-y-calidad-organizacion\\\/\",\"name\":\"Organizaci\u00f3n - Maculart\",\"isPartOf\":{\"@id\":\"https:\\\/\\\/www.maculart.com\\\/es\\\/#website\"},\"primaryImageOfPage\":{\"@id\":\"https:\\\/\\\/www.maculart.com\\\/es\\\/innovacion-y-calidad-organizacion\\\/#primaryimage\"},\"image\":{\"@id\":\"https:\\\/\\\/www.maculart.com\\\/es\\\/innovacion-y-calidad-organizacion\\\/#primaryimage\"},\"thumbnailUrl\":\"https:\\\/\\\/www.maculart.com\\\/app\\\/uploads\\\/2023\\\/09\\\/organizacion.jpg\",\"datePublished\":\"2023-07-12T11:31:44+00:00\",\"dateModified\":\"2025-07-28T10:49:32+00:00\",\"inLanguage\":\"es\",\"potentialAction\":[{\"@type\":\"ReadAction\",\"target\":[\"https:\\\/\\\/www.maculart.com\\\/es\\\/innovacion-y-calidad-organizacion\\\/\"]}]},{\"@type\":\"ImageObject\",\"inLanguage\":\"es\",\"@id\":\"https:\\\/\\\/www.maculart.com\\\/es\\\/innovacion-y-calidad-organizacion\\\/#primaryimage\",\"url\":\"https:\\\/\\\/www.maculart.com\\\/app\\\/uploads\\\/2023\\\/09\\\/organizacion.jpg\",\"contentUrl\":\"https:\\\/\\\/www.maculart.com\\\/app\\\/uploads\\\/2023\\\/09\\\/organizacion.jpg\"},{\"@type\":\"WebSite\",\"@id\":\"https:\\\/\\\/www.maculart.com\\\/es\\\/#website\",\"url\":\"https:\\\/\\\/www.maculart.com\\\/es\\\/\",\"name\":\"Maculart\",\"description\":\"\",\"potentialAction\":[{\"@type\":\"SearchAction\",\"target\":{\"@type\":\"EntryPoint\",\"urlTemplate\":\"https:\\\/\\\/www.maculart.com\\\/es\\\/?s={search_term_string}\"},\"query-input\":{\"@type\":\"PropertyValueSpecification\",\"valueRequired\":true,\"valueName\":\"search_term_string\"}}],\"inLanguage\":\"es\"}]}<\/script>\n<!-- \/ Yoast SEO plugin. -->","yoast_head_json":{"title":"Organizaci\u00f3n - Maculart","robots":{"index":"index","follow":"follow","max-snippet":"max-snippet:-1","max-image-preview":"max-image-preview:large","max-video-preview":"max-video-preview:-1"},"canonical":"https:\/\/www.maculart.com\/es\/innovacion-y-calidad-organizacion\/","og_locale":"es_ES","og_type":"article","og_title":"Organizaci\u00f3n - Maculart","og_description":"En Grup Maculart hemos vivido la transformaci\u00f3n del sector de las artes gr\u00e1ficas de primera mano. La producci\u00f3n en Grup Maculart no se detiene. Funciona las 24 h a trav\u00e9s...","og_url":"https:\/\/www.maculart.com\/es\/innovacion-y-calidad-organizacion\/","og_site_name":"Maculart","article_modified_time":"2025-07-28T10:49:32+00:00","og_image":[{"width":900,"height":600,"url":"https:\/\/www.maculart.com\/app\/uploads\/2023\/09\/organizacion.jpg","type":"image\/jpeg"}],"twitter_card":"summary_large_image","twitter_misc":{"Tiempo de lectura":"6 minutos"},"schema":{"@context":"https:\/\/schema.org","@graph":[{"@type":"WebPage","@id":"https:\/\/www.maculart.com\/es\/innovacion-y-calidad-organizacion\/","url":"https:\/\/www.maculart.com\/es\/innovacion-y-calidad-organizacion\/","name":"Organizaci\u00f3n - Maculart","isPartOf":{"@id":"https:\/\/www.maculart.com\/es\/#website"},"primaryImageOfPage":{"@id":"https:\/\/www.maculart.com\/es\/innovacion-y-calidad-organizacion\/#primaryimage"},"image":{"@id":"https:\/\/www.maculart.com\/es\/innovacion-y-calidad-organizacion\/#primaryimage"},"thumbnailUrl":"https:\/\/www.maculart.com\/app\/uploads\/2023\/09\/organizacion.jpg","datePublished":"2023-07-12T11:31:44+00:00","dateModified":"2025-07-28T10:49:32+00:00","inLanguage":"es","potentialAction":[{"@type":"ReadAction","target":["https:\/\/www.maculart.com\/es\/innovacion-y-calidad-organizacion\/"]}]},{"@type":"ImageObject","inLanguage":"es","@id":"https:\/\/www.maculart.com\/es\/innovacion-y-calidad-organizacion\/#primaryimage","url":"https:\/\/www.maculart.com\/app\/uploads\/2023\/09\/organizacion.jpg","contentUrl":"https:\/\/www.maculart.com\/app\/uploads\/2023\/09\/organizacion.jpg"},{"@type":"WebSite","@id":"https:\/\/www.maculart.com\/es\/#website","url":"https:\/\/www.maculart.com\/es\/","name":"Maculart","description":"","potentialAction":[{"@type":"SearchAction","target":{"@type":"EntryPoint","urlTemplate":"https:\/\/www.maculart.com\/es\/?s={search_term_string}"},"query-input":{"@type":"PropertyValueSpecification","valueRequired":true,"valueName":"search_term_string"}}],"inLanguage":"es"}]}},"_links":{"self":[{"href":"https:\/\/www.maculart.com\/es\/wp-json\/wp\/v2\/pages\/290","targetHints":{"allow":["GET"]}}],"collection":[{"href":"https:\/\/www.maculart.com\/es\/wp-json\/wp\/v2\/pages"}],"about":[{"href":"https:\/\/www.maculart.com\/es\/wp-json\/wp\/v2\/types\/page"}],"author":[{"embeddable":true,"href":"https:\/\/www.maculart.com\/es\/wp-json\/wp\/v2\/users\/1"}],"replies":[{"embeddable":true,"href":"https:\/\/www.maculart.com\/es\/wp-json\/wp\/v2\/comments?post=290"}],"version-history":[{"count":102,"href":"https:\/\/www.maculart.com\/es\/wp-json\/wp\/v2\/pages\/290\/revisions"}],"predecessor-version":[{"id":3272,"href":"https:\/\/www.maculart.com\/es\/wp-json\/wp\/v2\/pages\/290\/revisions\/3272"}],"wp:attachment":[{"href":"https:\/\/www.maculart.com\/es\/wp-json\/wp\/v2\/media?parent=290"}],"curies":[{"name":"wp","href":"https:\/\/api.w.org\/{rel}","templated":true}]}}