{"id":2991,"date":"2024-01-15T15:34:35","date_gmt":"2024-01-15T14:34:35","guid":{"rendered":"https:\/\/www.maculart.com\/?page_id=2991"},"modified":"2024-12-18T10:22:03","modified_gmt":"2024-12-18T09:22:03","slug":"raquisitos-proveedores-subcontratistas","status":"publish","type":"page","link":"https:\/\/www.maculart.com\/es\/raquisitos-proveedores-subcontratistas\/","title":{"rendered":"Requisitos proveedores"},"content":{"rendered":"\t\t<div data-elementor-type=\"wp-page\" data-elementor-id=\"2991\" class=\"elementor elementor-2991\">\n\t\t\t\t<div class=\"elementor-element elementor-element-36322a5 e-flex e-con-boxed e-con e-parent\" data-id=\"36322a5\" data-element_type=\"container\" data-e-type=\"container\">\n\t\t\t\t\t<div class=\"e-con-inner\">\n\t\t<div class=\"elementor-element elementor-element-7b27193 e-con-full e-flex e-con e-child\" data-id=\"7b27193\" data-element_type=\"container\" data-e-type=\"container\">\n\t\t\t\t<div class=\"elementor-element elementor-element-941e22b line-height-2 elementor-widget elementor-widget-text-editor\" data-id=\"941e22b\" data-element_type=\"widget\" data-e-type=\"widget\" data-widget_type=\"text-editor.default\">\n\t\t\t\t<div class=\"elementor-widget-container\">\n\t\t\t\t\t\t\t\t\t<p>En Gr\u00e1ficas Maculart, SA. tenemos implantado un Sistema Integrado de Gesti\u00f3n de Calidad y Medio Ambiente, el cual incluye la comunicaci\u00f3n a nuestros proveedores y subcontratistas de los requisitos que deben cumplir y que se tienen en cuenta a la hora de su selecci\u00f3n y evaluaci\u00f3n.<br \/>Por este motivo, les hacemos conocedores de unas pautas a seguir con respecto a varios aspectos de calidad y medio ambiente.<\/p>\t\t\t\t\t\t\t\t<\/div>\n\t\t\t\t<\/div>\n\t\t\t\t<div class=\"elementor-element elementor-element-ce25c9a button-container elementor-widget elementor-widget-button\" data-id=\"ce25c9a\" data-element_type=\"widget\" data-e-type=\"widget\" data-widget_type=\"button.default\">\n\t\t\t\t<div class=\"elementor-widget-container\">\n\t\t\t\t\t\t\t\t\t<div class=\"elementor-button-wrapper\">\n\t\t\t\t\t<a class=\"elementor-button elementor-button-link elementor-size-sm\" href=\"https:\/\/www.maculart.com\/app\/uploads\/2024\/12\/Requisitos-Proveedor-Web-12-12-2024.pdf\" target=\"_blank\">\n\t\t\t\t\t\t<span class=\"elementor-button-content-wrapper\">\n\t\t\t\t\t\t\t\t\t<span class=\"elementor-button-text\">Descargar requisitos de proveedores<\/span>\n\t\t\t\t\t<\/span>\n\t\t\t\t\t<\/a>\n\t\t\t\t<\/div>\n\t\t\t\t\t\t\t\t<\/div>\n\t\t\t\t<\/div>\n\t\t\t\t<\/div>\n\t\t\t\t\t<\/div>\n\t\t\t\t<\/div>\n\t\t<div class=\"elementor-element elementor-element-7f9f249 e-flex e-con-boxed e-con e-parent\" data-id=\"7f9f249\" data-element_type=\"container\" data-e-type=\"container\">\n\t\t\t\t\t<div class=\"e-con-inner\">\n\t\t<div class=\"elementor-element elementor-element-7870dab e-con-full e-flex e-con e-child\" data-id=\"7870dab\" data-element_type=\"container\" data-e-type=\"container\">\n\t\t\t\t<div class=\"elementor-element elementor-element-0e8f881 elementor-widget elementor-widget-heading\" data-id=\"0e8f881\" data-element_type=\"widget\" data-e-type=\"widget\" data-widget_type=\"heading.default\">\n\t\t\t\t<div class=\"elementor-widget-container\">\n\t\t\t\t\t<h2 class=\"elementor-heading-title elementor-size-default\">Requisitos en materia de calidad<\/h2>\t\t\t\t<\/div>\n\t\t\t\t<\/div>\n\t\t\t\t<div class=\"elementor-element elementor-element-27b0bca line-height-2 elementor-widget elementor-widget-text-editor\" data-id=\"27b0bca\" data-element_type=\"widget\" data-e-type=\"widget\" data-widget_type=\"text-editor.default\">\n\t\t\t\t<div class=\"elementor-widget-container\">\n\t\t\t\t\t\t\t\t\t<style>\nli{line-height:1.6em;}\n<\/style>\n\n<ul>\n \t<li>Conocer y cumplir la legislaci\u00f3n vigente nacional, auton\u00f3mica y local aplicable a sus productos y\/o servicios en cuestiones ambientales.<\/li>\n \t<li>Aportar a Gr\u00e1ficas Maculart, SA cualquier informaci\u00f3n y\/o documentaci\u00f3n adicional que les sea solicitada sobre los aspectos ambientales de sus productos y\/o servicios.<\/li>\n \t<li>Cumplir con las Buenas Pr\u00e1cticas Ambientales (BPAs):\n<ul>\n \t<li>Utilizar, en la medida de lo posible, materiales biodegradables, reutilizables, reciclables y con el m\u00ednimo impacto ambiental.<\/li>\n \t<li>Asegurar que los veh\u00edculos y maquinaria utilizados se encuentren en buenas condiciones de mantenimiento sobre todo en lo que respecta a emisi\u00f3n de ruidos, gases y sin derrames ni fugas de aceites u otros productos contaminantes.<\/li>\n \t<li>Tomar las medidas necesarias para prevenir derrames; est\u00e1 terminantemente prohibido el vertido de cualquier sustancia contaminante.<\/li>\n \t<li>Gestionar correctamente, seg\u00fan establece la legislaci\u00f3n y reglamentaci\u00f3n vigente, los residuos generados como consecuencia de la actividad, prestando especial atenci\u00f3n a la gesti\u00f3n de los residuos peligrosos (envases contaminados, trapos y otros absorbentes contaminados, etc.).<\/li>\n<\/ul>\n<\/li>\n<\/ul>\t\t\t\t\t\t\t\t<\/div>\n\t\t\t\t<\/div>\n\t\t\t\t<\/div>\n\t\t<div class=\"elementor-element elementor-element-62669e9 e-con-full e-flex e-con e-child\" data-id=\"62669e9\" data-element_type=\"container\" data-e-type=\"container\">\n\t\t\t\t<div class=\"elementor-element elementor-element-daba493 elementor-widget elementor-widget-heading\" data-id=\"daba493\" data-element_type=\"widget\" data-e-type=\"widget\" data-widget_type=\"heading.default\">\n\t\t\t\t<div class=\"elementor-widget-container\">\n\t\t\t\t\t<h2 class=\"elementor-heading-title elementor-size-default\">Evaluaci\u00f3n y control<\/h2>\t\t\t\t<\/div>\n\t\t\t\t<\/div>\n\t\t\t\t<div class=\"elementor-element elementor-element-679f09b line-height-2 elementor-widget elementor-widget-text-editor\" data-id=\"679f09b\" data-element_type=\"widget\" data-e-type=\"widget\" data-widget_type=\"text-editor.default\">\n\t\t\t\t<div class=\"elementor-widget-container\">\n\t\t\t\t\t\t\t\t\t<p>Gr\u00e1ficas Maculart, SA dispone de un \u201clistado de proveedores autorizados\u201d que se revisa anualmente seg\u00fan los resultados de la evaluaci\u00f3n peri\u00f3dica que realiza a sus proveedores y subcontratistas.<\/p><p>En la evaluaci\u00f3n se tienen en cuenta diversos criterios relacionados con la calidad del producto o servicio, mencionados anteriormente, y con el cumplimiento de los requisitos ambientales, as\u00ed como de las normas de seguridad. Se considera proveedor \u201cautorizado\u201d o \u201cno autorizado\u201d en funci\u00f3n del resultado de la evaluaci\u00f3n y de la acumulaci\u00f3n de no conformidades<strong><b>.<\/b><\/strong><\/p>\t\t\t\t\t\t\t\t<\/div>\n\t\t\t\t<\/div>\n\t\t\t\t<\/div>\n\t\t\t\t\t<\/div>\n\t\t\t\t<\/div>\n\t\t\t\t<\/div>\n\t\t","protected":false},"excerpt":{"rendered":"<p>En Gr\u00e1ficas Maculart, SA. tenemos implantado un Sistema Integrado de Gesti\u00f3n de Calidad y Medio Ambiente, el cual incluye la comunicaci\u00f3n a nuestros proveedores y subcontratistas de los requisitos que&#8230;<\/p>\n","protected":false},"author":1,"featured_media":0,"parent":0,"menu_order":0,"comment_status":"closed","ping_status":"closed","template":"","meta":{"_acf_changed":false,"inline_featured_image":false,"footnotes":""},"class_list":["post-2991","page","type-page","status-publish","hentry"],"acf":[],"yoast_head":"<!-- This site is optimized with the Yoast SEO plugin v27.4 - https:\/\/yoast.com\/product\/yoast-seo-wordpress\/ -->\n<title>Requisitos proveedores - Maculart<\/title>\n<meta name=\"robots\" content=\"index, follow, max-snippet:-1, max-image-preview:large, max-video-preview:-1\" \/>\n<link rel=\"canonical\" href=\"https:\/\/www.maculart.com\/es\/raquisitos-proveedores-subcontratistas\/\" \/>\n<meta property=\"og:locale\" content=\"es_ES\" \/>\n<meta property=\"og:type\" content=\"article\" \/>\n<meta property=\"og:title\" content=\"Requisitos proveedores - Maculart\" \/>\n<meta property=\"og:description\" content=\"En Gr\u00e1ficas Maculart, SA. tenemos implantado un Sistema Integrado de Gesti\u00f3n de Calidad y Medio Ambiente, el cual incluye la comunicaci\u00f3n a nuestros proveedores y subcontratistas de los requisitos que...\" \/>\n<meta property=\"og:url\" content=\"https:\/\/www.maculart.com\/es\/raquisitos-proveedores-subcontratistas\/\" \/>\n<meta property=\"og:site_name\" content=\"Maculart\" \/>\n<meta property=\"article:modified_time\" content=\"2024-12-18T09:22:03+00:00\" \/>\n<meta name=\"twitter:card\" content=\"summary_large_image\" \/>\n<meta name=\"twitter:label1\" content=\"Tiempo de lectura\" \/>\n\t<meta name=\"twitter:data1\" content=\"2 minutos\" \/>\n<script type=\"application\/ld+json\" class=\"yoast-schema-graph\">{\"@context\":\"https:\\\/\\\/schema.org\",\"@graph\":[{\"@type\":\"WebPage\",\"@id\":\"https:\\\/\\\/www.maculart.com\\\/es\\\/raquisitos-proveedores-subcontratistas\\\/\",\"url\":\"https:\\\/\\\/www.maculart.com\\\/es\\\/raquisitos-proveedores-subcontratistas\\\/\",\"name\":\"Requisitos proveedores - Maculart\",\"isPartOf\":{\"@id\":\"https:\\\/\\\/www.maculart.com\\\/es\\\/#website\"},\"datePublished\":\"2024-01-15T14:34:35+00:00\",\"dateModified\":\"2024-12-18T09:22:03+00:00\",\"inLanguage\":\"es\",\"potentialAction\":[{\"@type\":\"ReadAction\",\"target\":[\"https:\\\/\\\/www.maculart.com\\\/es\\\/raquisitos-proveedores-subcontratistas\\\/\"]}]},{\"@type\":\"WebSite\",\"@id\":\"https:\\\/\\\/www.maculart.com\\\/es\\\/#website\",\"url\":\"https:\\\/\\\/www.maculart.com\\\/es\\\/\",\"name\":\"Maculart\",\"description\":\"\",\"potentialAction\":[{\"@type\":\"SearchAction\",\"target\":{\"@type\":\"EntryPoint\",\"urlTemplate\":\"https:\\\/\\\/www.maculart.com\\\/es\\\/?s={search_term_string}\"},\"query-input\":{\"@type\":\"PropertyValueSpecification\",\"valueRequired\":true,\"valueName\":\"search_term_string\"}}],\"inLanguage\":\"es\"}]}<\/script>\n<!-- \/ Yoast SEO plugin. -->","yoast_head_json":{"title":"Requisitos proveedores - Maculart","robots":{"index":"index","follow":"follow","max-snippet":"max-snippet:-1","max-image-preview":"max-image-preview:large","max-video-preview":"max-video-preview:-1"},"canonical":"https:\/\/www.maculart.com\/es\/raquisitos-proveedores-subcontratistas\/","og_locale":"es_ES","og_type":"article","og_title":"Requisitos proveedores - Maculart","og_description":"En Gr\u00e1ficas Maculart, SA. tenemos implantado un Sistema Integrado de Gesti\u00f3n de Calidad y Medio Ambiente, el cual incluye la comunicaci\u00f3n a nuestros proveedores y subcontratistas de los requisitos que...","og_url":"https:\/\/www.maculart.com\/es\/raquisitos-proveedores-subcontratistas\/","og_site_name":"Maculart","article_modified_time":"2024-12-18T09:22:03+00:00","twitter_card":"summary_large_image","twitter_misc":{"Tiempo de lectura":"2 minutos"},"schema":{"@context":"https:\/\/schema.org","@graph":[{"@type":"WebPage","@id":"https:\/\/www.maculart.com\/es\/raquisitos-proveedores-subcontratistas\/","url":"https:\/\/www.maculart.com\/es\/raquisitos-proveedores-subcontratistas\/","name":"Requisitos proveedores - Maculart","isPartOf":{"@id":"https:\/\/www.maculart.com\/es\/#website"},"datePublished":"2024-01-15T14:34:35+00:00","dateModified":"2024-12-18T09:22:03+00:00","inLanguage":"es","potentialAction":[{"@type":"ReadAction","target":["https:\/\/www.maculart.com\/es\/raquisitos-proveedores-subcontratistas\/"]}]},{"@type":"WebSite","@id":"https:\/\/www.maculart.com\/es\/#website","url":"https:\/\/www.maculart.com\/es\/","name":"Maculart","description":"","potentialAction":[{"@type":"SearchAction","target":{"@type":"EntryPoint","urlTemplate":"https:\/\/www.maculart.com\/es\/?s={search_term_string}"},"query-input":{"@type":"PropertyValueSpecification","valueRequired":true,"valueName":"search_term_string"}}],"inLanguage":"es"}]}},"_links":{"self":[{"href":"https:\/\/www.maculart.com\/es\/wp-json\/wp\/v2\/pages\/2991","targetHints":{"allow":["GET"]}}],"collection":[{"href":"https:\/\/www.maculart.com\/es\/wp-json\/wp\/v2\/pages"}],"about":[{"href":"https:\/\/www.maculart.com\/es\/wp-json\/wp\/v2\/types\/page"}],"author":[{"embeddable":true,"href":"https:\/\/www.maculart.com\/es\/wp-json\/wp\/v2\/users\/1"}],"replies":[{"embeddable":true,"href":"https:\/\/www.maculart.com\/es\/wp-json\/wp\/v2\/comments?post=2991"}],"version-history":[{"count":13,"href":"https:\/\/www.maculart.com\/es\/wp-json\/wp\/v2\/pages\/2991\/revisions"}],"predecessor-version":[{"id":3220,"href":"https:\/\/www.maculart.com\/es\/wp-json\/wp\/v2\/pages\/2991\/revisions\/3220"}],"wp:attachment":[{"href":"https:\/\/www.maculart.com\/es\/wp-json\/wp\/v2\/media?parent=2991"}],"curies":[{"name":"wp","href":"https:\/\/api.w.org\/{rel}","templated":true}]}}