{"id":301,"date":"2023-07-12T14:36:56","date_gmt":"2023-07-12T12:36:56","guid":{"rendered":"https:\/\/www.maculart.com\/?page_id=301"},"modified":"2025-02-19T12:17:25","modified_gmt":"2025-02-19T11:17:25","slug":"innovacion-y-calidad-mejora-continua","status":"publish","type":"page","link":"https:\/\/www.maculart.com\/es\/innovacion-y-calidad-mejora-continua\/","title":{"rendered":"Mejora continua"},"content":{"rendered":"\t\t<div data-elementor-type=\"wp-page\" data-elementor-id=\"301\" class=\"elementor elementor-301\">\n\t\t\t\t<div class=\"elementor-element elementor-element-ae38bde e-flex e-con-boxed e-con e-parent\" data-id=\"ae38bde\" data-element_type=\"container\" data-e-type=\"container\">\n\t\t\t\t\t<div class=\"e-con-inner\">\n\t\t<div class=\"elementor-element elementor-element-1afe774 e-con-full e-flex e-con e-child\" data-id=\"1afe774\" data-element_type=\"container\" data-e-type=\"container\">\n\t\t\t\t<div class=\"elementor-element elementor-element-29fe4f3 elementor-widget elementor-widget-image\" data-id=\"29fe4f3\" data-element_type=\"widget\" data-e-type=\"widget\" data-widget_type=\"image.default\">\n\t\t\t\t<div class=\"elementor-widget-container\">\n\t\t\t\t\t\t\t\t\t\t\t\t\t\t\t<img fetchpriority=\"high\" decoding=\"async\" width=\"900\" height=\"600\" src=\"https:\/\/www.maculart.com\/app\/uploads\/2023\/09\/mejoracontinuada.jpg\" class=\"attachment-large size-large wp-image-2070\" alt=\"\" srcset=\"https:\/\/www.maculart.com\/app\/uploads\/2023\/09\/mejoracontinuada.jpg 900w, https:\/\/www.maculart.com\/app\/uploads\/2023\/09\/mejoracontinuada-300x200.jpg 300w, https:\/\/www.maculart.com\/app\/uploads\/2023\/09\/mejoracontinuada-768x512.jpg 768w\" sizes=\"(max-width: 900px) 100vw, 900px\" \/>\t\t\t\t\t\t\t\t\t\t\t\t\t\t\t<\/div>\n\t\t\t\t<\/div>\n\t\t\t\t<\/div>\n\t\t<div class=\"elementor-element elementor-element-de23dfd e-con-full e-flex e-con e-child\" data-id=\"de23dfd\" data-element_type=\"container\" data-e-type=\"container\">\n\t\t\t\t<div class=\"elementor-element elementor-element-19b82d2 elementor-widget elementor-widget-heading\" data-id=\"19b82d2\" data-element_type=\"widget\" data-e-type=\"widget\" data-widget_type=\"heading.default\">\n\t\t\t\t<div class=\"elementor-widget-container\">\n\t\t\t\t\t<h2 class=\"elementor-heading-title elementor-size-default\">Estrategia de innovaci\u00f3n e inversi\u00f3n\u200b<\/h2>\t\t\t\t<\/div>\n\t\t\t\t<\/div>\n\t\t\t\t<div class=\"elementor-element elementor-element-41c0f81 line-height-2 elementor-widget elementor-widget-text-editor\" data-id=\"41c0f81\" data-element_type=\"widget\" data-e-type=\"widget\" data-widget_type=\"text-editor.default\">\n\t\t\t\t<div class=\"elementor-widget-container\">\n\t\t\t\t\t\t\t\t\t<p>Seguimos una pol\u00edtica de servicio y una estrategia de innovaci\u00f3n e inversi\u00f3n que nos permiten dar respuesta a las necesidades de nuestros clientes, ofreciendo soluciones innovadoras y unos plazos de entrega \u00f3ptimos.<\/p>\t\t\t\t\t\t\t\t<\/div>\n\t\t\t\t<\/div>\n\t\t\t\t<\/div>\n\t\t\t\t\t<\/div>\n\t\t\t\t<\/div>\n\t\t<div class=\"elementor-element elementor-element-d887927 e-flex e-con-boxed e-con e-parent\" data-id=\"d887927\" data-element_type=\"container\" data-e-type=\"container\">\n\t\t\t\t\t<div class=\"e-con-inner\">\n\t\t<div class=\"elementor-element elementor-element-798541d e-con-full e-flex e-con e-child\" data-id=\"798541d\" data-element_type=\"container\" data-e-type=\"container\">\n\t\t\t\t<div class=\"elementor-element elementor-element-15e5984 elementor-widget elementor-widget-heading\" data-id=\"15e5984\" data-element_type=\"widget\" data-e-type=\"widget\" data-widget_type=\"heading.default\">\n\t\t\t\t<div class=\"elementor-widget-container\">\n\t\t\t\t\t<h2 class=\"elementor-heading-title elementor-size-default\">Compromiso con \nla calidad<\/h2>\t\t\t\t<\/div>\n\t\t\t\t<\/div>\n\t\t\t\t<div class=\"elementor-element elementor-element-a693bff line-height-2 elementor-widget elementor-widget-text-editor\" data-id=\"a693bff\" data-element_type=\"widget\" data-e-type=\"widget\" data-widget_type=\"text-editor.default\">\n\t\t\t\t<div class=\"elementor-widget-container\">\n\t\t\t\t\t\t\t\t\t<p>En Grup Maculart sabemos que la calidad no es una cuesti\u00f3n de un \u00fanico departamento. Para conseguir resultados excelentes, el compromiso de calidad debe forjarse a trav\u00e9s de todos los miembros del equipo.<\/p>\t\t\t\t\t\t\t\t<\/div>\n\t\t\t\t<\/div>\n\t\t\t\t<div class=\"elementor-element elementor-element-1050a53 button-container elementor-widget elementor-widget-button\" data-id=\"1050a53\" data-element_type=\"widget\" data-e-type=\"widget\" data-widget_type=\"button.default\">\n\t\t\t\t<div class=\"elementor-widget-container\">\n\t\t\t\t\t\t\t\t\t<div class=\"elementor-button-wrapper\">\n\t\t\t\t\t<a class=\"elementor-button elementor-button-link elementor-size-sm\" href=\"https:\/\/www.maculart.com\/app\/uploads\/2025\/02\/POL-Rev-08-Politica-de-Calidad_FSC.pdf\" target=\"_blank\">\n\t\t\t\t\t\t<span class=\"elementor-button-content-wrapper\">\n\t\t\t\t\t\t\t\t\t<span class=\"elementor-button-text\">Pol\u00edtica de calidad<\/span>\n\t\t\t\t\t<\/span>\n\t\t\t\t\t<\/a>\n\t\t\t\t<\/div>\n\t\t\t\t\t\t\t\t<\/div>\n\t\t\t\t<\/div>\n\t\t\t\t<\/div>\n\t\t<div class=\"elementor-element elementor-element-a6a803f e-con-full e-flex e-con e-child\" data-id=\"a6a803f\" data-element_type=\"container\" data-e-type=\"container\">\n\t\t\t\t<div class=\"elementor-element elementor-element-2233b7f elementor-widget elementor-widget-image\" data-id=\"2233b7f\" data-element_type=\"widget\" data-e-type=\"widget\" data-widget_type=\"image.default\">\n\t\t\t\t<div class=\"elementor-widget-container\">\n\t\t\t\t\t\t\t\t\t\t\t\t\t\t\t<img decoding=\"async\" width=\"1024\" height=\"851\" src=\"https:\/\/www.maculart.com\/app\/uploads\/2023\/10\/calidad-1024x851.jpg\" class=\"attachment-large size-large wp-image-2174\" alt=\"\" srcset=\"https:\/\/www.maculart.com\/app\/uploads\/2023\/10\/calidad-1024x851.jpg 1024w, https:\/\/www.maculart.com\/app\/uploads\/2023\/10\/calidad-300x249.jpg 300w, https:\/\/www.maculart.com\/app\/uploads\/2023\/10\/calidad-768x638.jpg 768w, https:\/\/www.maculart.com\/app\/uploads\/2023\/10\/calidad-1536x1276.jpg 1536w, https:\/\/www.maculart.com\/app\/uploads\/2023\/10\/calidad-2048x1702.jpg 2048w\" sizes=\"(max-width: 1024px) 100vw, 1024px\" \/>\t\t\t\t\t\t\t\t\t\t\t\t\t\t\t<\/div>\n\t\t\t\t<\/div>\n\t\t\t\t<\/div>\n\t\t\t\t\t<\/div>\n\t\t\t\t<\/div>\n\t\t<div class=\"elementor-element elementor-element-d0f4e37 e-flex e-con-boxed e-con e-parent\" data-id=\"d0f4e37\" data-element_type=\"container\" data-e-type=\"container\">\n\t\t\t\t\t<div class=\"e-con-inner\">\n\t\t<div class=\"elementor-element elementor-element-92de6f3 e-con-full e-flex e-con e-child\" data-id=\"92de6f3\" data-element_type=\"container\" data-e-type=\"container\">\n\t\t\t\t<div class=\"elementor-element elementor-element-b36359e elementor-widget elementor-widget-image\" data-id=\"b36359e\" data-element_type=\"widget\" data-e-type=\"widget\" data-widget_type=\"image.default\">\n\t\t\t\t<div class=\"elementor-widget-container\">\n\t\t\t\t\t\t\t\t\t\t\t\t\t\t\t<img decoding=\"async\" width=\"813\" height=\"624\" src=\"https:\/\/www.maculart.com\/app\/uploads\/2024\/05\/implicados.jpg\" class=\"attachment-large size-large wp-image-3163\" alt=\"\" srcset=\"https:\/\/www.maculart.com\/app\/uploads\/2024\/05\/implicados.jpg 813w, https:\/\/www.maculart.com\/app\/uploads\/2024\/05\/implicados-300x230.jpg 300w, https:\/\/www.maculart.com\/app\/uploads\/2024\/05\/implicados-768x589.jpg 768w\" sizes=\"(max-width: 813px) 100vw, 813px\" \/>\t\t\t\t\t\t\t\t\t\t\t\t\t\t\t<\/div>\n\t\t\t\t<\/div>\n\t\t\t\t<\/div>\n\t\t<div class=\"elementor-element elementor-element-2a963c1 e-con-full e-flex e-con e-child\" data-id=\"2a963c1\" data-element_type=\"container\" data-e-type=\"container\">\n\t\t\t\t<div class=\"elementor-element elementor-element-45b88c2 elementor-widget elementor-widget-heading\" data-id=\"45b88c2\" data-element_type=\"widget\" data-e-type=\"widget\" data-widget_type=\"heading.default\">\n\t\t\t\t<div class=\"elementor-widget-container\">\n\t\t\t\t\t<h2 class=\"elementor-heading-title elementor-size-default\">Implicados en la mejora continua<\/h2>\t\t\t\t<\/div>\n\t\t\t\t<\/div>\n\t\t\t\t<div class=\"elementor-element elementor-element-6cb41ac line-height-2 elementor-widget elementor-widget-text-editor\" data-id=\"6cb41ac\" data-element_type=\"widget\" data-e-type=\"widget\" data-widget_type=\"text-editor.default\">\n\t\t\t\t<div class=\"elementor-widget-container\">\n\t\t\t\t\t\t\t\t\t<p>Proyecto de transformaci\u00f3n digital e incorporaci\u00f3n de tecnolog\u00edas de industria 4.0 en GRAFICAS MACULART, S.A.<br \/><br \/>Con el apoyo de Empresa y Trabajo de la Generalitat de Catalunya<\/p>\t\t\t\t\t\t\t\t<\/div>\n\t\t\t\t<\/div>\n\t\t\t\t<div class=\"elementor-element elementor-element-f0ef4fc elementor-widget elementor-widget-image\" data-id=\"f0ef4fc\" data-element_type=\"widget\" data-e-type=\"widget\" data-widget_type=\"image.default\">\n\t\t\t\t<div class=\"elementor-widget-container\">\n\t\t\t\t\t\t\t\t\t\t\t\t\t\t\t<img loading=\"lazy\" decoding=\"async\" width=\"398\" height=\"110\" src=\"https:\/\/www.maculart.com\/app\/uploads\/2024\/05\/GC-DET.jpg\" class=\"attachment-large size-large wp-image-3167\" alt=\"\" srcset=\"https:\/\/www.maculart.com\/app\/uploads\/2024\/05\/GC-DET.jpg 398w, https:\/\/www.maculart.com\/app\/uploads\/2024\/05\/GC-DET-300x83.jpg 300w\" sizes=\"(max-width: 398px) 100vw, 398px\" \/>\t\t\t\t\t\t\t\t\t\t\t\t\t\t\t<\/div>\n\t\t\t\t<\/div>\n\t\t\t\t<\/div>\n\t\t\t\t\t<\/div>\n\t\t\t\t<\/div>\n\t\t\t\t<\/div>\n\t\t","protected":false},"excerpt":{"rendered":"<p>Estrategia de innovaci\u00f3n e inversi\u00f3n\u200b Seguimos una pol\u00edtica de servicio y una estrategia de innovaci\u00f3n e inversi\u00f3n que nos permiten dar respuesta a las necesidades de nuestros clientes, ofreciendo soluciones&#8230;<\/p>\n","protected":false},"author":1,"featured_media":0,"parent":0,"menu_order":0,"comment_status":"closed","ping_status":"closed","template":"","meta":{"_acf_changed":false,"inline_featured_image":false,"footnotes":""},"class_list":["post-301","page","type-page","status-publish","hentry"],"acf":[],"yoast_head":"<!-- This site is optimized with the Yoast SEO plugin v27.4 - https:\/\/yoast.com\/product\/yoast-seo-wordpress\/ -->\n<title>Mejora continua - Maculart<\/title>\n<meta name=\"robots\" content=\"index, follow, max-snippet:-1, max-image-preview:large, max-video-preview:-1\" \/>\n<link rel=\"canonical\" href=\"https:\/\/www.maculart.com\/es\/innovacion-y-calidad-mejora-continua\/\" \/>\n<meta property=\"og:locale\" content=\"es_ES\" \/>\n<meta property=\"og:type\" content=\"article\" \/>\n<meta property=\"og:title\" content=\"Mejora continua - Maculart\" \/>\n<meta property=\"og:description\" content=\"Estrategia de innovaci\u00f3n e inversi\u00f3n\u200b Seguimos una pol\u00edtica de servicio y una estrategia de innovaci\u00f3n e inversi\u00f3n que nos permiten dar respuesta a las necesidades de nuestros clientes, ofreciendo soluciones...\" \/>\n<meta property=\"og:url\" content=\"https:\/\/www.maculart.com\/es\/innovacion-y-calidad-mejora-continua\/\" \/>\n<meta property=\"og:site_name\" content=\"Maculart\" \/>\n<meta property=\"article:modified_time\" content=\"2025-02-19T11:17:25+00:00\" \/>\n<meta property=\"og:image\" content=\"https:\/\/www.maculart.com\/app\/uploads\/2023\/09\/mejoracontinuada.jpg\" \/>\n\t<meta property=\"og:image:width\" content=\"900\" \/>\n\t<meta property=\"og:image:height\" content=\"600\" \/>\n\t<meta property=\"og:image:type\" content=\"image\/jpeg\" \/>\n<meta name=\"twitter:card\" content=\"summary_large_image\" \/>\n<meta name=\"twitter:label1\" content=\"Tiempo de lectura\" \/>\n\t<meta name=\"twitter:data1\" content=\"2 minutos\" \/>\n<script type=\"application\/ld+json\" class=\"yoast-schema-graph\">{\"@context\":\"https:\\\/\\\/schema.org\",\"@graph\":[{\"@type\":\"WebPage\",\"@id\":\"https:\\\/\\\/www.maculart.com\\\/es\\\/innovacion-y-calidad-mejora-continua\\\/\",\"url\":\"https:\\\/\\\/www.maculart.com\\\/es\\\/innovacion-y-calidad-mejora-continua\\\/\",\"name\":\"Mejora continua - Maculart\",\"isPartOf\":{\"@id\":\"https:\\\/\\\/www.maculart.com\\\/es\\\/#website\"},\"primaryImageOfPage\":{\"@id\":\"https:\\\/\\\/www.maculart.com\\\/es\\\/innovacion-y-calidad-mejora-continua\\\/#primaryimage\"},\"image\":{\"@id\":\"https:\\\/\\\/www.maculart.com\\\/es\\\/innovacion-y-calidad-mejora-continua\\\/#primaryimage\"},\"thumbnailUrl\":\"https:\\\/\\\/www.maculart.com\\\/app\\\/uploads\\\/2023\\\/09\\\/mejoracontinuada.jpg\",\"datePublished\":\"2023-07-12T12:36:56+00:00\",\"dateModified\":\"2025-02-19T11:17:25+00:00\",\"inLanguage\":\"es\",\"potentialAction\":[{\"@type\":\"ReadAction\",\"target\":[\"https:\\\/\\\/www.maculart.com\\\/es\\\/innovacion-y-calidad-mejora-continua\\\/\"]}]},{\"@type\":\"ImageObject\",\"inLanguage\":\"es\",\"@id\":\"https:\\\/\\\/www.maculart.com\\\/es\\\/innovacion-y-calidad-mejora-continua\\\/#primaryimage\",\"url\":\"https:\\\/\\\/www.maculart.com\\\/app\\\/uploads\\\/2023\\\/09\\\/mejoracontinuada.jpg\",\"contentUrl\":\"https:\\\/\\\/www.maculart.com\\\/app\\\/uploads\\\/2023\\\/09\\\/mejoracontinuada.jpg\"},{\"@type\":\"WebSite\",\"@id\":\"https:\\\/\\\/www.maculart.com\\\/es\\\/#website\",\"url\":\"https:\\\/\\\/www.maculart.com\\\/es\\\/\",\"name\":\"Maculart\",\"description\":\"\",\"potentialAction\":[{\"@type\":\"SearchAction\",\"target\":{\"@type\":\"EntryPoint\",\"urlTemplate\":\"https:\\\/\\\/www.maculart.com\\\/es\\\/?s={search_term_string}\"},\"query-input\":{\"@type\":\"PropertyValueSpecification\",\"valueRequired\":true,\"valueName\":\"search_term_string\"}}],\"inLanguage\":\"es\"}]}<\/script>\n<!-- \/ Yoast SEO plugin. -->","yoast_head_json":{"title":"Mejora continua - Maculart","robots":{"index":"index","follow":"follow","max-snippet":"max-snippet:-1","max-image-preview":"max-image-preview:large","max-video-preview":"max-video-preview:-1"},"canonical":"https:\/\/www.maculart.com\/es\/innovacion-y-calidad-mejora-continua\/","og_locale":"es_ES","og_type":"article","og_title":"Mejora continua - Maculart","og_description":"Estrategia de innovaci\u00f3n e inversi\u00f3n\u200b Seguimos una pol\u00edtica de servicio y una estrategia de innovaci\u00f3n e inversi\u00f3n que nos permiten dar respuesta a las necesidades de nuestros clientes, ofreciendo soluciones...","og_url":"https:\/\/www.maculart.com\/es\/innovacion-y-calidad-mejora-continua\/","og_site_name":"Maculart","article_modified_time":"2025-02-19T11:17:25+00:00","og_image":[{"width":900,"height":600,"url":"https:\/\/www.maculart.com\/app\/uploads\/2023\/09\/mejoracontinuada.jpg","type":"image\/jpeg"}],"twitter_card":"summary_large_image","twitter_misc":{"Tiempo de lectura":"2 minutos"},"schema":{"@context":"https:\/\/schema.org","@graph":[{"@type":"WebPage","@id":"https:\/\/www.maculart.com\/es\/innovacion-y-calidad-mejora-continua\/","url":"https:\/\/www.maculart.com\/es\/innovacion-y-calidad-mejora-continua\/","name":"Mejora continua - Maculart","isPartOf":{"@id":"https:\/\/www.maculart.com\/es\/#website"},"primaryImageOfPage":{"@id":"https:\/\/www.maculart.com\/es\/innovacion-y-calidad-mejora-continua\/#primaryimage"},"image":{"@id":"https:\/\/www.maculart.com\/es\/innovacion-y-calidad-mejora-continua\/#primaryimage"},"thumbnailUrl":"https:\/\/www.maculart.com\/app\/uploads\/2023\/09\/mejoracontinuada.jpg","datePublished":"2023-07-12T12:36:56+00:00","dateModified":"2025-02-19T11:17:25+00:00","inLanguage":"es","potentialAction":[{"@type":"ReadAction","target":["https:\/\/www.maculart.com\/es\/innovacion-y-calidad-mejora-continua\/"]}]},{"@type":"ImageObject","inLanguage":"es","@id":"https:\/\/www.maculart.com\/es\/innovacion-y-calidad-mejora-continua\/#primaryimage","url":"https:\/\/www.maculart.com\/app\/uploads\/2023\/09\/mejoracontinuada.jpg","contentUrl":"https:\/\/www.maculart.com\/app\/uploads\/2023\/09\/mejoracontinuada.jpg"},{"@type":"WebSite","@id":"https:\/\/www.maculart.com\/es\/#website","url":"https:\/\/www.maculart.com\/es\/","name":"Maculart","description":"","potentialAction":[{"@type":"SearchAction","target":{"@type":"EntryPoint","urlTemplate":"https:\/\/www.maculart.com\/es\/?s={search_term_string}"},"query-input":{"@type":"PropertyValueSpecification","valueRequired":true,"valueName":"search_term_string"}}],"inLanguage":"es"}]}},"_links":{"self":[{"href":"https:\/\/www.maculart.com\/es\/wp-json\/wp\/v2\/pages\/301","targetHints":{"allow":["GET"]}}],"collection":[{"href":"https:\/\/www.maculart.com\/es\/wp-json\/wp\/v2\/pages"}],"about":[{"href":"https:\/\/www.maculart.com\/es\/wp-json\/wp\/v2\/types\/page"}],"author":[{"embeddable":true,"href":"https:\/\/www.maculart.com\/es\/wp-json\/wp\/v2\/users\/1"}],"replies":[{"embeddable":true,"href":"https:\/\/www.maculart.com\/es\/wp-json\/wp\/v2\/comments?post=301"}],"version-history":[{"count":94,"href":"https:\/\/www.maculart.com\/es\/wp-json\/wp\/v2\/pages\/301\/revisions"}],"predecessor-version":[{"id":3228,"href":"https:\/\/www.maculart.com\/es\/wp-json\/wp\/v2\/pages\/301\/revisions\/3228"}],"wp:attachment":[{"href":"https:\/\/www.maculart.com\/es\/wp-json\/wp\/v2\/media?parent=301"}],"curies":[{"name":"wp","href":"https:\/\/api.w.org\/{rel}","templated":true}]}}