{"id":91,"date":"2023-07-12T10:08:44","date_gmt":"2023-07-12T08:08:44","guid":{"rendered":"https:\/\/www.maculart.com\/?page_id=91"},"modified":"2023-09-26T10:56:37","modified_gmt":"2023-09-26T08:56:37","slug":"innovacion-y-calidad","status":"publish","type":"page","link":"https:\/\/www.maculart.com\/es\/innovacion-y-calidad\/","title":{"rendered":"Innovaci\u00f3n y Calidad"},"content":{"rendered":"\t\t<div data-elementor-type=\"wp-page\" data-elementor-id=\"91\" class=\"elementor elementor-91\">\n\t\t\t\t<div class=\"elementor-element elementor-element-62258ea e-flex e-con-boxed e-con e-parent\" data-id=\"62258ea\" data-element_type=\"container\" data-e-type=\"container\">\n\t\t\t\t\t<div class=\"e-con-inner\">\n\t\t<div class=\"elementor-element elementor-element-4571dfd e-con-full e-flex e-con e-parent\" data-id=\"4571dfd\" data-element_type=\"container\" data-e-type=\"container\">\n\t\t\t\t<div class=\"elementor-element elementor-element-f2fb9ba elementor-widget elementor-widget-image\" data-id=\"f2fb9ba\" data-element_type=\"widget\" data-e-type=\"widget\" data-widget_type=\"image.default\">\n\t\t\t\t<div class=\"elementor-widget-container\">\n\t\t\t\t\t\t\t\t\t\t\t\t\t\t\t<img fetchpriority=\"high\" decoding=\"async\" width=\"900\" height=\"600\" src=\"https:\/\/www.maculart.com\/app\/uploads\/2023\/09\/innovacioncalidad.jpg\" class=\"attachment-large size-large wp-image-2058\" alt=\"\" srcset=\"https:\/\/www.maculart.com\/app\/uploads\/2023\/09\/innovacioncalidad.jpg 900w, https:\/\/www.maculart.com\/app\/uploads\/2023\/09\/innovacioncalidad-300x200.jpg 300w, https:\/\/www.maculart.com\/app\/uploads\/2023\/09\/innovacioncalidad-768x512.jpg 768w\" sizes=\"(max-width: 900px) 100vw, 900px\" \/>\t\t\t\t\t\t\t\t\t\t\t\t\t\t\t<\/div>\n\t\t\t\t<\/div>\n\t\t\t\t<\/div>\n\t\t<div class=\"elementor-element elementor-element-28e8793 e-con-full e-flex e-con e-parent\" data-id=\"28e8793\" data-element_type=\"container\" data-e-type=\"container\">\n\t\t\t\t<div class=\"elementor-element elementor-element-32f2e37 elementor-widget elementor-widget-heading\" data-id=\"32f2e37\" data-element_type=\"widget\" data-e-type=\"widget\" data-widget_type=\"heading.default\">\n\t\t\t\t<div class=\"elementor-widget-container\">\n\t\t\t\t\t<h2 class=\"elementor-heading-title elementor-size-default\">Medio siglo de innovaci\u00f3n y de mejora continua<\/h2>\t\t\t\t<\/div>\n\t\t\t\t<\/div>\n\t\t\t\t<div class=\"elementor-element elementor-element-69e401f line-height-2 elementor-widget elementor-widget-text-editor\" data-id=\"69e401f\" data-element_type=\"widget\" data-e-type=\"widget\" data-widget_type=\"text-editor.default\">\n\t\t\t\t<div class=\"elementor-widget-container\">\n\t\t\t\t\t\t\t\t\t<p>En Grup Maculart conocemos la complejidad del sector farmac\u00e9utico. Con m\u00e1s de medio siglo dedicados a la <strong>impresi\u00f3n de prospectos y packaging farmac\u00e9utico<\/strong>, hemos vivido los cambios en la legislaci\u00f3n de medicamentos, la aparici\u00f3n de nuevos controles m\u00e1s estrictos que requieren de nuevas certificaciones, la implantaci\u00f3n del braille en los estuches\u2026 entre muchos otros cambios implementados para mejorar la seguridad de un producto esencial como son los medicamentos.<\/p><p>Para dar respuesta a las necesidades de nuestros clientes y a las exigencias del sector con <strong>soluciones innovadoras<\/strong>, en Grup Maculart trabajamos a trav\u00e9s de un sistema de mejora continua. Desarrollamos y seguimos una <strong>estrategia de innovaci\u00f3n e inversi\u00f3n<\/strong> enfocada a un crecimiento sostenible y a potenciar la eficiencia de nuestros procesos.<\/p>\t\t\t\t\t\t\t\t<\/div>\n\t\t\t\t<\/div>\n\t\t\t\t<\/div>\n\t\t\t\t\t<\/div>\n\t\t\t\t<\/div>\n\t\t<div class=\"elementor-element elementor-element-3095c09 e-flex e-con-boxed e-con e-parent\" data-id=\"3095c09\" data-element_type=\"container\" data-e-type=\"container\">\n\t\t\t\t\t<div class=\"e-con-inner\">\n\t\t<div class=\"elementor-element elementor-element-c628865 e-con-full e-flex e-con e-parent\" data-id=\"c628865\" data-element_type=\"container\" data-e-type=\"container\">\n\t\t\t\t<div class=\"elementor-element elementor-element-83f8d39 line-height-2 elementor-widget elementor-widget-text-editor\" data-id=\"83f8d39\" data-element_type=\"widget\" data-e-type=\"widget\" data-widget_type=\"text-editor.default\">\n\t\t\t\t<div class=\"elementor-widget-container\">\n\t\t\t\t\t\t\t\t\t<p>De esta forma, hemos ido ampliando nuestras instalaciones en Cerdanyola del Vall\u00e8s (Barcelona) para poder incorporar <strong>nuevas maquinarias que se ajusten a los requerimientos del sector farmac\u00e9utico<\/strong> y nos permitan ofrecer un servicio integral a nuestros clientes.<br \/>Junto con nuestro <strong>equipo<\/strong> altamente especializado, podemos garantizar la m\u00e1xima calidad en todas las fases de la producci\u00f3n e impresi\u00f3n de prospectos y estuches farmac\u00e9uticos.<\/p>\t\t\t\t\t\t\t\t<\/div>\n\t\t\t\t<\/div>\n\t\t\t\t<\/div>\n\t\t<div class=\"elementor-element elementor-element-01c95b1 e-con-full e-flex e-con e-parent\" data-id=\"01c95b1\" data-element_type=\"container\" data-e-type=\"container\">\n\t\t\t\t<div class=\"elementor-element elementor-element-b221b25 elementor-widget elementor-widget-image\" data-id=\"b221b25\" data-element_type=\"widget\" data-e-type=\"widget\" data-widget_type=\"image.default\">\n\t\t\t\t<div class=\"elementor-widget-container\">\n\t\t\t\t\t\t\t\t\t\t\t\t\t\t\t<img decoding=\"async\" width=\"900\" height=\"600\" src=\"https:\/\/www.maculart.com\/app\/uploads\/2023\/09\/innovacioncalidad2.jpg\" class=\"attachment-large size-large wp-image-2059\" alt=\"\" srcset=\"https:\/\/www.maculart.com\/app\/uploads\/2023\/09\/innovacioncalidad2.jpg 900w, https:\/\/www.maculart.com\/app\/uploads\/2023\/09\/innovacioncalidad2-300x200.jpg 300w, https:\/\/www.maculart.com\/app\/uploads\/2023\/09\/innovacioncalidad2-768x512.jpg 768w\" sizes=\"(max-width: 900px) 100vw, 900px\" \/>\t\t\t\t\t\t\t\t\t\t\t\t\t\t\t<\/div>\n\t\t\t\t<\/div>\n\t\t\t\t<\/div>\n\t\t\t\t\t<\/div>\n\t\t\t\t<\/div>\n\t\t\t\t<\/div>\n\t\t","protected":false},"excerpt":{"rendered":"<p>Medio siglo de innovaci\u00f3n y de mejora continua En Grup Maculart conocemos la complejidad del sector farmac\u00e9utico. Con m\u00e1s de medio siglo dedicados a la impresi\u00f3n de prospectos y packaging&#8230;<\/p>\n","protected":false},"author":1,"featured_media":1884,"parent":0,"menu_order":0,"comment_status":"closed","ping_status":"closed","template":"","meta":{"_acf_changed":false,"inline_featured_image":false,"footnotes":""},"class_list":["post-91","page","type-page","status-publish","has-post-thumbnail","hentry"],"acf":[],"yoast_head":"<!-- This site is optimized with the Yoast SEO plugin v27.4 - https:\/\/yoast.com\/product\/yoast-seo-wordpress\/ -->\n<title>Innovaci\u00f3n y Calidad - Maculart<\/title>\n<meta name=\"robots\" content=\"index, follow, max-snippet:-1, max-image-preview:large, max-video-preview:-1\" \/>\n<link rel=\"canonical\" href=\"https:\/\/www.maculart.com\/es\/innovacion-y-calidad\/\" \/>\n<meta property=\"og:locale\" content=\"es_ES\" \/>\n<meta property=\"og:type\" content=\"article\" \/>\n<meta property=\"og:title\" content=\"Innovaci\u00f3n y Calidad - Maculart\" \/>\n<meta property=\"og:description\" content=\"Medio siglo de innovaci\u00f3n y de mejora continua En Grup Maculart conocemos la complejidad del sector farmac\u00e9utico. Con m\u00e1s de medio siglo dedicados a la impresi\u00f3n de prospectos y packaging...\" \/>\n<meta property=\"og:url\" content=\"https:\/\/www.maculart.com\/es\/innovacion-y-calidad\/\" \/>\n<meta property=\"og:site_name\" content=\"Maculart\" \/>\n<meta property=\"article:modified_time\" content=\"2023-09-26T08:56:37+00:00\" \/>\n<meta property=\"og:image\" content=\"https:\/\/www.maculart.com\/app\/uploads\/2023\/08\/innovacion-calidad.jpg\" \/>\n\t<meta property=\"og:image:width\" content=\"1068\" \/>\n\t<meta property=\"og:image:height\" content=\"734\" \/>\n\t<meta property=\"og:image:type\" content=\"image\/jpeg\" \/>\n<meta name=\"twitter:card\" content=\"summary_large_image\" \/>\n<meta name=\"twitter:label1\" content=\"Tiempo de lectura\" \/>\n\t<meta name=\"twitter:data1\" content=\"2 minutos\" \/>\n<script type=\"application\/ld+json\" class=\"yoast-schema-graph\">{\"@context\":\"https:\\\/\\\/schema.org\",\"@graph\":[{\"@type\":\"WebPage\",\"@id\":\"https:\\\/\\\/www.maculart.com\\\/es\\\/innovacion-y-calidad\\\/\",\"url\":\"https:\\\/\\\/www.maculart.com\\\/es\\\/innovacion-y-calidad\\\/\",\"name\":\"Innovaci\u00f3n y Calidad - Maculart\",\"isPartOf\":{\"@id\":\"https:\\\/\\\/www.maculart.com\\\/es\\\/#website\"},\"primaryImageOfPage\":{\"@id\":\"https:\\\/\\\/www.maculart.com\\\/es\\\/innovacion-y-calidad\\\/#primaryimage\"},\"image\":{\"@id\":\"https:\\\/\\\/www.maculart.com\\\/es\\\/innovacion-y-calidad\\\/#primaryimage\"},\"thumbnailUrl\":\"https:\\\/\\\/www.maculart.com\\\/app\\\/uploads\\\/2023\\\/08\\\/innovacion-calidad.jpg\",\"datePublished\":\"2023-07-12T08:08:44+00:00\",\"dateModified\":\"2023-09-26T08:56:37+00:00\",\"inLanguage\":\"es\",\"potentialAction\":[{\"@type\":\"ReadAction\",\"target\":[\"https:\\\/\\\/www.maculart.com\\\/es\\\/innovacion-y-calidad\\\/\"]}]},{\"@type\":\"ImageObject\",\"inLanguage\":\"es\",\"@id\":\"https:\\\/\\\/www.maculart.com\\\/es\\\/innovacion-y-calidad\\\/#primaryimage\",\"url\":\"https:\\\/\\\/www.maculart.com\\\/app\\\/uploads\\\/2023\\\/08\\\/innovacion-calidad.jpg\",\"contentUrl\":\"https:\\\/\\\/www.maculart.com\\\/app\\\/uploads\\\/2023\\\/08\\\/innovacion-calidad.jpg\",\"width\":1068,\"height\":734},{\"@type\":\"WebSite\",\"@id\":\"https:\\\/\\\/www.maculart.com\\\/es\\\/#website\",\"url\":\"https:\\\/\\\/www.maculart.com\\\/es\\\/\",\"name\":\"Maculart\",\"description\":\"\",\"potentialAction\":[{\"@type\":\"SearchAction\",\"target\":{\"@type\":\"EntryPoint\",\"urlTemplate\":\"https:\\\/\\\/www.maculart.com\\\/es\\\/?s={search_term_string}\"},\"query-input\":{\"@type\":\"PropertyValueSpecification\",\"valueRequired\":true,\"valueName\":\"search_term_string\"}}],\"inLanguage\":\"es\"}]}<\/script>\n<!-- \/ Yoast SEO plugin. -->","yoast_head_json":{"title":"Innovaci\u00f3n y Calidad - Maculart","robots":{"index":"index","follow":"follow","max-snippet":"max-snippet:-1","max-image-preview":"max-image-preview:large","max-video-preview":"max-video-preview:-1"},"canonical":"https:\/\/www.maculart.com\/es\/innovacion-y-calidad\/","og_locale":"es_ES","og_type":"article","og_title":"Innovaci\u00f3n y Calidad - Maculart","og_description":"Medio siglo de innovaci\u00f3n y de mejora continua En Grup Maculart conocemos la complejidad del sector farmac\u00e9utico. Con m\u00e1s de medio siglo dedicados a la impresi\u00f3n de prospectos y packaging...","og_url":"https:\/\/www.maculart.com\/es\/innovacion-y-calidad\/","og_site_name":"Maculart","article_modified_time":"2023-09-26T08:56:37+00:00","og_image":[{"width":1068,"height":734,"url":"https:\/\/www.maculart.com\/app\/uploads\/2023\/08\/innovacion-calidad.jpg","type":"image\/jpeg"}],"twitter_card":"summary_large_image","twitter_misc":{"Tiempo de lectura":"2 minutos"},"schema":{"@context":"https:\/\/schema.org","@graph":[{"@type":"WebPage","@id":"https:\/\/www.maculart.com\/es\/innovacion-y-calidad\/","url":"https:\/\/www.maculart.com\/es\/innovacion-y-calidad\/","name":"Innovaci\u00f3n y Calidad - Maculart","isPartOf":{"@id":"https:\/\/www.maculart.com\/es\/#website"},"primaryImageOfPage":{"@id":"https:\/\/www.maculart.com\/es\/innovacion-y-calidad\/#primaryimage"},"image":{"@id":"https:\/\/www.maculart.com\/es\/innovacion-y-calidad\/#primaryimage"},"thumbnailUrl":"https:\/\/www.maculart.com\/app\/uploads\/2023\/08\/innovacion-calidad.jpg","datePublished":"2023-07-12T08:08:44+00:00","dateModified":"2023-09-26T08:56:37+00:00","inLanguage":"es","potentialAction":[{"@type":"ReadAction","target":["https:\/\/www.maculart.com\/es\/innovacion-y-calidad\/"]}]},{"@type":"ImageObject","inLanguage":"es","@id":"https:\/\/www.maculart.com\/es\/innovacion-y-calidad\/#primaryimage","url":"https:\/\/www.maculart.com\/app\/uploads\/2023\/08\/innovacion-calidad.jpg","contentUrl":"https:\/\/www.maculart.com\/app\/uploads\/2023\/08\/innovacion-calidad.jpg","width":1068,"height":734},{"@type":"WebSite","@id":"https:\/\/www.maculart.com\/es\/#website","url":"https:\/\/www.maculart.com\/es\/","name":"Maculart","description":"","potentialAction":[{"@type":"SearchAction","target":{"@type":"EntryPoint","urlTemplate":"https:\/\/www.maculart.com\/es\/?s={search_term_string}"},"query-input":{"@type":"PropertyValueSpecification","valueRequired":true,"valueName":"search_term_string"}}],"inLanguage":"es"}]}},"_links":{"self":[{"href":"https:\/\/www.maculart.com\/es\/wp-json\/wp\/v2\/pages\/91","targetHints":{"allow":["GET"]}}],"collection":[{"href":"https:\/\/www.maculart.com\/es\/wp-json\/wp\/v2\/pages"}],"about":[{"href":"https:\/\/www.maculart.com\/es\/wp-json\/wp\/v2\/types\/page"}],"author":[{"embeddable":true,"href":"https:\/\/www.maculart.com\/es\/wp-json\/wp\/v2\/users\/1"}],"replies":[{"embeddable":true,"href":"https:\/\/www.maculart.com\/es\/wp-json\/wp\/v2\/comments?post=91"}],"version-history":[{"count":68,"href":"https:\/\/www.maculart.com\/es\/wp-json\/wp\/v2\/pages\/91\/revisions"}],"predecessor-version":[{"id":2062,"href":"https:\/\/www.maculart.com\/es\/wp-json\/wp\/v2\/pages\/91\/revisions\/2062"}],"wp:featuredmedia":[{"embeddable":true,"href":"https:\/\/www.maculart.com\/es\/wp-json\/wp\/v2\/media\/1884"}],"wp:attachment":[{"href":"https:\/\/www.maculart.com\/es\/wp-json\/wp\/v2\/media?parent=91"}],"curies":[{"name":"wp","href":"https:\/\/api.w.org\/{rel}","templated":true}]}}