{"id":2608,"date":"2023-07-12T10:07:52","date_gmt":"2023-07-12T08:07:52","guid":{"rendered":"https:\/\/www.maculart.com\/grup-maculart\/"},"modified":"2023-10-10T13:46:22","modified_gmt":"2023-10-10T11:46:22","slug":"grup-maculart","status":"publish","type":"page","link":"https:\/\/www.maculart.com\/fr\/grup-maculart\/","title":{"rendered":"Grup Maculart"},"content":{"rendered":"\t\t<div data-elementor-type=\"wp-page\" data-elementor-id=\"2608\" class=\"elementor elementor-2608 elementor-87\">\n\t\t\t\t<div class=\"elementor-element elementor-element-1847d0e e-flex e-con-boxed e-con e-parent\" data-id=\"1847d0e\" data-element_type=\"container\" data-e-type=\"container\">\n\t\t\t\t\t<div class=\"e-con-inner\">\n\t\t<div class=\"elementor-element elementor-element-2921a08 e-flex e-con-boxed e-con e-parent\" data-id=\"2921a08\" data-element_type=\"container\" data-e-type=\"container\">\n\t\t\t\t\t<div class=\"e-con-inner\">\n\t\t\t\t<div class=\"elementor-element elementor-element-4823e09 line-height-2 elementor-widget elementor-widget-text-editor\" data-id=\"4823e09\" data-element_type=\"widget\" data-e-type=\"widget\" data-widget_type=\"text-editor.default\">\n\t\t\t\t<div class=\"elementor-widget-container\">\n\t\t\t\t\t\t\t\t\t<p>Le secteur de l\u2019emballage est devenu un \u00e9l\u00e9ment essentiel du quotidien. De nos jours, le packaging fait partie int\u00e9grante de l\u2019image du produit et chez Grup Maculart nous travaillons pour qu\u2019il corresponde parfaitement \u00e0 l\u2019image que nos clients veulent projeter. Avec une production annuelle de 100 millions de bo\u00eetes, le packaging pharmaceutique est l\u2019une des principales activit\u00e9s de Grup Maculart depuis sa cr\u00e9ation il y a plus de 50 ans.<\/p>\n<p>Nous avons int\u00e9gr\u00e9 <b>des technologies num\u00e9riques <\/b>pour compl\u00e9ter notre service <b>d\u2019impression offset <\/b>et, depuis quelques ann\u00e9es, nous proposons \u00e9galement des <b>solutions de PLV<\/b> pour pouvoir fournir un service int\u00e9gral \u00e0 nos clients.<\/p>\n<p>Nous savons que la technologie ne suffit pas \u00e0 elle seule pour r\u00e9ussir. Au XXIe si\u00e8cle, l\u2019imprimerie continue d\u2019\u00eatre une industrie avec une composante humaine qui fait la diff\u00e9rence pour obtenir un r\u00e9sultat de qualit\u00e9 sup\u00e9rieure. Nous sommes convaincus que les arts graphiques sont une industrie de m\u00e9tier. Par cons\u00e9quent, nous favorisons la formation de notre \u00e9quipe et son d\u00e9veloppement au sein de l\u2019entreprise. Ainsi, nous avons r\u00e9ussi \u00e0 combiner les technologies de pointe avec une \u00e9quipe de professionnels sp\u00e9cialis\u00e9s dans chaque phase du processus d\u2019impression et avons atteint le haut niveau de qualit\u00e9 de Grup Maculart, \u00e9tabli apr\u00e8s plus d\u2019un demi-si\u00e8cle de service continu pour l\u2019industrie pharmaceutique.<\/p>\n\t\t\t\t\t\t\t\t<\/div>\n\t\t\t\t<\/div>\n\t\t\t\t\t<\/div>\n\t\t\t\t<\/div>\n\t\t\t\t\t<\/div>\n\t\t\t\t<\/div>\n\t\t<div class=\"elementor-element elementor-element-2307195 e-flex e-con-boxed e-con e-parent\" data-id=\"2307195\" data-element_type=\"container\" data-e-type=\"container\">\n\t\t\t\t\t<div class=\"e-con-inner\">\n\t\t<div class=\"elementor-element elementor-element-6decdc7 e-con-full e-flex e-con e-parent\" data-id=\"6decdc7\" data-element_type=\"container\" data-e-type=\"container\" data-settings=\"{&quot;background_background&quot;:&quot;classic&quot;}\">\n\t\t\t\t<div class=\"elementor-element elementor-element-21776ed elementor-widget elementor-widget-heading\" data-id=\"21776ed\" data-element_type=\"widget\" data-e-type=\"widget\" data-widget_type=\"heading.default\">\n\t\t\t\t<div class=\"elementor-widget-container\">\n\t\t\t\t\t<h3 class=\"elementor-heading-title elementor-size-default\">PARLONS-EN<\/h3>\t\t\t\t<\/div>\n\t\t\t\t<\/div>\n\t\t\t\t<div class=\"elementor-element elementor-element-799f946 elementor-widget__width-inherit elementor-widget elementor-widget-heading\" data-id=\"799f946\" data-element_type=\"widget\" data-e-type=\"widget\" data-widget_type=\"heading.default\">\n\t\t\t\t<div class=\"elementor-widget-container\">\n\t\t\t\t\t<h2 class=\"elementor-heading-title elementor-size-default\">Nous contacter\net d\u00e9crivez-nous votre projet<\/h2>\t\t\t\t<\/div>\n\t\t\t\t<\/div>\n\t\t\t\t<div class=\"elementor-element elementor-element-9d629f8 button-container elementor-widget elementor-widget-button\" data-id=\"9d629f8\" data-element_type=\"widget\" data-e-type=\"widget\" data-widget_type=\"button.default\">\n\t\t\t\t<div class=\"elementor-widget-container\">\n\t\t\t\t\t\t\t\t\t<div class=\"elementor-button-wrapper\">\n\t\t\t\t\t<a class=\"elementor-button elementor-button-link elementor-size-sm\" href=\"https:\/\/www.maculart.com\/fr\/contactez\/\">\n\t\t\t\t\t\t<span class=\"elementor-button-content-wrapper\">\n\t\t\t\t\t\t\t\t\t<span class=\"elementor-button-text\">Contactez-nous \u00e0 l'adresse suivante<\/span>\n\t\t\t\t\t<\/span>\n\t\t\t\t\t<\/a>\n\t\t\t\t<\/div>\n\t\t\t\t\t\t\t\t<\/div>\n\t\t\t\t<\/div>\n\t\t\t\t<\/div>\n\t\t<div class=\"elementor-element elementor-element-300c0da e-flex e-con-boxed e-con e-parent\" data-id=\"300c0da\" data-element_type=\"container\" data-e-type=\"container\" data-settings=\"{&quot;background_background&quot;:&quot;classic&quot;}\">\n\t\t\t\t\t<div class=\"e-con-inner\">\n\t\t\t\t\t<\/div>\n\t\t\t\t<\/div>\n\t\t\t\t\t<\/div>\n\t\t\t\t<\/div>\n\t\t\t\t<\/div>\n\t\t","protected":false},"excerpt":{"rendered":"<p>Le secteur de l\u2019emballage est devenu un \u00e9l\u00e9ment essentiel du quotidien. De nos jours, le packaging fait partie int\u00e9grante de l\u2019image du produit et chez Grup Maculart nous travaillons pour&#8230;<\/p>\n","protected":false},"author":1,"featured_media":2262,"parent":0,"menu_order":0,"comment_status":"closed","ping_status":"closed","template":"","meta":{"_acf_changed":false,"inline_featured_image":false,"footnotes":""},"class_list":["post-2608","page","type-page","status-publish","has-post-thumbnail","hentry"],"acf":[],"yoast_head":"<!-- This site is optimized with the Yoast SEO plugin v27.4 - https:\/\/yoast.com\/product\/yoast-seo-wordpress\/ -->\n<title>Grup Maculart - Maculart<\/title>\n<meta name=\"robots\" content=\"index, follow, max-snippet:-1, max-image-preview:large, max-video-preview:-1\" \/>\n<link rel=\"canonical\" href=\"https:\/\/www.maculart.com\/fr\/grup-maculart\/\" \/>\n<meta property=\"og:locale\" content=\"fr_FR\" \/>\n<meta property=\"og:type\" content=\"article\" \/>\n<meta property=\"og:title\" content=\"Grup Maculart - Maculart\" \/>\n<meta property=\"og:description\" content=\"Le secteur de l\u2019emballage est devenu un \u00e9l\u00e9ment essentiel du quotidien. De nos jours, le packaging fait partie int\u00e9grante de l\u2019image du produit et chez Grup Maculart nous travaillons pour...\" \/>\n<meta property=\"og:url\" content=\"https:\/\/www.maculart.com\/fr\/grup-maculart\/\" \/>\n<meta property=\"og:site_name\" content=\"Maculart\" \/>\n<meta property=\"article:modified_time\" content=\"2023-10-10T11:46:22+00:00\" \/>\n<meta property=\"og:image\" content=\"https:\/\/www.maculart.com\/app\/uploads\/2023\/07\/Rectangle-4-1.jpg\" \/>\n\t<meta property=\"og:image:width\" content=\"712\" \/>\n\t<meta property=\"og:image:height\" content=\"600\" \/>\n\t<meta property=\"og:image:type\" content=\"image\/jpeg\" \/>\n<meta name=\"twitter:card\" content=\"summary_large_image\" \/>\n<meta name=\"twitter:label1\" content=\"Dur\u00e9e de lecture estim\u00e9e\" \/>\n\t<meta name=\"twitter:data1\" content=\"1 minute\" \/>\n<script type=\"application\/ld+json\" class=\"yoast-schema-graph\">{\"@context\":\"https:\\\/\\\/schema.org\",\"@graph\":[{\"@type\":\"WebPage\",\"@id\":\"https:\\\/\\\/www.maculart.com\\\/fr\\\/grup-maculart\\\/\",\"url\":\"https:\\\/\\\/www.maculart.com\\\/fr\\\/grup-maculart\\\/\",\"name\":\"Grup Maculart - Maculart\",\"isPartOf\":{\"@id\":\"https:\\\/\\\/www.maculart.com\\\/fr\\\/#website\"},\"primaryImageOfPage\":{\"@id\":\"https:\\\/\\\/www.maculart.com\\\/fr\\\/grup-maculart\\\/#primaryimage\"},\"image\":{\"@id\":\"https:\\\/\\\/www.maculart.com\\\/fr\\\/grup-maculart\\\/#primaryimage\"},\"thumbnailUrl\":\"https:\\\/\\\/www.maculart.com\\\/app\\\/uploads\\\/2023\\\/07\\\/Rectangle-4-1.jpg\",\"datePublished\":\"2023-07-12T08:07:52+00:00\",\"dateModified\":\"2023-10-10T11:46:22+00:00\",\"inLanguage\":\"fr-FR\",\"potentialAction\":[{\"@type\":\"ReadAction\",\"target\":[\"https:\\\/\\\/www.maculart.com\\\/fr\\\/grup-maculart\\\/\"]}]},{\"@type\":\"ImageObject\",\"inLanguage\":\"fr-FR\",\"@id\":\"https:\\\/\\\/www.maculart.com\\\/fr\\\/grup-maculart\\\/#primaryimage\",\"url\":\"https:\\\/\\\/www.maculart.com\\\/app\\\/uploads\\\/2023\\\/07\\\/Rectangle-4-1.jpg\",\"contentUrl\":\"https:\\\/\\\/www.maculart.com\\\/app\\\/uploads\\\/2023\\\/07\\\/Rectangle-4-1.jpg\",\"width\":712,\"height\":600},{\"@type\":\"WebSite\",\"@id\":\"https:\\\/\\\/www.maculart.com\\\/fr\\\/#website\",\"url\":\"https:\\\/\\\/www.maculart.com\\\/fr\\\/\",\"name\":\"Maculart\",\"description\":\"\",\"potentialAction\":[{\"@type\":\"SearchAction\",\"target\":{\"@type\":\"EntryPoint\",\"urlTemplate\":\"https:\\\/\\\/www.maculart.com\\\/fr\\\/?s={search_term_string}\"},\"query-input\":{\"@type\":\"PropertyValueSpecification\",\"valueRequired\":true,\"valueName\":\"search_term_string\"}}],\"inLanguage\":\"fr-FR\"}]}<\/script>\n<!-- \/ Yoast SEO plugin. -->","yoast_head_json":{"title":"Grup Maculart - Maculart","robots":{"index":"index","follow":"follow","max-snippet":"max-snippet:-1","max-image-preview":"max-image-preview:large","max-video-preview":"max-video-preview:-1"},"canonical":"https:\/\/www.maculart.com\/fr\/grup-maculart\/","og_locale":"fr_FR","og_type":"article","og_title":"Grup Maculart - Maculart","og_description":"Le secteur de l\u2019emballage est devenu un \u00e9l\u00e9ment essentiel du quotidien. De nos jours, le packaging fait partie int\u00e9grante de l\u2019image du produit et chez Grup Maculart nous travaillons pour...","og_url":"https:\/\/www.maculart.com\/fr\/grup-maculart\/","og_site_name":"Maculart","article_modified_time":"2023-10-10T11:46:22+00:00","og_image":[{"width":712,"height":600,"url":"https:\/\/www.maculart.com\/app\/uploads\/2023\/07\/Rectangle-4-1.jpg","type":"image\/jpeg"}],"twitter_card":"summary_large_image","twitter_misc":{"Dur\u00e9e de lecture estim\u00e9e":"1 minute"},"schema":{"@context":"https:\/\/schema.org","@graph":[{"@type":"WebPage","@id":"https:\/\/www.maculart.com\/fr\/grup-maculart\/","url":"https:\/\/www.maculart.com\/fr\/grup-maculart\/","name":"Grup Maculart - Maculart","isPartOf":{"@id":"https:\/\/www.maculart.com\/fr\/#website"},"primaryImageOfPage":{"@id":"https:\/\/www.maculart.com\/fr\/grup-maculart\/#primaryimage"},"image":{"@id":"https:\/\/www.maculart.com\/fr\/grup-maculart\/#primaryimage"},"thumbnailUrl":"https:\/\/www.maculart.com\/app\/uploads\/2023\/07\/Rectangle-4-1.jpg","datePublished":"2023-07-12T08:07:52+00:00","dateModified":"2023-10-10T11:46:22+00:00","inLanguage":"fr-FR","potentialAction":[{"@type":"ReadAction","target":["https:\/\/www.maculart.com\/fr\/grup-maculart\/"]}]},{"@type":"ImageObject","inLanguage":"fr-FR","@id":"https:\/\/www.maculart.com\/fr\/grup-maculart\/#primaryimage","url":"https:\/\/www.maculart.com\/app\/uploads\/2023\/07\/Rectangle-4-1.jpg","contentUrl":"https:\/\/www.maculart.com\/app\/uploads\/2023\/07\/Rectangle-4-1.jpg","width":712,"height":600},{"@type":"WebSite","@id":"https:\/\/www.maculart.com\/fr\/#website","url":"https:\/\/www.maculart.com\/fr\/","name":"Maculart","description":"","potentialAction":[{"@type":"SearchAction","target":{"@type":"EntryPoint","urlTemplate":"https:\/\/www.maculart.com\/fr\/?s={search_term_string}"},"query-input":{"@type":"PropertyValueSpecification","valueRequired":true,"valueName":"search_term_string"}}],"inLanguage":"fr-FR"}]}},"_links":{"self":[{"href":"https:\/\/www.maculart.com\/fr\/wp-json\/wp\/v2\/pages\/2608","targetHints":{"allow":["GET"]}}],"collection":[{"href":"https:\/\/www.maculart.com\/fr\/wp-json\/wp\/v2\/pages"}],"about":[{"href":"https:\/\/www.maculart.com\/fr\/wp-json\/wp\/v2\/types\/page"}],"author":[{"embeddable":true,"href":"https:\/\/www.maculart.com\/fr\/wp-json\/wp\/v2\/users\/1"}],"replies":[{"embeddable":true,"href":"https:\/\/www.maculart.com\/fr\/wp-json\/wp\/v2\/comments?post=2608"}],"version-history":[{"count":2,"href":"https:\/\/www.maculart.com\/fr\/wp-json\/wp\/v2\/pages\/2608\/revisions"}],"predecessor-version":[{"id":2759,"href":"https:\/\/www.maculart.com\/fr\/wp-json\/wp\/v2\/pages\/2608\/revisions\/2759"}],"wp:featuredmedia":[{"embeddable":true,"href":"https:\/\/www.maculart.com\/fr\/wp-json\/wp\/v2\/media\/2262"}],"wp:attachment":[{"href":"https:\/\/www.maculart.com\/fr\/wp-json\/wp\/v2\/media?parent=2608"}],"curies":[{"name":"wp","href":"https:\/\/api.w.org\/{rel}","templated":true}]}}