{"id":2612,"date":"2023-07-12T12:08:30","date_gmt":"2023-07-12T10:08:30","guid":{"rendered":"https:\/\/www.maculart.com\/mission-vision-et-valeurs\/"},"modified":"2023-10-10T13:55:58","modified_gmt":"2023-10-10T11:55:58","slug":"mission-vision-et-valeurs","status":"publish","type":"page","link":"https:\/\/www.maculart.com\/fr\/mission-vision-et-valeurs\/","title":{"rendered":"Mission, Vision et Valeurs"},"content":{"rendered":"\t\t<div data-elementor-type=\"wp-page\" data-elementor-id=\"2612\" class=\"elementor elementor-2612 elementor-178\">\n\t\t\t\t<div class=\"elementor-element elementor-element-9895c4a e-flex e-con-boxed e-con e-parent\" data-id=\"9895c4a\" data-element_type=\"container\" data-e-type=\"container\">\n\t\t\t\t\t<div class=\"e-con-inner\">\n\t\t<div class=\"elementor-element elementor-element-da34b37 e-con-full e-flex e-con e-parent\" data-id=\"da34b37\" data-element_type=\"container\" data-e-type=\"container\">\n\t\t\t\t<div class=\"elementor-element elementor-element-68b8287 elementor-widget elementor-widget-heading\" data-id=\"68b8287\" data-element_type=\"widget\" data-e-type=\"widget\" data-widget_type=\"heading.default\">\n\t\t\t\t<div class=\"elementor-widget-container\">\n\t\t\t\t\t<h4 class=\"elementor-heading-title elementor-size-default\">mission<\/h4>\t\t\t\t<\/div>\n\t\t\t\t<\/div>\n\t\t\t\t<div class=\"elementor-element elementor-element-0d31394 elementor-widget elementor-widget-heading\" data-id=\"0d31394\" data-element_type=\"widget\" data-e-type=\"widget\" data-widget_type=\"heading.default\">\n\t\t\t\t<div class=\"elementor-widget-container\">\n\t\t\t\t\t<h2 class=\"elementor-heading-title elementor-size-default\">aux c\u00f4t\u00e9s de nos\nclients<\/h2>\t\t\t\t<\/div>\n\t\t\t\t<\/div>\n\t\t\t\t<div class=\"elementor-element elementor-element-df25a4f line-height-2 elementor-widget elementor-widget-text-editor\" data-id=\"df25a4f\" data-element_type=\"widget\" data-e-type=\"widget\" data-widget_type=\"text-editor.default\">\n\t\t\t\t<div class=\"elementor-widget-container\">\n\t\t\t\t\t\t\t\t\t<p>Depuis nos d\u00e9buts il y a plus de 50 ans, chez <strong>Grup Maculart<\/strong> nous travaillons aux c\u00f4t\u00e9s de nos clients et sommes \u00e0 l\u2019\u00e9coute de leurs besoins. Notre mission est de nous adapter aux exigences de <strong>l\u2019industrie pharmaceutique<\/strong>, tant dans la production de <strong>notices et de bo\u00eetes<\/strong>, que pour r\u00e9pondre aux nouveaux d\u00e9fis de durabilit\u00e9 et de recyclage pos\u00e9s par le secteur.<br \/>Nous accomplissons notre mission aux c\u00f4tes de nos clients dans une relation de confiance. Gr\u00e2ce \u00e0 l\u2019implication de toute notre \u00e9quipe, nous pouvons offrir un <strong>service tr\u00e8s flexible <\/strong>pour r\u00e9pondre aux besoins changeants d\u2019un secteur aussi exigeant que le secteur pharmaceutique sans jamais compromettre la qualit\u00e9.<\/p>\n\t\t\t\t\t\t\t\t<\/div>\n\t\t\t\t<\/div>\n\t\t\t\t<\/div>\n\t\t<div class=\"elementor-element elementor-element-948e3da e-con-full e-flex e-con e-parent\" data-id=\"948e3da\" data-element_type=\"container\" data-e-type=\"container\">\n\t\t\t\t<div class=\"elementor-element elementor-element-7b7acdf elementor-widget elementor-widget-image\" data-id=\"7b7acdf\" data-element_type=\"widget\" data-e-type=\"widget\" data-widget_type=\"image.default\">\n\t\t\t\t<div class=\"elementor-widget-container\">\n\t\t\t\t\t\t\t\t\t\t\t\t\t\t\t<img fetchpriority=\"high\" decoding=\"async\" width=\"900\" height=\"600\" src=\"https:\/\/www.maculart.com\/app\/uploads\/2023\/09\/misionvisionvalor.jpg\" class=\"attachment-large size-large wp-image-2388\" alt=\"\" srcset=\"https:\/\/www.maculart.com\/app\/uploads\/2023\/09\/misionvisionvalor.jpg 900w, https:\/\/www.maculart.com\/app\/uploads\/2023\/09\/misionvisionvalor-300x200.jpg 300w, https:\/\/www.maculart.com\/app\/uploads\/2023\/09\/misionvisionvalor-768x512.jpg 768w\" sizes=\"(max-width: 900px) 100vw, 900px\" \/>\t\t\t\t\t\t\t\t\t\t\t\t\t\t\t<\/div>\n\t\t\t\t<\/div>\n\t\t\t\t<\/div>\n\t\t\t\t\t<\/div>\n\t\t\t\t<\/div>\n\t\t<div class=\"elementor-element elementor-element-d74be2b e-flex e-con-boxed e-con e-parent\" data-id=\"d74be2b\" data-element_type=\"container\" data-e-type=\"container\">\n\t\t\t\t\t<div class=\"e-con-inner\">\n\t\t<div class=\"elementor-element elementor-element-859e9fc e-con-full e-flex e-con e-parent\" data-id=\"859e9fc\" data-element_type=\"container\" data-e-type=\"container\">\n\t\t\t\t<div class=\"elementor-element elementor-element-5687dd8 elementor-widget elementor-widget-image\" data-id=\"5687dd8\" data-element_type=\"widget\" data-e-type=\"widget\" data-widget_type=\"image.default\">\n\t\t\t\t<div class=\"elementor-widget-container\">\n\t\t\t\t\t\t\t\t\t\t\t\t\t\t\t<img decoding=\"async\" width=\"709\" height=\"600\" src=\"https:\/\/www.maculart.com\/app\/uploads\/2023\/07\/Rectangle-11.jpg\" class=\"attachment-large size-large wp-image-2268\" alt=\"\" srcset=\"https:\/\/www.maculart.com\/app\/uploads\/2023\/07\/Rectangle-11.jpg 709w, https:\/\/www.maculart.com\/app\/uploads\/2023\/07\/Rectangle-11-300x254.jpg 300w\" sizes=\"(max-width: 709px) 100vw, 709px\" \/>\t\t\t\t\t\t\t\t\t\t\t\t\t\t\t<\/div>\n\t\t\t\t<\/div>\n\t\t\t\t<\/div>\n\t\t<div class=\"elementor-element elementor-element-a3cae52 e-con-full e-flex e-con e-parent\" data-id=\"a3cae52\" data-element_type=\"container\" data-e-type=\"container\">\n\t\t\t\t<div class=\"elementor-element elementor-element-ce10857 elementor-widget elementor-widget-heading\" data-id=\"ce10857\" data-element_type=\"widget\" data-e-type=\"widget\" data-widget_type=\"heading.default\">\n\t\t\t\t<div class=\"elementor-widget-container\">\n\t\t\t\t\t<h4 class=\"elementor-heading-title elementor-size-default\">VISION\u200b<\/h4>\t\t\t\t<\/div>\n\t\t\t\t<\/div>\n\t\t\t\t<div class=\"elementor-element elementor-element-0c2072c elementor-widget elementor-widget-heading\" data-id=\"0c2072c\" data-element_type=\"widget\" data-e-type=\"widget\" data-widget_type=\"heading.default\">\n\t\t\t\t<div class=\"elementor-widget-container\">\n\t\t\t\t\t<h2 class=\"elementor-heading-title elementor-size-default\">50 ans \nde croissance \u00e0 vos c\u00f4t\u00e9s<\/h2>\t\t\t\t<\/div>\n\t\t\t\t<\/div>\n\t\t\t\t<div class=\"elementor-element elementor-element-6e386f5 line-height-2 elementor-widget elementor-widget-text-editor\" data-id=\"6e386f5\" data-element_type=\"widget\" data-e-type=\"widget\" data-widget_type=\"text-editor.default\">\n\t\t\t\t<div class=\"elementor-widget-container\">\n\t\t\t\t\t\t\t\t\t<p>Chez Grup Maculart, nous sommes inspir\u00e9s par nos <strong>clients<\/strong>. Pour r\u00e9pondre \u00e0 la vision de notre fondateur Jos\u00e9 Maj\u00f3s, nous travaillons pour que les projets qu\u2019ils imaginent deviennent r\u00e9alit\u00e9. Toujours en constante \u00e9volution et \u00e0 jour avec les derni\u00e8res tendances du secteur des<strong>arts graphiques<\/strong>, nous continuons \u00e0 explorer de nouveaux domaines avec l\u2019aide de nos experts afin que, lorsque vous avez un projet (vision), nous puissions vous offrir la meilleure solution pour le r\u00e9aliser.<\/p>\n<p>De cette fa\u00e7on, au fil des ans, nous avons \u00e9largi notre gamme de services. En plus des services d\u2019impression initiaux de <strong>de notices pharmaceutiques et de production de packagings pharmaceutiques<\/strong>, nous proposons \u00e9galement des <strong>solutions de PLV<\/strong> pour continuer \u00e0 apporter de la valeur \u00e0 nos clients et leur fournir un service int\u00e9gral avec des propositions innovantes et cr\u00e9atives qui respectent les exigences du secteur pharmaceutique.<\/p>\n\t\t\t\t\t\t\t\t<\/div>\n\t\t\t\t<\/div>\n\t\t\t\t<\/div>\n\t\t\t\t\t<\/div>\n\t\t\t\t<\/div>\n\t\t<div class=\"elementor-element elementor-element-fe22043 e-flex e-con-boxed e-con e-parent\" data-id=\"fe22043\" data-element_type=\"container\" data-e-type=\"container\">\n\t\t\t\t\t<div class=\"e-con-inner\">\n\t\t<div class=\"elementor-element elementor-element-2dc5b99 e-con-full e-flex e-con e-parent\" data-id=\"2dc5b99\" data-element_type=\"container\" data-e-type=\"container\">\n\t\t\t\t<div class=\"elementor-element elementor-element-1dd74b9 elementor-widget elementor-widget-heading\" data-id=\"1dd74b9\" data-element_type=\"widget\" data-e-type=\"widget\" data-widget_type=\"heading.default\">\n\t\t\t\t<div class=\"elementor-widget-container\">\n\t\t\t\t\t<h4 class=\"elementor-heading-title elementor-size-default\">VALEURS<\/h4>\t\t\t\t<\/div>\n\t\t\t\t<\/div>\n\t\t\t\t<div class=\"elementor-element elementor-element-c68465e elementor-widget elementor-widget-heading\" data-id=\"c68465e\" data-element_type=\"widget\" data-e-type=\"widget\" data-widget_type=\"heading.default\">\n\t\t\t\t<div class=\"elementor-widget-container\">\n\t\t\t\t\t<h2 class=\"elementor-heading-title elementor-size-default\">\u00c0 la recherche de l\u2019excellence en impression<\/h2>\t\t\t\t<\/div>\n\t\t\t\t<\/div>\n\t\t\t\t<div class=\"elementor-element elementor-element-4c0fe52 line-height-2 elementor-widget elementor-widget-text-editor\" data-id=\"4c0fe52\" data-element_type=\"widget\" data-e-type=\"widget\" data-widget_type=\"text-editor.default\">\n\t\t\t\t<div class=\"elementor-widget-container\">\n\t\t\t\t\t\t\t\t\t<p>Et de l\u2019efficacit\u00e9. Chez Grup Maculart, nous savons que l\u2019impression n\u2019est pas seulement une t\u00e2che manuelle. Au contraire, il s\u2019agit d\u2019un processus o\u00f9 la main de l\u2019homme est combin\u00e9e aux derni\u00e8res technologies pour obtenir des r\u00e9sultats de la <strong>plus haute qualit\u00e9 <\/strong> sans n\u00e9gliger <strong>l\u2019efficacit\u00e9<\/strong>.<\/p>\n<p>Chaque notice qui quitte notre usine signifie bien plus que les informations qui y sont imprim\u00e9es : elle est le reflet de la qualit\u00e9 et du <strong>soin que l\u2019on pr\u00eate \u00e0 chaque d\u00e9tail<\/strong>. Le packaging pharmaceutique que nous fabriquons est, quant \u00e0 lui, le fruit de toute notre <strong>exp\u00e9rience et notre exigence<\/strong>, car ce qu\u2019il contient est aussi important pour nous que pour nos clients.<\/p>\n<p>Ce sont les <strong>valeurs<\/strong> qui animent Grup Maculart, tout comme le <strong>travail d\u2019\u00e9quipe<\/strong>, car nous savons que chaque membre qui participe au d\u00e9veloppement d\u2019un projet, du commercial \u00e0 l\u2019agent de d\u00e9coupe, est essentiel pour poursuivre notre mission qui est de travailler aux c\u00f4t\u00e9s de nos clients et de nous adapter \u00e0 leurs besoins.<\/p>\n\t\t\t\t\t\t\t\t<\/div>\n\t\t\t\t<\/div>\n\t\t\t\t<\/div>\n\t\t<div class=\"elementor-element elementor-element-2c49f54 e-con-full e-flex e-con e-parent\" data-id=\"2c49f54\" data-element_type=\"container\" data-e-type=\"container\">\n\t\t\t\t<div class=\"elementor-element elementor-element-3eff226 elementor-widget elementor-widget-image\" data-id=\"3eff226\" data-element_type=\"widget\" data-e-type=\"widget\" data-widget_type=\"image.default\">\n\t\t\t\t<div class=\"elementor-widget-container\">\n\t\t\t\t\t\t\t\t\t\t\t\t\t\t\t<img decoding=\"async\" width=\"712\" height=\"600\" src=\"https:\/\/www.maculart.com\/app\/uploads\/2023\/07\/Rectangle-12.jpg\" class=\"attachment-large size-large wp-image-2271\" alt=\"\" srcset=\"https:\/\/www.maculart.com\/app\/uploads\/2023\/07\/Rectangle-12.jpg 712w, https:\/\/www.maculart.com\/app\/uploads\/2023\/07\/Rectangle-12-300x253.jpg 300w\" sizes=\"(max-width: 712px) 100vw, 712px\" \/>\t\t\t\t\t\t\t\t\t\t\t\t\t\t\t<\/div>\n\t\t\t\t<\/div>\n\t\t\t\t<\/div>\n\t\t\t\t\t<\/div>\n\t\t\t\t<\/div>\n\t\t\t\t<\/div>\n\t\t","protected":false},"excerpt":{"rendered":"<p>mission aux c\u00f4t\u00e9s de nos clients Depuis nos d\u00e9buts il y a plus de 50 ans, chez Grup Maculart nous travaillons aux c\u00f4t\u00e9s de nos clients et sommes \u00e0 l\u2019\u00e9coute&#8230;<\/p>\n","protected":false},"author":1,"featured_media":0,"parent":0,"menu_order":0,"comment_status":"closed","ping_status":"closed","template":"","meta":{"_acf_changed":false,"inline_featured_image":false,"footnotes":""},"class_list":["post-2612","page","type-page","status-publish","hentry"],"acf":[],"yoast_head":"<!-- This site is optimized with the Yoast SEO plugin v27.4 - https:\/\/yoast.com\/product\/yoast-seo-wordpress\/ -->\n<title>Mission, Vision et Valeurs - Maculart<\/title>\n<meta name=\"robots\" content=\"index, follow, max-snippet:-1, max-image-preview:large, max-video-preview:-1\" \/>\n<link rel=\"canonical\" href=\"https:\/\/www.maculart.com\/fr\/mission-vision-et-valeurs\/\" \/>\n<meta property=\"og:locale\" content=\"fr_FR\" \/>\n<meta property=\"og:type\" content=\"article\" \/>\n<meta property=\"og:title\" content=\"Mission, Vision et Valeurs - Maculart\" \/>\n<meta property=\"og:description\" content=\"mission aux c\u00f4t\u00e9s de nos clients Depuis nos d\u00e9buts il y a plus de 50 ans, chez Grup Maculart nous travaillons aux c\u00f4t\u00e9s de nos clients et sommes \u00e0 l\u2019\u00e9coute...\" \/>\n<meta property=\"og:url\" content=\"https:\/\/www.maculart.com\/fr\/mission-vision-et-valeurs\/\" \/>\n<meta property=\"og:site_name\" content=\"Maculart\" \/>\n<meta property=\"article:modified_time\" content=\"2023-10-10T11:55:58+00:00\" \/>\n<meta property=\"og:image\" content=\"https:\/\/www.maculart.com\/app\/uploads\/2023\/09\/misionvisionvalor.jpg\" \/>\n<meta name=\"twitter:card\" content=\"summary_large_image\" \/>\n<meta name=\"twitter:label1\" content=\"Dur\u00e9e de lecture estim\u00e9e\" \/>\n\t<meta name=\"twitter:data1\" content=\"2 minutes\" \/>\n<script type=\"application\/ld+json\" class=\"yoast-schema-graph\">{\"@context\":\"https:\\\/\\\/schema.org\",\"@graph\":[{\"@type\":\"WebPage\",\"@id\":\"https:\\\/\\\/www.maculart.com\\\/fr\\\/mission-vision-et-valeurs\\\/\",\"url\":\"https:\\\/\\\/www.maculart.com\\\/fr\\\/mission-vision-et-valeurs\\\/\",\"name\":\"Mission, Vision et Valeurs - Maculart\",\"isPartOf\":{\"@id\":\"https:\\\/\\\/www.maculart.com\\\/fr\\\/#website\"},\"primaryImageOfPage\":{\"@id\":\"https:\\\/\\\/www.maculart.com\\\/fr\\\/mission-vision-et-valeurs\\\/#primaryimage\"},\"image\":{\"@id\":\"https:\\\/\\\/www.maculart.com\\\/fr\\\/mission-vision-et-valeurs\\\/#primaryimage\"},\"thumbnailUrl\":\"https:\\\/\\\/www.maculart.com\\\/app\\\/uploads\\\/2023\\\/09\\\/misionvisionvalor.jpg\",\"datePublished\":\"2023-07-12T10:08:30+00:00\",\"dateModified\":\"2023-10-10T11:55:58+00:00\",\"inLanguage\":\"fr-FR\",\"potentialAction\":[{\"@type\":\"ReadAction\",\"target\":[\"https:\\\/\\\/www.maculart.com\\\/fr\\\/mission-vision-et-valeurs\\\/\"]}]},{\"@type\":\"ImageObject\",\"inLanguage\":\"fr-FR\",\"@id\":\"https:\\\/\\\/www.maculart.com\\\/fr\\\/mission-vision-et-valeurs\\\/#primaryimage\",\"url\":\"https:\\\/\\\/www.maculart.com\\\/app\\\/uploads\\\/2023\\\/09\\\/misionvisionvalor.jpg\",\"contentUrl\":\"https:\\\/\\\/www.maculart.com\\\/app\\\/uploads\\\/2023\\\/09\\\/misionvisionvalor.jpg\"},{\"@type\":\"WebSite\",\"@id\":\"https:\\\/\\\/www.maculart.com\\\/fr\\\/#website\",\"url\":\"https:\\\/\\\/www.maculart.com\\\/fr\\\/\",\"name\":\"Maculart\",\"description\":\"\",\"potentialAction\":[{\"@type\":\"SearchAction\",\"target\":{\"@type\":\"EntryPoint\",\"urlTemplate\":\"https:\\\/\\\/www.maculart.com\\\/fr\\\/?s={search_term_string}\"},\"query-input\":{\"@type\":\"PropertyValueSpecification\",\"valueRequired\":true,\"valueName\":\"search_term_string\"}}],\"inLanguage\":\"fr-FR\"}]}<\/script>\n<!-- \/ Yoast SEO plugin. -->","yoast_head_json":{"title":"Mission, Vision et Valeurs - Maculart","robots":{"index":"index","follow":"follow","max-snippet":"max-snippet:-1","max-image-preview":"max-image-preview:large","max-video-preview":"max-video-preview:-1"},"canonical":"https:\/\/www.maculart.com\/fr\/mission-vision-et-valeurs\/","og_locale":"fr_FR","og_type":"article","og_title":"Mission, Vision et Valeurs - Maculart","og_description":"mission aux c\u00f4t\u00e9s de nos clients Depuis nos d\u00e9buts il y a plus de 50 ans, chez Grup Maculart nous travaillons aux c\u00f4t\u00e9s de nos clients et sommes \u00e0 l\u2019\u00e9coute...","og_url":"https:\/\/www.maculart.com\/fr\/mission-vision-et-valeurs\/","og_site_name":"Maculart","article_modified_time":"2023-10-10T11:55:58+00:00","og_image":[{"url":"https:\/\/www.maculart.com\/app\/uploads\/2023\/09\/misionvisionvalor.jpg","type":"","width":"","height":""}],"twitter_card":"summary_large_image","twitter_misc":{"Dur\u00e9e de lecture estim\u00e9e":"2 minutes"},"schema":{"@context":"https:\/\/schema.org","@graph":[{"@type":"WebPage","@id":"https:\/\/www.maculart.com\/fr\/mission-vision-et-valeurs\/","url":"https:\/\/www.maculart.com\/fr\/mission-vision-et-valeurs\/","name":"Mission, Vision et Valeurs - Maculart","isPartOf":{"@id":"https:\/\/www.maculart.com\/fr\/#website"},"primaryImageOfPage":{"@id":"https:\/\/www.maculart.com\/fr\/mission-vision-et-valeurs\/#primaryimage"},"image":{"@id":"https:\/\/www.maculart.com\/fr\/mission-vision-et-valeurs\/#primaryimage"},"thumbnailUrl":"https:\/\/www.maculart.com\/app\/uploads\/2023\/09\/misionvisionvalor.jpg","datePublished":"2023-07-12T10:08:30+00:00","dateModified":"2023-10-10T11:55:58+00:00","inLanguage":"fr-FR","potentialAction":[{"@type":"ReadAction","target":["https:\/\/www.maculart.com\/fr\/mission-vision-et-valeurs\/"]}]},{"@type":"ImageObject","inLanguage":"fr-FR","@id":"https:\/\/www.maculart.com\/fr\/mission-vision-et-valeurs\/#primaryimage","url":"https:\/\/www.maculart.com\/app\/uploads\/2023\/09\/misionvisionvalor.jpg","contentUrl":"https:\/\/www.maculart.com\/app\/uploads\/2023\/09\/misionvisionvalor.jpg"},{"@type":"WebSite","@id":"https:\/\/www.maculart.com\/fr\/#website","url":"https:\/\/www.maculart.com\/fr\/","name":"Maculart","description":"","potentialAction":[{"@type":"SearchAction","target":{"@type":"EntryPoint","urlTemplate":"https:\/\/www.maculart.com\/fr\/?s={search_term_string}"},"query-input":{"@type":"PropertyValueSpecification","valueRequired":true,"valueName":"search_term_string"}}],"inLanguage":"fr-FR"}]}},"_links":{"self":[{"href":"https:\/\/www.maculart.com\/fr\/wp-json\/wp\/v2\/pages\/2612","targetHints":{"allow":["GET"]}}],"collection":[{"href":"https:\/\/www.maculart.com\/fr\/wp-json\/wp\/v2\/pages"}],"about":[{"href":"https:\/\/www.maculart.com\/fr\/wp-json\/wp\/v2\/types\/page"}],"author":[{"embeddable":true,"href":"https:\/\/www.maculart.com\/fr\/wp-json\/wp\/v2\/users\/1"}],"replies":[{"embeddable":true,"href":"https:\/\/www.maculart.com\/fr\/wp-json\/wp\/v2\/comments?post=2612"}],"version-history":[{"count":2,"href":"https:\/\/www.maculart.com\/fr\/wp-json\/wp\/v2\/pages\/2612\/revisions"}],"predecessor-version":[{"id":2777,"href":"https:\/\/www.maculart.com\/fr\/wp-json\/wp\/v2\/pages\/2612\/revisions\/2777"}],"wp:attachment":[{"href":"https:\/\/www.maculart.com\/fr\/wp-json\/wp\/v2\/media?parent=2612"}],"curies":[{"name":"wp","href":"https:\/\/api.w.org\/{rel}","templated":true}]}}