{"id":2622,"date":"2023-07-12T12:31:39","date_gmt":"2023-07-12T10:31:39","guid":{"rendered":"https:\/\/www.maculart.com\/equipe\/"},"modified":"2023-10-10T13:42:06","modified_gmt":"2023-10-10T11:42:06","slug":"equipe","status":"publish","type":"page","link":"https:\/\/www.maculart.com\/fr\/equipe\/","title":{"rendered":"\u00c9quipe"},"content":{"rendered":"\t\t<div data-elementor-type=\"wp-page\" data-elementor-id=\"2622\" class=\"elementor elementor-2622 elementor-203\">\n\t\t\t\t<div class=\"elementor-element elementor-element-3f9f99c e-flex e-con-boxed e-con e-parent\" data-id=\"3f9f99c\" data-element_type=\"container\" data-e-type=\"container\">\n\t\t\t\t\t<div class=\"e-con-inner\">\n\t\t<div class=\"elementor-element elementor-element-fb24ced e-flex e-con-boxed e-con e-parent\" data-id=\"fb24ced\" data-element_type=\"container\" data-e-type=\"container\">\n\t\t\t\t\t<div class=\"e-con-inner\">\n\t\t\t\t<div class=\"elementor-element elementor-element-4413d1a line-height-2 elementor-widget elementor-widget-text-editor\" data-id=\"4413d1a\" data-element_type=\"widget\" data-e-type=\"widget\" data-widget_type=\"text-editor.default\">\n\t\t\t\t<div class=\"elementor-widget-container\">\n\t\t\t\t\t\t\t\t\t<p>Chez Grup Maculart, nous croyons au talent et<strong> \u00e0 l\u2019\u00e9galit\u00e9 des chances.<\/strong> Nous voulons d\u00e9velopper un environnement de travail dans lequel tous les membres de notre \u00e9quipe peuvent cro\u00eetre, tant sur le plan professionnel que personnel, dans une structure horizontale caract\u00e9ris\u00e9e par un <strong>esprit de coop\u00e9ration<\/strong> et de travail d\u2019\u00e9quipe.<br \/>Avec une \u00e9quipe de <strong>plus de 60 professionnels<\/strong>, nous sommes fiers de la <strong>diversit\u00e9<\/strong> de notre personnel. Parce que nous croyons au potentiel de chaque individu, ind\u00e9pendamment de son \u00e2ge, de son sexe, de ses ant\u00e9c\u00e9dents ou de ses croyances. Ainsi, notre \u00e9quipe est compos\u00e9e de professionnels ayant une large exp\u00e9rience dans le domaine de l\u2019imprimerie ainsi que de jeunes qui apprennent le m\u00e9tier.<\/p>\n<p>Le m\u00e9lange des cultures de nos employ\u00e9s nous enrichit et nous apporte une vision multiculturelle qui nous inspire et nous valorise \u00e0 l\u2019heure de la mondialisation si d\u00e9terminante au XXIe si\u00e8cle.<\/p>\n<p>Dans notre ferme engagement envers la qualit\u00e9, nous favorisons la <strong>formation de notre \u00e9quipe<\/strong>. Nous proposons des plans <strong>de formation internes<\/strong> dans les m\u00e9tiers de l\u2019imprimerie et des arts graphiques, ainsi que <strong>des formations externes<\/strong>, afin que nos collaborateurs puissent am\u00e9liorer leurs comp\u00e9tences avec l\u2019aide des meilleurs experts dans diff\u00e9rents domaines tels que la RSE ou la transition num\u00e9rique.<\/p>\n\t\t\t\t\t\t\t\t<\/div>\n\t\t\t\t<\/div>\n\t\t\t\t\t<\/div>\n\t\t\t\t<\/div>\n\t\t\t\t\t<\/div>\n\t\t\t\t<\/div>\n\t\t<div class=\"elementor-element elementor-element-816ccf6 e-con-full e-flex e-con e-parent\" data-id=\"816ccf6\" data-element_type=\"container\" data-e-type=\"container\">\n\t\t\t\t<div class=\"elementor-element elementor-element-b22d921 elementor-widget elementor-widget-image\" data-id=\"b22d921\" data-element_type=\"widget\" data-e-type=\"widget\" data-widget_type=\"image.default\">\n\t\t\t\t<div class=\"elementor-widget-container\">\n\t\t\t\t\t\t\t\t\t\t\t\t\t\t\t<img fetchpriority=\"high\" decoding=\"async\" width=\"1440\" height=\"661\" src=\"https:\/\/www.maculart.com\/app\/uploads\/2023\/07\/Rectangle-8-2.jpg\" class=\"attachment-full size-full wp-image-2274\" alt=\"\" srcset=\"https:\/\/www.maculart.com\/app\/uploads\/2023\/07\/Rectangle-8-2.jpg 1440w, https:\/\/www.maculart.com\/app\/uploads\/2023\/07\/Rectangle-8-2-300x138.jpg 300w, https:\/\/www.maculart.com\/app\/uploads\/2023\/07\/Rectangle-8-2-1024x470.jpg 1024w, https:\/\/www.maculart.com\/app\/uploads\/2023\/07\/Rectangle-8-2-768x353.jpg 768w\" sizes=\"(max-width: 1440px) 100vw, 1440px\" \/>\t\t\t\t\t\t\t\t\t\t\t\t\t\t\t<\/div>\n\t\t\t\t<\/div>\n\t\t\t\t<\/div>\n\t\t\t\t<\/div>\n\t\t","protected":false},"excerpt":{"rendered":"<p>Chez Grup Maculart, nous croyons au talent et \u00e0 l\u2019\u00e9galit\u00e9 des chances. Nous voulons d\u00e9velopper un environnement de travail dans lequel tous les membres de notre \u00e9quipe peuvent cro\u00eetre, tant&#8230;<\/p>\n","protected":false},"author":1,"featured_media":0,"parent":0,"menu_order":0,"comment_status":"closed","ping_status":"closed","template":"","meta":{"_acf_changed":false,"inline_featured_image":false,"footnotes":""},"class_list":["post-2622","page","type-page","status-publish","hentry"],"acf":[],"yoast_head":"<!-- This site is optimized with the Yoast SEO plugin v27.4 - https:\/\/yoast.com\/product\/yoast-seo-wordpress\/ -->\n<title>\u00c9quipe - Maculart<\/title>\n<meta name=\"robots\" content=\"index, follow, max-snippet:-1, max-image-preview:large, max-video-preview:-1\" \/>\n<link rel=\"canonical\" href=\"https:\/\/www.maculart.com\/fr\/equipe\/\" \/>\n<meta property=\"og:locale\" content=\"fr_FR\" \/>\n<meta property=\"og:type\" content=\"article\" \/>\n<meta property=\"og:title\" content=\"\u00c9quipe - Maculart\" \/>\n<meta property=\"og:description\" content=\"Chez Grup Maculart, nous croyons au talent et \u00e0 l\u2019\u00e9galit\u00e9 des chances. Nous voulons d\u00e9velopper un environnement de travail dans lequel tous les membres de notre \u00e9quipe peuvent cro\u00eetre, tant...\" \/>\n<meta property=\"og:url\" content=\"https:\/\/www.maculart.com\/fr\/equipe\/\" \/>\n<meta property=\"og:site_name\" content=\"Maculart\" \/>\n<meta property=\"article:modified_time\" content=\"2023-10-10T11:42:06+00:00\" \/>\n<meta property=\"og:image\" content=\"https:\/\/www.maculart.com\/app\/uploads\/2023\/07\/Rectangle-8-2.jpg\" \/>\n<meta name=\"twitter:card\" content=\"summary_large_image\" \/>\n<meta name=\"twitter:label1\" content=\"Dur\u00e9e de lecture estim\u00e9e\" \/>\n\t<meta name=\"twitter:data1\" content=\"1 minute\" \/>\n<script type=\"application\/ld+json\" class=\"yoast-schema-graph\">{\"@context\":\"https:\\\/\\\/schema.org\",\"@graph\":[{\"@type\":\"WebPage\",\"@id\":\"https:\\\/\\\/www.maculart.com\\\/fr\\\/equipe\\\/\",\"url\":\"https:\\\/\\\/www.maculart.com\\\/fr\\\/equipe\\\/\",\"name\":\"\u00c9quipe - Maculart\",\"isPartOf\":{\"@id\":\"https:\\\/\\\/www.maculart.com\\\/fr\\\/#website\"},\"primaryImageOfPage\":{\"@id\":\"https:\\\/\\\/www.maculart.com\\\/fr\\\/equipe\\\/#primaryimage\"},\"image\":{\"@id\":\"https:\\\/\\\/www.maculart.com\\\/fr\\\/equipe\\\/#primaryimage\"},\"thumbnailUrl\":\"https:\\\/\\\/www.maculart.com\\\/app\\\/uploads\\\/2023\\\/07\\\/Rectangle-8-2.jpg\",\"datePublished\":\"2023-07-12T10:31:39+00:00\",\"dateModified\":\"2023-10-10T11:42:06+00:00\",\"inLanguage\":\"fr-FR\",\"potentialAction\":[{\"@type\":\"ReadAction\",\"target\":[\"https:\\\/\\\/www.maculart.com\\\/fr\\\/equipe\\\/\"]}]},{\"@type\":\"ImageObject\",\"inLanguage\":\"fr-FR\",\"@id\":\"https:\\\/\\\/www.maculart.com\\\/fr\\\/equipe\\\/#primaryimage\",\"url\":\"https:\\\/\\\/www.maculart.com\\\/app\\\/uploads\\\/2023\\\/07\\\/Rectangle-8-2.jpg\",\"contentUrl\":\"https:\\\/\\\/www.maculart.com\\\/app\\\/uploads\\\/2023\\\/07\\\/Rectangle-8-2.jpg\"},{\"@type\":\"WebSite\",\"@id\":\"https:\\\/\\\/www.maculart.com\\\/fr\\\/#website\",\"url\":\"https:\\\/\\\/www.maculart.com\\\/fr\\\/\",\"name\":\"Maculart\",\"description\":\"\",\"potentialAction\":[{\"@type\":\"SearchAction\",\"target\":{\"@type\":\"EntryPoint\",\"urlTemplate\":\"https:\\\/\\\/www.maculart.com\\\/fr\\\/?s={search_term_string}\"},\"query-input\":{\"@type\":\"PropertyValueSpecification\",\"valueRequired\":true,\"valueName\":\"search_term_string\"}}],\"inLanguage\":\"fr-FR\"}]}<\/script>\n<!-- \/ Yoast SEO plugin. -->","yoast_head_json":{"title":"\u00c9quipe - Maculart","robots":{"index":"index","follow":"follow","max-snippet":"max-snippet:-1","max-image-preview":"max-image-preview:large","max-video-preview":"max-video-preview:-1"},"canonical":"https:\/\/www.maculart.com\/fr\/equipe\/","og_locale":"fr_FR","og_type":"article","og_title":"\u00c9quipe - Maculart","og_description":"Chez Grup Maculart, nous croyons au talent et \u00e0 l\u2019\u00e9galit\u00e9 des chances. Nous voulons d\u00e9velopper un environnement de travail dans lequel tous les membres de notre \u00e9quipe peuvent cro\u00eetre, tant...","og_url":"https:\/\/www.maculart.com\/fr\/equipe\/","og_site_name":"Maculart","article_modified_time":"2023-10-10T11:42:06+00:00","og_image":[{"url":"https:\/\/www.maculart.com\/app\/uploads\/2023\/07\/Rectangle-8-2.jpg","type":"","width":"","height":""}],"twitter_card":"summary_large_image","twitter_misc":{"Dur\u00e9e de lecture estim\u00e9e":"1 minute"},"schema":{"@context":"https:\/\/schema.org","@graph":[{"@type":"WebPage","@id":"https:\/\/www.maculart.com\/fr\/equipe\/","url":"https:\/\/www.maculart.com\/fr\/equipe\/","name":"\u00c9quipe - Maculart","isPartOf":{"@id":"https:\/\/www.maculart.com\/fr\/#website"},"primaryImageOfPage":{"@id":"https:\/\/www.maculart.com\/fr\/equipe\/#primaryimage"},"image":{"@id":"https:\/\/www.maculart.com\/fr\/equipe\/#primaryimage"},"thumbnailUrl":"https:\/\/www.maculart.com\/app\/uploads\/2023\/07\/Rectangle-8-2.jpg","datePublished":"2023-07-12T10:31:39+00:00","dateModified":"2023-10-10T11:42:06+00:00","inLanguage":"fr-FR","potentialAction":[{"@type":"ReadAction","target":["https:\/\/www.maculart.com\/fr\/equipe\/"]}]},{"@type":"ImageObject","inLanguage":"fr-FR","@id":"https:\/\/www.maculart.com\/fr\/equipe\/#primaryimage","url":"https:\/\/www.maculart.com\/app\/uploads\/2023\/07\/Rectangle-8-2.jpg","contentUrl":"https:\/\/www.maculart.com\/app\/uploads\/2023\/07\/Rectangle-8-2.jpg"},{"@type":"WebSite","@id":"https:\/\/www.maculart.com\/fr\/#website","url":"https:\/\/www.maculart.com\/fr\/","name":"Maculart","description":"","potentialAction":[{"@type":"SearchAction","target":{"@type":"EntryPoint","urlTemplate":"https:\/\/www.maculart.com\/fr\/?s={search_term_string}"},"query-input":{"@type":"PropertyValueSpecification","valueRequired":true,"valueName":"search_term_string"}}],"inLanguage":"fr-FR"}]}},"_links":{"self":[{"href":"https:\/\/www.maculart.com\/fr\/wp-json\/wp\/v2\/pages\/2622","targetHints":{"allow":["GET"]}}],"collection":[{"href":"https:\/\/www.maculart.com\/fr\/wp-json\/wp\/v2\/pages"}],"about":[{"href":"https:\/\/www.maculart.com\/fr\/wp-json\/wp\/v2\/types\/page"}],"author":[{"embeddable":true,"href":"https:\/\/www.maculart.com\/fr\/wp-json\/wp\/v2\/users\/1"}],"replies":[{"embeddable":true,"href":"https:\/\/www.maculart.com\/fr\/wp-json\/wp\/v2\/comments?post=2622"}],"version-history":[{"count":2,"href":"https:\/\/www.maculart.com\/fr\/wp-json\/wp\/v2\/pages\/2622\/revisions"}],"predecessor-version":[{"id":2751,"href":"https:\/\/www.maculart.com\/fr\/wp-json\/wp\/v2\/pages\/2622\/revisions\/2751"}],"wp:attachment":[{"href":"https:\/\/www.maculart.com\/fr\/wp-json\/wp\/v2\/media?parent=2622"}],"curies":[{"name":"wp","href":"https:\/\/api.w.org\/{rel}","templated":true}]}}