{"id":2626,"date":"2023-07-12T12:42:12","date_gmt":"2023-07-12T10:42:12","guid":{"rendered":"https:\/\/www.maculart.com\/installations\/"},"modified":"2023-10-10T13:50:34","modified_gmt":"2023-10-10T11:50:34","slug":"installations","status":"publish","type":"page","link":"https:\/\/www.maculart.com\/fr\/installations\/","title":{"rendered":"Installations"},"content":{"rendered":"\t\t<div data-elementor-type=\"wp-page\" data-elementor-id=\"2626\" class=\"elementor elementor-2626 elementor-210\">\n\t\t\t\t<div class=\"elementor-element elementor-element-048365f e-flex e-con-boxed e-con e-parent\" data-id=\"048365f\" data-element_type=\"container\" data-e-type=\"container\">\n\t\t\t\t\t<div class=\"e-con-inner\">\n\t\t<div class=\"elementor-element elementor-element-e6962e6 e-con-full e-flex e-con e-parent\" data-id=\"e6962e6\" data-element_type=\"container\" data-e-type=\"container\">\n\t\t\t\t<div class=\"elementor-element elementor-element-9df1c65 line-height-2 elementor-widget elementor-widget-text-editor\" data-id=\"9df1c65\" data-element_type=\"widget\" data-e-type=\"widget\" data-widget_type=\"text-editor.default\">\n\t\t\t\t<div class=\"elementor-widget-container\">\n\t\t\t\t\t\t\t\t\t<p>Depuis 2006, notre usine de production et notre si\u00e8ge social sont situ\u00e9s dans la zone industrielle Can Clota de Cerdanyola del Vall\u00e8s (Barcelone). Nous disposons de plus de <strong>4 000 m2 d\u2019installations<\/strong> avec tout ce qu\u2019il faut pour fournir le meilleur service \u00e0 nos clients et, \u00e9galement, assurer la s\u00e9curit\u00e9 et le bien-\u00eatre de nos employ\u00e9s. Il s\u2019agit d\u2019installations modernes et bien \u00e9quip\u00e9es, organis\u00e9es selon un syst\u00e8me de gestion certifi\u00e9 et qui refl\u00e8te la passion pour l\u2019impression et la qualit\u00e9 de Grup Maculart.<\/p>\n<p>Pour faire suite \u00e0 notre politique d\u2019am\u00e9lioration continue, nous disposons des derni\u00e8res technologies en <strong>mati\u00e8re de techniques d\u2019impression offset et num\u00e9rique<\/strong> gr\u00e2ce \u00e0 une strat\u00e9gie d\u2019investissement bas\u00e9e sur la recherche de l\u2019efficacit\u00e9. Notre zone d\u2019impression est compl\u00e9t\u00e9e par une zone de contr\u00f4le qualit\u00e9, une zone de d\u00e9coupe et, enfin, une zone de collage afin de maintenir un contr\u00f4le total de la production. <br \/>Nous avons \u00e9galement notre propre entrep\u00f4t logistique car nous nous chargeons \u00e9galement du transport des commandes \u00e0 nos clients. De cette fa\u00e7on, nous pouvons leur garantir des d\u00e9lais de livraison optimaux et avec le meilleur service.<\/p>\n\t\t\t\t\t\t\t\t<\/div>\n\t\t\t\t<\/div>\n\t\t\t\t<\/div>\n\t\t<div class=\"elementor-element elementor-element-3bbd3ec e-con-full e-flex e-con e-parent\" data-id=\"3bbd3ec\" data-element_type=\"container\" data-e-type=\"container\">\n\t\t\t\t<div class=\"elementor-element elementor-element-1e062c6 elementor-widget elementor-widget-image\" data-id=\"1e062c6\" data-element_type=\"widget\" data-e-type=\"widget\" data-widget_type=\"image.default\">\n\t\t\t\t<div class=\"elementor-widget-container\">\n\t\t\t\t\t\t\t\t\t\t\t\t\t\t\t<img fetchpriority=\"high\" decoding=\"async\" width=\"712\" height=\"546\" src=\"https:\/\/www.maculart.com\/app\/uploads\/2023\/07\/Rectangle-13.jpg\" class=\"attachment-large size-large wp-image-2277\" alt=\"\" srcset=\"https:\/\/www.maculart.com\/app\/uploads\/2023\/07\/Rectangle-13.jpg 712w, https:\/\/www.maculart.com\/app\/uploads\/2023\/07\/Rectangle-13-300x230.jpg 300w\" sizes=\"(max-width: 712px) 100vw, 712px\" \/>\t\t\t\t\t\t\t\t\t\t\t\t\t\t\t<\/div>\n\t\t\t\t<\/div>\n\t\t\t\t<\/div>\n\t\t\t\t\t<\/div>\n\t\t\t\t<\/div>\n\t\t<div class=\"elementor-element elementor-element-e81c664 e-flex e-con-boxed e-con e-parent\" data-id=\"e81c664\" data-element_type=\"container\" data-e-type=\"container\">\n\t\t\t\t\t<div class=\"e-con-inner\">\n\t\t<div class=\"elementor-element elementor-element-66821df e-con-full e-flex e-con e-parent\" data-id=\"66821df\" data-element_type=\"container\" data-e-type=\"container\">\n\t\t\t\t<div class=\"elementor-element elementor-element-d11b159 elementor-widget elementor-widget-image\" data-id=\"d11b159\" data-element_type=\"widget\" data-e-type=\"widget\" data-widget_type=\"image.default\">\n\t\t\t\t<div class=\"elementor-widget-container\">\n\t\t\t\t\t\t\t\t\t\t\t\t\t\t\t<img decoding=\"async\" width=\"900\" height=\"600\" src=\"https:\/\/www.maculart.com\/app\/uploads\/2023\/09\/instalaciones.jpg\" class=\"attachment-large size-large wp-image-2391\" alt=\"\" srcset=\"https:\/\/www.maculart.com\/app\/uploads\/2023\/09\/instalaciones.jpg 900w, https:\/\/www.maculart.com\/app\/uploads\/2023\/09\/instalaciones-300x200.jpg 300w, https:\/\/www.maculart.com\/app\/uploads\/2023\/09\/instalaciones-768x512.jpg 768w\" sizes=\"(max-width: 900px) 100vw, 900px\" \/>\t\t\t\t\t\t\t\t\t\t\t\t\t\t\t<\/div>\n\t\t\t\t<\/div>\n\t\t\t\t<\/div>\n\t\t<div class=\"elementor-element elementor-element-b9575dc e-con-full e-flex e-con e-parent\" data-id=\"b9575dc\" data-element_type=\"container\" data-e-type=\"container\">\n\t\t\t\t<div class=\"elementor-element elementor-element-226b0ae line-height-2 number-list elementor-widget elementor-widget-text-editor\" data-id=\"226b0ae\" data-element_type=\"widget\" data-e-type=\"widget\" data-widget_type=\"text-editor.default\">\n\t\t\t\t<div class=\"elementor-widget-container\">\n\t\t\t\t\t\t\t\t\t<p>Les \u00e9quipements techniques de Grup Maculart sont form\u00e9s par:<\/p>\n<ol>\n<li>Bureau technique<\/li>\n<li>D\u00e9partement de design et de pr\u00e9presse<\/li>\n<li>Impression<\/li>\n<li>D\u00e9coupe<\/li>\n<li>Collage<\/li>\n<li>Pliage<\/li>\n<li>Gestion de la qualit\u00e9<\/li>\n<li>Logistique<\/li>\n<\/ol>\n\t\t\t\t\t\t\t\t<\/div>\n\t\t\t\t<\/div>\n\t\t\t\t<\/div>\n\t\t\t\t\t<\/div>\n\t\t\t\t<\/div>\n\t\t\t\t<\/div>\n\t\t","protected":false},"excerpt":{"rendered":"<p>Depuis 2006, notre usine de production et notre si\u00e8ge social sont situ\u00e9s dans la zone industrielle Can Clota de Cerdanyola del Vall\u00e8s (Barcelone). Nous disposons de plus de 4 000&#8230;<\/p>\n","protected":false},"author":1,"featured_media":0,"parent":0,"menu_order":0,"comment_status":"closed","ping_status":"closed","template":"","meta":{"_acf_changed":false,"inline_featured_image":false,"footnotes":""},"class_list":["post-2626","page","type-page","status-publish","hentry"],"acf":[],"yoast_head":"<!-- This site is optimized with the Yoast SEO plugin v27.4 - https:\/\/yoast.com\/product\/yoast-seo-wordpress\/ -->\n<title>Installations - Maculart<\/title>\n<meta name=\"robots\" content=\"index, follow, max-snippet:-1, max-image-preview:large, max-video-preview:-1\" \/>\n<link rel=\"canonical\" href=\"https:\/\/www.maculart.com\/fr\/installations\/\" \/>\n<meta property=\"og:locale\" content=\"fr_FR\" \/>\n<meta property=\"og:type\" content=\"article\" \/>\n<meta property=\"og:title\" content=\"Installations - Maculart\" \/>\n<meta property=\"og:description\" content=\"Depuis 2006, notre usine de production et notre si\u00e8ge social sont situ\u00e9s dans la zone industrielle Can Clota de Cerdanyola del Vall\u00e8s (Barcelone). Nous disposons de plus de 4 000...\" \/>\n<meta property=\"og:url\" content=\"https:\/\/www.maculart.com\/fr\/installations\/\" \/>\n<meta property=\"og:site_name\" content=\"Maculart\" \/>\n<meta property=\"article:modified_time\" content=\"2023-10-10T11:50:34+00:00\" \/>\n<meta property=\"og:image\" content=\"https:\/\/www.maculart.com\/app\/uploads\/2023\/07\/Rectangle-13.jpg\" \/>\n<meta name=\"twitter:card\" content=\"summary_large_image\" \/>\n<meta name=\"twitter:label1\" content=\"Dur\u00e9e de lecture estim\u00e9e\" \/>\n\t<meta name=\"twitter:data1\" content=\"1 minute\" \/>\n<script type=\"application\/ld+json\" class=\"yoast-schema-graph\">{\"@context\":\"https:\\\/\\\/schema.org\",\"@graph\":[{\"@type\":\"WebPage\",\"@id\":\"https:\\\/\\\/www.maculart.com\\\/fr\\\/installations\\\/\",\"url\":\"https:\\\/\\\/www.maculart.com\\\/fr\\\/installations\\\/\",\"name\":\"Installations - Maculart\",\"isPartOf\":{\"@id\":\"https:\\\/\\\/www.maculart.com\\\/fr\\\/#website\"},\"primaryImageOfPage\":{\"@id\":\"https:\\\/\\\/www.maculart.com\\\/fr\\\/installations\\\/#primaryimage\"},\"image\":{\"@id\":\"https:\\\/\\\/www.maculart.com\\\/fr\\\/installations\\\/#primaryimage\"},\"thumbnailUrl\":\"https:\\\/\\\/www.maculart.com\\\/app\\\/uploads\\\/2023\\\/07\\\/Rectangle-13.jpg\",\"datePublished\":\"2023-07-12T10:42:12+00:00\",\"dateModified\":\"2023-10-10T11:50:34+00:00\",\"inLanguage\":\"fr-FR\",\"potentialAction\":[{\"@type\":\"ReadAction\",\"target\":[\"https:\\\/\\\/www.maculart.com\\\/fr\\\/installations\\\/\"]}]},{\"@type\":\"ImageObject\",\"inLanguage\":\"fr-FR\",\"@id\":\"https:\\\/\\\/www.maculart.com\\\/fr\\\/installations\\\/#primaryimage\",\"url\":\"https:\\\/\\\/www.maculart.com\\\/app\\\/uploads\\\/2023\\\/07\\\/Rectangle-13.jpg\",\"contentUrl\":\"https:\\\/\\\/www.maculart.com\\\/app\\\/uploads\\\/2023\\\/07\\\/Rectangle-13.jpg\"},{\"@type\":\"WebSite\",\"@id\":\"https:\\\/\\\/www.maculart.com\\\/fr\\\/#website\",\"url\":\"https:\\\/\\\/www.maculart.com\\\/fr\\\/\",\"name\":\"Maculart\",\"description\":\"\",\"potentialAction\":[{\"@type\":\"SearchAction\",\"target\":{\"@type\":\"EntryPoint\",\"urlTemplate\":\"https:\\\/\\\/www.maculart.com\\\/fr\\\/?s={search_term_string}\"},\"query-input\":{\"@type\":\"PropertyValueSpecification\",\"valueRequired\":true,\"valueName\":\"search_term_string\"}}],\"inLanguage\":\"fr-FR\"}]}<\/script>\n<!-- \/ Yoast SEO plugin. -->","yoast_head_json":{"title":"Installations - Maculart","robots":{"index":"index","follow":"follow","max-snippet":"max-snippet:-1","max-image-preview":"max-image-preview:large","max-video-preview":"max-video-preview:-1"},"canonical":"https:\/\/www.maculart.com\/fr\/installations\/","og_locale":"fr_FR","og_type":"article","og_title":"Installations - Maculart","og_description":"Depuis 2006, notre usine de production et notre si\u00e8ge social sont situ\u00e9s dans la zone industrielle Can Clota de Cerdanyola del Vall\u00e8s (Barcelone). Nous disposons de plus de 4 000...","og_url":"https:\/\/www.maculart.com\/fr\/installations\/","og_site_name":"Maculart","article_modified_time":"2023-10-10T11:50:34+00:00","og_image":[{"url":"https:\/\/www.maculart.com\/app\/uploads\/2023\/07\/Rectangle-13.jpg","type":"","width":"","height":""}],"twitter_card":"summary_large_image","twitter_misc":{"Dur\u00e9e de lecture estim\u00e9e":"1 minute"},"schema":{"@context":"https:\/\/schema.org","@graph":[{"@type":"WebPage","@id":"https:\/\/www.maculart.com\/fr\/installations\/","url":"https:\/\/www.maculart.com\/fr\/installations\/","name":"Installations - Maculart","isPartOf":{"@id":"https:\/\/www.maculart.com\/fr\/#website"},"primaryImageOfPage":{"@id":"https:\/\/www.maculart.com\/fr\/installations\/#primaryimage"},"image":{"@id":"https:\/\/www.maculart.com\/fr\/installations\/#primaryimage"},"thumbnailUrl":"https:\/\/www.maculart.com\/app\/uploads\/2023\/07\/Rectangle-13.jpg","datePublished":"2023-07-12T10:42:12+00:00","dateModified":"2023-10-10T11:50:34+00:00","inLanguage":"fr-FR","potentialAction":[{"@type":"ReadAction","target":["https:\/\/www.maculart.com\/fr\/installations\/"]}]},{"@type":"ImageObject","inLanguage":"fr-FR","@id":"https:\/\/www.maculart.com\/fr\/installations\/#primaryimage","url":"https:\/\/www.maculart.com\/app\/uploads\/2023\/07\/Rectangle-13.jpg","contentUrl":"https:\/\/www.maculart.com\/app\/uploads\/2023\/07\/Rectangle-13.jpg"},{"@type":"WebSite","@id":"https:\/\/www.maculart.com\/fr\/#website","url":"https:\/\/www.maculart.com\/fr\/","name":"Maculart","description":"","potentialAction":[{"@type":"SearchAction","target":{"@type":"EntryPoint","urlTemplate":"https:\/\/www.maculart.com\/fr\/?s={search_term_string}"},"query-input":{"@type":"PropertyValueSpecification","valueRequired":true,"valueName":"search_term_string"}}],"inLanguage":"fr-FR"}]}},"_links":{"self":[{"href":"https:\/\/www.maculart.com\/fr\/wp-json\/wp\/v2\/pages\/2626","targetHints":{"allow":["GET"]}}],"collection":[{"href":"https:\/\/www.maculart.com\/fr\/wp-json\/wp\/v2\/pages"}],"about":[{"href":"https:\/\/www.maculart.com\/fr\/wp-json\/wp\/v2\/types\/page"}],"author":[{"embeddable":true,"href":"https:\/\/www.maculart.com\/fr\/wp-json\/wp\/v2\/users\/1"}],"replies":[{"embeddable":true,"href":"https:\/\/www.maculart.com\/fr\/wp-json\/wp\/v2\/comments?post=2626"}],"version-history":[{"count":2,"href":"https:\/\/www.maculart.com\/fr\/wp-json\/wp\/v2\/pages\/2626\/revisions"}],"predecessor-version":[{"id":2769,"href":"https:\/\/www.maculart.com\/fr\/wp-json\/wp\/v2\/pages\/2626\/revisions\/2769"}],"wp:attachment":[{"href":"https:\/\/www.maculart.com\/fr\/wp-json\/wp\/v2\/media?parent=2626"}],"curies":[{"name":"wp","href":"https:\/\/api.w.org\/{rel}","templated":true}]}}