{"id":2630,"date":"2023-07-12T14:36:56","date_gmt":"2023-07-12T12:36:56","guid":{"rendered":"https:\/\/www.maculart.com\/amelioration-continue\/"},"modified":"2023-10-10T13:53:20","modified_gmt":"2023-10-10T11:53:20","slug":"amelioration-continue","status":"publish","type":"page","link":"https:\/\/www.maculart.com\/fr\/amelioration-continue\/","title":{"rendered":"Am\u00e9lioration continue"},"content":{"rendered":"\t\t<div data-elementor-type=\"wp-page\" data-elementor-id=\"2630\" class=\"elementor elementor-2630 elementor-301\">\n\t\t\t\t<div class=\"elementor-element elementor-element-ae38bde e-flex e-con-boxed e-con e-parent\" data-id=\"ae38bde\" data-element_type=\"container\" data-e-type=\"container\">\n\t\t\t\t\t<div class=\"e-con-inner\">\n\t\t<div class=\"elementor-element elementor-element-1afe774 e-con-full e-flex e-con e-parent\" data-id=\"1afe774\" data-element_type=\"container\" data-e-type=\"container\">\n\t\t\t\t<div class=\"elementor-element elementor-element-29fe4f3 elementor-widget elementor-widget-image\" data-id=\"29fe4f3\" data-element_type=\"widget\" data-e-type=\"widget\" data-widget_type=\"image.default\">\n\t\t\t\t<div class=\"elementor-widget-container\">\n\t\t\t\t\t\t\t\t\t\t\t\t\t\t\t<img fetchpriority=\"high\" decoding=\"async\" width=\"900\" height=\"600\" src=\"https:\/\/www.maculart.com\/app\/uploads\/2023\/09\/mejoracontinuada.jpg\" class=\"attachment-large size-large wp-image-2427\" alt=\"\" srcset=\"https:\/\/www.maculart.com\/app\/uploads\/2023\/09\/mejoracontinuada.jpg 900w, https:\/\/www.maculart.com\/app\/uploads\/2023\/09\/mejoracontinuada-300x200.jpg 300w, https:\/\/www.maculart.com\/app\/uploads\/2023\/09\/mejoracontinuada-768x512.jpg 768w\" sizes=\"(max-width: 900px) 100vw, 900px\" \/>\t\t\t\t\t\t\t\t\t\t\t\t\t\t\t<\/div>\n\t\t\t\t<\/div>\n\t\t\t\t<\/div>\n\t\t<div class=\"elementor-element elementor-element-de23dfd e-con-full e-flex e-con e-parent\" data-id=\"de23dfd\" data-element_type=\"container\" data-e-type=\"container\">\n\t\t\t\t<div class=\"elementor-element elementor-element-19b82d2 elementor-widget elementor-widget-heading\" data-id=\"19b82d2\" data-element_type=\"widget\" data-e-type=\"widget\" data-widget_type=\"heading.default\">\n\t\t\t\t<div class=\"elementor-widget-container\">\n\t\t\t\t\t<h2 class=\"elementor-heading-title elementor-size-default\">Strat\u00e9gie d'innovation et d'investissement<\/h2>\t\t\t\t<\/div>\n\t\t\t\t<\/div>\n\t\t\t\t<div class=\"elementor-element elementor-element-41c0f81 line-height-2 elementor-widget elementor-widget-text-editor\" data-id=\"41c0f81\" data-element_type=\"widget\" data-e-type=\"widget\" data-widget_type=\"text-editor.default\">\n\t\t\t\t<div class=\"elementor-widget-container\">\n\t\t\t\t\t\t\t\t\t<p>Nous suivons une politique de service et une strat\u00e9gie d\u2019innovation et d\u2019investissement qui nous permettent de r\u00e9pondre aux besoins de nos clients, en offrant des solutions innovantes et des d\u00e9lais de livraison optimaux.<\/p>\n\t\t\t\t\t\t\t\t<\/div>\n\t\t\t\t<\/div>\n\t\t\t\t<\/div>\n\t\t\t\t\t<\/div>\n\t\t\t\t<\/div>\n\t\t<div class=\"elementor-element elementor-element-d887927 e-flex e-con-boxed e-con e-parent\" data-id=\"d887927\" data-element_type=\"container\" data-e-type=\"container\">\n\t\t\t\t\t<div class=\"e-con-inner\">\n\t\t<div class=\"elementor-element elementor-element-798541d e-con-full e-flex e-con e-parent\" data-id=\"798541d\" data-element_type=\"container\" data-e-type=\"container\">\n\t\t\t\t<div class=\"elementor-element elementor-element-15e5984 elementor-widget elementor-widget-heading\" data-id=\"15e5984\" data-element_type=\"widget\" data-e-type=\"widget\" data-widget_type=\"heading.default\">\n\t\t\t\t<div class=\"elementor-widget-container\">\n\t\t\t\t\t<h2 class=\"elementor-heading-title elementor-size-default\">Engagement envers \nla qualit\u00e9<\/h2>\t\t\t\t<\/div>\n\t\t\t\t<\/div>\n\t\t\t\t<div class=\"elementor-element elementor-element-a693bff line-height-2 elementor-widget elementor-widget-text-editor\" data-id=\"a693bff\" data-element_type=\"widget\" data-e-type=\"widget\" data-widget_type=\"text-editor.default\">\n\t\t\t\t<div class=\"elementor-widget-container\">\n\t\t\t\t\t\t\t\t\t<p>Chez Grup Maculart, nous savons que la qualit\u00e9 n\u2019est pas l\u2019affaire d\u2019un seul d\u00e9partement. Pour obtenir d\u2019excellents r\u00e9sultats, l\u2019engagement envers la qualit\u00e9 doit \u00eatre l\u2019objectif de tous les membres de l\u2019\u00e9quipe.<\/p>\n\t\t\t\t\t\t\t\t<\/div>\n\t\t\t\t<\/div>\n\t\t\t\t<\/div>\n\t\t<div class=\"elementor-element elementor-element-a6a803f e-con-full e-flex e-con e-parent\" data-id=\"a6a803f\" data-element_type=\"container\" data-e-type=\"container\">\n\t\t\t\t<div class=\"elementor-element elementor-element-2233b7f elementor-widget elementor-widget-image\" data-id=\"2233b7f\" data-element_type=\"widget\" data-e-type=\"widget\" data-widget_type=\"image.default\">\n\t\t\t\t<div class=\"elementor-widget-container\">\n\t\t\t\t\t\t\t\t\t\t\t\t\t\t\t<img decoding=\"async\" width=\"1024\" height=\"851\" src=\"https:\/\/www.maculart.com\/app\/uploads\/2023\/10\/calidad-1024x851.jpg\" class=\"attachment-large size-large wp-image-2493\" alt=\"\" srcset=\"https:\/\/www.maculart.com\/app\/uploads\/2023\/10\/calidad-1024x851.jpg 1024w, https:\/\/www.maculart.com\/app\/uploads\/2023\/10\/calidad-300x249.jpg 300w, https:\/\/www.maculart.com\/app\/uploads\/2023\/10\/calidad-768x638.jpg 768w, https:\/\/www.maculart.com\/app\/uploads\/2023\/10\/calidad-1536x1276.jpg 1536w, https:\/\/www.maculart.com\/app\/uploads\/2023\/10\/calidad-2048x1702.jpg 2048w\" sizes=\"(max-width: 1024px) 100vw, 1024px\" \/>\t\t\t\t\t\t\t\t\t\t\t\t\t\t\t<\/div>\n\t\t\t\t<\/div>\n\t\t\t\t<\/div>\n\t\t\t\t\t<\/div>\n\t\t\t\t<\/div>\n\t\t\t\t<\/div>\n\t\t","protected":false},"excerpt":{"rendered":"<p>Strat\u00e9gie d&rsquo;innovation et d&rsquo;investissement Nous suivons une politique de service et une strat\u00e9gie d\u2019innovation et d\u2019investissement qui nous permettent de r\u00e9pondre aux besoins de nos clients, en offrant des solutions&#8230;<\/p>\n","protected":false},"author":1,"featured_media":0,"parent":0,"menu_order":0,"comment_status":"closed","ping_status":"closed","template":"","meta":{"_acf_changed":false,"inline_featured_image":false,"footnotes":""},"class_list":["post-2630","page","type-page","status-publish","hentry"],"acf":[],"yoast_head":"<!-- This site is optimized with the Yoast SEO plugin v27.4 - https:\/\/yoast.com\/product\/yoast-seo-wordpress\/ -->\n<title>Am\u00e9lioration continue - Maculart<\/title>\n<meta name=\"robots\" content=\"index, follow, max-snippet:-1, max-image-preview:large, max-video-preview:-1\" \/>\n<link rel=\"canonical\" href=\"https:\/\/www.maculart.com\/fr\/amelioration-continue\/\" \/>\n<meta property=\"og:locale\" content=\"fr_FR\" \/>\n<meta property=\"og:type\" content=\"article\" \/>\n<meta property=\"og:title\" content=\"Am\u00e9lioration continue - Maculart\" \/>\n<meta property=\"og:description\" content=\"Strat\u00e9gie d&rsquo;innovation et d&rsquo;investissement Nous suivons une politique de service et une strat\u00e9gie d\u2019innovation et d\u2019investissement qui nous permettent de r\u00e9pondre aux besoins de nos clients, en offrant des solutions...\" \/>\n<meta property=\"og:url\" content=\"https:\/\/www.maculart.com\/fr\/amelioration-continue\/\" \/>\n<meta property=\"og:site_name\" content=\"Maculart\" \/>\n<meta property=\"article:modified_time\" content=\"2023-10-10T11:53:20+00:00\" \/>\n<meta property=\"og:image\" content=\"https:\/\/www.maculart.com\/app\/uploads\/2023\/09\/mejoracontinuada.jpg\" \/>\n<meta name=\"twitter:card\" content=\"summary_large_image\" \/>\n<script type=\"application\/ld+json\" class=\"yoast-schema-graph\">{\"@context\":\"https:\\\/\\\/schema.org\",\"@graph\":[{\"@type\":\"WebPage\",\"@id\":\"https:\\\/\\\/www.maculart.com\\\/fr\\\/amelioration-continue\\\/\",\"url\":\"https:\\\/\\\/www.maculart.com\\\/fr\\\/amelioration-continue\\\/\",\"name\":\"Am\u00e9lioration continue - Maculart\",\"isPartOf\":{\"@id\":\"https:\\\/\\\/www.maculart.com\\\/fr\\\/#website\"},\"primaryImageOfPage\":{\"@id\":\"https:\\\/\\\/www.maculart.com\\\/fr\\\/amelioration-continue\\\/#primaryimage\"},\"image\":{\"@id\":\"https:\\\/\\\/www.maculart.com\\\/fr\\\/amelioration-continue\\\/#primaryimage\"},\"thumbnailUrl\":\"https:\\\/\\\/www.maculart.com\\\/app\\\/uploads\\\/2023\\\/09\\\/mejoracontinuada.jpg\",\"datePublished\":\"2023-07-12T12:36:56+00:00\",\"dateModified\":\"2023-10-10T11:53:20+00:00\",\"inLanguage\":\"fr-FR\",\"potentialAction\":[{\"@type\":\"ReadAction\",\"target\":[\"https:\\\/\\\/www.maculart.com\\\/fr\\\/amelioration-continue\\\/\"]}]},{\"@type\":\"ImageObject\",\"inLanguage\":\"fr-FR\",\"@id\":\"https:\\\/\\\/www.maculart.com\\\/fr\\\/amelioration-continue\\\/#primaryimage\",\"url\":\"https:\\\/\\\/www.maculart.com\\\/app\\\/uploads\\\/2023\\\/09\\\/mejoracontinuada.jpg\",\"contentUrl\":\"https:\\\/\\\/www.maculart.com\\\/app\\\/uploads\\\/2023\\\/09\\\/mejoracontinuada.jpg\"},{\"@type\":\"WebSite\",\"@id\":\"https:\\\/\\\/www.maculart.com\\\/fr\\\/#website\",\"url\":\"https:\\\/\\\/www.maculart.com\\\/fr\\\/\",\"name\":\"Maculart\",\"description\":\"\",\"potentialAction\":[{\"@type\":\"SearchAction\",\"target\":{\"@type\":\"EntryPoint\",\"urlTemplate\":\"https:\\\/\\\/www.maculart.com\\\/fr\\\/?s={search_term_string}\"},\"query-input\":{\"@type\":\"PropertyValueSpecification\",\"valueRequired\":true,\"valueName\":\"search_term_string\"}}],\"inLanguage\":\"fr-FR\"}]}<\/script>\n<!-- \/ Yoast SEO plugin. -->","yoast_head_json":{"title":"Am\u00e9lioration continue - Maculart","robots":{"index":"index","follow":"follow","max-snippet":"max-snippet:-1","max-image-preview":"max-image-preview:large","max-video-preview":"max-video-preview:-1"},"canonical":"https:\/\/www.maculart.com\/fr\/amelioration-continue\/","og_locale":"fr_FR","og_type":"article","og_title":"Am\u00e9lioration continue - Maculart","og_description":"Strat\u00e9gie d&rsquo;innovation et d&rsquo;investissement Nous suivons une politique de service et une strat\u00e9gie d\u2019innovation et d\u2019investissement qui nous permettent de r\u00e9pondre aux besoins de nos clients, en offrant des solutions...","og_url":"https:\/\/www.maculart.com\/fr\/amelioration-continue\/","og_site_name":"Maculart","article_modified_time":"2023-10-10T11:53:20+00:00","og_image":[{"url":"https:\/\/www.maculart.com\/app\/uploads\/2023\/09\/mejoracontinuada.jpg","type":"","width":"","height":""}],"twitter_card":"summary_large_image","schema":{"@context":"https:\/\/schema.org","@graph":[{"@type":"WebPage","@id":"https:\/\/www.maculart.com\/fr\/amelioration-continue\/","url":"https:\/\/www.maculart.com\/fr\/amelioration-continue\/","name":"Am\u00e9lioration continue - Maculart","isPartOf":{"@id":"https:\/\/www.maculart.com\/fr\/#website"},"primaryImageOfPage":{"@id":"https:\/\/www.maculart.com\/fr\/amelioration-continue\/#primaryimage"},"image":{"@id":"https:\/\/www.maculart.com\/fr\/amelioration-continue\/#primaryimage"},"thumbnailUrl":"https:\/\/www.maculart.com\/app\/uploads\/2023\/09\/mejoracontinuada.jpg","datePublished":"2023-07-12T12:36:56+00:00","dateModified":"2023-10-10T11:53:20+00:00","inLanguage":"fr-FR","potentialAction":[{"@type":"ReadAction","target":["https:\/\/www.maculart.com\/fr\/amelioration-continue\/"]}]},{"@type":"ImageObject","inLanguage":"fr-FR","@id":"https:\/\/www.maculart.com\/fr\/amelioration-continue\/#primaryimage","url":"https:\/\/www.maculart.com\/app\/uploads\/2023\/09\/mejoracontinuada.jpg","contentUrl":"https:\/\/www.maculart.com\/app\/uploads\/2023\/09\/mejoracontinuada.jpg"},{"@type":"WebSite","@id":"https:\/\/www.maculart.com\/fr\/#website","url":"https:\/\/www.maculart.com\/fr\/","name":"Maculart","description":"","potentialAction":[{"@type":"SearchAction","target":{"@type":"EntryPoint","urlTemplate":"https:\/\/www.maculart.com\/fr\/?s={search_term_string}"},"query-input":{"@type":"PropertyValueSpecification","valueRequired":true,"valueName":"search_term_string"}}],"inLanguage":"fr-FR"}]}},"_links":{"self":[{"href":"https:\/\/www.maculart.com\/fr\/wp-json\/wp\/v2\/pages\/2630","targetHints":{"allow":["GET"]}}],"collection":[{"href":"https:\/\/www.maculart.com\/fr\/wp-json\/wp\/v2\/pages"}],"about":[{"href":"https:\/\/www.maculart.com\/fr\/wp-json\/wp\/v2\/types\/page"}],"author":[{"embeddable":true,"href":"https:\/\/www.maculart.com\/fr\/wp-json\/wp\/v2\/users\/1"}],"replies":[{"embeddable":true,"href":"https:\/\/www.maculart.com\/fr\/wp-json\/wp\/v2\/comments?post=2630"}],"version-history":[{"count":2,"href":"https:\/\/www.maculart.com\/fr\/wp-json\/wp\/v2\/pages\/2630\/revisions"}],"predecessor-version":[{"id":2774,"href":"https:\/\/www.maculart.com\/fr\/wp-json\/wp\/v2\/pages\/2630\/revisions\/2774"}],"wp:attachment":[{"href":"https:\/\/www.maculart.com\/fr\/wp-json\/wp\/v2\/media?parent=2630"}],"curies":[{"name":"wp","href":"https:\/\/api.w.org\/{rel}","templated":true}]}}