{"id":2640,"date":"2023-07-12T13:09:19","date_gmt":"2023-07-12T11:09:19","guid":{"rendered":"https:\/\/www.maculart.com\/notices-pharmaceutiques\/"},"modified":"2023-10-10T14:38:19","modified_gmt":"2023-10-10T12:38:19","slug":"notices-pharmaceutiques","status":"publish","type":"page","link":"https:\/\/www.maculart.com\/fr\/notices-pharmaceutiques\/","title":{"rendered":"Notices pharmaceutiques"},"content":{"rendered":"\t\t<div data-elementor-type=\"wp-page\" data-elementor-id=\"2640\" class=\"elementor elementor-2640 elementor-256\">\n\t\t\t\t<div class=\"elementor-element elementor-element-96087e7 e-flex e-con-boxed e-con e-parent\" data-id=\"96087e7\" data-element_type=\"container\">\n\t\t\t\t\t<div class=\"e-con-inner\">\n\t\t<div class=\"elementor-element elementor-element-ab28b66 e-con-full e-flex e-con e-parent\" data-id=\"ab28b66\" data-element_type=\"container\">\n\t\t\t\t<div class=\"elementor-element elementor-element-834c7af elementor-widget elementor-widget-heading\" data-id=\"834c7af\" data-element_type=\"widget\" data-widget_type=\"heading.default\">\n\t\t\t\t<div class=\"elementor-widget-container\">\n\t\t\t\t\t<h2 class=\"elementor-heading-title elementor-size-default\">Notices pharmaceutiques<\/h2>\t\t\t\t<\/div>\n\t\t\t\t<\/div>\n\t\t\t\t<div class=\"elementor-element elementor-element-6acc892 line-height-2 elementor-widget elementor-widget-text-editor\" data-id=\"6acc892\" data-element_type=\"widget\" data-widget_type=\"text-editor.default\">\n\t\t\t\t<div class=\"elementor-widget-container\">\n\t\t\t\t\t\t\t\t\t<p>La notice de m\u00e9dicament est l\u2019\u00e9l\u00e9ment cl\u00e9 pour informer l\u2019utilisateur sur les instructions d\u2019utilisation, les indications, les \u00e9ventuels effets ind\u00e9sirables, les contre-indications et d\u2019autres aspects importants du m\u00e9dicament. Ceci est reconnu par l\u2019AEMPS, qui rel\u00e8ve du Minist\u00e8re espagnol de la sant\u00e9, de la politique sociale et de l\u2019\u00e9galit\u00e9, qui est charg\u00e9 de l\u2019approbation des informations contenues dans les notices.<\/p>\n\t\t\t\t\t\t\t\t<\/div>\n\t\t\t\t<\/div>\n\t\t\t\t<\/div>\n\t\t<div class=\"elementor-element elementor-element-9dcd34e e-con-full e-flex e-con e-parent\" data-id=\"9dcd34e\" data-element_type=\"container\">\n\t\t\t\t<div class=\"elementor-element elementor-element-8679d2b elementor-widget elementor-widget-image\" data-id=\"8679d2b\" data-element_type=\"widget\" data-widget_type=\"image.default\">\n\t\t\t\t<div class=\"elementor-widget-container\">\n\t\t\t\t\t\t\t\t\t\t\t\t\t\t\t<img fetchpriority=\"high\" decoding=\"async\" width=\"712\" height=\"600\" src=\"https:\/\/www.maculart.com\/app\/uploads\/2023\/07\/Rectangle-4-1.png\" class=\"attachment-large size-large wp-image-2301\" alt=\"\" srcset=\"https:\/\/www.maculart.com\/app\/uploads\/2023\/07\/Rectangle-4-1.png 712w, https:\/\/www.maculart.com\/app\/uploads\/2023\/07\/Rectangle-4-1-300x253.png 300w\" sizes=\"(max-width: 712px) 100vw, 712px\" \/>\t\t\t\t\t\t\t\t\t\t\t\t\t\t\t<\/div>\n\t\t\t\t<\/div>\n\t\t\t\t<\/div>\n\t\t\t\t\t<\/div>\n\t\t\t\t<\/div>\n\t\t<div class=\"elementor-element elementor-element-c9fbb8a e-flex e-con-boxed e-con e-parent\" data-id=\"c9fbb8a\" data-element_type=\"container\">\n\t\t\t\t\t<div class=\"e-con-inner\">\n\t\t<div class=\"elementor-element elementor-element-7003bde e-con-full e-flex e-con e-parent\" data-id=\"7003bde\" data-element_type=\"container\">\n\t\t\t\t<div class=\"elementor-element elementor-element-877f0cf elementor-widget elementor-widget-image\" data-id=\"877f0cf\" data-element_type=\"widget\" data-widget_type=\"image.default\">\n\t\t\t\t<div class=\"elementor-widget-container\">\n\t\t\t\t\t\t\t\t\t\t\t\t\t\t\t<img decoding=\"async\" width=\"900\" height=\"600\" src=\"https:\/\/www.maculart.com\/app\/uploads\/2023\/09\/prospectosfarmaceuticos.jpg\" class=\"attachment-large size-large wp-image-2406\" alt=\"\" srcset=\"https:\/\/www.maculart.com\/app\/uploads\/2023\/09\/prospectosfarmaceuticos.jpg 900w, https:\/\/www.maculart.com\/app\/uploads\/2023\/09\/prospectosfarmaceuticos-300x200.jpg 300w, https:\/\/www.maculart.com\/app\/uploads\/2023\/09\/prospectosfarmaceuticos-768x512.jpg 768w\" sizes=\"(max-width: 900px) 100vw, 900px\" \/>\t\t\t\t\t\t\t\t\t\t\t\t\t\t\t<\/div>\n\t\t\t\t<\/div>\n\t\t\t\t<\/div>\n\t\t<div class=\"elementor-element elementor-element-25a6560 e-con-full e-flex e-con e-parent\" data-id=\"25a6560\" data-element_type=\"container\">\n\t\t\t\t<div class=\"elementor-element elementor-element-b720818 line-height-2 number-list elementor-widget elementor-widget-text-editor\" data-id=\"b720818\" data-element_type=\"widget\" data-widget_type=\"text-editor.default\">\n\t\t\t\t<div class=\"elementor-widget-container\">\n\t\t\t\t\t\t\t\t\t<p>Chez Grup Maculart, nous sommes sp\u00e9cialis\u00e9s dans l\u2019impression de notices pharmaceutiques avec une production annuelle de 100 millions d\u2019unit\u00e9s. Pour nous, la notice contient beaucoup plus d\u2019informations que celles qui y sont imprim\u00e9es. En effet, elle est \u00e9galement le reflet de notre large exp\u00e9rience de plus d\u2019un demi-si\u00e8cle dans l\u2019impression et notre grande attention aux d\u00e9tails qui nous caract\u00e9rise \u00e0 travers des r\u00e9sultats ultra pr\u00e9cis pour r\u00e9pondre aux besoins de nos clients et de l\u2019utilisateur final.<\/p>\n<p>Pour mener \u00e0 bien cette t\u00e2che, nous disposons des machines les plus performantes, en volume et en qualit\u00e9 d\u2019impression, parmi lesquelles nous distinguons :<\/p>\n<ol>\n<li>Impression en rouleau : Rotatek RK 250 Plus, livraison <br \/>\u00e0 plat.<\/li>\n<li>Impression de feuilles : Heidelberg FI-36 et <br \/>Heidelberg TI-52.<\/li>\n<li>Plieuse : Horizon Buckle Folder AF-406F.<\/li>\n<\/ol>\n\t\t\t\t\t\t\t\t<\/div>\n\t\t\t\t<\/div>\n\t\t\t\t<\/div>\n\t\t\t\t\t<\/div>\n\t\t\t\t<\/div>\n\t\t<div class=\"elementor-element elementor-element-8cd9302 e-flex e-con-boxed e-con e-parent\" data-id=\"8cd9302\" data-element_type=\"container\">\n\t\t\t\t\t<div class=\"e-con-inner\">\n\t\t<div class=\"elementor-element elementor-element-b2f22d2 e-con-full e-flex e-con e-parent\" data-id=\"b2f22d2\" data-element_type=\"container\">\n\t\t\t\t<div class=\"elementor-element elementor-element-a63ea33 line-height-2  elementor-widget elementor-widget-text-editor\" data-id=\"a63ea33\" data-element_type=\"widget\" data-widget_type=\"text-editor.default\">\n\t\t\t\t<div class=\"elementor-widget-container\">\n\t\t\t\t\t\t\t\t\t<p>Les solutions Grup Maculart en mati\u00e8re d\u2019impression de notices comprennent :<\/p>\n\t\t\t\t\t\t\t\t<\/div>\n\t\t\t\t<\/div>\n\t\t\t\t<div class=\"elementor-element elementor-element-a30e04d elementor-align-left elementor-icon-list--layout-traditional elementor-list-item-link-full_width elementor-widget elementor-widget-icon-list\" data-id=\"a30e04d\" data-element_type=\"widget\" data-widget_type=\"icon-list.default\">\n\t\t\t\t<div class=\"elementor-widget-container\">\n\t\t\t\t\t\t\t<ul class=\"elementor-icon-list-items\">\n\t\t\t\t\t\t\t<li class=\"elementor-icon-list-item\">\n\t\t\t\t\t\t\t\t\t\t\t<span class=\"elementor-icon-list-icon\">\n\t\t\t\t\t\t\t<i aria-hidden=\"true\" class=\"fas fa-check\"><\/i>\t\t\t\t\t\t<\/span>\n\t\t\t\t\t\t\t\t\t\t<span class=\"elementor-icon-list-text\">Plusieurs formats : plat et pli\u00e9.<\/span>\n\t\t\t\t\t\t\t\t\t<\/li>\n\t\t\t\t\t\t\t\t<li class=\"elementor-icon-list-item\">\n\t\t\t\t\t\t\t\t\t\t\t<span class=\"elementor-icon-list-icon\">\n\t\t\t\t\t\t\t<i aria-hidden=\"true\" class=\"fas fa-check\"><\/i>\t\t\t\t\t\t<\/span>\n\t\t\t\t\t\t\t\t\t\t<span class=\"elementor-icon-list-text\">Mat\u00e9riau utilis\u00e9 : papier entre 40 et 90 grammes.<\/span>\n\t\t\t\t\t\t\t\t\t<\/li>\n\t\t\t\t\t\t\t\t<li class=\"elementor-icon-list-item\">\n\t\t\t\t\t\t\t\t\t\t\t<span class=\"elementor-icon-list-icon\">\n\t\t\t\t\t\t\t<i aria-hidden=\"true\" class=\"fas fa-check\"><\/i>\t\t\t\t\t\t<\/span>\n\t\t\t\t\t\t\t\t\t\t<span class=\"elementor-icon-list-text\">Notices d\u00e9pliantes.<\/span>\n\t\t\t\t\t\t\t\t\t<\/li>\n\t\t\t\t\t\t<\/ul>\n\t\t\t\t\t\t<\/div>\n\t\t\t\t<\/div>\n\t\t\t\t<\/div>\n\t\t<div class=\"elementor-element elementor-element-e1362e2 e-con-full e-flex e-con e-parent\" data-id=\"e1362e2\" data-element_type=\"container\">\n\t\t\t\t<div class=\"elementor-element elementor-element-c61db42 elementor-widget elementor-widget-image\" data-id=\"c61db42\" data-element_type=\"widget\" data-widget_type=\"image.default\">\n\t\t\t\t<div class=\"elementor-widget-container\">\n\t\t\t\t\t\t\t\t\t\t\t\t\t\t\t<img decoding=\"async\" width=\"900\" height=\"600\" src=\"https:\/\/www.maculart.com\/app\/uploads\/2023\/09\/prospectosfarmaceuticos2.jpg\" class=\"attachment-large size-large wp-image-2409\" alt=\"\" srcset=\"https:\/\/www.maculart.com\/app\/uploads\/2023\/09\/prospectosfarmaceuticos2.jpg 900w, https:\/\/www.maculart.com\/app\/uploads\/2023\/09\/prospectosfarmaceuticos2-300x200.jpg 300w, https:\/\/www.maculart.com\/app\/uploads\/2023\/09\/prospectosfarmaceuticos2-768x512.jpg 768w\" sizes=\"(max-width: 900px) 100vw, 900px\" \/>\t\t\t\t\t\t\t\t\t\t\t\t\t\t\t<\/div>\n\t\t\t\t<\/div>\n\t\t\t\t<\/div>\n\t\t\t\t\t<\/div>\n\t\t\t\t<\/div>\n\t\t<div class=\"elementor-element elementor-element-c9b44b2 e-flex e-con-boxed e-con e-parent\" data-id=\"c9b44b2\" data-element_type=\"container\">\n\t\t\t\t\t<div class=\"e-con-inner\">\n\t\t<div class=\"elementor-element elementor-element-10ee339 e-con-full e-flex e-con e-parent\" data-id=\"10ee339\" data-element_type=\"container\" data-settings=\"{&quot;background_background&quot;:&quot;classic&quot;}\">\n\t\t\t\t<div class=\"elementor-element elementor-element-e2631a7 elementor-widget__width-inherit elementor-widget elementor-widget-heading\" data-id=\"e2631a7\" data-element_type=\"widget\" data-widget_type=\"heading.default\">\n\t\t\t\t<div class=\"elementor-widget-container\">\n\t\t\t\t\t<h2 class=\"elementor-heading-title elementor-size-default\">Nous contacter\net d\u00e9crivez-nous votre projet<\/h2>\t\t\t\t<\/div>\n\t\t\t\t<\/div>\n\t\t\t\t<\/div>\n\t\t<div class=\"elementor-element elementor-element-9d54b8d e-flex e-con-boxed e-con e-parent\" data-id=\"9d54b8d\" data-element_type=\"container\" data-settings=\"{&quot;background_background&quot;:&quot;classic&quot;}\">\n\t\t\t\t\t<div class=\"e-con-inner\">\n\t\t\t\t<div class=\"elementor-element elementor-element-c301297 button-container elementor-widget elementor-widget-button\" data-id=\"c301297\" data-element_type=\"widget\" data-widget_type=\"button.default\">\n\t\t\t\t<div class=\"elementor-widget-container\">\n\t\t\t\t\t\t\t\t\t<div class=\"elementor-button-wrapper\">\n\t\t\t\t\t<a class=\"elementor-button elementor-button-link elementor-size-sm\" href=\"https:\/\/www.maculart.com\/fr\/contactez\/\">\n\t\t\t\t\t\t<span class=\"elementor-button-content-wrapper\">\n\t\t\t\t\t\t\t\t\t<span class=\"elementor-button-text\">Contactez-nous \u00e0 l'adresse suivante<\/span>\n\t\t\t\t\t<\/span>\n\t\t\t\t\t<\/a>\n\t\t\t\t<\/div>\n\t\t\t\t\t\t\t\t<\/div>\n\t\t\t\t<\/div>\n\t\t\t\t\t<\/div>\n\t\t\t\t<\/div>\n\t\t\t\t\t<\/div>\n\t\t\t\t<\/div>\n\t\t\t\t<\/div>\n\t\t","protected":false},"excerpt":{"rendered":"<p>Notices pharmaceutiques La notice de m\u00e9dicament est l\u2019\u00e9l\u00e9ment cl\u00e9 pour informer l\u2019utilisateur sur les instructions d\u2019utilisation, les indications, les \u00e9ventuels effets ind\u00e9sirables, les contre-indications et d\u2019autres aspects importants du m\u00e9dicament&#8230;.<\/p>\n","protected":false},"author":1,"featured_media":0,"parent":0,"menu_order":0,"comment_status":"closed","ping_status":"closed","template":"","meta":{"_acf_changed":false,"inline_featured_image":false,"footnotes":""},"class_list":["post-2640","page","type-page","status-publish","hentry"],"acf":[],"yoast_head":"<!-- This site is optimized with the Yoast SEO plugin v25.1 - https:\/\/yoast.com\/wordpress\/plugins\/seo\/ -->\n<title>Notices pharmaceutiques - Maculart<\/title>\n<meta name=\"robots\" content=\"index, follow, max-snippet:-1, max-image-preview:large, max-video-preview:-1\" \/>\n<link rel=\"canonical\" href=\"https:\/\/www.maculart.com\/fr\/notices-pharmaceutiques\/\" \/>\n<meta property=\"og:locale\" content=\"fr_FR\" \/>\n<meta property=\"og:type\" content=\"article\" \/>\n<meta property=\"og:title\" content=\"Notices pharmaceutiques - Maculart\" \/>\n<meta property=\"og:description\" content=\"Notices pharmaceutiques La notice de m\u00e9dicament est l\u2019\u00e9l\u00e9ment cl\u00e9 pour informer l\u2019utilisateur sur les instructions d\u2019utilisation, les indications, les \u00e9ventuels effets ind\u00e9sirables, les contre-indications et d\u2019autres aspects importants du m\u00e9dicament....\" \/>\n<meta property=\"og:url\" content=\"https:\/\/www.maculart.com\/fr\/notices-pharmaceutiques\/\" \/>\n<meta property=\"og:site_name\" content=\"Maculart\" \/>\n<meta property=\"article:modified_time\" content=\"2023-10-10T12:38:19+00:00\" \/>\n<meta property=\"og:image\" content=\"https:\/\/www.maculart.com\/app\/uploads\/2023\/07\/Rectangle-4-1.png\" \/>\n<meta name=\"twitter:card\" content=\"summary_large_image\" \/>\n<meta name=\"twitter:label1\" content=\"Dur\u00e9e de lecture estim\u00e9e\" \/>\n\t<meta name=\"twitter:data1\" content=\"1 minute\" \/>\n<script type=\"application\/ld+json\" class=\"yoast-schema-graph\">{\"@context\":\"https:\/\/schema.org\",\"@graph\":[{\"@type\":\"WebPage\",\"@id\":\"https:\/\/www.maculart.com\/fr\/notices-pharmaceutiques\/\",\"url\":\"https:\/\/www.maculart.com\/fr\/notices-pharmaceutiques\/\",\"name\":\"Notices pharmaceutiques - Maculart\",\"isPartOf\":{\"@id\":\"https:\/\/www.maculart.com\/fr\/#website\"},\"primaryImageOfPage\":{\"@id\":\"https:\/\/www.maculart.com\/fr\/notices-pharmaceutiques\/#primaryimage\"},\"image\":{\"@id\":\"https:\/\/www.maculart.com\/fr\/notices-pharmaceutiques\/#primaryimage\"},\"thumbnailUrl\":\"https:\/\/www.maculart.com\/app\/uploads\/2023\/07\/Rectangle-4-1.png\",\"datePublished\":\"2023-07-12T11:09:19+00:00\",\"dateModified\":\"2023-10-10T12:38:19+00:00\",\"inLanguage\":\"fr-FR\",\"potentialAction\":[{\"@type\":\"ReadAction\",\"target\":[\"https:\/\/www.maculart.com\/fr\/notices-pharmaceutiques\/\"]}]},{\"@type\":\"ImageObject\",\"inLanguage\":\"fr-FR\",\"@id\":\"https:\/\/www.maculart.com\/fr\/notices-pharmaceutiques\/#primaryimage\",\"url\":\"https:\/\/www.maculart.com\/app\/uploads\/2023\/07\/Rectangle-4-1.png\",\"contentUrl\":\"https:\/\/www.maculart.com\/app\/uploads\/2023\/07\/Rectangle-4-1.png\"},{\"@type\":\"WebSite\",\"@id\":\"https:\/\/www.maculart.com\/fr\/#website\",\"url\":\"https:\/\/www.maculart.com\/fr\/\",\"name\":\"Maculart\",\"description\":\"\",\"potentialAction\":[{\"@type\":\"SearchAction\",\"target\":{\"@type\":\"EntryPoint\",\"urlTemplate\":\"https:\/\/www.maculart.com\/fr\/?s={search_term_string}\"},\"query-input\":{\"@type\":\"PropertyValueSpecification\",\"valueRequired\":true,\"valueName\":\"search_term_string\"}}],\"inLanguage\":\"fr-FR\"}]}<\/script>\n<!-- \/ Yoast SEO plugin. -->","yoast_head_json":{"title":"Notices pharmaceutiques - Maculart","robots":{"index":"index","follow":"follow","max-snippet":"max-snippet:-1","max-image-preview":"max-image-preview:large","max-video-preview":"max-video-preview:-1"},"canonical":"https:\/\/www.maculart.com\/fr\/notices-pharmaceutiques\/","og_locale":"fr_FR","og_type":"article","og_title":"Notices pharmaceutiques - Maculart","og_description":"Notices pharmaceutiques La notice de m\u00e9dicament est l\u2019\u00e9l\u00e9ment cl\u00e9 pour informer l\u2019utilisateur sur les instructions d\u2019utilisation, les indications, les \u00e9ventuels effets ind\u00e9sirables, les contre-indications et d\u2019autres aspects importants du m\u00e9dicament....","og_url":"https:\/\/www.maculart.com\/fr\/notices-pharmaceutiques\/","og_site_name":"Maculart","article_modified_time":"2023-10-10T12:38:19+00:00","og_image":[{"url":"https:\/\/www.maculart.com\/app\/uploads\/2023\/07\/Rectangle-4-1.png","type":"","width":"","height":""}],"twitter_card":"summary_large_image","twitter_misc":{"Dur\u00e9e de lecture estim\u00e9e":"1 minute"},"schema":{"@context":"https:\/\/schema.org","@graph":[{"@type":"WebPage","@id":"https:\/\/www.maculart.com\/fr\/notices-pharmaceutiques\/","url":"https:\/\/www.maculart.com\/fr\/notices-pharmaceutiques\/","name":"Notices pharmaceutiques - Maculart","isPartOf":{"@id":"https:\/\/www.maculart.com\/fr\/#website"},"primaryImageOfPage":{"@id":"https:\/\/www.maculart.com\/fr\/notices-pharmaceutiques\/#primaryimage"},"image":{"@id":"https:\/\/www.maculart.com\/fr\/notices-pharmaceutiques\/#primaryimage"},"thumbnailUrl":"https:\/\/www.maculart.com\/app\/uploads\/2023\/07\/Rectangle-4-1.png","datePublished":"2023-07-12T11:09:19+00:00","dateModified":"2023-10-10T12:38:19+00:00","inLanguage":"fr-FR","potentialAction":[{"@type":"ReadAction","target":["https:\/\/www.maculart.com\/fr\/notices-pharmaceutiques\/"]}]},{"@type":"ImageObject","inLanguage":"fr-FR","@id":"https:\/\/www.maculart.com\/fr\/notices-pharmaceutiques\/#primaryimage","url":"https:\/\/www.maculart.com\/app\/uploads\/2023\/07\/Rectangle-4-1.png","contentUrl":"https:\/\/www.maculart.com\/app\/uploads\/2023\/07\/Rectangle-4-1.png"},{"@type":"WebSite","@id":"https:\/\/www.maculart.com\/fr\/#website","url":"https:\/\/www.maculart.com\/fr\/","name":"Maculart","description":"","potentialAction":[{"@type":"SearchAction","target":{"@type":"EntryPoint","urlTemplate":"https:\/\/www.maculart.com\/fr\/?s={search_term_string}"},"query-input":{"@type":"PropertyValueSpecification","valueRequired":true,"valueName":"search_term_string"}}],"inLanguage":"fr-FR"}]}},"_links":{"self":[{"href":"https:\/\/www.maculart.com\/fr\/wp-json\/wp\/v2\/pages\/2640","targetHints":{"allow":["GET"]}}],"collection":[{"href":"https:\/\/www.maculart.com\/fr\/wp-json\/wp\/v2\/pages"}],"about":[{"href":"https:\/\/www.maculart.com\/fr\/wp-json\/wp\/v2\/types\/page"}],"author":[{"embeddable":true,"href":"https:\/\/www.maculart.com\/fr\/wp-json\/wp\/v2\/users\/1"}],"replies":[{"embeddable":true,"href":"https:\/\/www.maculart.com\/fr\/wp-json\/wp\/v2\/comments?post=2640"}],"version-history":[{"count":3,"href":"https:\/\/www.maculart.com\/fr\/wp-json\/wp\/v2\/pages\/2640\/revisions"}],"predecessor-version":[{"id":2643,"href":"https:\/\/www.maculart.com\/fr\/wp-json\/wp\/v2\/pages\/2640\/revisions\/2643"}],"wp:attachment":[{"href":"https:\/\/www.maculart.com\/fr\/wp-json\/wp\/v2\/media?parent=2640"}],"curies":[{"name":"wp","href":"https:\/\/api.w.org\/{rel}","templated":true}]}}