{"id":2692,"date":"2023-07-12T10:08:22","date_gmt":"2023-07-12T08:08:22","guid":{"rendered":"https:\/\/www.maculart.com\/solutions\/"},"modified":"2023-10-10T14:44:22","modified_gmt":"2023-10-10T12:44:22","slug":"solutions","status":"publish","type":"page","link":"https:\/\/www.maculart.com\/fr\/solutions\/","title":{"rendered":"Solutions"},"content":{"rendered":"\t\t<div data-elementor-type=\"wp-page\" data-elementor-id=\"2692\" class=\"elementor elementor-2692 elementor-89\">\n\t\t\t\t<div class=\"elementor-element elementor-element-6abb3da e-flex e-con-boxed e-con e-parent\" data-id=\"6abb3da\" data-element_type=\"container\" data-e-type=\"container\">\n\t\t\t\t\t<div class=\"e-con-inner\">\n\t\t<div class=\"elementor-element elementor-element-f0be488 e-con-full e-flex e-con e-parent\" data-id=\"f0be488\" data-element_type=\"container\" data-e-type=\"container\">\n\t\t\t\t<div class=\"elementor-element elementor-element-6a2d4fe elementor-widget elementor-widget-image\" data-id=\"6a2d4fe\" data-element_type=\"widget\" data-e-type=\"widget\" data-widget_type=\"image.default\">\n\t\t\t\t<div class=\"elementor-widget-container\">\n\t\t\t\t\t\t\t\t\t\t\t\t\t\t\t<img fetchpriority=\"high\" decoding=\"async\" width=\"712\" height=\"546\" src=\"https:\/\/www.maculart.com\/app\/uploads\/2023\/09\/Rectangle-12.jpg\" class=\"attachment-large size-large wp-image-2397\" alt=\"\" srcset=\"https:\/\/www.maculart.com\/app\/uploads\/2023\/09\/Rectangle-12.jpg 712w, https:\/\/www.maculart.com\/app\/uploads\/2023\/09\/Rectangle-12-300x230.jpg 300w\" sizes=\"(max-width: 712px) 100vw, 712px\" \/>\t\t\t\t\t\t\t\t\t\t\t\t\t\t\t<\/div>\n\t\t\t\t<\/div>\n\t\t\t\t<\/div>\n\t\t<div class=\"elementor-element elementor-element-27c87d7 e-con-full e-flex e-con e-parent\" data-id=\"27c87d7\" data-element_type=\"container\" data-e-type=\"container\">\n\t\t\t\t<div class=\"elementor-element elementor-element-0eace3d elementor-widget elementor-widget-heading\" data-id=\"0eace3d\" data-element_type=\"widget\" data-e-type=\"widget\" data-widget_type=\"heading.default\">\n\t\t\t\t<div class=\"elementor-widget-container\">\n\t\t\t\t\t<h2 class=\"elementor-heading-title elementor-size-default\">Sp\u00e9cialistes de l\u2019impression de notices et de bo\u00eetes<\/h2>\t\t\t\t<\/div>\n\t\t\t\t<\/div>\n\t\t\t\t<div class=\"elementor-element elementor-element-867a769 line-height-2 elementor-widget elementor-widget-text-editor\" data-id=\"867a769\" data-element_type=\"widget\" data-e-type=\"widget\" data-widget_type=\"text-editor.default\">\n\t\t\t\t<div class=\"elementor-widget-container\">\n\t\t\t\t\t\t\t\t\t<p>Depuis nos d\u00e9buts dans les ann\u00e9es 1960 du si\u00e8cle dernier, chez <b>Grup Maculart<\/b> nous travaillons pour l\u2019industrie pharmaceutique en <b>imprimant des notices <\/b> de m\u00e9dicaments et d\u2019autres dispositifs m\u00e9dicaux. Peu de temps apr\u00e8s, nous nous sommes lanc\u00e9s dans la <b>production et l\u2019impression de packagings pharmaceutiques <\/b> pour offrir un meilleur service \u00e0 nos clients.<\/p>\n<p>Avec l\u2019acquisition de la soci\u00e9t\u00e9 Estoig Farmac\u00e8utic en 2016, nous avons d\u00e9finitivement boost\u00e9 notre activit\u00e9 et atteint une <b>production de 80 millions de bo\u00eetes et 90 millions de notices <\/b> produites par an.<\/p>\n\t\t\t\t\t\t\t\t<\/div>\n\t\t\t\t<\/div>\n\t\t\t\t<\/div>\n\t\t\t\t\t<\/div>\n\t\t\t\t<\/div>\n\t\t<div class=\"elementor-element elementor-element-0eda5b2 e-flex e-con-boxed e-con e-parent\" data-id=\"0eda5b2\" data-element_type=\"container\" data-e-type=\"container\">\n\t\t\t\t\t<div class=\"e-con-inner\">\n\t\t<div class=\"elementor-element elementor-element-d2e0be5 e-con-full e-flex e-con e-parent\" data-id=\"d2e0be5\" data-element_type=\"container\" data-e-type=\"container\">\n\t\t\t\t<div class=\"elementor-element elementor-element-a94c05c elementor-widget elementor-widget-heading\" data-id=\"a94c05c\" data-element_type=\"widget\" data-e-type=\"widget\" data-widget_type=\"heading.default\">\n\t\t\t\t<div class=\"elementor-widget-container\">\n\t\t\t\t\t<h2 class=\"elementor-heading-title elementor-size-default\">Solutions de PLV<\/h2>\t\t\t\t<\/div>\n\t\t\t\t<\/div>\n\t\t\t\t<div class=\"elementor-element elementor-element-b1ef2b0 line-height-2 elementor-widget elementor-widget-text-editor\" data-id=\"b1ef2b0\" data-element_type=\"widget\" data-e-type=\"widget\" data-widget_type=\"text-editor.default\">\n\t\t\t\t<div class=\"elementor-widget-container\">\n\t\t\t\t\t\t\t\t\t<p>Dans le but de fournir un service int\u00e9gral et de concr\u00e9tiser les projets de nos clients, nous avons cr\u00e9\u00e9 le <b>le d\u00e9partement de PLV et d\u2019imprim\u00e9s publicitaires <\/b> en 2012. De cette fa\u00e7on, nous proposons des solutions cr\u00e9atives pour attirer les clients sur le point de vente ce qui nous permet de compl\u00e9ter notre activit\u00e9 principale d\u2019impression et de production de bo\u00eetes et de notices pharmaceutiques.<\/p>\n\t\t\t\t\t\t\t\t<\/div>\n\t\t\t\t<\/div>\n\t\t\t\t<\/div>\n\t\t<div class=\"elementor-element elementor-element-c9f3c1a e-con-full e-flex e-con e-parent\" data-id=\"c9f3c1a\" data-element_type=\"container\" data-e-type=\"container\">\n\t\t\t\t<div class=\"elementor-element elementor-element-3e7df88 elementor-widget elementor-widget-image\" data-id=\"3e7df88\" data-element_type=\"widget\" data-e-type=\"widget\" data-widget_type=\"image.default\">\n\t\t\t\t<div class=\"elementor-widget-container\">\n\t\t\t\t\t\t\t\t\t\t\t\t\t\t\t<img decoding=\"async\" width=\"712\" height=\"546\" src=\"https:\/\/www.maculart.com\/app\/uploads\/2023\/09\/Rectangle-13.jpg\" class=\"attachment-large size-large wp-image-2400\" alt=\"\" srcset=\"https:\/\/www.maculart.com\/app\/uploads\/2023\/09\/Rectangle-13.jpg 712w, https:\/\/www.maculart.com\/app\/uploads\/2023\/09\/Rectangle-13-300x230.jpg 300w\" sizes=\"(max-width: 712px) 100vw, 712px\" \/>\t\t\t\t\t\t\t\t\t\t\t\t\t\t\t<\/div>\n\t\t\t\t<\/div>\n\t\t\t\t<\/div>\n\t\t\t\t\t<\/div>\n\t\t\t\t<\/div>\n\t\t<div class=\"elementor-element elementor-element-46721a3 e-flex e-con-boxed e-con e-parent\" data-id=\"46721a3\" data-element_type=\"container\" data-e-type=\"container\">\n\t\t\t\t\t<div class=\"e-con-inner\">\n\t\t<div class=\"elementor-element elementor-element-9f15b5d e-con-full e-flex e-con e-parent\" data-id=\"9f15b5d\" data-element_type=\"container\" data-e-type=\"container\" data-settings=\"{&quot;background_background&quot;:&quot;classic&quot;}\">\n\t\t\t\t<div class=\"elementor-element elementor-element-3c12bd1 elementor-widget__width-inherit elementor-widget elementor-widget-heading\" data-id=\"3c12bd1\" data-element_type=\"widget\" data-e-type=\"widget\" data-widget_type=\"heading.default\">\n\t\t\t\t<div class=\"elementor-widget-container\">\n\t\t\t\t\t<h2 class=\"elementor-heading-title elementor-size-default\">Nous contacter\net d\u00e9crivez-nous votre projet<\/h2>\t\t\t\t<\/div>\n\t\t\t\t<\/div>\n\t\t\t\t<\/div>\n\t\t<div class=\"elementor-element elementor-element-a7f2885 e-flex e-con-boxed e-con e-parent\" data-id=\"a7f2885\" data-element_type=\"container\" data-e-type=\"container\" data-settings=\"{&quot;background_background&quot;:&quot;classic&quot;}\">\n\t\t\t\t\t<div class=\"e-con-inner\">\n\t\t\t\t<div class=\"elementor-element elementor-element-5d0daa9 button-container elementor-widget elementor-widget-button\" data-id=\"5d0daa9\" data-element_type=\"widget\" data-e-type=\"widget\" data-widget_type=\"button.default\">\n\t\t\t\t<div class=\"elementor-widget-container\">\n\t\t\t\t\t\t\t\t\t<div class=\"elementor-button-wrapper\">\n\t\t\t\t\t<a class=\"elementor-button elementor-button-link elementor-size-sm\" href=\"https:\/\/www.maculart.com\/fr\/contactez\/\">\n\t\t\t\t\t\t<span class=\"elementor-button-content-wrapper\">\n\t\t\t\t\t\t\t\t\t<span class=\"elementor-button-text\">Contactez-nous \u00e0 l'adresse suivante<\/span>\n\t\t\t\t\t<\/span>\n\t\t\t\t\t<\/a>\n\t\t\t\t<\/div>\n\t\t\t\t\t\t\t\t<\/div>\n\t\t\t\t<\/div>\n\t\t\t\t\t<\/div>\n\t\t\t\t<\/div>\n\t\t\t\t\t<\/div>\n\t\t\t\t<\/div>\n\t\t\t\t<\/div>\n\t\t","protected":false},"excerpt":{"rendered":"<p>Sp\u00e9cialistes de l\u2019impression de notices et de bo\u00eetes Depuis nos d\u00e9buts dans les ann\u00e9es 1960 du si\u00e8cle dernier, chez Grup Maculart nous travaillons pour l\u2019industrie pharmaceutique en imprimant des notices&#8230;<\/p>\n","protected":false},"author":1,"featured_media":2394,"parent":0,"menu_order":0,"comment_status":"closed","ping_status":"closed","template":"","meta":{"_acf_changed":false,"inline_featured_image":false,"footnotes":""},"class_list":["post-2692","page","type-page","status-publish","has-post-thumbnail","hentry"],"acf":[],"yoast_head":"<!-- This site is optimized with the Yoast SEO plugin v27.4 - https:\/\/yoast.com\/product\/yoast-seo-wordpress\/ -->\n<title>Solutions - Maculart<\/title>\n<meta name=\"robots\" content=\"index, follow, max-snippet:-1, max-image-preview:large, max-video-preview:-1\" \/>\n<link rel=\"canonical\" href=\"https:\/\/www.maculart.com\/fr\/solutions\/\" \/>\n<meta property=\"og:locale\" content=\"fr_FR\" \/>\n<meta property=\"og:type\" content=\"article\" \/>\n<meta property=\"og:title\" content=\"Solutions - Maculart\" \/>\n<meta property=\"og:description\" content=\"Sp\u00e9cialistes de l\u2019impression de notices et de bo\u00eetes Depuis nos d\u00e9buts dans les ann\u00e9es 1960 du si\u00e8cle dernier, chez Grup Maculart nous travaillons pour l\u2019industrie pharmaceutique en imprimant des notices...\" \/>\n<meta property=\"og:url\" content=\"https:\/\/www.maculart.com\/fr\/solutions\/\" \/>\n<meta property=\"og:site_name\" content=\"Maculart\" \/>\n<meta property=\"article:modified_time\" content=\"2023-10-10T12:44:22+00:00\" \/>\n<meta property=\"og:image\" content=\"https:\/\/www.maculart.com\/app\/uploads\/2023\/09\/soluciones_capcelera.jpg\" \/>\n\t<meta property=\"og:image:width\" content=\"900\" \/>\n\t<meta property=\"og:image:height\" content=\"600\" \/>\n\t<meta property=\"og:image:type\" content=\"image\/jpeg\" \/>\n<meta name=\"twitter:card\" content=\"summary_large_image\" \/>\n<meta name=\"twitter:label1\" content=\"Dur\u00e9e de lecture estim\u00e9e\" \/>\n\t<meta name=\"twitter:data1\" content=\"1 minute\" \/>\n<script type=\"application\/ld+json\" class=\"yoast-schema-graph\">{\"@context\":\"https:\\\/\\\/schema.org\",\"@graph\":[{\"@type\":\"WebPage\",\"@id\":\"https:\\\/\\\/www.maculart.com\\\/fr\\\/solutions\\\/\",\"url\":\"https:\\\/\\\/www.maculart.com\\\/fr\\\/solutions\\\/\",\"name\":\"Solutions - Maculart\",\"isPartOf\":{\"@id\":\"https:\\\/\\\/www.maculart.com\\\/fr\\\/#website\"},\"primaryImageOfPage\":{\"@id\":\"https:\\\/\\\/www.maculart.com\\\/fr\\\/solutions\\\/#primaryimage\"},\"image\":{\"@id\":\"https:\\\/\\\/www.maculart.com\\\/fr\\\/solutions\\\/#primaryimage\"},\"thumbnailUrl\":\"https:\\\/\\\/www.maculart.com\\\/app\\\/uploads\\\/2023\\\/09\\\/soluciones_capcelera.jpg\",\"datePublished\":\"2023-07-12T08:08:22+00:00\",\"dateModified\":\"2023-10-10T12:44:22+00:00\",\"inLanguage\":\"fr-FR\",\"potentialAction\":[{\"@type\":\"ReadAction\",\"target\":[\"https:\\\/\\\/www.maculart.com\\\/fr\\\/solutions\\\/\"]}]},{\"@type\":\"ImageObject\",\"inLanguage\":\"fr-FR\",\"@id\":\"https:\\\/\\\/www.maculart.com\\\/fr\\\/solutions\\\/#primaryimage\",\"url\":\"https:\\\/\\\/www.maculart.com\\\/app\\\/uploads\\\/2023\\\/09\\\/soluciones_capcelera.jpg\",\"contentUrl\":\"https:\\\/\\\/www.maculart.com\\\/app\\\/uploads\\\/2023\\\/09\\\/soluciones_capcelera.jpg\",\"width\":900,\"height\":600},{\"@type\":\"WebSite\",\"@id\":\"https:\\\/\\\/www.maculart.com\\\/fr\\\/#website\",\"url\":\"https:\\\/\\\/www.maculart.com\\\/fr\\\/\",\"name\":\"Maculart\",\"description\":\"\",\"potentialAction\":[{\"@type\":\"SearchAction\",\"target\":{\"@type\":\"EntryPoint\",\"urlTemplate\":\"https:\\\/\\\/www.maculart.com\\\/fr\\\/?s={search_term_string}\"},\"query-input\":{\"@type\":\"PropertyValueSpecification\",\"valueRequired\":true,\"valueName\":\"search_term_string\"}}],\"inLanguage\":\"fr-FR\"}]}<\/script>\n<!-- \/ Yoast SEO plugin. -->","yoast_head_json":{"title":"Solutions - Maculart","robots":{"index":"index","follow":"follow","max-snippet":"max-snippet:-1","max-image-preview":"max-image-preview:large","max-video-preview":"max-video-preview:-1"},"canonical":"https:\/\/www.maculart.com\/fr\/solutions\/","og_locale":"fr_FR","og_type":"article","og_title":"Solutions - Maculart","og_description":"Sp\u00e9cialistes de l\u2019impression de notices et de bo\u00eetes Depuis nos d\u00e9buts dans les ann\u00e9es 1960 du si\u00e8cle dernier, chez Grup Maculart nous travaillons pour l\u2019industrie pharmaceutique en imprimant des notices...","og_url":"https:\/\/www.maculart.com\/fr\/solutions\/","og_site_name":"Maculart","article_modified_time":"2023-10-10T12:44:22+00:00","og_image":[{"width":900,"height":600,"url":"https:\/\/www.maculart.com\/app\/uploads\/2023\/09\/soluciones_capcelera.jpg","type":"image\/jpeg"}],"twitter_card":"summary_large_image","twitter_misc":{"Dur\u00e9e de lecture estim\u00e9e":"1 minute"},"schema":{"@context":"https:\/\/schema.org","@graph":[{"@type":"WebPage","@id":"https:\/\/www.maculart.com\/fr\/solutions\/","url":"https:\/\/www.maculart.com\/fr\/solutions\/","name":"Solutions - Maculart","isPartOf":{"@id":"https:\/\/www.maculart.com\/fr\/#website"},"primaryImageOfPage":{"@id":"https:\/\/www.maculart.com\/fr\/solutions\/#primaryimage"},"image":{"@id":"https:\/\/www.maculart.com\/fr\/solutions\/#primaryimage"},"thumbnailUrl":"https:\/\/www.maculart.com\/app\/uploads\/2023\/09\/soluciones_capcelera.jpg","datePublished":"2023-07-12T08:08:22+00:00","dateModified":"2023-10-10T12:44:22+00:00","inLanguage":"fr-FR","potentialAction":[{"@type":"ReadAction","target":["https:\/\/www.maculart.com\/fr\/solutions\/"]}]},{"@type":"ImageObject","inLanguage":"fr-FR","@id":"https:\/\/www.maculart.com\/fr\/solutions\/#primaryimage","url":"https:\/\/www.maculart.com\/app\/uploads\/2023\/09\/soluciones_capcelera.jpg","contentUrl":"https:\/\/www.maculart.com\/app\/uploads\/2023\/09\/soluciones_capcelera.jpg","width":900,"height":600},{"@type":"WebSite","@id":"https:\/\/www.maculart.com\/fr\/#website","url":"https:\/\/www.maculart.com\/fr\/","name":"Maculart","description":"","potentialAction":[{"@type":"SearchAction","target":{"@type":"EntryPoint","urlTemplate":"https:\/\/www.maculart.com\/fr\/?s={search_term_string}"},"query-input":{"@type":"PropertyValueSpecification","valueRequired":true,"valueName":"search_term_string"}}],"inLanguage":"fr-FR"}]}},"_links":{"self":[{"href":"https:\/\/www.maculart.com\/fr\/wp-json\/wp\/v2\/pages\/2692","targetHints":{"allow":["GET"]}}],"collection":[{"href":"https:\/\/www.maculart.com\/fr\/wp-json\/wp\/v2\/pages"}],"about":[{"href":"https:\/\/www.maculart.com\/fr\/wp-json\/wp\/v2\/types\/page"}],"author":[{"embeddable":true,"href":"https:\/\/www.maculart.com\/fr\/wp-json\/wp\/v2\/users\/1"}],"replies":[{"embeddable":true,"href":"https:\/\/www.maculart.com\/fr\/wp-json\/wp\/v2\/comments?post=2692"}],"version-history":[{"count":2,"href":"https:\/\/www.maculart.com\/fr\/wp-json\/wp\/v2\/pages\/2692\/revisions"}],"predecessor-version":[{"id":2804,"href":"https:\/\/www.maculart.com\/fr\/wp-json\/wp\/v2\/pages\/2692\/revisions\/2804"}],"wp:featuredmedia":[{"embeddable":true,"href":"https:\/\/www.maculart.com\/fr\/wp-json\/wp\/v2\/media\/2394"}],"wp:attachment":[{"href":"https:\/\/www.maculart.com\/fr\/wp-json\/wp\/v2\/media?parent=2692"}],"curies":[{"name":"wp","href":"https:\/\/api.w.org\/{rel}","templated":true}]}}